{"id":11838,"date":"2022-04-20T19:57:42","date_gmt":"2022-04-20T19:57:42","guid":{"rendered":"https:\/\/themorrisonclinic.com\/tratamientos-de-neurocirugia\/cifoplastia"},"modified":"2022-04-21T01:17:52","modified_gmt":"2022-04-21T01:17:52","slug":"cifoplastia","status":"publish","type":"page","link":"https:\/\/themorrisonclinic.com\/es\/tratamientos-de-neurocirugia\/cifoplastia","title":{"rendered":"cifoplastia"},"content":{"rendered":"<p>[vc_row css=&#8221;.vc_custom_1634399600751{margin-top: 0px !important;padding-top: 4rem !important;}&#8221;][vc_column width=&#8221;2\/3&#8243;][vc_row_inner][vc_column_inner][vc_column_text el_class=&#8221;treatment-h2&#8243; css=&#8221;.vc_custom_1649468874158{margin-bottom: 2rem !important;}&#8221;]<\/p>\n<h2>\u00bfQu\u00e9 es la cifoplastia?<\/h2>\n<p>[\/vc_column_text][vc_column_text el_class=&#8221;treatment-text&#8221;]Un <strong>procedimiento de cifoplastia<\/strong> es una <a href=\"https:\/\/themorrisonclinic.com\/es\/tratamientos-de-neurocirugia\/cirugia-de-columna-y-procedimientos-de-columna\">cirug\u00eda de columna<\/a> cuyo objetivo principal es terminar o reducir significativamente el dolor causado por una fractura de columna. Los objetivos secundarios de un tratamiento de cifoplastia incluyen estabilizar el hueso y restaurar parte o la totalidad de la altura vertebral perdida debido a una fractura por compresi\u00f3n.<\/p>\n<p>La cioplastia es un procedimiento de varios pasos guiado por im\u00e1genes e implica la inserci\u00f3n de varios materiales diferentes para estabilizar la columna vertebral. Nuestros cirujanos de la columna vertebral del sur de la Florida poseen capacitaci\u00f3n especializada y gran experiencia en la realizaci\u00f3n de cirug\u00edas de quioplastia, y nuestros pacientes generalmente notan alivio del dolor en una semana.[\/vc_column_text][vc_btn title=&#8221;Programe su e-consulta de cifoplastia&#8221; style=&#8221;flat&#8221; color=&#8221;blue&#8221; size=&#8221;lg&#8221; link=&#8221;url:%23contact|&#8221; css=&#8221;.vc_custom_1649469390086{margin-top: 2rem !important;}&#8221; el_class=&#8221;mc-blue-button&#8221;][\/vc_column_inner][\/vc_row_inner][vc_row_inner css=&#8221;.vc_custom_1640885292241{padding-top: 4rem !important;}&#8221;][vc_column_inner][vc_column_text el_class=&#8221;treatment-h2&#8243; css=&#8221;.vc_custom_1649518888497{margin-bottom: 2rem !important;}&#8221;]<\/p>\n<h2>\u00bfC\u00f3mo se realiza un <span class=\"___SText_12shi-ko_\" data-ui-name=\"Link.Text\">procedimiento de cifoplast\u00eda<\/span> ?<\/h2>\n<p>[\/vc_column_text][vc_column_text el_class=&#8221;treatment-text&#8221;]<\/p>\n<ol>\n<li>Durante la cirug\u00eda de cifoplastia, el Dr. Morrison hace una peque\u00f1a incisi\u00f3n en la espalda. Luego coloca un tubo angosto a trav\u00e9s de la incisi\u00f3n. Usando <a href=\"https:\/\/www.fda.gov\/radiation-emitting-products\/medical-x-ray-imaging\/fluoroscopy\">fluoroscopia<\/a> para guiarlo a la posici\u00f3n correcta, el tubo crea un camino a trav\u00e9s de la espalda hacia el \u00e1rea fracturada a trav\u00e9s del ped\u00edculo de las v\u00e9rtebras involucradas.<\/li>\n<li>Usando im\u00e1genes de rayos X, el Dr. Morrison luego inserta un globo especial a trav\u00e9s del tubo y dentro de las v\u00e9rtebras, luego lo infla suave y cuidadosamente. A medida que el globo se infla, eleva la fractura y devuelve las piezas a una posici\u00f3n m\u00e1s normal. Tambi\u00e9n compacta el hueso interno blando para crear una cavidad dentro de las v\u00e9rtebras.<\/li>\n<li>Se quita el globo. Luego, el Dr. Morrison usa instrumentos especialmente dise\u00f1ados para llenar la cavidad con una sustancia com\u00fanmente conocida como &#8220;cemento \u00f3seo&#8221; o <a href=\"https:\/\/www.fda.gov\/medical-devices\/guidance-documents-medical-devices-and-radiation-emitting-products\/polymethylmethacrylate-pmma-bone-cement-class-ii-special-controls-guidance-document-industry-and-fda\">polimetilmetacrilato<\/a> (PMMA). Despu\u00e9s de ser inyectado, el PMMA se endurece o &#8220;fija&#8221; r\u00e1pidamente para estabilizar el hueso.<\/li>\n<\/ol>\n<p>La cirug\u00eda de cifoplastia para tratar una fractura por osteoporosis se realiza en un hospital bajo anestesia local o general.<\/p>\n<p>Para sus necesidades de planificaci\u00f3n, considere lo siguiente relacionado con un procedimiento de cifoplastia:<\/p>\n<ul>\n<li>El procedimiento dura aproximadamente una hora por v\u00e9rtebra en la que se realiza la cirug\u00eda.<\/li>\n<li>La observaci\u00f3n cercana y prolongada en una sala de recuperaci\u00f3n inmediatamente despu\u00e9s del procedimiento de cifoplastia es com\u00fan antes de llegar a su habitaci\u00f3n del hospital.<\/li>\n<li>Pasar un d\u00eda en el hospital despu\u00e9s del procedimiento suele ser muy beneficioso<\/li>\n<\/ul>\n<p>Los pacientes no deben conducir hasta que nuestros cirujanos de columna les den la aprobaci\u00f3n. Si le dan de alta del hospital el mismo d\u00eda de su procedimiento, le recomendamos que organice un transporte alternativo a su hogar. Nuestro equipo <a href=\"https:\/\/themorrisonclinic.com\/es\/servicios-de-neurocirugia-de-conserjeria\">de servicios de neurocirug\u00eda de conserjer\u00eda<\/a> ayuda con frecuencia a los pacientes con tales necesidades.[\/vc_column_text][\/vc_column_inner][\/vc_row_inner][vc_row_inner][vc_column_inner][vc_column_text el_class=&#8221;treatment-h2&#8243; css=&#8221;.vc_custom_1649518584940{margin-bottom: 2rem !important;}&#8221;]<\/p>\n<h2>\u00bfSoy un candidato para un procedimiento de cifoplastia?<\/h2>\n<p>[\/vc_column_text][vc_column_text el_class=&#8221;treatment-text&#8221;]La cifoplastia generalmente se reserva para las personas con dolor de espalda progresivo (que aumenta) doloroso causado por fracturas vertebrales por compresi\u00f3n patol\u00f3gicas o osteopor\u00f3ticas. Los candidatos para estos procedimientos a menudo tienen una capacidad reducida para moverse y funcionar debido a las fracturas.<\/p>\n<p>Para ser candidato a una cifoplastia, su dolor debe estar relacionado con la fractura vertebral. Un diagn\u00f3stico de afecciones de la columna, como <a href=\"https:\/\/themorrisonclinic.com\/es\/condiciones\/discos-herniados\">hernia discal<\/a> , artritis o estenosis (estrechamiento), no lo convierte en candidato para un procedimiento de cifoplastia.[\/vc_column_text][vc_column_text el_class=&#8221;treatment-h3&#8243;]<\/p>\n<h3>Pruebas para determinar si una cioplastia es adecuada para usted<\/h3>\n<p>[\/vc_column_text][vc_column_text el_class=&#8221;treatment-text&#8221;]Es importante evaluar correctamente a un paciente que presenta un dolor de columna de origen traum\u00e1tico o atraum\u00e1tico que no responde al tratamiento conservador, especialmente si el paciente se encuentra en la categor\u00eda de riesgo de osteoporosis. Las pruebas m\u00e1s comunes son:<\/p>\n<ul>\n<li>Las radiograf\u00edas suelen ser la primera prueba de diagn\u00f3stico que se realiza, ya que son econ\u00f3micas. Una radiograf\u00eda lateral de la columna <a href=\"https:\/\/www.physio-pedia.com\/Thoracic_Anatomy\">tor\u00e1cica<\/a> o <a href=\"https:\/\/www.physio-pedia.com\/Lumbar_Anatomy\">lumbar<\/a> a menudo puede identificar una fractura y revelar cualquier p\u00e9rdida de altura o desalineaci\u00f3n de la columna.<\/li>\n<li>Tomograf\u00eda computarizada (TC): brinda mayor detalle de la anatom\u00eda \u00f3sea y puede revelar p\u00e9rdida de altura, retropulsi\u00f3n de fragmentos y cualquier compromiso de la columna vertebral.<\/li>\n<li>Im\u00e1genes por resonancia magn\u00e9tica (MRI): es m\u00e1s costosa pero puede revelar si la fractura es aguda (por la presencia de edema \u00f3seo) y tambi\u00e9n si hay compromiso del sistema neurol\u00f3gico.<\/li>\n<li>Escintigraf\u00eda \u00f3sea: una t\u00e9cnica de im\u00e1genes de medicina nuclear del hueso que se utiliza para diagnosticar afecciones y trastornos \u00f3seos, como fracturas, infecciones y c\u00e1ncer.<\/li>\n<\/ul>\n<p><a href=\"#contact\">Programe una consulta electr\u00f3nica aqu\u00ed<\/a> para obtener m\u00e1s informaci\u00f3n sobre la programaci\u00f3n de pruebas para evaluar su candidatura Procedimiento de cifoplastia.[\/vc_column_text][\/vc_column_inner][\/vc_row_inner][vc_row_inner][vc_column_inner][vc_empty_space height=&#8221;15px&#8221;][vc_column_text el_class=&#8221;treatment-h2&#8243; css=&#8221;.vc_custom_1649469510180{margin-bottom: 2rem !important;}&#8221;]<\/p>\n<h2>Cuidados posteriores a la cifoplastia y recuperaci\u00f3n positiva<\/h2>\n<p>[\/vc_column_text][vc_column_text el_class=&#8221;treatment-text&#8221;]Para ayudar a asegurar una recuperaci\u00f3n completa, las restricciones comunes despu\u00e9s de un procedimiento de cifoplastia a menudo incluyen:<\/p>\n<ul>\n<li>No conduzca durante las 24 horas posteriores al procedimiento, o hasta que nuestros cirujanos de columna lo aconsejen.<\/li>\n<li>No levante objetos pesados durante las 24 horas posteriores al procedimiento, o hasta que nuestros cirujanos de columna lo aconsejen.<\/li>\n<li>Minimizar el ejercicio vigoroso durante cuatro a seis semanas.<\/li>\n<\/ul>\n<p>Muchos pacientes regresan a sus actividades diarias a los pocos d\u00edas de su procedimiento. Si en su trabajo o tiempo libre levanta objetos pesados o realiza movimientos repetitivos en la espalda (es decir, girar para golpear un palo de golf o una raqueta de tenis), nuestro equipo experto en cirug\u00eda de columna y recuperaci\u00f3n le aconsejar\u00e1 sobre la mejor manera de lograrlo.[\/vc_column_text][vc_column_text el_class=&#8221;treatment-h2&#8243; css=&#8221;.vc_custom_1649519673419{margin-bottom: 2rem !important;}&#8221;]<\/p>\n<h2>Alivio del dolor de la cifoplastia<\/h2>\n<p>[\/vc_column_text][vc_column_text el_class=&#8221;treatment-text&#8221;]En t\u00e9rminos generales, muchos pacientes experimentan un alivio casi instant\u00e1neo del dolor despu\u00e9s de la cifoplastia. Para algunos, puede llevar m\u00e1s tiempo experimentar el alivio del dolor, generalmente dentro de las 48 horas.<\/p>\n<p>Si no est\u00e1 completamente libre de dolor de inmediato, esto no es motivo de alarma. El proceso de recuperaci\u00f3n de cada persona es \u00fanico. Comun\u00edquese con la cl\u00ednica de cirug\u00eda de columna del sur de Florida del Dr. Morrison si no experimenta alivio dentro de la semana posterior al procedimiento, o si se presentan dolores repentinos e intensos.[\/vc_column_text][vc_column_text el_class=&#8221;treatment-h2&#8243; css=&#8221;.vc_custom_1649519651099{margin-bottom: 2rem !important;}&#8221;]<\/p>\n<h2>Cuidados de la cifoplastia al regresar a casa<\/h2>\n<p>[\/vc_column_text][vc_column_text el_class=&#8221;treatment-text&#8221;]El proceso de recuperaci\u00f3n de la cifoplastia contin\u00faa en casa despu\u00e9s de su procedimiento. Tenga cuidado de mantener limpio y seco el vendaje que cubre el lugar de la inyecci\u00f3n.<\/p>\n<p>Adem\u00e1s, es normal sentir un dolor leve en el lugar de la inyecci\u00f3n. Use hielo para reducir la hinchaz\u00f3n y el dolor, aplicado en un ciclo de 20 minutos y 20 minutos de descanso para encontrar alivio. Los medicamentos antiinflamatorios no esteroideos de venta libre tambi\u00e9n pueden ayudar a aliviar el dolor y la inflamaci\u00f3n.<\/p>\n<p>Si bien el descanso es importante, una parte importante de la recuperaci\u00f3n de la cifoplastia tambi\u00e9n es reanudar las actividades normales una vez que pueda hacerlo. Esto incluye ejercicios de estiramiento y fortalecimiento de la columna, como &#8220;rodillas contra el pecho&#8221; y &#8220;apretones de om\u00f3platos&#8221;.<\/p>\n<p>El Dr. Morrison, en colaboraci\u00f3n con miembros de nuestro equipo de <a href=\"https:\/\/themorrisonclinic.com\/es\/servicios-para-el-cuidado-del-dolor-de-espalda\">atenci\u00f3n del dolor de espalda<\/a> , le aconsejar\u00e1 qu\u00e9 ejercicios o r\u00e9gimen de fisioterapia apoyar\u00e1n mejor su recuperaci\u00f3n de la cifoplastia.[\/vc_column_text][\/vc_column_inner][\/vc_row_inner][\/vc_column][vc_column width=&#8221;1\/3&#8243;][vc_wp_custommenu title=&#8221;Tratos&#8221; nav_menu=&#8221;45&#8243; el_class=&#8221;treatment-link-menu&#8221; el_id=&#8221;treatment-link-menu&#8221;][vc_empty_space height=&#8221;20px&#8221;][vc_row_inner css=&#8221;.vc_custom_1634696085185{margin-top: 1rem !important;margin-right: 1rem !important;margin-bottom: 1rem !important;margin-left: 1rem !important;padding-top: 2rem !important;padding-right: 2rem !important;padding-bottom: 2rem !important;padding-left: 2rem !important;background-color: #305893 !important;}&#8221;][vc_column_inner css=&#8221;.vc_custom_1634696442660{padding-top: 0px !important;}&#8221;][vc_icon icon_fontawesome=&#8221;fa fa-comments-o&#8221; color=&#8221;white&#8221; size=&#8221;xl&#8221; align=&#8221;center&#8221; css=&#8221;.vc_custom_1634696031215{margin-bottom: .5rem !important;}&#8221;][vc_column_text css=&#8221;.vc_custom_1634696393911{margin-bottom: 0px !important;padding-top: 15px !important;padding-bottom: 15px !important;}&#8221;]<\/p>\n<h4 style=\"color: #ffffff; text-align: center;\">\u00bfNecesita una opini\u00f3n de un experto?<\/h4>\n<p>[\/vc_column_text]\r<!-- radiantthemes-custom-button -->\r<div class=\"radiantthemes-custom-button hover-style-two rt2007270906  \"  data-button-direction=\"center\" data-button-fullwidth=\"true\" ><a style=\" color: #305893; font-size: 22px;\" class=\"radiantthemes-custom-button-main  vc_custom_1634696257351\" href=\"#contact\"  title=\"\" target=\"_self\"><div class=\"overlay\"><\/div><div class=\"placeholder\">Schedule an e-consult<\/div><\/a><\/div>\r<!-- radiantthemes-custom-button -->\r[\/vc_column_inner][\/vc_row_inner][vc_row_inner css=&#8221;.vc_custom_1647915130341{margin-top: 1rem !important;margin-right: 1rem !important;margin-bottom: 1rem !important;margin-left: 1rem !important;padding-top: 1rem !important;padding-right: 2rem !important;padding-bottom: 2rem !important;padding-left: 2rem !important;background-color: #ecf1f6 !important;}&#8221; el_class=&#8221;block-hidden-mobile&#8221; el_id=&#8221;insurance-box&#8221;][vc_column_inner css=&#8221;.vc_custom_1634696442660{padding-top: 0px !important;}&#8221;][vc_column_text css=&#8221;.vc_custom_1647825175559{margin-bottom: 0px !important;padding-top: 15px !important;padding-bottom: 15px !important;}&#8221;]<\/p>\n<h4 style=\"text-align: center;\">Planifica tu visita<\/h4>\n<p>[\/vc_column_text]\r<!-- radiantthemes-custom-button -->\r<div class=\"radiantthemes-custom-button hover-style-one rt1261506061  \" id=\"image-upload-btn\" data-button-direction=\"center\" data-button-fullwidth=\"true\" ><a style=\" color: #ffffff; font-size: 22px;\" class=\"radiantthemes-custom-button-main  vc_custom_1647914993911\" href=\"https:\/\/themorrisonclinic.com\/insurance-neurosurgery-spine-surgery\"  title=\"Insurance Providers\" target=\"_self\"><div class=\"placeholder\">View Insurance Options<\/div><\/a><\/div>\r<!-- radiantthemes-custom-button -->\r[\/vc_column_inner][\/vc_row_inner][vc_raw_html]PHN0eWxlPi53cmFwZXJfaW5uZXJfYmFubmVyIHsKYmFja2dyb3VuZC1pbWFnZTogdXJsKCdodHRwczovL2h0dHBzdGhlbW9yc3RnLndwZW5naW5lcG93ZXJlZC5jb20vd3AtY29udGVudC91cGxvYWRzLzIwMjIvMDQvbGFyZ2UtS3lwaG9wbGFzdHktVGlsZS1JbWFnZXMtMWEuanBnJykgIWltcG9ydGFudDsKfQo8L3N0eWxlPg==[\/vc_raw_html][\/vc_column][\/vc_row][vc_row][vc_column][vc_empty_space height=&#8221;50px&#8221;]<div class=\"radiantthemes-blockquote element-one   \" ><blockquote ><i class=\"fa fa-quote-left\" ><\/i>Immediately following surgery, I was standing and walking pain free. I am enjoying my life again and have Dr. Morrison to thank!<cite><\/cite><\/blockquote><\/div>[vc_empty_space height=&#8221;50px&#8221;][\/vc_column][\/vc_row][vc_row el_id=&#8221;contact&#8221;][vc_column width=&#8221;1\/6&#8243; el_id=&#8221;treatment-contact-form&#8221;][\/vc_column][vc_column width=&#8221;2\/3&#8243;][vc_column_text el_class=&#8221;treatment-h2&#8243; css=&#8221;.vc_custom_1649519828476{margin-bottom: 0px !important;padding-bottom: 1rem !important;}&#8221;]<\/p>\n<h2 style=\"text-align: center;\">Programe una consulta electr\u00f3nica de cirug\u00eda de cifoplastia<\/h2>\n<p>[\/vc_column_text][vc_column_text css=&#8221;.vc_custom_1649519841391{margin-bottom: 3rem !important;}&#8221;]<\/p>\n<p style=\"text-align: center;\"><span style=\"font-weight: 400;\">Queremos que tenga confianza en su calidad de vida. Analicemos si un procedimiento de cifoplastia puede brindar el mejor resultado. <\/span><\/p>\n<p>[\/vc_column_text][rt_cf7_style padding_right=&#8221;10px&#8221; padding_left=&#8221;10px&#8221; radiant_border_style=&#8221;solid&#8221; radiant_border_color=&#8221;#e6e5e5&#8243; radiant_border_top=&#8221;1px&#8221; radiant_border_right=&#8221;1px&#8221; radiant_border_bottom=&#8221;1px&#8221; radiant_border_left=&#8221;1px&#8221; radiant_focus_style=&#8221;solid&#8221; radiant_focus_top=&#8221;1px&#8221; radiant_focus_right=&#8221;1px&#8221; radiant_focus_bottom=&#8221;1px&#8221; radiant_focus_left=&#8221;1px&#8221;][contact-form-7 id=&#8221;9393&#8243;][\/rt_cf7_style][\/vc_column][vc_column width=&#8221;1\/6&#8243;][\/vc_column][\/vc_row][vc_row][vc_column][vc_empty_space height=&#8221;100px&#8221;][\/vc_column][\/vc_row]<\/p>\n","protected":false},"excerpt":{"rendered":"<p>[vc_row css=&#8221;.vc_custom_1634399600751{margin-top: 0px !important;padding-top: 4rem !important;}&#8221;][vc_column width=&#8221;2\/3&#8243;][vc_row_inner][vc_column_inner][vc_column_text el_class=&#8221;treatment-h2&#8243; css=&#8221;.vc_custom_1649468874158{margin-bottom: 2rem !important;}&#8221;] \u00bfQu\u00e9 es la cifoplastia? [\/vc_column_text][vc_column_text el_class=&#8221;treatment-text&#8221;]Un procedimiento de cifoplastia es una cirug\u00eda de columna cuyo objetivo principal es terminar o reducir significativamente el dolor causado por una fractura de columna. Los objetivos secundarios de un tratamiento de cifoplastia incluyen estabilizar el hueso y restaurar parte o la totalidad de<\/p>\n","protected":false},"author":2,"featured_media":11592,"parent":10633,"menu_order":-1,"comment_status":"closed","ping_status":"closed","template":"","meta":{"_acf_changed":false,"footnotes":""},"class_list":["post-11838","page","type-page","status-publish","has-post-thumbnail","hentry"],"acf":[],"yoast_head":"<!-- This site is optimized with the Yoast SEO plugin v27.3 - https:\/\/yoast.com\/product\/yoast-seo-wordpress\/ -->\n<title>\u00bfQu\u00e9 es un procedimiento de cifoplastia? | Cirujano de columna del sur de Florida<\/title>\n<meta name=\"description\" content=\"Ver el especializado\" \/>\n<meta name=\"robots\" content=\"index, follow, max-snippet:-1, max-image-preview:large, max-video-preview:-1\" \/>\n<link rel=\"canonical\" href=\"https:\/\/themorrisonclinic.com\/es\/tratamientos-de-neurocirugia\/cifoplastia\" \/>\n<meta property=\"og:locale\" content=\"es_ES\" \/>\n<meta property=\"og:type\" content=\"article\" \/>\n<meta property=\"og:title\" content=\"\u00bfQu\u00e9 es un procedimiento de cifoplastia? | Cirujano de columna del sur de Florida\" \/>\n<meta property=\"og:description\" content=\"Ver el especializado\" \/>\n<meta property=\"og:url\" content=\"https:\/\/themorrisonclinic.com\/es\/tratamientos-de-neurocirugia\/cifoplastia\" \/>\n<meta property=\"og:site_name\" content=\"The Morrison Clinic\" \/>\n<meta property=\"article:modified_time\" content=\"2022-04-21T01:17:52+00:00\" \/>\n<meta property=\"og:image\" content=\"https:\/\/themorrisonclinic.com\/wp-content\/uploads\/2022\/04\/large-Kyphoplasty-Tile-Images-2.jpg\" \/>\n\t<meta property=\"og:image:width\" content=\"663\" \/>\n\t<meta property=\"og:image:height\" content=\"373\" \/>\n\t<meta property=\"og:image:type\" content=\"image\/jpeg\" \/>\n<meta name=\"twitter:card\" content=\"summary_large_image\" \/>\n<meta name=\"twitter:label1\" content=\"Tiempo de lectura\" \/>\n\t<meta name=\"twitter:data1\" content=\"10 minutos\" \/>\n<!-- \/ Yoast SEO plugin. -->","yoast_head_json":{"title":"\u00bfQu\u00e9 es un procedimiento de cifoplastia? | Cirujano de columna del sur de Florida","description":"Ver el especializado","robots":{"index":"index","follow":"follow","max-snippet":"max-snippet:-1","max-image-preview":"max-image-preview:large","max-video-preview":"max-video-preview:-1"},"canonical":"https:\/\/themorrisonclinic.com\/es\/tratamientos-de-neurocirugia\/cifoplastia","og_locale":"es_ES","og_type":"article","og_title":"\u00bfQu\u00e9 es un procedimiento de cifoplastia? | Cirujano de columna del sur de Florida","og_description":"Ver el especializado","og_url":"https:\/\/themorrisonclinic.com\/es\/tratamientos-de-neurocirugia\/cifoplastia","og_site_name":"The Morrison Clinic","article_modified_time":"2022-04-21T01:17:52+00:00","og_image":[{"width":663,"height":373,"url":"https:\/\/themorrisonclinic.com\/wp-content\/uploads\/2022\/04\/large-Kyphoplasty-Tile-Images-2.jpg","type":"image\/jpeg"}],"twitter_card":"summary_large_image","twitter_misc":{"Tiempo de lectura":"10 minutos"},"schema":{"@context":"https:\/\/schema.org","@graph":[{"@type":"WebPage","@id":"https:\/\/themorrisonclinic.com\/es\/tratamientos-de-neurocirugia\/cifoplastia","url":"https:\/\/themorrisonclinic.com\/es\/tratamientos-de-neurocirugia\/cifoplastia","name":"\u00bfQu\u00e9 es un procedimiento de cifoplastia? | Cirujano de columna del sur de Florida","isPartOf":{"@id":"https:\/\/themorrisonclinic.com\/es#website"},"primaryImageOfPage":{"@id":"https:\/\/themorrisonclinic.com\/es\/tratamientos-de-neurocirugia\/cifoplastia#primaryimage"},"image":{"@id":"https:\/\/themorrisonclinic.com\/es\/tratamientos-de-neurocirugia\/cifoplastia#primaryimage"},"thumbnailUrl":"https:\/\/themorrisonclinic.com\/wp-content\/uploads\/2022\/04\/large-Kyphoplasty-Tile-Images-2.jpg","datePublished":"2022-04-20T19:57:42+00:00","dateModified":"2022-04-21T01:17:52+00:00","description":"Ver el especializado","breadcrumb":{"@id":"https:\/\/themorrisonclinic.com\/es\/tratamientos-de-neurocirugia\/cifoplastia#breadcrumb"},"inLanguage":"es","potentialAction":[{"@type":"ReadAction","target":["https:\/\/themorrisonclinic.com\/es\/tratamientos-de-neurocirugia\/cifoplastia"]}]},{"@type":"ImageObject","inLanguage":"es","@id":"https:\/\/themorrisonclinic.com\/es\/tratamientos-de-neurocirugia\/cifoplastia#primaryimage","url":"https:\/\/themorrisonclinic.com\/wp-content\/uploads\/2022\/04\/large-Kyphoplasty-Tile-Images-2.jpg","contentUrl":"https:\/\/themorrisonclinic.com\/wp-content\/uploads\/2022\/04\/large-Kyphoplasty-Tile-Images-2.jpg","width":663,"height":373,"caption":"procedimiento de cifoplastia sur de la florida"},{"@type":"BreadcrumbList","@id":"https:\/\/themorrisonclinic.com\/es\/tratamientos-de-neurocirugia\/cifoplastia#breadcrumb","itemListElement":[{"@type":"ListItem","position":1,"name":"Home","item":"https:\/\/themorrisonclinic.com\/es"},{"@type":"ListItem","position":2,"name":"Tratamientos de neurocirug\u00eda","item":"https:\/\/themorrisonclinic.com\/es\/tratamientos-de-neurocirugia"},{"@type":"ListItem","position":3,"name":"cifoplastia"}]},{"@type":"WebSite","@id":"https:\/\/themorrisonclinic.com\/es#website","url":"https:\/\/themorrisonclinic.com\/es","name":"The Morrison Clinic","description":"South Florida Neurosurgeon","publisher":{"@id":"https:\/\/themorrisonclinic.com\/es#organization"},"potentialAction":[{"@type":"SearchAction","target":{"@type":"EntryPoint","urlTemplate":"https:\/\/themorrisonclinic.com\/es?s={search_term_string}"},"query-input":{"@type":"PropertyValueSpecification","valueRequired":true,"valueName":"search_term_string"}}],"inLanguage":"es"},{"@type":"Organization","@id":"https:\/\/themorrisonclinic.com\/es#organization","name":"Morrison Clinic","url":"https:\/\/themorrisonclinic.com\/es","logo":{"@type":"ImageObject","inLanguage":"es","@id":"https:\/\/themorrisonclinic.com\/es#\/schema\/logo\/image\/","url":"https:\/\/themorrisonclinic.com\/wp-content\/uploads\/2020\/06\/logotransparent.png","contentUrl":"https:\/\/themorrisonclinic.com\/wp-content\/uploads\/2020\/06\/logotransparent.png","width":2734,"height":1250,"caption":"Morrison Clinic"},"image":{"@id":"https:\/\/themorrisonclinic.com\/es#\/schema\/logo\/image\/"}}]}},"_links":{"self":[{"href":"https:\/\/themorrisonclinic.com\/es\/wp-json\/wp\/v2\/pages\/11838","targetHints":{"allow":["GET"]}}],"collection":[{"href":"https:\/\/themorrisonclinic.com\/es\/wp-json\/wp\/v2\/pages"}],"about":[{"href":"https:\/\/themorrisonclinic.com\/es\/wp-json\/wp\/v2\/types\/page"}],"author":[{"embeddable":true,"href":"https:\/\/themorrisonclinic.com\/es\/wp-json\/wp\/v2\/users\/2"}],"replies":[{"embeddable":true,"href":"https:\/\/themorrisonclinic.com\/es\/wp-json\/wp\/v2\/comments?post=11838"}],"version-history":[{"count":0,"href":"https:\/\/themorrisonclinic.com\/es\/wp-json\/wp\/v2\/pages\/11838\/revisions"}],"up":[{"embeddable":true,"href":"https:\/\/themorrisonclinic.com\/es\/wp-json\/wp\/v2\/pages\/10633"}],"wp:featuredmedia":[{"embeddable":true,"href":"https:\/\/themorrisonclinic.com\/es\/wp-json\/wp\/v2\/media\/11592"}],"wp:attachment":[{"href":"https:\/\/themorrisonclinic.com\/es\/wp-json\/wp\/v2\/media?parent=11838"}],"curies":[{"name":"wp","href":"https:\/\/api.w.org\/{rel}","templated":true}]}}