{"id":11460,"date":"2022-03-10T18:21:39","date_gmt":"2022-03-10T18:21:39","guid":{"rendered":"https:\/\/themorrisonclinic.com\/condiciones\/espasmo-hemifacial"},"modified":"2022-03-10T18:21:41","modified_gmt":"2022-03-10T18:21:41","slug":"espasmo-hemifacial","status":"publish","type":"page","link":"https:\/\/themorrisonclinic.com\/es\/condiciones\/espasmo-hemifacial","title":{"rendered":"espasmo hemifacial"},"content":{"rendered":"<p>[vc_row css=&#8221;.vc_custom_1634399474019{margin-top: 0px !important;padding-top: 4rem !important;}&#8221;][vc_column width=&#8221;2\/3&#8243;][vc_row_inner][vc_column_inner][vc_column_text el_class=&#8221;treatment-h2&#8243; css=&#8221;.vc_custom_1646261999889{margin-bottom: 2rem !important;}&#8221;]<\/p>\n<h2>\u00bfQu\u00e9 es un espasmo hemifacial?<\/h2>\n<p>[\/vc_column_text][vc_column_text]<strong>El espasmo hemifacial<\/strong> es un trastorno del sistema nervioso en el que los m\u00fasculos de un lado de la cara se contraen involuntariamente. Con mayor frecuencia es causado por un vaso sangu\u00edneo que toca o pulsa contra un nervio facial. Tambi\u00e9n puede ser causado por una <a href=\"https:\/\/academic.oup.com\/asj\/article\/25\/5\/495\/195879\">lesi\u00f3n del nervio facial<\/a> o un tumor. A veces, no hay una causa conocida.[\/vc_column_text][vc_btn title=&#8221;Programe su e-consulta de espasmo hemifacial&#8221; style=&#8221;flat&#8221; color=&#8221;blue&#8221; size=&#8221;lg&#8221; link=&#8221;url:%23contact|&#8221; css=&#8221;.vc_custom_1645845168121{margin-top: 2rem !important;}&#8221; el_class=&#8221;mc-blue-button&#8221; el_id=&#8221;bt-econsult-btn&#8221;][\/vc_column_inner][\/vc_row_inner][vc_row_inner css=&#8221;.vc_custom_1634697511240{padding-top: 2.5rem !important;padding-right: 1rem !important;padding-bottom: 1.5rem !important;padding-left: 1rem !important;background-color: #ecf1f6 !important;}&#8221;][vc_column_inner][vc_column_text el_class=&#8221;treatment-h3&#8243; css=&#8221;.vc_custom_1645845242358{margin-top: 0px !important;margin-bottom: 0px !important;padding-bottom: 1rem !important;}&#8221;]<\/p>\n<h3>S\u00edntomas del espasmo hemifacial<\/h3>\n<p>[\/vc_column_text][vc_column_text el_class=&#8221;treatment-text&#8221;]Los s\u00edntomas comunes de los espasmos hemifaciales incluyen espasmos o contracciones de los m\u00fasculos de la cara que generalmente son:<\/p>\n<ul>\n<li>En un lado de la cara<\/li>\n<li>Incontrolable<\/li>\n<li>Sin dolor<\/li>\n<\/ul>\n<p>Estas contracciones a menudo comienzan en el p\u00e1rpado, luego pueden progresar y afectar la mejilla y la boca del mismo lado de la cara. Al principio, los espasmos hemifaciales van y vienen. Eventualmente, generalmente en el transcurso de varios meses a algunos a\u00f1os, ocurren casi constantemente.<\/p>\n<p>Ocasionalmente, pueden ocurrir espasmos hemifaciales en ambos lados de la cara, pero las contracciones no ocurren en ambos lados de la cara al mismo tiempo.<\/p>\n<p>Estos s\u00edntomas pueden variar en su gravedad. Obtenga m\u00e1s informaci\u00f3n sobre sus s\u00edntomas espec\u00edficos de espasmo hemifacial y c\u00f3mo se pueden tratar en The Morrison Clinic\u2122. <a href=\"#contact\">Programe una consulta electr\u00f3nica<\/a> aqu\u00ed.[\/vc_column_text][vc_column_text el_class=&#8221;treatment-h3&#8243; css=&#8221;.vc_custom_1646262019914{margin-top: 0px !important;margin-bottom: 0px !important;padding-bottom: 1rem !important;}&#8221;]<\/p>\n<h3>\u00bfQu\u00e9 desencadena esta condici\u00f3n?<\/h3>\n<p>[\/vc_column_text][vc_column_text el_class=&#8221;treatment-text&#8221;]Los espasmos de esta condici\u00f3n a veces pueden ser provocados por:<\/p>\n<ul>\n<li>Mover los m\u00fasculos de la cara.<\/li>\n<li>Ansiedad<\/li>\n<li>Estr\u00e9s<\/li>\n<li>Fatiga<\/li>\n<\/ul>\n<p>[\/vc_column_text][\/vc_column_inner][\/vc_row_inner][vc_row_inner][vc_column_inner][vc_column_text el_class=&#8221;treatment-h2&#8243; css=&#8221;.vc_custom_1645845276763{margin-bottom: 2rem !important;}&#8221;]<\/p>\n<h2>Tratamientos de espasmos hemifaciales<\/h2>\n<p>[\/vc_column_text][vc_column_text el_class=&#8221;treatment-text&#8221;]Las opciones de tratamiento del espasmo hemifacial no quir\u00fargico incluyen:<\/p>\n<ul>\n<li><b>Inyecciones de botul\u00ednica.<\/b> Su m\u00e9dico puede inyectar toxina botul\u00ednica ( <a href=\"https:\/\/www.botox.com\/\">Botox<\/a> ) en los m\u00fasculos afectados, lo que los paraliza temporalmente. Este tratamiento es muy efectivo para aliviar los s\u00edntomas en la mayor\u00eda de las personas. Necesitar\u00e1 tratamientos adicionales cada pocos meses.<\/li>\n<li><b>Otros medicamentos.<\/b> Los medicamentos, incluidos los anticonvulsivos, pueden aliviar el espasmo hemifacial en algunos pacientes.<\/li>\n<\/ul>\n<p>Tratamiento quir\u00fargico del espasmo hemifacial:<\/p>\n<ul>\n<li><a href=\"https:\/\/themorrisonclinic.com\/es\/tratamientos-de-neurocirugia\/descompresion-microvascular\">Descompresi\u00f3n microvascular<\/a><b> <\/b>es uno de varios tipos de cirug\u00eda que pueden ayudar a aliviar los espasmos hemifaciales. Este &#8220;est\u00e1ndar de oro&#8221; para la eficacia del tratamiento consiste en hacer una abertura en el cr\u00e1neo y abrir la cubierta del cerebro (duramadre) para exponer y tratar el nervio facial afectado.<\/li>\n<\/ul>\n<p>Nuestro neurocirujano experto localiza el vaso sangu\u00edneo que presiona o irrita el nervio facial y coloca un material similar a una esponja entre el nervio y el vaso sangu\u00edneo, eliminando la presi\u00f3n sobre el nervio. Esta cirug\u00eda a menudo puede aliviar el espasmo hemifacial.<\/p>\n<p><a href=\"#contact\">Programe una consulta electr\u00f3nica<\/a> con el Dr. Morrison para analizar sus opciones de tratamiento de espasmos hemifaciales hoy.[\/vc_column_text][\/vc_column_inner][\/vc_row_inner][vc_row_inner el_class=&#8221;treatment-dark-row&#8221; css=&#8221;.vc_custom_1646104396951{background-color: #305893 !important;}&#8221;][vc_column_inner][vc_column_text el_class=&#8221;treatment-h3&#8243; css=&#8221;.vc_custom_1646261819579{margin-bottom: 2rem !important;}&#8221;]<\/p>\n<h2>Tratamiento de descompresi\u00f3n microvascular para espasmos hemifaciales<\/h2>\n<p>[\/vc_column_text][vc_column_text el_class=&#8221;treatment-text&#8221;]El prop\u00f3sito del tratamiento de descompresi\u00f3n microvascular para el espasmo hemifacial es aliviar la presi\u00f3n de un vaso puls\u00e1til que presiona contra el nervio facial.[\/vc_column_text][vc_column_text el_class=&#8221;treatment-h4&#8243; css=&#8221;.vc_custom_1646104764652{margin-bottom: 2rem !important;}&#8221;]<\/p>\n<h4>C\u00f3mo se realiza la Descompresi\u00f3n Microvascular, en t\u00e9rminos simples<\/h4>\n<p>[\/vc_column_text][vc_column_text el_class=&#8221;treatment-text&#8221;]El procedimiento se realiza bajo anestesia general. Se afeita el vello detr\u00e1s de la oreja y se extrae una peque\u00f1a parte del hueso sobre el \u00e1rea afectada. Se identifica el nervio y se colocan trozos de tefl\u00f3n entre el nervio y los vasos sangu\u00edneos da\u00f1inos. Luego, la peque\u00f1a \u00e1rea de hueso que se extrajo se cubre con una malla met\u00e1lica delgada para completar el procedimiento.[\/vc_column_text][vc_column_text el_class=&#8221;treatment-h4&#8243; css=&#8221;.vc_custom_1646104835868{margin-bottom: 2rem !important;}&#8221;]<\/p>\n<h4>\u00bfSoy candidato para la descompresi\u00f3n microvascular?<\/h4>\n<p>[\/vc_column_text][vc_column_text el_class=&#8221;treatment-text&#8221;]Usted puede ser candidato para MVD si tiene espasmos hemifaciales que no est\u00e1n bien controlados con medicamentos y desea un entumecimiento facial m\u00ednimo o nulo que puede estar asociado con tratamientos alternativos como la rizotom\u00eda por radiofrecuencia estereot\u00e1ctica percut\u00e1nea (PSR) o la inyecci\u00f3n de glicerol.<\/p>\n<p>Debido a que la MVD implica el uso de anestesia general y cirug\u00eda cerebral, es posible que los pacientes con otras afecciones m\u00e9dicas o que tengan problemas de salud no sean candidatos. MVD no tiene \u00e9xito en el tratamiento del dolor facial causado por la esclerosis m\u00faltiple. Debido al bajo riesgo de p\u00e9rdida auditiva, es posible que MVD no sea adecuado para pacientes con p\u00e9rdida auditiva preexistente en el o\u00eddo opuesto.[\/vc_column_text][\/vc_column_inner][\/vc_row_inner][vc_row_inner][vc_column_inner][vc_empty_space height=&#8221;15px&#8221;][vc_column_text el_class=&#8221;treatment-h2&#8243; css=&#8221;.vc_custom_1645845289924{margin-bottom: 2rem !important;}&#8221;]<\/p>\n<h2>Pron\u00f3stico del espasmo hemifacial<\/h2>\n<p>[\/vc_column_text][vc_column_text el_class=&#8221;treatment-text&#8221;]Lamentablemente, no existe una cura segura para los espasmos hemifaciales. Sin embargo, la calidad de vida mejora para muchos de nuestros pacientes a medida que los s\u00edntomas se disipan o desaparecen por completo con el tratamiento, especialmente aquellos que eligen <a href=\"https:\/\/themorrisonclinic.com\/es\/tratamientos-de-neurocirugia\/descompresion-microvascular\">la cirug\u00eda MVD.<\/a>[\/vc_column_text][\/vc_column_inner][\/vc_row_inner][\/vc_column][vc_column width=&#8221;1\/3&#8243;][vc_wp_custommenu title=&#8221;Trastornos&#8221; nav_menu=&#8221;46&#8243; el_class=&#8221;treatment-link-menu&#8221; el_id=&#8221;treatment-link-menu&#8221;][vc_empty_space height=&#8221;15px&#8221;][vc_row_inner css=&#8221;.vc_custom_1635201297538{margin-top: 1rem !important;margin-right: 1rem !important;margin-bottom: 1rem !important;margin-left: 1rem !important;padding-top: 2rem !important;padding-right: 2rem !important;padding-bottom: 2rem !important;padding-left: 2rem !important;background-color: #305893 !important;}&#8221; el_class=&#8221;block-hidden-mobile&#8221;][vc_column_inner css=&#8221;.vc_custom_1634696442660{padding-top: 0px !important;}&#8221;][vc_icon icon_fontawesome=&#8221;fa fa-comments-o&#8221; color=&#8221;white&#8221; size=&#8221;xl&#8221; align=&#8221;center&#8221; css=&#8221;.vc_custom_1634696031215{margin-bottom: .5rem !important;}&#8221;][vc_column_text css=&#8221;.vc_custom_1634696393911{margin-bottom: 0px !important;padding-top: 15px !important;padding-bottom: 15px !important;}&#8221;]<\/p>\n<h4 style=\"color: #ffffff;text-align: center\">\u00bfNecesita una opini\u00f3n de un experto?<\/h4>\n<p>[\/vc_column_text]\r<!-- radiantthemes-custom-button -->\r<div class=\"radiantthemes-custom-button hover-style-two rt3314577501  \" id=\"econsult-btn\" data-button-direction=\"center\" data-button-fullwidth=\"true\" ><a style=\" color: #305893; font-size: 22px;\" class=\"radiantthemes-custom-button-main  vc_custom_1639338964839\" href=\"#contact\"  title=\"\" target=\"_self\"><div class=\"overlay\"><\/div><div class=\"placeholder\">Schedule an e-consult<\/div><\/a><\/div>\r<!-- radiantthemes-custom-button -->\r[\/vc_column_inner][\/vc_row_inner][vc_row_inner css=&#8221;.vc_custom_1635201297538{margin-top: 1rem !important;margin-right: 1rem !important;margin-bottom: 1rem !important;margin-left: 1rem !important;padding-top: 2rem !important;padding-right: 2rem !important;padding-bottom: 2rem !important;padding-left: 2rem !important;background-color: #305893 !important;}&#8221; el_class=&#8221;block-hidden-mobile&#8221;][vc_column_inner css=&#8221;.vc_custom_1634696442660{padding-top: 0px !important;}&#8221;][vc_icon icon_fontawesome=&#8221;fa fa-cloud-upload&#8221; color=&#8221;white&#8221; size=&#8221;xl&#8221; align=&#8221;center&#8221; css=&#8221;.vc_custom_1639245609676{margin-bottom: .5rem !important;}&#8221; link=&#8221;url:https%3A%2F%2Fuploader.purview.net%2Fvivaone%2Fuploader.php%3Fv%3D20211211|||&#8221;][vc_column_text css=&#8221;.vc_custom_1639245641880{margin-bottom: 0px !important;padding-top: 15px !important;padding-bottom: 15px !important;}&#8221;]<\/p>\n<h4 style=\"color: #ffffff;text-align: center\">Reciba un diagn\u00f3stico<\/h4>\n<p>[\/vc_column_text]\r<!-- radiantthemes-custom-button -->\r<div class=\"radiantthemes-custom-button hover-style-two rt1593283954  \" id=\"image-upload-btn\" data-button-direction=\"center\" data-button-fullwidth=\"true\" ><a style=\" color: #305893; font-size: 22px;\" class=\"radiantthemes-custom-button-main  vc_custom_1639338954072\" href=\"https:\/\/uploader.purview.net\/vivaone\/uploader.php?v=20211211\"  title=\"\" target=\"_self\"><div class=\"overlay\"><\/div><div class=\"placeholder\">Upload your imaging<\/div><\/a><\/div>\r<!-- radiantthemes-custom-button -->\r[\/vc_column_inner][\/vc_row_inner][vc_raw_html]PHN0eWxlPi53cmFwZXJfaW5uZXJfYmFubmVyIHsKICAgIGJhY2tncm91bmQtaW1hZ2U6IHVybCgnaHR0cHM6Ly9odHRwc3RoZW1vcnN0Zy53cGVuZ2luZXBvd2VyZWQuY29tL3dwLWNvbnRlbnQvdXBsb2Fkcy8yMDIyLzAzL1dlYnNpdGVfSGVhZGVyX0NvbmNpZXJnZS1IZW1pZmFjaWFsLTEucG5nKSAhaW1wb3J0YW50Owp9Cjwvc3R5bGU+[\/vc_raw_html][\/vc_column][\/vc_row][vc_row][vc_column][vc_empty_space height=&#8221;50px&#8221;]<div class=\"radiantthemes-blockquote element-one   \" ><blockquote ><i class=\"fa fa-quote-left\" ><\/i>Immediately following surgery, I was standing and walking pain free. I am enjoying my life again and have Dr. Morrison to thank!<cite><\/cite><\/blockquote><\/div>[vc_empty_space height=&#8221;50px&#8221;][\/vc_column][\/vc_row][vc_row el_id=&#8221;contact&#8221;][vc_column width=&#8221;1\/6&#8243; el_id=&#8221;treatment-contact-form&#8221;][\/vc_column][vc_column width=&#8221;2\/3&#8243;][vc_column_text el_class=&#8221;treatment-h2&#8243; css=&#8221;.vc_custom_1645845314752{margin-bottom: 0px !important;padding-bottom: 1rem !important;}&#8221;]<\/p>\n<h2 style=\"text-align: center\">Programe su e-consulta de espasmo hemifacial<\/h2>\n<p>[\/vc_column_text][vc_column_text css=&#8221;.vc_custom_1645845302720{margin-bottom: 3rem !important;}&#8221;]<\/p>\n<div class=\"wpb_text_column wpb_content_element vc_custom_1634330975853\">\n<div class=\"wpb_wrapper\">\n<p style=\"text-align: center\"><span style=\"font-weight: 400\">Lo educaremos sobre sus s\u00edntomas espec\u00edficos de espasmo hemifacial y desarrollaremos un plan para su mejor calidad de vida.<\/span><\/p>\n<\/div>\n<\/div>\n<div class=\"radiant-contact-form rt4bf463d14beb956 element-one \">\n<div id=\"wpcf7-f9393-p9363-o1\" class=\"wpcf7\" dir=\"ltr\" lang=\"en-US\" role=\"form\"><\/div>\n<\/div>\n<p>[\/vc_column_text][rt_cf7_style padding_right=&#8221;10px&#8221; padding_left=&#8221;10px&#8221; radiant_border_style=&#8221;solid&#8221; radiant_border_color=&#8221;#e6e5e5&#8243; radiant_border_top=&#8221;1px&#8221; radiant_border_right=&#8221;1px&#8221; radiant_border_bottom=&#8221;1px&#8221; radiant_border_left=&#8221;1px&#8221; radiant_focus_style=&#8221;solid&#8221; radiant_focus_top=&#8221;1px&#8221; radiant_focus_right=&#8221;1px&#8221; radiant_focus_bottom=&#8221;1px&#8221; radiant_focus_left=&#8221;1px&#8221;][contact-form-7 id=&#8221;9393&#8243;][\/rt_cf7_style][\/vc_column][vc_column width=&#8221;1\/6&#8243;][\/vc_column][\/vc_row][vc_row][vc_column][vc_empty_space height=&#8221;100px&#8221;][\/vc_column][\/vc_row]<\/p>\n","protected":false},"excerpt":{"rendered":"<p>[vc_row css=&#8221;.vc_custom_1634399474019{margin-top: 0px !important;padding-top: 4rem !important;}&#8221;][vc_column width=&#8221;2\/3&#8243;][vc_row_inner][vc_column_inner][vc_column_text el_class=&#8221;treatment-h2&#8243; css=&#8221;.vc_custom_1646261999889{margin-bottom: 2rem !important;}&#8221;] \u00bfQu\u00e9 es un espasmo hemifacial? [\/vc_column_text][vc_column_text]El espasmo hemifacial es un trastorno del sistema nervioso en el que los m\u00fasculos de un lado de la cara se contraen involuntariamente. Con mayor frecuencia es causado por un vaso sangu\u00edneo que toca o pulsa contra un nervio facial. Tambi\u00e9n puede ser causado<\/p>\n","protected":false},"author":2,"featured_media":11405,"parent":10575,"menu_order":0,"comment_status":"closed","ping_status":"closed","template":"","meta":{"_acf_changed":false,"footnotes":""},"class_list":["post-11460","page","type-page","status-publish","has-post-thumbnail","hentry","smct_cats-conditions"],"acf":[],"yoast_head":"<!-- This site is optimized with the Yoast SEO plugin v27.3 - https:\/\/yoast.com\/product\/yoast-seo-wordpress\/ -->\n<title>Especialista en Espasmo Hemifacial y Cirug\u00eda MVD | Neurocirujano de Florida<\/title>\n<meta name=\"description\" content=\"\u00bfBusca un especialista en espasmos hemifaciales? Conozca los datos clave relacionados con esta afecci\u00f3n y sus opciones de tratamiento del espasmo hemifacial aqu\u00ed.\" \/>\n<meta name=\"robots\" content=\"index, follow, max-snippet:-1, max-image-preview:large, max-video-preview:-1\" \/>\n<link rel=\"canonical\" href=\"https:\/\/themorrisonclinic.com\/es\/condiciones\/espasmo-hemifacial\" \/>\n<meta property=\"og:locale\" content=\"es_ES\" \/>\n<meta property=\"og:type\" content=\"article\" \/>\n<meta property=\"og:title\" content=\"Especialista en Espasmo Hemifacial y Cirug\u00eda MVD | Neurocirujano de Florida\" \/>\n<meta property=\"og:description\" content=\"\u00bfBusca un especialista en espasmos hemifaciales? Conozca los datos clave relacionados con esta afecci\u00f3n y sus opciones de tratamiento del espasmo hemifacial aqu\u00ed.\" \/>\n<meta property=\"og:url\" content=\"https:\/\/themorrisonclinic.com\/es\/condiciones\/espasmo-hemifacial\" \/>\n<meta property=\"og:site_name\" content=\"The Morrison Clinic\" \/>\n<meta property=\"article:modified_time\" content=\"2022-03-10T18:21:41+00:00\" \/>\n<meta property=\"og:image\" content=\"https:\/\/themorrisonclinic.com\/wp-content\/uploads\/2022\/03\/Website_Header_Concierge-Hemifacial-1-Tile.png.jpeg\" \/>\n\t<meta property=\"og:image:width\" content=\"1024\" \/>\n\t<meta property=\"og:image:height\" content=\"576\" \/>\n\t<meta property=\"og:image:type\" content=\"image\/jpeg\" \/>\n<meta name=\"twitter:card\" content=\"summary_large_image\" \/>\n<meta name=\"twitter:label1\" content=\"Tiempo de lectura\" \/>\n\t<meta name=\"twitter:data1\" content=\"8 minutos\" \/>\n<!-- \/ Yoast SEO plugin. -->","yoast_head_json":{"title":"Especialista en Espasmo Hemifacial y Cirug\u00eda MVD | Neurocirujano de Florida","description":"\u00bfBusca un especialista en espasmos hemifaciales? Conozca los datos clave relacionados con esta afecci\u00f3n y sus opciones de tratamiento del espasmo hemifacial aqu\u00ed.","robots":{"index":"index","follow":"follow","max-snippet":"max-snippet:-1","max-image-preview":"max-image-preview:large","max-video-preview":"max-video-preview:-1"},"canonical":"https:\/\/themorrisonclinic.com\/es\/condiciones\/espasmo-hemifacial","og_locale":"es_ES","og_type":"article","og_title":"Especialista en Espasmo Hemifacial y Cirug\u00eda MVD | Neurocirujano de Florida","og_description":"\u00bfBusca un especialista en espasmos hemifaciales? Conozca los datos clave relacionados con esta afecci\u00f3n y sus opciones de tratamiento del espasmo hemifacial aqu\u00ed.","og_url":"https:\/\/themorrisonclinic.com\/es\/condiciones\/espasmo-hemifacial","og_site_name":"The Morrison Clinic","article_modified_time":"2022-03-10T18:21:41+00:00","og_image":[{"width":1024,"height":576,"url":"https:\/\/themorrisonclinic.com\/wp-content\/uploads\/2022\/03\/Website_Header_Concierge-Hemifacial-1-Tile.png.jpeg","type":"image\/jpeg"}],"twitter_card":"summary_large_image","twitter_misc":{"Tiempo de lectura":"8 minutos"},"schema":{"@context":"https:\/\/schema.org","@graph":[{"@type":"WebPage","@id":"https:\/\/themorrisonclinic.com\/es\/condiciones\/espasmo-hemifacial","url":"https:\/\/themorrisonclinic.com\/es\/condiciones\/espasmo-hemifacial","name":"Especialista en Espasmo Hemifacial y Cirug\u00eda MVD | Neurocirujano de Florida","isPartOf":{"@id":"https:\/\/themorrisonclinic.com\/es#website"},"primaryImageOfPage":{"@id":"https:\/\/themorrisonclinic.com\/es\/condiciones\/espasmo-hemifacial#primaryimage"},"image":{"@id":"https:\/\/themorrisonclinic.com\/es\/condiciones\/espasmo-hemifacial#primaryimage"},"thumbnailUrl":"https:\/\/themorrisonclinic.com\/wp-content\/uploads\/2022\/03\/Website_Header_Concierge-Hemifacial-1-Tile.png.jpeg","datePublished":"2022-03-10T18:21:39+00:00","dateModified":"2022-03-10T18:21:41+00:00","description":"\u00bfBusca un especialista en espasmos hemifaciales? Conozca los datos clave relacionados con esta afecci\u00f3n y sus opciones de tratamiento del espasmo hemifacial aqu\u00ed.","breadcrumb":{"@id":"https:\/\/themorrisonclinic.com\/es\/condiciones\/espasmo-hemifacial#breadcrumb"},"inLanguage":"es","potentialAction":[{"@type":"ReadAction","target":["https:\/\/themorrisonclinic.com\/es\/condiciones\/espasmo-hemifacial"]}]},{"@type":"ImageObject","inLanguage":"es","@id":"https:\/\/themorrisonclinic.com\/es\/condiciones\/espasmo-hemifacial#primaryimage","url":"https:\/\/themorrisonclinic.com\/wp-content\/uploads\/2022\/03\/Website_Header_Concierge-Hemifacial-1-Tile.png.jpeg","contentUrl":"https:\/\/themorrisonclinic.com\/wp-content\/uploads\/2022\/03\/Website_Header_Concierge-Hemifacial-1-Tile.png.jpeg","width":1024,"height":576},{"@type":"BreadcrumbList","@id":"https:\/\/themorrisonclinic.com\/es\/condiciones\/espasmo-hemifacial#breadcrumb","itemListElement":[{"@type":"ListItem","position":1,"name":"Home","item":"https:\/\/themorrisonclinic.com\/es"},{"@type":"ListItem","position":2,"name":"Trastornos","item":"https:\/\/themorrisonclinic.com\/es\/condiciones"},{"@type":"ListItem","position":3,"name":"espasmo hemifacial"}]},{"@type":"WebSite","@id":"https:\/\/themorrisonclinic.com\/es#website","url":"https:\/\/themorrisonclinic.com\/es","name":"The Morrison Clinic","description":"South Florida Neurosurgeon","publisher":{"@id":"https:\/\/themorrisonclinic.com\/es#organization"},"potentialAction":[{"@type":"SearchAction","target":{"@type":"EntryPoint","urlTemplate":"https:\/\/themorrisonclinic.com\/es?s={search_term_string}"},"query-input":{"@type":"PropertyValueSpecification","valueRequired":true,"valueName":"search_term_string"}}],"inLanguage":"es"},{"@type":"Organization","@id":"https:\/\/themorrisonclinic.com\/es#organization","name":"Morrison Clinic","url":"https:\/\/themorrisonclinic.com\/es","logo":{"@type":"ImageObject","inLanguage":"es","@id":"https:\/\/themorrisonclinic.com\/es#\/schema\/logo\/image\/","url":"https:\/\/themorrisonclinic.com\/wp-content\/uploads\/2020\/06\/logotransparent.png","contentUrl":"https:\/\/themorrisonclinic.com\/wp-content\/uploads\/2020\/06\/logotransparent.png","width":2734,"height":1250,"caption":"Morrison Clinic"},"image":{"@id":"https:\/\/themorrisonclinic.com\/es#\/schema\/logo\/image\/"}}]}},"_links":{"self":[{"href":"https:\/\/themorrisonclinic.com\/es\/wp-json\/wp\/v2\/pages\/11460","targetHints":{"allow":["GET"]}}],"collection":[{"href":"https:\/\/themorrisonclinic.com\/es\/wp-json\/wp\/v2\/pages"}],"about":[{"href":"https:\/\/themorrisonclinic.com\/es\/wp-json\/wp\/v2\/types\/page"}],"author":[{"embeddable":true,"href":"https:\/\/themorrisonclinic.com\/es\/wp-json\/wp\/v2\/users\/2"}],"replies":[{"embeddable":true,"href":"https:\/\/themorrisonclinic.com\/es\/wp-json\/wp\/v2\/comments?post=11460"}],"version-history":[{"count":0,"href":"https:\/\/themorrisonclinic.com\/es\/wp-json\/wp\/v2\/pages\/11460\/revisions"}],"up":[{"embeddable":true,"href":"https:\/\/themorrisonclinic.com\/es\/wp-json\/wp\/v2\/pages\/10575"}],"wp:featuredmedia":[{"embeddable":true,"href":"https:\/\/themorrisonclinic.com\/es\/wp-json\/wp\/v2\/media\/11405"}],"wp:attachment":[{"href":"https:\/\/themorrisonclinic.com\/es\/wp-json\/wp\/v2\/media?parent=11460"}],"curies":[{"name":"wp","href":"https:\/\/api.w.org\/{rel}","templated":true}]}}