{"id":11455,"date":"2022-03-10T18:18:05","date_gmt":"2022-03-10T18:18:05","guid":{"rendered":"https:\/\/themorrisonclinic.com\/condiciones\/neuralgia-del-glosofaringeo"},"modified":"2022-03-10T18:18:07","modified_gmt":"2022-03-10T18:18:07","slug":"neuralgia-del-glosofaringeo","status":"publish","type":"page","link":"https:\/\/themorrisonclinic.com\/es\/condiciones\/neuralgia-del-glosofaringeo","title":{"rendered":"Neuralgia del glosofar\u00edngeo"},"content":{"rendered":"<p>[vc_row css=&#8221;.vc_custom_1634399474019{margin-top: 0px !important;padding-top: 4rem !important;}&#8221;][vc_column width=&#8221;2\/3&#8243;][vc_row_inner][vc_column_inner][vc_column_text el_class=&#8221;treatment-h2&#8243; css=&#8221;.vc_custom_1646529442218{margin-bottom: 2rem !important;}&#8221;]<\/p>\n<h2>\u00bfQu\u00e9 es la neuralgia del glosofar\u00edngeo?<\/h2>\n<p>[\/vc_column_text][vc_column_text]<strong>La neuralgia del glosofar\u00edngeo<\/strong> (GN) es un espasmo doloroso de la orofaringe que afecta al nervio glosofar\u00edngeo. Provoca pulsos agudos y punzantes de dolor en la parte posterior de la garganta y la lengua, las am\u00edgdalas y el o\u00eddo medio. Trae un dolor insoportable que puede durar de unos segundos a unos minutos, y puede regresar varias veces en un d\u00eda o una vez cada pocas semanas. Puede ser causado por la compresi\u00f3n del nervio glosofar\u00edngeo. En algunos casos, ninguna causa es evidente. Al igual que la <a href=\"https:\/\/themorrisonclinic.com\/es\/condiciones\/neuralgia-trigeminal\">neuralgia del trig\u00e9mino<\/a> , se asocia con la esclerosis m\u00faltiple. La GN afecta principalmente a hombres mayores de 50 a\u00f1os y es tratable.<\/p>\n<p>El tratamiento es posible con <a href=\"https:\/\/themorrisonclinic.com\/es\/tratamientos-de-neurocirugia\/descompresion-microvascular\">descompresi\u00f3n microvascular (cirug\u00eda MVD)<\/a> .[\/vc_column_text][vc_btn title=&#8221;Programe su e-consulta de neuralgia del glosofar\u00edngeo&#8221; style=&#8221;flat&#8221; color=&#8221;blue&#8221; size=&#8221;lg&#8221; link=&#8221;url:%23contact|&#8221; css=&#8221;.vc_custom_1646529672566{margin-top: 2rem !important;}&#8221; el_class=&#8221;mc-blue-button&#8221; el_id=&#8221;bt-econsult-btn&#8221;][\/vc_column_inner][\/vc_row_inner][vc_row_inner css=&#8221;.vc_custom_1634697511240{padding-top: 2.5rem !important;padding-right: 1rem !important;padding-bottom: 1.5rem !important;padding-left: 1rem !important;background-color: #ecf1f6 !important;}&#8221;][vc_column_inner][vc_column_text el_class=&#8221;treatment-h2&#8243; css=&#8221;.vc_custom_1646531912331{margin-top: 0px !important;margin-bottom: 0px !important;padding-bottom: 1rem !important;}&#8221;]<\/p>\n<h2>S\u00edntomas de la neuralgia del glosofar\u00edngeo<\/h2>\n<p>[\/vc_column_text][vc_column_text el_class=&#8221;treatment-text&#8221;]El dolor generalmente ocurre en un lado de la cara o el cuello y puede ser punzante. En casos raros, el dolor ocurre en ambos lados.<\/p>\n<p>Los s\u00edntomas incluyen dolor intenso en \u00e1reas conectadas con el <a href=\"https:\/\/www.ncbi.nlm.nih.gov\/books\/NBK539877\/\">noveno par craneal<\/a> , como:<\/p>\n<ul>\n<li>Parte posterior de la nariz y la garganta (nasofaringe)<\/li>\n<li>parte posterior de la lengua<\/li>\n<li>Oreja<\/li>\n<li>Garganta<\/li>\n<li>\u00e1rea de la am\u00edgdala<\/li>\n<li>Caja de voz (laringe)<\/li>\n<\/ul>\n<p>El dolor ocurre espor\u00e1dicamente y, lamentablemente, se sabe que es intenso. Puede ocurrir muchas veces al d\u00eda y es capaz de despertarlo.<\/p>\n<p>Este dolor a veces puede ser provocado por:<\/p>\n<ul>\n<li><a href=\"https:\/\/themorrisonclinic.com\/es\/condiciones\/sindrome-del-aguila\">s\u00edndrome del \u00e1guila<\/a><\/li>\n<li>Masticaci\u00f3n<\/li>\n<li>tos<\/li>\n<li>Risa<\/li>\n<li>Discurso<\/li>\n<li>Tragar<\/li>\n<li>bostezando<\/li>\n<li>estornudos<\/li>\n<li>Bebidas fr\u00edas<\/li>\n<\/ul>\n<p>Obtenga m\u00e1s informaci\u00f3n sobre sus s\u00edntomas espec\u00edficos de neuralgia del glosofar\u00edngeo y c\u00f3mo se pueden tratar en The Morrison Clinic\u2122. <a href=\"#contact\">Programe una consulta electr\u00f3nica<\/a> .[\/vc_column_text][\/vc_column_inner][\/vc_row_inner][vc_row_inner css=&#8221;.vc_custom_1635201353214{margin-top: 1rem !important;margin-right: 1rem !important;margin-bottom: 1rem !important;margin-left: 1rem !important;padding-top: 2rem !important;padding-right: 2rem !important;padding-bottom: 2rem !important;padding-left: 2rem !important;background-color: #305893 !important;}&#8221; el_class=&#8221;block-hidden-desktop&#8221;][vc_column_inner css=&#8221;.vc_custom_1634696442660{padding-top: 0px !important;}&#8221;][vc_icon icon_fontawesome=&#8221;fa fa-comments-o&#8221; color=&#8221;white&#8221; size=&#8221;xl&#8221; align=&#8221;center&#8221; css=&#8221;.vc_custom_1634696031215{margin-bottom: .5rem !important;}&#8221;][vc_column_text css=&#8221;.vc_custom_1634696393911{margin-bottom: 0px !important;padding-top: 15px !important;padding-bottom: 15px !important;}&#8221;]<\/p>\n<h4 style=\"color: #ffffff;text-align: center\">\u00bfNecesita una opini\u00f3n de un experto?<\/h4>\n<p>[\/vc_column_text]\r<!-- radiantthemes-custom-button -->\r<div class=\"radiantthemes-custom-button hover-style-two rt2853251666  \"  data-button-direction=\"center\" data-button-fullwidth=\"true\" ><a style=\" color: #305893; font-size: 22px;\" class=\"radiantthemes-custom-button-main  vc_custom_1634696257351\" href=\"#contact\"  title=\"\" target=\"_self\"><div class=\"overlay\"><\/div><div class=\"placeholder\">Schedule an e-consult<\/div><\/a><\/div>\r<!-- radiantthemes-custom-button -->\r\r<!-- radiantthemes-custom-button -->\r<div class=\"radiantthemes-custom-button hover-style-two rt3921470620  \"  data-button-direction=\"center\" data-button-fullwidth=\"true\"  data-button-icon-position=\"right\"><a style=\" color: #305893; font-size: 22px;\" class=\"radiantthemes-custom-button-main  vc_custom_1635201367604\" href=\"tel:15612848455\"  title=\"\" target=\"_blank\"><div class=\"overlay\"><\/div><div class=\"placeholder\">Contact Us<i class=\"fa fa-phone\"><\/i><\/div><\/a><\/div>\r<!-- radiantthemes-custom-button -->\r[\/vc_column_inner][\/vc_row_inner][vc_row_inner][vc_column_inner][vc_column_text el_class=&#8221;treatment-h2&#8243; css=&#8221;.vc_custom_1646529872225{margin-bottom: 2rem !important;}&#8221;]<\/p>\n<h2>Formas de evitar la cirug\u00eda de neuralgia del glosofar\u00edngeo<\/h2>\n<p>[\/vc_column_text][vc_column_text el_class=&#8221;treatment-text&#8221;]En la mayor\u00eda de las situaciones, los medicamentos anticonvulsivos son la primera l\u00ednea de tratamiento no quir\u00fargico de la GN.<\/p>\n<p>Estos medicamentos incluyen:<\/p>\n<ul>\n<li>Anticonvulsivos: a menudo se prescriben carbamazepina, oxcarbazepina, fenito\u00edna, gabapentina, pregabalina y otros medicamentos anticonvulsivos para la GPN.<\/li>\n<li>Antidepresivos: la amitriptilina y otros medicamentos antidepresivos a veces se prescriben para su uso junto con anticonvulsivos para tratar a personas que se deprimen debido a un dolor debilitante.<\/li>\n<li>Anest\u00e9sicos: se pueden inyectar anest\u00e9sicos locales para bloquear el nervio o aplicarse t\u00f3picamente en \u00e1reas donde se produce dolor (por ejemplo, la parte posterior de la garganta).<\/li>\n<\/ul>\n<p>Si la terapia con medicamentos no es efectiva o lo deja con efectos secundarios, como fatiga, a menudo se considera la <a href=\"https:\/\/themorrisonclinic.com\/es\/tratamientos-de-neurocirugia\/descompresion-microvascular\">cirug\u00eda MVD<\/a> .[\/vc_column_text][\/vc_column_inner][\/vc_row_inner][vc_row_inner][vc_column_inner][vc_column_text el_class=&#8221;treatment-h2&#8243; css=&#8221;.vc_custom_1646530114405{margin-bottom: 2rem !important;}&#8221;]<\/p>\n<h2>Tratamientos de la neuralgia del glosofar\u00edngeo<\/h2>\n<p>[\/vc_column_text][vc_column_text el_class=&#8221;treatment-text&#8221;]Varios procedimientos quir\u00fargicos de neuralgia del glosofar\u00edngeo pueden aliviar su dolor. El m\u00e1s com\u00fan de ellos es la descompresi\u00f3n microvascular. como se explica a continuaci\u00f3n.<\/p>\n<p>Si se encuentra un tumor que comprime el nervio, o si se diagnostica <a href=\"https:\/\/themorrisonclinic.com\/es\/condiciones\/sindrome-del-aguila\">el s\u00edndrome de Eagle<\/a> , una causa conocida que es en s\u00ed misma una afecci\u00f3n separada, entonces se puede justificar un tipo diferente de cirug\u00eda.<\/p>\n<p><a href=\"https:\/\/my.clevelandclinic.org\/health\/treatments\/16559-gamma-knife-radiosurgery\">Radiocirug\u00eda con bistur\u00ed de rayos gamma<\/a> (GK o SRS): si bien se ha utilizado mucho m\u00e1s com\u00fanmente en la neuralgia del trig\u00e9mino (trastorno similar de un nervio diferente), se ha utilizado en una peque\u00f1a cantidad de casos de neuralgia del glosofar\u00edngeo dif\u00edciles de tratar. Se coloca un marco en la cabeza y se toman im\u00e1genes de MRI\/CT. El tratamiento es realizado por un neurocirujano y un onc\u00f3logo radioterapeuta trabajando juntos.<\/p>\n<p>El nervio glosofar\u00edngeo se dirige utilizando un software de alta precisi\u00f3n y se administra una dosis alta de radiaci\u00f3n enfocada en el nervio para causar una lesi\u00f3n parcial. Si bien esto puede aliviar el dolor, puede causar entumecimiento parcial en la parte posterior de la garganta.<\/p>\n<p><a href=\"#contact\">Programe una consulta electr\u00f3nica<\/a> con el Dr. Morrison para analizar sus opciones de tratamiento para la neuralgia del glosofar\u00edngeo hoy.[\/vc_column_text][\/vc_column_inner][\/vc_row_inner][vc_row_inner css=&#8221;.vc_custom_1646531617160{background-color: #305893 !important;}&#8221; el_class=&#8221;treatment-dark-row&#8221;][vc_column_inner][vc_column_text el_class=&#8221;treatment-h3&#8243; css=&#8221;.vc_custom_1646531852779{margin-bottom: 2rem !important;}&#8221;]<\/p>\n<h3>Descompresi\u00f3n microvascular como tratamiento de la neuralgia del glosofar\u00edngeo<\/h3>\n<p>[\/vc_column_text][vc_column_text el_class=&#8221;treatment-text&#8221;]Descompresi\u00f3n microvascular: este procedimiento es la t\u00e9cnica quir\u00fargica m\u00e1s com\u00fan para tratar la neuralgia del glosofar\u00edngeo. Se realiza bajo anestesia general. El Dr. Morrison har\u00e1 una incisi\u00f3n y una peque\u00f1a abertura en el hueso detr\u00e1s de la oreja en el \u00e1rea afectada.<\/p>\n<p>Luego usar\u00e1 un microscopio y\/o un endoscopio para ver el nervio y buscar cualquier vaso sangu\u00edneo que comprima el nervio.<\/p>\n<p>Se separan el nervio y la arteria y se coloca una peque\u00f1a esponja permanente de tefl\u00f3n entre el nervio y el vaso que lo comprime. Despu\u00e9s de realizar el procedimiento, el cirujano reemplazar\u00e1 el hueso y cerrar\u00e1 la incisi\u00f3n.<\/p>\n<p>La descompresi\u00f3n microvascular tiene la mayor tasa de \u00e9xito inicial y a largo plazo. Es efectivo en aproximadamente el 90% de los casos y produce una menor tasa de recurrencia del dolor. Es com\u00fanmente visto como la opci\u00f3n de tratamiento GN &#8220;est\u00e1ndar de oro&#8221;.[\/vc_column_text][\/vc_column_inner][\/vc_row_inner][vc_row_inner][vc_column_inner][vc_empty_space height=&#8221;15px&#8221;][vc_column_text el_class=&#8221;treatment-h2&#8243; css=&#8221;.vc_custom_1646530125346{margin-bottom: 2rem !important;}&#8221;]<\/p>\n<h2>Pron\u00f3stico de la neuralgia del glosofar\u00edngeo<\/h2>\n<p>[\/vc_column_text][vc_column_text el_class=&#8221;treatment-text&#8221;]Algunas personas se recuperan de las oleadas iniciales, o episodios, de dolor de GN y luego nunca los vuelven a enfrentar. Otros experimentar\u00e1n secuencias repetidas de dolor, seguidas de per\u00edodos de remisi\u00f3n cortos o largos. Debido a esta gran variaci\u00f3n en la forma en que la neuralgia del glosofar\u00edngeo afecta a diferentes pacientes, no existe un pron\u00f3stico &#8220;promedio&#8221; com\u00fan, aunque el tratamiento quir\u00fargico con descompresi\u00f3n microvascular sigue siendo el medio m\u00e1s probable para aliviar el dolor.[\/vc_column_text][\/vc_column_inner][\/vc_row_inner][\/vc_column][vc_column width=&#8221;1\/3&#8243;][vc_wp_custommenu title=&#8221;Trastornos&#8221; nav_menu=&#8221;46&#8243; el_class=&#8221;treatment-link-menu&#8221; el_id=&#8221;treatment-link-menu&#8221;][vc_empty_space height=&#8221;15px&#8221;][vc_row_inner css=&#8221;.vc_custom_1635201297538{margin-top: 1rem !important;margin-right: 1rem !important;margin-bottom: 1rem !important;margin-left: 1rem !important;padding-top: 2rem !important;padding-right: 2rem !important;padding-bottom: 2rem !important;padding-left: 2rem !important;background-color: #305893 !important;}&#8221; el_class=&#8221;block-hidden-mobile&#8221;][vc_column_inner css=&#8221;.vc_custom_1634696442660{padding-top: 0px !important;}&#8221;][vc_icon icon_fontawesome=&#8221;fa fa-comments-o&#8221; color=&#8221;white&#8221; size=&#8221;xl&#8221; align=&#8221;center&#8221; css=&#8221;.vc_custom_1634696031215{margin-bottom: .5rem !important;}&#8221;][vc_column_text css=&#8221;.vc_custom_1634696393911{margin-bottom: 0px !important;padding-top: 15px !important;padding-bottom: 15px !important;}&#8221;]<\/p>\n<h4 style=\"color: #ffffff;text-align: center\">\u00bfNecesita una opini\u00f3n de un experto?<\/h4>\n<p>[\/vc_column_text]\r<!-- radiantthemes-custom-button -->\r<div class=\"radiantthemes-custom-button hover-style-two rt2167937491  \" id=\"econsult-btn\" data-button-direction=\"center\" data-button-fullwidth=\"true\" ><a style=\" color: #305893; font-size: 22px;\" class=\"radiantthemes-custom-button-main  vc_custom_1639338964839\" href=\"#contact\"  title=\"\" target=\"_self\"><div class=\"overlay\"><\/div><div class=\"placeholder\">Schedule an e-consult<\/div><\/a><\/div>\r<!-- radiantthemes-custom-button -->\r[\/vc_column_inner][\/vc_row_inner][vc_row_inner css=&#8221;.vc_custom_1635201297538{margin-top: 1rem !important;margin-right: 1rem !important;margin-bottom: 1rem !important;margin-left: 1rem !important;padding-top: 2rem !important;padding-right: 2rem !important;padding-bottom: 2rem !important;padding-left: 2rem !important;background-color: #305893 !important;}&#8221; el_class=&#8221;block-hidden-mobile&#8221;][vc_column_inner css=&#8221;.vc_custom_1634696442660{padding-top: 0px !important;}&#8221;][vc_icon icon_fontawesome=&#8221;fa fa-cloud-upload&#8221; color=&#8221;white&#8221; size=&#8221;xl&#8221; align=&#8221;center&#8221; css=&#8221;.vc_custom_1639245609676{margin-bottom: .5rem !important;}&#8221; link=&#8221;url:https%3A%2F%2Fuploader.purview.net%2Fvivaone%2Fuploader.php%3Fv%3D20211211|||&#8221;][vc_column_text css=&#8221;.vc_custom_1639245641880{margin-bottom: 0px !important;padding-top: 15px !important;padding-bottom: 15px !important;}&#8221;]<\/p>\n<h4 style=\"color: #ffffff;text-align: center\">Reciba un diagn\u00f3stico<\/h4>\n<p>[\/vc_column_text]\r<!-- radiantthemes-custom-button -->\r<div class=\"radiantthemes-custom-button hover-style-two rt35047088  \" id=\"image-upload-btn\" data-button-direction=\"center\" data-button-fullwidth=\"true\" ><a style=\" color: #305893; font-size: 22px;\" class=\"radiantthemes-custom-button-main  vc_custom_1639338954072\" href=\"https:\/\/uploader.purview.net\/vivaone\/uploader.php?v=20211211\"  title=\"\" target=\"_self\"><div class=\"overlay\"><\/div><div class=\"placeholder\">Upload your imaging<\/div><\/a><\/div>\r<!-- radiantthemes-custom-button -->\r[\/vc_column_inner][\/vc_row_inner][vc_raw_html]PHN0eWxlPi53cmFwZXJfaW5uZXJfYmFubmVyIHsKICAgIGJhY2tncm91bmQtaW1hZ2U6IHVybCgnaHR0cHM6Ly9odHRwc3RoZW1vcnN0Zy53cGVuZ2luZXBvd2VyZWQuY29tL3dwLWNvbnRlbnQvdXBsb2Fkcy8yMDIyLzAzL1dlYnNpdGVfSGVhZGVyX0dsb3Nzb3BoYXJ5bmdlYWwtbmV1cmFsZ2lhLTEuanBnJykgIWltcG9ydGFudDsKfQo8L3N0eWxlPg==[\/vc_raw_html][\/vc_column][\/vc_row][vc_row][vc_column][vc_empty_space height=&#8221;50px&#8221;]<div class=\"radiantthemes-blockquote element-one   \" ><blockquote ><i class=\"fa fa-quote-left\" ><\/i>Immediately following surgery, I was standing and walking pain free. I am enjoying my life again and have Dr. Morrison to thank!<cite><\/cite><\/blockquote><\/div>[vc_empty_space height=&#8221;50px&#8221;][\/vc_column][\/vc_row][vc_row el_id=&#8221;contact&#8221;][vc_column width=&#8221;1\/6&#8243; el_id=&#8221;treatment-contact-form&#8221;][\/vc_column][vc_column width=&#8221;2\/3&#8243;][vc_column_text el_class=&#8221;treatment-h2&#8243; css=&#8221;.vc_custom_1646530151194{margin-bottom: 0px !important;padding-bottom: 1rem !important;}&#8221;]<\/p>\n<h2 style=\"text-align: center\">Programe su consulta electr\u00f3nica sobre neuralgia del glosofar\u00edngeo<\/h2>\n<p>[\/vc_column_text][vc_column_text css=&#8221;.vc_custom_1646530143677{margin-bottom: 3rem !important;}&#8221;]<\/p>\n<div class=\"wpb_text_column wpb_content_element vc_custom_1634330975853\">\n<div class=\"wpb_wrapper\">\n<p style=\"text-align: center\"><span style=\"font-weight: 400\">Lo educaremos sobre sus s\u00edntomas espec\u00edficos de neuralgia del glosofar\u00edngeo y desarrollaremos un plan para su mejor calidad de vida.<\/span><\/p>\n<\/div>\n<\/div>\n<div class=\"radiant-contact-form rt4bf463d14beb956 element-one \">\n<div id=\"wpcf7-f9393-p9363-o1\" class=\"wpcf7\" dir=\"ltr\" lang=\"en-US\" role=\"form\"><\/div>\n<\/div>\n<p>[\/vc_column_text][rt_cf7_style padding_right=&#8221;10px&#8221; padding_left=&#8221;10px&#8221; radiant_border_style=&#8221;solid&#8221; radiant_border_color=&#8221;#e6e5e5&#8243; radiant_border_top=&#8221;1px&#8221; radiant_border_right=&#8221;1px&#8221; radiant_border_bottom=&#8221;1px&#8221; radiant_border_left=&#8221;1px&#8221; radiant_focus_style=&#8221;solid&#8221; radiant_focus_top=&#8221;1px&#8221; radiant_focus_right=&#8221;1px&#8221; radiant_focus_bottom=&#8221;1px&#8221; radiant_focus_left=&#8221;1px&#8221;][contact-form-7 id=&#8221;9393&#8243;][\/rt_cf7_style][\/vc_column][vc_column width=&#8221;1\/6&#8243;][\/vc_column][\/vc_row][vc_row][vc_column][vc_empty_space height=&#8221;100px&#8221;][\/vc_column][\/vc_row]<\/p>\n","protected":false},"excerpt":{"rendered":"<p>[vc_row css=&#8221;.vc_custom_1634399474019{margin-top: 0px !important;padding-top: 4rem !important;}&#8221;][vc_column width=&#8221;2\/3&#8243;][vc_row_inner][vc_column_inner][vc_column_text el_class=&#8221;treatment-h2&#8243; css=&#8221;.vc_custom_1646529442218{margin-bottom: 2rem !important;}&#8221;] \u00bfQu\u00e9 es la neuralgia del glosofar\u00edngeo? [\/vc_column_text][vc_column_text]La neuralgia del glosofar\u00edngeo (GN) es un espasmo doloroso de la orofaringe que afecta al nervio glosofar\u00edngeo. Provoca pulsos agudos y punzantes de dolor en la parte posterior de la garganta y la lengua, las am\u00edgdalas y el o\u00eddo medio. Trae un dolor<\/p>\n","protected":false},"author":2,"featured_media":11431,"parent":10575,"menu_order":0,"comment_status":"closed","ping_status":"closed","template":"","meta":{"_acf_changed":false,"footnotes":""},"class_list":["post-11455","page","type-page","status-publish","has-post-thumbnail","hentry","smct_cats-conditions"],"acf":[],"yoast_head":"<!-- This site is optimized with the Yoast SEO plugin v27.3 - https:\/\/yoast.com\/product\/yoast-seo-wordpress\/ -->\n<title>Especialista en tratamiento de neuralgia del glosofar\u00edngeo | Neurocirujano de Florida<\/title>\n<meta name=\"description\" content=\"\u00bfBusca un especialista en neuralgia del glosofar\u00edngeo? Conozca los datos clave y sus opciones de tratamiento de la neuralgia del glosofar\u00edngeo aqu\u00ed.\" \/>\n<meta name=\"robots\" content=\"index, follow, max-snippet:-1, max-image-preview:large, max-video-preview:-1\" \/>\n<link rel=\"canonical\" href=\"https:\/\/themorrisonclinic.com\/es\/condiciones\/neuralgia-del-glosofaringeo\" \/>\n<meta property=\"og:locale\" content=\"es_ES\" \/>\n<meta property=\"og:type\" content=\"article\" \/>\n<meta property=\"og:title\" content=\"Especialista en tratamiento de neuralgia del glosofar\u00edngeo | Neurocirujano de Florida\" \/>\n<meta property=\"og:description\" content=\"\u00bfBusca un especialista en neuralgia del glosofar\u00edngeo? Conozca los datos clave y sus opciones de tratamiento de la neuralgia del glosofar\u00edngeo aqu\u00ed.\" \/>\n<meta property=\"og:url\" content=\"https:\/\/themorrisonclinic.com\/es\/condiciones\/neuralgia-del-glosofaringeo\" \/>\n<meta property=\"og:site_name\" content=\"The Morrison Clinic\" \/>\n<meta property=\"article:modified_time\" content=\"2022-03-10T18:18:07+00:00\" \/>\n<meta property=\"og:image\" content=\"https:\/\/themorrisonclinic.com\/wp-content\/uploads\/2022\/03\/MC-Tile-Images-2.jpg\" \/>\n\t<meta property=\"og:image:width\" content=\"1024\" \/>\n\t<meta property=\"og:image:height\" content=\"576\" \/>\n\t<meta property=\"og:image:type\" content=\"image\/jpeg\" \/>\n<meta name=\"twitter:card\" content=\"summary_large_image\" \/>\n<meta name=\"twitter:label1\" content=\"Tiempo de lectura\" \/>\n\t<meta name=\"twitter:data1\" content=\"10 minutos\" \/>\n<!-- \/ Yoast SEO plugin. -->","yoast_head_json":{"title":"Especialista en tratamiento de neuralgia del glosofar\u00edngeo | Neurocirujano de Florida","description":"\u00bfBusca un especialista en neuralgia del glosofar\u00edngeo? Conozca los datos clave y sus opciones de tratamiento de la neuralgia del glosofar\u00edngeo aqu\u00ed.","robots":{"index":"index","follow":"follow","max-snippet":"max-snippet:-1","max-image-preview":"max-image-preview:large","max-video-preview":"max-video-preview:-1"},"canonical":"https:\/\/themorrisonclinic.com\/es\/condiciones\/neuralgia-del-glosofaringeo","og_locale":"es_ES","og_type":"article","og_title":"Especialista en tratamiento de neuralgia del glosofar\u00edngeo | Neurocirujano de Florida","og_description":"\u00bfBusca un especialista en neuralgia del glosofar\u00edngeo? Conozca los datos clave y sus opciones de tratamiento de la neuralgia del glosofar\u00edngeo aqu\u00ed.","og_url":"https:\/\/themorrisonclinic.com\/es\/condiciones\/neuralgia-del-glosofaringeo","og_site_name":"The Morrison Clinic","article_modified_time":"2022-03-10T18:18:07+00:00","og_image":[{"width":1024,"height":576,"url":"https:\/\/themorrisonclinic.com\/wp-content\/uploads\/2022\/03\/MC-Tile-Images-2.jpg","type":"image\/jpeg"}],"twitter_card":"summary_large_image","twitter_misc":{"Tiempo de lectura":"10 minutos"},"schema":{"@context":"https:\/\/schema.org","@graph":[{"@type":"WebPage","@id":"https:\/\/themorrisonclinic.com\/es\/condiciones\/neuralgia-del-glosofaringeo","url":"https:\/\/themorrisonclinic.com\/es\/condiciones\/neuralgia-del-glosofaringeo","name":"Especialista en tratamiento de neuralgia del glosofar\u00edngeo | Neurocirujano de Florida","isPartOf":{"@id":"https:\/\/themorrisonclinic.com\/es#website"},"primaryImageOfPage":{"@id":"https:\/\/themorrisonclinic.com\/es\/condiciones\/neuralgia-del-glosofaringeo#primaryimage"},"image":{"@id":"https:\/\/themorrisonclinic.com\/es\/condiciones\/neuralgia-del-glosofaringeo#primaryimage"},"thumbnailUrl":"https:\/\/themorrisonclinic.com\/wp-content\/uploads\/2022\/03\/MC-Tile-Images-2.jpg","datePublished":"2022-03-10T18:18:05+00:00","dateModified":"2022-03-10T18:18:07+00:00","description":"\u00bfBusca un especialista en neuralgia del glosofar\u00edngeo? Conozca los datos clave y sus opciones de tratamiento de la neuralgia del glosofar\u00edngeo aqu\u00ed.","breadcrumb":{"@id":"https:\/\/themorrisonclinic.com\/es\/condiciones\/neuralgia-del-glosofaringeo#breadcrumb"},"inLanguage":"es","potentialAction":[{"@type":"ReadAction","target":["https:\/\/themorrisonclinic.com\/es\/condiciones\/neuralgia-del-glosofaringeo"]}]},{"@type":"ImageObject","inLanguage":"es","@id":"https:\/\/themorrisonclinic.com\/es\/condiciones\/neuralgia-del-glosofaringeo#primaryimage","url":"https:\/\/themorrisonclinic.com\/wp-content\/uploads\/2022\/03\/MC-Tile-Images-2.jpg","contentUrl":"https:\/\/themorrisonclinic.com\/wp-content\/uploads\/2022\/03\/MC-Tile-Images-2.jpg","width":1024,"height":576,"caption":"especialista en neuralgia del glosofaringe"},{"@type":"BreadcrumbList","@id":"https:\/\/themorrisonclinic.com\/es\/condiciones\/neuralgia-del-glosofaringeo#breadcrumb","itemListElement":[{"@type":"ListItem","position":1,"name":"Home","item":"https:\/\/themorrisonclinic.com\/es"},{"@type":"ListItem","position":2,"name":"Trastornos","item":"https:\/\/themorrisonclinic.com\/es\/condiciones"},{"@type":"ListItem","position":3,"name":"Neuralgia del glosofar\u00edngeo"}]},{"@type":"WebSite","@id":"https:\/\/themorrisonclinic.com\/es#website","url":"https:\/\/themorrisonclinic.com\/es","name":"The Morrison Clinic","description":"South Florida Neurosurgeon","publisher":{"@id":"https:\/\/themorrisonclinic.com\/es#organization"},"potentialAction":[{"@type":"SearchAction","target":{"@type":"EntryPoint","urlTemplate":"https:\/\/themorrisonclinic.com\/es?s={search_term_string}"},"query-input":{"@type":"PropertyValueSpecification","valueRequired":true,"valueName":"search_term_string"}}],"inLanguage":"es"},{"@type":"Organization","@id":"https:\/\/themorrisonclinic.com\/es#organization","name":"Morrison Clinic","url":"https:\/\/themorrisonclinic.com\/es","logo":{"@type":"ImageObject","inLanguage":"es","@id":"https:\/\/themorrisonclinic.com\/es#\/schema\/logo\/image\/","url":"https:\/\/themorrisonclinic.com\/wp-content\/uploads\/2020\/06\/logotransparent.png","contentUrl":"https:\/\/themorrisonclinic.com\/wp-content\/uploads\/2020\/06\/logotransparent.png","width":2734,"height":1250,"caption":"Morrison Clinic"},"image":{"@id":"https:\/\/themorrisonclinic.com\/es#\/schema\/logo\/image\/"}}]}},"_links":{"self":[{"href":"https:\/\/themorrisonclinic.com\/es\/wp-json\/wp\/v2\/pages\/11455","targetHints":{"allow":["GET"]}}],"collection":[{"href":"https:\/\/themorrisonclinic.com\/es\/wp-json\/wp\/v2\/pages"}],"about":[{"href":"https:\/\/themorrisonclinic.com\/es\/wp-json\/wp\/v2\/types\/page"}],"author":[{"embeddable":true,"href":"https:\/\/themorrisonclinic.com\/es\/wp-json\/wp\/v2\/users\/2"}],"replies":[{"embeddable":true,"href":"https:\/\/themorrisonclinic.com\/es\/wp-json\/wp\/v2\/comments?post=11455"}],"version-history":[{"count":0,"href":"https:\/\/themorrisonclinic.com\/es\/wp-json\/wp\/v2\/pages\/11455\/revisions"}],"up":[{"embeddable":true,"href":"https:\/\/themorrisonclinic.com\/es\/wp-json\/wp\/v2\/pages\/10575"}],"wp:featuredmedia":[{"embeddable":true,"href":"https:\/\/themorrisonclinic.com\/es\/wp-json\/wp\/v2\/media\/11431"}],"wp:attachment":[{"href":"https:\/\/themorrisonclinic.com\/es\/wp-json\/wp\/v2\/media?parent=11455"}],"curies":[{"name":"wp","href":"https:\/\/api.w.org\/{rel}","templated":true}]}}