{"id":11450,"date":"2022-03-10T18:15:05","date_gmt":"2022-03-10T18:15:05","guid":{"rendered":"https:\/\/themorrisonclinic.com\/condiciones\/sindrome-del-aguila"},"modified":"2022-03-10T18:15:07","modified_gmt":"2022-03-10T18:15:07","slug":"sindrome-del-aguila","status":"publish","type":"page","link":"https:\/\/themorrisonclinic.com\/es\/condiciones\/sindrome-del-aguila","title":{"rendered":"s\u00edndrome del \u00e1guila"},"content":{"rendered":"<p>[vc_row css=&#8221;.vc_custom_1634399474019{margin-top: 0px !important;padding-top: 4rem !important;}&#8221;][vc_column width=&#8221;2\/3&#8243;][vc_row_inner][vc_column_inner][vc_column_text el_class=&#8221;treatment-h2&#8243; css=&#8221;.vc_custom_1646685672257{margin-bottom: 2rem !important;}&#8221;]<\/p>\n<h2>\u00bfQu\u00e9 es?<\/h2>\n<p>[\/vc_column_text][vc_column_text el_class=&#8221;treatment-text&#8221;]<strong>El s\u00edndrome de Eagle<\/strong> es una condici\u00f3n asociada con el alargamiento de la <a href=\"https:\/\/en.wikipedia.org\/wiki\/Temporal_styloid_process\">ap\u00f3fisis estiloides<\/a> o calcificaci\u00f3n del ligamento estilohioideo, cl\u00ednicamente caracterizada por dolor de garganta y cuello, que se irradia hacia el o\u00eddo.<\/p>\n<p>El s\u00edndrome de Eagle representa una enfermedad poco conocida y com\u00fanmente pasada por alto, caracterizada cl\u00ednicamente por un dolor inespec\u00edfico en la cara. A menudo tambi\u00e9n mal diagnosticados, los diferentes diagn\u00f3sticos incluyen neuralgia del glosofar\u00edngeo y <a href=\"https:\/\/themorrisonclinic.com\/es\/condiciones\/neuralgia-trigeminal\">del trig\u00e9mino<\/a> , arteritis temporal, migra\u00f1a y disfunci\u00f3n del dolor miofascial.<\/p>\n<p>El s\u00edndrome de Eagle a menudo se sospecha cuando el dolor afecta solo una rama nerviosa y no responde a los analg\u00e9sicos.[\/vc_column_text][vc_btn title=&#8221;Programe su consulta electr\u00f3nica sobre el S\u00edndrome de Eagle&#8221; style=&#8221;flat&#8221; color=&#8221;blue&#8221; size=&#8221;lg&#8221; link=&#8221;url:%23contact|&#8221; css=&#8221;.vc_custom_1645845217269{margin-top: 2rem !important;}&#8221; el_class=&#8221;mc-blue-button&#8221; el_id=&#8221;bt-econsult-btn&#8221;][\/vc_column_inner][\/vc_row_inner][vc_row_inner css=&#8221;.vc_custom_1634697511240{padding-top: 2.5rem !important;padding-right: 1rem !important;padding-bottom: 1.5rem !important;padding-left: 1rem !important;background-color: #ecf1f6 !important;}&#8221;][vc_column_inner][vc_column_text el_class=&#8221;treatment-h2&#8243; css=&#8221;.vc_custom_1646531933897{margin-top: 0px !important;margin-bottom: 0px !important;padding-bottom: 1rem !important;}&#8221;]<\/p>\n<h2>S\u00edntomas del s\u00edndrome del \u00e1guila<\/h2>\n<p>[\/vc_column_text][vc_column_text el_class=&#8221;treatment-text&#8221;]Los posibles s\u00edntomas incluyen:<\/p>\n<ul>\n<li>Dolor agudo y punzante en la mand\u00edbula, la parte posterior de la garganta, la base de la lengua, las orejas, el cuello o la cara<\/li>\n<li>Dificultad para tragar<\/li>\n<li>Sensaci\u00f3n de tener un objeto extra\u00f1o en la garganta.<\/li>\n<li>Dolor al masticar, tragar, girar el cuello o tocar la parte posterior de la garganta<\/li>\n<li>Zumbidos o zumbidos en los o\u00eddos<\/li>\n<\/ul>\n<p>El s\u00edndrome de Eagle cl\u00e1sico est\u00e1 presente en un solo lado, sin embargo, en raras ocasiones, puede estar presente en ambos lados.<\/p>\n<p>En el s\u00edndrome de Eagle vascular, la ap\u00f3fisis estiloides alargada entra en contacto con la arteria car\u00f3tida interna debajo del cr\u00e1neo. En estos casos, girar la cabeza puede provocar la compresi\u00f3n de la arteria o un desgarro dentro del vaso sangu\u00edneo, lo que restringe el flujo sangu\u00edneo y puede provocar un ataque isqu\u00e9mico transitorio (AIT) o un accidente cerebrovascular. A veces, la compresi\u00f3n de la vena yugular interna tambi\u00e9n puede ocurrir y puede conducir a un aumento de la presi\u00f3n intracraneal.<\/p>\n<p>Estos s\u00edntomas pueden variar en su gravedad. Obtenga m\u00e1s informaci\u00f3n sobre los s\u00edntomas espec\u00edficos del s\u00edndrome de Eagle y c\u00f3mo se pueden tratar en The Morrison Clinic\u2122. <a href=\"#contact\">Programe una consulta electr\u00f3nica<\/a> aqu\u00ed.[\/vc_column_text][\/vc_column_inner][\/vc_row_inner][vc_row_inner css=&#8221;.vc_custom_1635201353214{margin-top: 1rem !important;margin-right: 1rem !important;margin-bottom: 1rem !important;margin-left: 1rem !important;padding-top: 2rem !important;padding-right: 2rem !important;padding-bottom: 2rem !important;padding-left: 2rem !important;background-color: #305893 !important;}&#8221; el_class=&#8221;block-hidden-desktop&#8221;][vc_column_inner css=&#8221;.vc_custom_1634696442660{padding-top: 0px !important;}&#8221;][vc_icon icon_fontawesome=&#8221;fa fa-comments-o&#8221; color=&#8221;white&#8221; size=&#8221;xl&#8221; align=&#8221;center&#8221; css=&#8221;.vc_custom_1634696031215{margin-bottom: .5rem !important;}&#8221;][vc_column_text css=&#8221;.vc_custom_1634696393911{margin-bottom: 0px !important;padding-top: 15px !important;padding-bottom: 15px !important;}&#8221;]<\/p>\n<h4 style=\"color: #ffffff;text-align: center\">\u00bfNecesita una opini\u00f3n de un experto?<\/h4>\n<p>[\/vc_column_text]\r<!-- radiantthemes-custom-button -->\r<div class=\"radiantthemes-custom-button hover-style-two rt1207591603  \"  data-button-direction=\"center\" data-button-fullwidth=\"true\" ><a style=\" color: #305893; font-size: 22px;\" class=\"radiantthemes-custom-button-main  vc_custom_1634696257351\" href=\"#contact\"  title=\"\" target=\"_self\"><div class=\"overlay\"><\/div><div class=\"placeholder\">Schedule an e-consult<\/div><\/a><\/div>\r<!-- radiantthemes-custom-button -->\r\r<!-- radiantthemes-custom-button -->\r<div class=\"radiantthemes-custom-button hover-style-two rt1283446395  \"  data-button-direction=\"center\" data-button-fullwidth=\"true\"  data-button-icon-position=\"right\"><a style=\" color: #305893; font-size: 22px;\" class=\"radiantthemes-custom-button-main  vc_custom_1635201367604\" href=\"tel:15612848455\"  title=\"\" target=\"_blank\"><div class=\"overlay\"><\/div><div class=\"placeholder\">Contact Us<i class=\"fa fa-phone\"><\/i><\/div><\/a><\/div>\r<!-- radiantthemes-custom-button -->\r[\/vc_column_inner][\/vc_row_inner][vc_row_inner][vc_column_inner][vc_empty_space height=&#8221;15px&#8221;][vc_column_text el_class=&#8221;treatment-h2&#8243; css=&#8221;.vc_custom_1645844215492{margin-bottom: 2rem !important;}&#8221;]<\/p>\n<h2>Formas de evitar la cirug\u00eda del s\u00edndrome de Eagle<\/h2>\n<p>[\/vc_column_text][vc_column_text]El tratamiento m\u00e9dico no quir\u00fargico de esta afecci\u00f3n puede incluir el uso de medicamentos para el dolor y antiinflamatorios, antidepresivos y\/o esteroides. Tambi\u00e9n se ha informado que el tratamiento basado en medicamentos con <a href=\"https:\/\/medlineplus.gov\/druginfo\/meds\/a694007.html\">gabapentina<\/a> , tianeptina, tramadol, paracetamol, inyecci\u00f3n local de lidoca\u00edna y bloqueo del ganglio estrellado es eficaz.[\/vc_column_text][\/vc_column_inner][\/vc_row_inner][vc_row_inner][vc_column_inner][vc_column_text el_class=&#8221;treatment-h2&#8243; css=&#8221;.vc_custom_1645844225810{margin-bottom: 2rem !important;}&#8221;]<\/p>\n<h2>Tratamientos del S\u00edndrome de Eagle<\/h2>\n<p>[\/vc_column_text][vc_column_text el_class=&#8221;treatment-text&#8221;]Para ayudar a brindarle la mejor calidad de vida, The Morrison Clinic\u2122 posee experiencia en numerosas opciones de tratamiento para el s\u00edndrome de Eagle. Consideramos que la <a href=\"https:\/\/themorrisonclinic.com\/es\/tratamientos-de-neurocirugia\/descompresion-microvascular\">descompresi\u00f3n microvascular (MVD)<\/a> es el est\u00e1ndar de oro para esta afecci\u00f3n y la realizamos con regularidad. Vea m\u00e1s sobre esto a continuaci\u00f3n.<\/p>\n<p>Otras cirug\u00edas tradicionales para acortar la ap\u00f3fisis estiloides (estiloidectom\u00eda) se realizan mediante un abordaje intraoral o extraoral (a trav\u00e9s del cuello).<\/p>\n<p>El abordaje intraoral suele requerir amigdalectom\u00eda y el acceso a la ap\u00f3fisis estiloides es limitado. Tambi\u00e9n existe el riesgo de lesionar los vasos principales.<\/p>\n<p>El abordaje extraoral puede proporcionar una mejor exposici\u00f3n del proceso y sus estructuras circundantes. Sin embargo, este enfoque produce una cicatriz, requiere pasar a trav\u00e9s del tejido conectivo y puede conllevar un mayor riesgo de traumatismo en las estructuras circundantes.<\/p>\n<p><a href=\"#contact\">Programe una consulta electr\u00f3nica<\/a> con el Dr. Morrison para analizar sus opciones de tratamiento para el s\u00edndrome de Eagle hoy.[\/vc_column_text][\/vc_column_inner][\/vc_row_inner][vc_row_inner css=&#8221;.vc_custom_1646105259428{background-color: #305893 !important;}&#8221; el_class=&#8221;treatment-dark-row&#8221;][vc_column_inner][vc_column_text el_class=&#8221;treatment-h3&#8243; css=&#8221;.vc_custom_1646531400984{margin-bottom: 2rem !important;padding-top: 2rem !important;}&#8221;]<\/p>\n<h3>Descompresi\u00f3n microvascular como tratamiento del s\u00edndrome de Eagle<\/h3>\n<p>[\/vc_column_text][vc_column_text el_class=&#8221;treatment-text&#8221;]El prop\u00f3sito de la Descompresi\u00f3n Microvascular es aliviar la presi\u00f3n de un vaso puls\u00e1til que est\u00e1 presionando contra un nervio o hueso, causando impulsos dolorosos en las \u00e1reas de la cara, el cuello o la garganta.<\/p>\n<p>Debido a que detendr\u00eda o disminuir\u00eda por completo el dolor de garganta o cuello del s\u00edndrome de Eagle, The Morrison Clinic\u2122 considera la cirug\u00eda MVD como una opci\u00f3n de tratamiento altamente efectiva.[\/vc_column_text][vc_column_text el_class=&#8221;treatment-h4&#8243; css=&#8221;.vc_custom_1646531557447{padding-top: 2rem !important;}&#8221;]<\/p>\n<h4>C\u00f3mo se realiza la Descompresi\u00f3n Microvascular, en t\u00e9rminos simples<\/h4>\n<p>[\/vc_column_text][vc_column_text el_class=&#8221;treatment-text&#8221;]El procedimiento se realiza bajo anestesia general. Se afeita el vello detr\u00e1s de la oreja y se extrae una peque\u00f1a parte del hueso. Se identifica el \u00e1rea afectada y se colocan piezas de tefl\u00f3n entre el \u00e1rea afectada y los vasos sangu\u00edneos afectados. Luego, la peque\u00f1a \u00e1rea de hueso extirpado se cubre con una malla met\u00e1lica delgada.[\/vc_column_text][vc_column_text el_class=&#8221;treatment-h4&#8243; css=&#8221;.vc_custom_1646531568726{padding-top: 2rem !important;}&#8221;]<\/p>\n<h4>\u00bfSoy candidato para la descompresi\u00f3n microvascular?<\/h4>\n<p>[\/vc_column_text][vc_column_text el_class=&#8221;treatment-text&#8221; css=&#8221;.vc_custom_1646531532029{padding-bottom: 3rem !important;}&#8221;]Usted puede ser candidato para MVD si tiene el s\u00edndrome de Eagle que no est\u00e1 bien controlado con medicamentos y desea un entumecimiento facial m\u00ednimo o nulo como resultado del tratamiento.<\/p>\n<p>Debido a que la MVD implica el uso de anestesia general y cirug\u00eda cerebral, es posible que los pacientes con otras afecciones m\u00e9dicas o que tengan problemas de salud no sean candidatos. MVD no tiene \u00e9xito en el tratamiento del dolor facial causado por la esclerosis m\u00faltiple. Debido al bajo riesgo de p\u00e9rdida auditiva, es posible que MVD no sea adecuado para pacientes con p\u00e9rdida auditiva preexistente en el o\u00eddo opuesto al \u00e1rea de tratamiento.[\/vc_column_text][\/vc_column_inner][\/vc_row_inner][vc_row_inner][vc_column_inner][vc_empty_space height=&#8221;15px&#8221;][vc_column_text el_class=&#8221;treatment-h2&#8243; css=&#8221;.vc_custom_1646685650455{margin-bottom: 2rem !important;}&#8221;]<\/p>\n<h2>Pron\u00f3stico<\/h2>\n<p>[\/vc_column_text][vc_column_text el_class=&#8221;treatment-text&#8221;]Afortunadamente, esta condici\u00f3n es tratable y curable. La tasa general de \u00e9xito del tratamiento, liderada principalmente por la cirug\u00eda MVD &#8220;est\u00e1ndar de oro&#8221;, es de aproximadamente el 80%.[\/vc_column_text][\/vc_column_inner][\/vc_row_inner][\/vc_column][vc_column width=&#8221;1\/3&#8243;][vc_wp_custommenu title=&#8221;Trastornos&#8221; nav_menu=&#8221;46&#8243; el_class=&#8221;treatment-link-menu&#8221; el_id=&#8221;treatment-link-menu&#8221;][vc_empty_space height=&#8221;15px&#8221;][vc_row_inner css=&#8221;.vc_custom_1635201297538{margin-top: 1rem !important;margin-right: 1rem !important;margin-bottom: 1rem !important;margin-left: 1rem !important;padding-top: 2rem !important;padding-right: 2rem !important;padding-bottom: 2rem !important;padding-left: 2rem !important;background-color: #305893 !important;}&#8221; el_class=&#8221;block-hidden-mobile&#8221;][vc_column_inner css=&#8221;.vc_custom_1634696442660{padding-top: 0px !important;}&#8221;][vc_icon icon_fontawesome=&#8221;fa fa-comments-o&#8221; color=&#8221;white&#8221; size=&#8221;xl&#8221; align=&#8221;center&#8221; css=&#8221;.vc_custom_1634696031215{margin-bottom: .5rem !important;}&#8221;][vc_column_text css=&#8221;.vc_custom_1634696393911{margin-bottom: 0px !important;padding-top: 15px !important;padding-bottom: 15px !important;}&#8221;]<\/p>\n<h4 style=\"color: #ffffff;text-align: center\">\u00bfNecesita una opini\u00f3n de un experto?<\/h4>\n<p>[\/vc_column_text]\r<!-- radiantthemes-custom-button -->\r<div class=\"radiantthemes-custom-button hover-style-two rt572096660  \" id=\"econsult-btn\" data-button-direction=\"center\" data-button-fullwidth=\"true\" ><a style=\" color: #305893; font-size: 22px;\" class=\"radiantthemes-custom-button-main  vc_custom_1639338964839\" href=\"#contact\"  title=\"\" target=\"_self\"><div class=\"overlay\"><\/div><div class=\"placeholder\">Schedule an e-consult<\/div><\/a><\/div>\r<!-- radiantthemes-custom-button -->\r[\/vc_column_inner][\/vc_row_inner][vc_row_inner css=&#8221;.vc_custom_1635201297538{margin-top: 1rem !important;margin-right: 1rem !important;margin-bottom: 1rem !important;margin-left: 1rem !important;padding-top: 2rem !important;padding-right: 2rem !important;padding-bottom: 2rem !important;padding-left: 2rem !important;background-color: #305893 !important;}&#8221; el_class=&#8221;block-hidden-mobile&#8221;][vc_column_inner css=&#8221;.vc_custom_1634696442660{padding-top: 0px !important;}&#8221;][vc_icon icon_fontawesome=&#8221;fa fa-cloud-upload&#8221; color=&#8221;white&#8221; size=&#8221;xl&#8221; align=&#8221;center&#8221; css=&#8221;.vc_custom_1639245609676{margin-bottom: .5rem !important;}&#8221; link=&#8221;url:https%3A%2F%2Fuploader.purview.net%2Fvivaone%2Fuploader.php%3Fv%3D20211211|||&#8221;][vc_column_text css=&#8221;.vc_custom_1639245641880{margin-bottom: 0px !important;padding-top: 15px !important;padding-bottom: 15px !important;}&#8221;]<\/p>\n<h4 style=\"color: #ffffff;text-align: center\">Reciba un diagn\u00f3stico<\/h4>\n<p>[\/vc_column_text]\r<!-- radiantthemes-custom-button -->\r<div class=\"radiantthemes-custom-button hover-style-two rt1584763325  \" id=\"image-upload-btn\" data-button-direction=\"center\" data-button-fullwidth=\"true\" ><a style=\" color: #305893; font-size: 22px;\" class=\"radiantthemes-custom-button-main  vc_custom_1639338954072\" href=\"https:\/\/uploader.purview.net\/vivaone\/uploader.php?v=20211211\"  title=\"\" target=\"_self\"><div class=\"overlay\"><\/div><div class=\"placeholder\">Upload your imaging<\/div><\/a><\/div>\r<!-- radiantthemes-custom-button -->\r[\/vc_column_inner][\/vc_row_inner][vc_raw_html]PHN0eWxlPi53cmFwZXJfaW5uZXJfYmFubmVyIHsKICAgIGJhY2tncm91bmQtaW1hZ2U6IHVybCgnaHR0cHM6Ly9odHRwc3RoZW1vcnN0Zy53cGVuZ2luZXBvd2VyZWQuY29tL3dwLWNvbnRlbnQvdXBsb2Fkcy8yMDIyLzAzL1dlYnNpdGVfSGVhZGVyX0NvbmNpZXJnZS1lYWdsZTMtMzAweDQzLnBuZycpICFpbXBvcnRhbnQ7Cn0KPC9zdHlsZT4=[\/vc_raw_html][\/vc_column][\/vc_row][vc_row][vc_column][vc_empty_space height=&#8221;50px&#8221;]<div class=\"radiantthemes-blockquote element-one   \" ><blockquote ><i class=\"fa fa-quote-left\" ><\/i>I was sent to Dr. Morrison as a last option. I have Trigeminal Neuralgia, and battling for years. Been on all kinds of medications, had a previous microvascular decompression and numerous steroid injections. Before seeing Dr. Morrison I was in unbearable pain for about 2 and half months straight. He saw me and we discussed my previous surgery and treatments and we decided on a repeat MVD. The moment I woke from surgery, I knew HE DID IT! HE FIXED ME!!!<cite>Ashley M. (Google)<\/cite><\/blockquote><\/div>[vc_empty_space height=&#8221;50px&#8221;][\/vc_column][\/vc_row][vc_row el_id=&#8221;contact&#8221;][vc_column width=&#8221;1\/6&#8243; el_id=&#8221;treatment-contact-form&#8221;][\/vc_column][vc_column width=&#8221;2\/3&#8243;][vc_column_text el_class=&#8221;treatment-h2&#8243; css=&#8221;.vc_custom_1645845539408{margin-bottom: 0px !important;padding-bottom: 1rem !important;}&#8221;]<\/p>\n<h2 style=\"text-align: center\">Programe su consulta electr\u00f3nica sobre el S\u00edndrome de Eagle<\/h2>\n<p>[\/vc_column_text][vc_column_text css=&#8221;.vc_custom_1645844466082{margin-bottom: 3rem !important;}&#8221;]<\/p>\n<div class=\"wpb_text_column wpb_content_element vc_custom_1634330975853\">\n<div class=\"wpb_wrapper\">\n<p style=\"text-align: center\"><span style=\"font-weight: 400\">Lo educaremos sobre sus s\u00edntomas espec\u00edficos del S\u00edndrome de Eagle y desarrollaremos un plan para su mejor calidad de vida.<\/span><\/p>\n<\/div>\n<\/div>\n<div class=\"radiant-contact-form rt4bf463d14beb956 element-one \">\n<div id=\"wpcf7-f9393-p9363-o1\" class=\"wpcf7\" dir=\"ltr\" lang=\"en-US\" role=\"form\"><\/div>\n<\/div>\n<p>[\/vc_column_text][rt_cf7_style padding_right=&#8221;10px&#8221; padding_left=&#8221;10px&#8221; radiant_border_style=&#8221;solid&#8221; radiant_border_color=&#8221;#e6e5e5&#8243; radiant_border_top=&#8221;1px&#8221; radiant_border_right=&#8221;1px&#8221; radiant_border_bottom=&#8221;1px&#8221; radiant_border_left=&#8221;1px&#8221; radiant_focus_style=&#8221;solid&#8221; radiant_focus_top=&#8221;1px&#8221; radiant_focus_right=&#8221;1px&#8221; radiant_focus_bottom=&#8221;1px&#8221; radiant_focus_left=&#8221;1px&#8221;][contact-form-7 id=&#8221;9393&#8243;][\/rt_cf7_style][\/vc_column][vc_column width=&#8221;1\/6&#8243;][\/vc_column][\/vc_row][vc_row][vc_column][vc_empty_space height=&#8221;100px&#8221;][\/vc_column][\/vc_row]<\/p>\n","protected":false},"excerpt":{"rendered":"<p>[vc_row css=&#8221;.vc_custom_1634399474019{margin-top: 0px !important;padding-top: 4rem !important;}&#8221;][vc_column width=&#8221;2\/3&#8243;][vc_row_inner][vc_column_inner][vc_column_text el_class=&#8221;treatment-h2&#8243; css=&#8221;.vc_custom_1646685672257{margin-bottom: 2rem !important;}&#8221;] \u00bfQu\u00e9 es? [\/vc_column_text][vc_column_text el_class=&#8221;treatment-text&#8221;]El s\u00edndrome de Eagle es una condici\u00f3n asociada con el alargamiento de la ap\u00f3fisis estiloides o calcificaci\u00f3n del ligamento estilohioideo, cl\u00ednicamente caracterizada por dolor de garganta y cuello, que se irradia hacia el o\u00eddo. El s\u00edndrome de Eagle representa una enfermedad poco conocida y com\u00fanmente pasada<\/p>\n","protected":false},"author":2,"featured_media":11424,"parent":10575,"menu_order":0,"comment_status":"closed","ping_status":"closed","template":"","meta":{"_acf_changed":false,"footnotes":""},"class_list":["post-11450","page","type-page","status-publish","has-post-thumbnail","hentry","smct_cats-conditions"],"acf":[],"yoast_head":"<!-- This site is optimized with the Yoast SEO plugin v27.3 - https:\/\/yoast.com\/product\/yoast-seo-wordpress\/ -->\n<title>Especialista en s\u00edndrome de Eagle y opciones de tratamiento | Neurocirujano de Florida<\/title>\n<meta name=\"description\" content=\"\u00bfBusca un especialista en s\u00edndrome de Eagle? Conozca los datos clave relacionados con esta afecci\u00f3n y las opciones de tratamiento del s\u00edndrome de Eagle aqu\u00ed.\" \/>\n<meta name=\"robots\" content=\"index, follow, max-snippet:-1, max-image-preview:large, max-video-preview:-1\" \/>\n<link rel=\"canonical\" href=\"https:\/\/themorrisonclinic.com\/es\/condiciones\/sindrome-del-aguila\" \/>\n<meta property=\"og:locale\" content=\"es_ES\" \/>\n<meta property=\"og:type\" content=\"article\" \/>\n<meta property=\"og:title\" content=\"Especialista en s\u00edndrome de Eagle y opciones de tratamiento | Neurocirujano de Florida\" \/>\n<meta property=\"og:description\" content=\"\u00bfBusca un especialista en s\u00edndrome de Eagle? Conozca los datos clave relacionados con esta afecci\u00f3n y las opciones de tratamiento del s\u00edndrome de Eagle aqu\u00ed.\" \/>\n<meta property=\"og:url\" content=\"https:\/\/themorrisonclinic.com\/es\/condiciones\/sindrome-del-aguila\" \/>\n<meta property=\"og:site_name\" content=\"The Morrison Clinic\" \/>\n<meta property=\"article:modified_time\" content=\"2022-03-10T18:15:07+00:00\" \/>\n<meta property=\"og:image\" content=\"https:\/\/themorrisonclinic.com\/wp-content\/uploads\/2022\/03\/Website_Header_Concierge-eagle3-Tile.png.jpeg\" \/>\n\t<meta property=\"og:image:width\" content=\"1024\" \/>\n\t<meta property=\"og:image:height\" content=\"576\" \/>\n\t<meta property=\"og:image:type\" content=\"image\/jpeg\" \/>\n<meta name=\"twitter:card\" content=\"summary_large_image\" \/>\n<meta name=\"twitter:label1\" content=\"Tiempo de lectura\" \/>\n\t<meta name=\"twitter:data1\" content=\"11 minutos\" \/>\n<!-- \/ Yoast SEO plugin. -->","yoast_head_json":{"title":"Especialista en s\u00edndrome de Eagle y opciones de tratamiento | Neurocirujano de Florida","description":"\u00bfBusca un especialista en s\u00edndrome de Eagle? Conozca los datos clave relacionados con esta afecci\u00f3n y las opciones de tratamiento del s\u00edndrome de Eagle aqu\u00ed.","robots":{"index":"index","follow":"follow","max-snippet":"max-snippet:-1","max-image-preview":"max-image-preview:large","max-video-preview":"max-video-preview:-1"},"canonical":"https:\/\/themorrisonclinic.com\/es\/condiciones\/sindrome-del-aguila","og_locale":"es_ES","og_type":"article","og_title":"Especialista en s\u00edndrome de Eagle y opciones de tratamiento | Neurocirujano de Florida","og_description":"\u00bfBusca un especialista en s\u00edndrome de Eagle? Conozca los datos clave relacionados con esta afecci\u00f3n y las opciones de tratamiento del s\u00edndrome de Eagle aqu\u00ed.","og_url":"https:\/\/themorrisonclinic.com\/es\/condiciones\/sindrome-del-aguila","og_site_name":"The Morrison Clinic","article_modified_time":"2022-03-10T18:15:07+00:00","og_image":[{"width":1024,"height":576,"url":"https:\/\/themorrisonclinic.com\/wp-content\/uploads\/2022\/03\/Website_Header_Concierge-eagle3-Tile.png.jpeg","type":"image\/jpeg"}],"twitter_card":"summary_large_image","twitter_misc":{"Tiempo de lectura":"11 minutos"},"schema":{"@context":"https:\/\/schema.org","@graph":[{"@type":"WebPage","@id":"https:\/\/themorrisonclinic.com\/es\/condiciones\/sindrome-del-aguila","url":"https:\/\/themorrisonclinic.com\/es\/condiciones\/sindrome-del-aguila","name":"Especialista en s\u00edndrome de Eagle y opciones de tratamiento | Neurocirujano de Florida","isPartOf":{"@id":"https:\/\/themorrisonclinic.com\/es#website"},"primaryImageOfPage":{"@id":"https:\/\/themorrisonclinic.com\/es\/condiciones\/sindrome-del-aguila#primaryimage"},"image":{"@id":"https:\/\/themorrisonclinic.com\/es\/condiciones\/sindrome-del-aguila#primaryimage"},"thumbnailUrl":"https:\/\/themorrisonclinic.com\/wp-content\/uploads\/2022\/03\/Website_Header_Concierge-eagle3-Tile.png.jpeg","datePublished":"2022-03-10T18:15:05+00:00","dateModified":"2022-03-10T18:15:07+00:00","description":"\u00bfBusca un especialista en s\u00edndrome de Eagle? Conozca los datos clave relacionados con esta afecci\u00f3n y las opciones de tratamiento del s\u00edndrome de Eagle aqu\u00ed.","breadcrumb":{"@id":"https:\/\/themorrisonclinic.com\/es\/condiciones\/sindrome-del-aguila#breadcrumb"},"inLanguage":"es","potentialAction":[{"@type":"ReadAction","target":["https:\/\/themorrisonclinic.com\/es\/condiciones\/sindrome-del-aguila"]}]},{"@type":"ImageObject","inLanguage":"es","@id":"https:\/\/themorrisonclinic.com\/es\/condiciones\/sindrome-del-aguila#primaryimage","url":"https:\/\/themorrisonclinic.com\/wp-content\/uploads\/2022\/03\/Website_Header_Concierge-eagle3-Tile.png.jpeg","contentUrl":"https:\/\/themorrisonclinic.com\/wp-content\/uploads\/2022\/03\/Website_Header_Concierge-eagle3-Tile.png.jpeg","width":1024,"height":576},{"@type":"BreadcrumbList","@id":"https:\/\/themorrisonclinic.com\/es\/condiciones\/sindrome-del-aguila#breadcrumb","itemListElement":[{"@type":"ListItem","position":1,"name":"Home","item":"https:\/\/themorrisonclinic.com\/es"},{"@type":"ListItem","position":2,"name":"Trastornos","item":"https:\/\/themorrisonclinic.com\/es\/condiciones"},{"@type":"ListItem","position":3,"name":"s\u00edndrome del \u00e1guila"}]},{"@type":"WebSite","@id":"https:\/\/themorrisonclinic.com\/es#website","url":"https:\/\/themorrisonclinic.com\/es","name":"The Morrison Clinic","description":"South Florida Neurosurgeon","publisher":{"@id":"https:\/\/themorrisonclinic.com\/es#organization"},"potentialAction":[{"@type":"SearchAction","target":{"@type":"EntryPoint","urlTemplate":"https:\/\/themorrisonclinic.com\/es?s={search_term_string}"},"query-input":{"@type":"PropertyValueSpecification","valueRequired":true,"valueName":"search_term_string"}}],"inLanguage":"es"},{"@type":"Organization","@id":"https:\/\/themorrisonclinic.com\/es#organization","name":"Morrison Clinic","url":"https:\/\/themorrisonclinic.com\/es","logo":{"@type":"ImageObject","inLanguage":"es","@id":"https:\/\/themorrisonclinic.com\/es#\/schema\/logo\/image\/","url":"https:\/\/themorrisonclinic.com\/wp-content\/uploads\/2020\/06\/logotransparent.png","contentUrl":"https:\/\/themorrisonclinic.com\/wp-content\/uploads\/2020\/06\/logotransparent.png","width":2734,"height":1250,"caption":"Morrison Clinic"},"image":{"@id":"https:\/\/themorrisonclinic.com\/es#\/schema\/logo\/image\/"}}]}},"_links":{"self":[{"href":"https:\/\/themorrisonclinic.com\/es\/wp-json\/wp\/v2\/pages\/11450","targetHints":{"allow":["GET"]}}],"collection":[{"href":"https:\/\/themorrisonclinic.com\/es\/wp-json\/wp\/v2\/pages"}],"about":[{"href":"https:\/\/themorrisonclinic.com\/es\/wp-json\/wp\/v2\/types\/page"}],"author":[{"embeddable":true,"href":"https:\/\/themorrisonclinic.com\/es\/wp-json\/wp\/v2\/users\/2"}],"replies":[{"embeddable":true,"href":"https:\/\/themorrisonclinic.com\/es\/wp-json\/wp\/v2\/comments?post=11450"}],"version-history":[{"count":0,"href":"https:\/\/themorrisonclinic.com\/es\/wp-json\/wp\/v2\/pages\/11450\/revisions"}],"up":[{"embeddable":true,"href":"https:\/\/themorrisonclinic.com\/es\/wp-json\/wp\/v2\/pages\/10575"}],"wp:featuredmedia":[{"embeddable":true,"href":"https:\/\/themorrisonclinic.com\/es\/wp-json\/wp\/v2\/media\/11424"}],"wp:attachment":[{"href":"https:\/\/themorrisonclinic.com\/es\/wp-json\/wp\/v2\/media?parent=11450"}],"curies":[{"name":"wp","href":"https:\/\/api.w.org\/{rel}","templated":true}]}}