{"id":11228,"date":"2022-02-08T17:04:28","date_gmt":"2022-02-08T17:04:28","guid":{"rendered":"https:\/\/themorrisonclinic.com\/servicios-de-neurocirugia-de-conserjeria"},"modified":"2022-02-08T17:04:30","modified_gmt":"2022-02-08T17:04:30","slug":"servicios-de-neurocirugia-de-conserjeria","status":"publish","type":"page","link":"https:\/\/themorrisonclinic.com\/es\/servicios-de-neurocirugia-de-conserjeria","title":{"rendered":"Servicios de neurocirug\u00eda de conserjer\u00eda"},"content":{"rendered":"<p>[vc_row css=&#8221;.vc_custom_1634399600751{margin-top: 0px !important;padding-top: 4rem !important;}&#8221;][vc_column width=&#8221;2\/3&#8243;][vc_row_inner][vc_column_inner][vc_empty_space height=&#8221;15px&#8221;][vc_column_text el_class=&#8221;treatment-h3&#8243; css=&#8221;.vc_custom_1643898597845{margin-bottom: 2rem !important;}&#8221;]<\/p>\n<h3>Presentamos los nuevos servicios de neurocirug\u00eda de conserjer\u00eda<\/h3>\n<p>[\/vc_column_text][vc_column_text el_class=&#8221;treatment-text&#8221;]<span style=\"font-weight: 400\">En The Morrison Clinic\u2122, entendemos que las necesidades de atenci\u00f3n m\u00e9dica de cada paciente, desde el acceso a nuestros cirujanos hasta el alojamiento y la atenci\u00f3n posterior, son \u00fanicas. Es por eso que nuestro equipo est\u00e1 compuesto por expertos en atenci\u00f3n m\u00e9dica compasivos que est\u00e1n comprometidos a brindarle la mejor calidad de vida, adem\u00e1s de ir m\u00e1s all\u00e1 para satisfacer sus necesidades personalizadas. <\/span><\/p>\n<p><span style=\"font-weight: 400\">Y sabemos que los pacientes como usted est\u00e1n cansados de las frustraciones de comunicarse con el cirujano responsable de su atenci\u00f3n, de la falta de coordinaci\u00f3n y planificaci\u00f3n de la asistencia que le ofrecen sus cl\u00ednicas y de la espera aparentemente interminable. <\/span><\/p>\n<p><span style=\"font-weight: 400\">Usted merece m\u00e1xima atenci\u00f3n y atenci\u00f3n m\u00e9dica. Y nuestro nuevo servicio de <strong>neurocirug\u00eda de conserjer\u00eda<\/strong> est\u00e1 aqu\u00ed para garantizar que lo experimente. <a href=\"#contact\">Experim\u00e9ntalo ahora<\/a> .<\/span>[\/vc_column_text][\/vc_column_inner][\/vc_row_inner][vc_row_inner css=&#8221;.vc_custom_1643848028116{background-color: #ecf1f6 !important;}&#8221;][vc_column_inner][vc_column_text el_class=&#8221;treatment-h3&#8243; css=&#8221;.vc_custom_1643898688124{margin-bottom: 2rem !important;}&#8221;]<\/p>\n<h3>Beneficios \u00fanicos del servicio de conserjer\u00eda de The Morrison Clinic <sup>\u2122<\/sup><\/h3>\n<p>[\/vc_column_text][vc_column_text el_class=&#8221;treatment-text&#8221;]Morrison Clinic\u2122 se complace en ofrecer ahora <a href=\"https:\/\/www.forbes.com\/health\/healthy-aging\/concierge-medicine\/\">medicina de conserjer\u00eda<\/a> para garantizar que su atenci\u00f3n neuroquir\u00fargica se brinde con las opciones ampliadas de asistencia que necesita y la experiencia mejorada que se merece.<\/p>\n<p>Nuestros servicios de conserjer\u00eda incluyen:<\/p>\n<ul>\n<li>Acceso directo a su neurocirujano<\/li>\n<li>programaci\u00f3n de prioridades<\/li>\n<li>Servicios de planificaci\u00f3n preoperatoria<\/li>\n<li>Coordinaci\u00f3n y asistencia de alojamiento.<\/li>\n<li>Servicios de atenci\u00f3n postoperatoria<\/li>\n<\/ul>\n<p><a href=\"#contact\">Consulta aqu\u00ed<\/a> para empezar.[\/vc_column_text][\/vc_column_inner][\/vc_row_inner][vc_row_inner][vc_column_inner][vc_column_text el_class=&#8221;treatment-h3&#8243; css=&#8221;.vc_custom_1644265909820{margin-bottom: 2rem !important;}&#8221;]<\/p>\n<h3>Cuando los servicios de neurocirug\u00eda de conserjer\u00eda son adecuados para usted<\/h3>\n<p>[\/vc_column_text][vc_column_text el_class=&#8221;treatment-text&#8221;]<span style=\"font-weight: 400\">Cuando se requiere tratamiento neuroquir\u00fargico, atenci\u00f3n excepcional, tanto del cirujano<\/span> <i><span style=\"font-weight: 400\">como<\/span><\/i> del<span style=\"font-weight: 400\"> su equipo de oficina, es de suma importancia. Preocuparse por los viajes, la programaci\u00f3n y la atenci\u00f3n de seguimiento puede volverse abrumador r\u00e1pidamente. <\/span><\/p>\n<p><span style=\"font-weight: 400\">Al centrarse en estas \u00e1reas con detalle y dedicaci\u00f3n para su satisfacci\u00f3n, nuestros servicios de conserjer\u00eda reducen la carga de su tiempo y alivian el estr\u00e9s durante este per\u00edodo desafiante, para que pueda concentrarse por completo en su salud y recuperaci\u00f3n. <\/span><\/p>\n<p><span style=\"font-weight: 400\">Nunca se preocupe por ser &#8220;solo un n\u00famero&#8221;. Con nuestros servicios de conserjer\u00eda, su atenci\u00f3n personalizada es nuestra principal prioridad, y lo sentir\u00e1 en cada paso del camino. Recibir\u00e1 apoyo completo al m\u00e1s alto nivel a lo largo de todo el proceso, incluso durante el cuidado posquir\u00fargico. <\/span><\/p>\n<p>Consulta <a href=\"#contact\">aqu\u00ed<\/a> para saber m\u00e1s[\/vc_column_text][\/vc_column_inner][\/vc_row_inner][vc_row_inner css=&#8221;.vc_custom_1643849315277{background-color: #ecf1f6 !important;}&#8221;][vc_column_inner][vc_column_text el_class=&#8221;treatment-h3&#8243; css=&#8221;.vc_custom_1643843847309{margin-bottom: 2rem !important;}&#8221;]<\/p>\n<h3>Ofreciendo servicios de conserjer\u00eda para estos tratamientos neuroquir\u00fargicos<\/h3>\n<p>[\/vc_column_text][vc_column_text el_class=&#8221;treatment-text&#8221;]<span style=\"font-weight: 400\">El enfoque de tratamiento del Dr. Morrison est\u00e1 dise\u00f1ado para minimizar el trauma y maximizar su calidad de vida, por lo que recibir\u00e1 una consulta exhaustiva y compasiva que tendr\u00e1 en cuenta su historial m\u00e9dico completo y sus deseos personales. <\/span><\/p>\n<p><span style=\"font-weight: 400\">Cuando su condici\u00f3n requiere cirug\u00eda, los servicios de atenci\u00f3n de conserjer\u00eda est\u00e1n disponibles para cirug\u00eda de columna, cirug\u00eda cerebral, neurocirug\u00eda cerebrovascular, cirug\u00eda de hidrocefalia y cirug\u00eda de nervio perif\u00e9rico, y tratamientos para estas afecciones:<\/span><\/p>\n<ul>\n<li><a href=\"https:\/\/themorrisonclinic.com\/es\/condiciones\/neuralgia-trigeminal\">Neuralgia trigeminal<\/a><\/li>\n<li><a href=\"https:\/\/themorrisonclinic.com\/es\/servicios-para-el-cuidado-del-dolor-de-espalda\">Dolor de espalda<\/a><\/li>\n<li>Ci\u00e1tica<\/li>\n<li><a href=\"https:\/\/themorrisonclinic.com\/es\/condiciones\/discos-herniados\">Hernia discal<\/a><\/li>\n<li>Movilidad\/degeneraci\u00f3n de la columna<\/li>\n<li>Escoliosis<\/li>\n<li>Estenosis espinal<\/li>\n<li>aneurismas cerebrales<\/li>\n<li>trazos<\/li>\n<li>f\u00edstulas<\/li>\n<li>hematomas<\/li>\n<li>tumores<\/li>\n<\/ul>\n<p>[\/vc_column_text][\/vc_column_inner][\/vc_row_inner][vc_row_inner][vc_column_inner][vc_column_text el_class=&#8221;treatment-h3&#8243; css=&#8221;.vc_custom_1644265937236{margin-bottom: 2rem !important;}&#8221;]<\/p>\n<h3 style=\"padding-top: 5px\">Neurocirug\u00eda de conserjer\u00eda con un impacto que cambia la vida<\/h3>\n<p>[\/vc_column_text][vc_column_text el_class=&#8221;treatment-text&#8221;]<span style=\"font-weight: 400\">Nuestros pacientes a menudo llegan a nuestra cl\u00ednica despu\u00e9s de pasar meses o incluso a\u00f1os tratando de encontrar el diagn\u00f3stico o tratamiento adecuado. Usando nuestra experiencia especializada, ayudamos a los pacientes a encontrar resoluciones que finalmente conducen a resultados positivos.<\/span><\/p>\n<p><span style=\"font-weight: 400\">Estas son algunas de las perspectivas de nuestros pacientes sobre c\u00f3mo la atenci\u00f3n de The Morrison Clinic ha cambiado sus vidas:<\/span>[\/vc_column_text]<div class=\"radiantthemes-blockquote element-one    vc_custom_1643898088815\" ><blockquote ><i class=\"fa fa-quote-left\" ><\/i>INSERT MOST APPLICABLE QUOTE HERE<cite>INSERT PATIENT NAME HERE<\/cite><\/blockquote><\/div>[\/vc_column_inner][\/vc_row_inner][vc_row_inner css=&#8221;.vc_custom_1643849305354{margin-top: 1rem !important;margin-bottom: 1rem !important;background-color: #305893 !important;}&#8221; el_class=&#8221;treatment-dark-row&#8221;][vc_column_inner css=&#8221;.vc_custom_1643849458426{padding-top: 20px !important;padding-bottom: 20px !important;}&#8221;][vc_column_text el_class=&#8221;treatment-h3&#8243; css=&#8221;.vc_custom_1643898862652{margin-top: 2rem !important;margin-bottom: 2rem !important;}&#8221;]<\/p>\n<h3>Su soluci\u00f3n para una atenci\u00f3n neuroquir\u00fargica mejorada<\/h3>\n<p>[\/vc_column_text][vc_column_text el_class=&#8221;treatment-text&#8221; css=&#8221;.vc_custom_1643898852000{margin-bottom: 5px !important;}&#8221;]<span style=\"font-weight: 400\">Si ha estado luchando con uno de los problemas de salud descritos anteriormente, comun\u00edquese con nosotros. Lo invitamos a programar una consulta electr\u00f3nica con el Dr. Morrison hoy y ver por qu\u00e9 The Morrison Clinic\u2122 se ha ganado una reputaci\u00f3n mundial por ofrecer opciones neuroquir\u00fargicas excepcionales, incluidos nuestros nuevos servicios de conserjer\u00eda. <\/span><\/p>\n<p><span style=\"font-weight: 400\">Elimine la preocupaci\u00f3n de encontrar la atenci\u00f3n que necesita y conc\u00e9ntrese en recuperarse. Morrison Clinic\u2122 est\u00e1 aqu\u00ed para usted en cada paso del camino. Comience su experiencia de Concierge Neurosurgery ahora. <\/span>[\/vc_column_text][\/vc_column_inner][\/vc_row_inner][\/vc_column][vc_column width=&#8221;1\/3&#8243;][vc_wp_custommenu title=&#8221;Tratos&#8221; nav_menu=&#8221;47&#8243; el_class=&#8221;treatment-link-menu&#8221; el_id=&#8221;treatment-link-menu&#8221;][vc_empty_space height=&#8221;20px&#8221;][vc_row_inner css=&#8221;.vc_custom_1634696085185{margin-top: 1rem !important;margin-right: 1rem !important;margin-bottom: 1rem !important;margin-left: 1rem !important;padding-top: 2rem !important;padding-right: 2rem !important;padding-bottom: 2rem !important;padding-left: 2rem !important;background-color: #305893 !important;}&#8221;][vc_column_inner css=&#8221;.vc_custom_1634696442660{padding-top: 0px !important;}&#8221;][vc_icon icon_fontawesome=&#8221;fa fa-comments-o&#8221; color=&#8221;white&#8221; size=&#8221;xl&#8221; align=&#8221;center&#8221; css=&#8221;.vc_custom_1643900688464{margin-bottom: .5rem !important;}&#8221;][vc_column_text css=&#8221;.vc_custom_1643900707440{margin-bottom: 0px !important;padding-top: 15px !important;padding-bottom: 15px !important;}&#8221;]<\/p>\n<h4 style=\"color: #ffffff;text-align: center\">\u00bfEst\u00e1 interesado en los servicios de conserjer\u00eda?<\/h4>\n<p>[\/vc_column_text]\r<!-- radiantthemes-custom-button -->\r<div class=\"radiantthemes-custom-button hover-style-two rt1481532266  \"  data-button-direction=\"center\" data-button-fullwidth=\"true\" ><a style=\" color: #305893; font-size: 22px;\" class=\"radiantthemes-custom-button-main  vc_custom_1643900671471\" href=\"#contact\"  title=\"\" target=\"_self\"><div class=\"overlay\"><\/div><div class=\"placeholder\">Inquire now<\/div><\/a><\/div>\r<!-- radiantthemes-custom-button -->\r[\/vc_column_inner][\/vc_row_inner][vc_raw_html]PHN0eWxlPi53cmFwZXJfaW5uZXJfYmFubmVyIHsKICAgIGJhY2tncm91bmQtaW1hZ2U6IHVybCgnaHR0cHM6Ly9odHRwc3RoZW1vcnN0Zy53cGVuZ2luZXBvd2VyZWQuY29tL3dwLWNvbnRlbnQvdXBsb2Fkcy8yMDIyLzAyL1dlYnNpdGVfSGVhZGVyX0NvbmNpZXJnZS12Ny5wbmcnKSAhaW1wb3J0YW50Owp9Ci50cmVhdG1lbnQtZGFyay1yb3d7CiAgICBjb2xvcjojZmZmZmZmICFpbXBvcnRhbnQ7Cn0KLnRyZWF0bWVudC10ZXh0IHB7CiAgICBtYXJnaW4tdG9wOjI1cHg7Cn0KCiN0cmVhdG1lbnQtbGluay1tZW51IGgye2ZvbnQtc2l6ZToyNHB4ICFpbXBvcnRhbnQ7IHBhZGRpbmctdG9wOjE1cHggIWltcG9ydGFudDt9CiN0cmVhdG1lbnQtbGluay1tZW51IC5tZW51LXNwaW5hbC1wcm9jZWR1cmVzLWNvbnRhaW5lciwgI3RyZWF0bWVudC1saW5rLW1lbnUgLm1lbnUtc3BpbmFsLXByb2NlZHVyZXMtc3BhbmlzaC1jb250YWluZXJ7CiAgICBtYXJnaW4tdG9wOiAycmVtOwogICAgcGFkZGluZzogMi41cmVtOwogICAgYm9yZGVyOiAzcHggc29saWQgI0QwRTFFQzsKfQoud2hpdGUtdGV4dCwgLnRyZWF0bWVudC1kYXJrLXJvdyBoMywgdHJlYXRtZW50LWRhcmstcm93IGNpdGV7IGNvbG9yOiNmZmZmZmYgIWltcG9ydGFudDsgfQo8L3N0eWxlPg==[\/vc_raw_html][\/vc_column][\/vc_row][vc_row][vc_column][vc_empty_space height=&#8221;50px&#8221;][\/vc_column][\/vc_row][vc_row el_id=&#8221;contact&#8221;][vc_column width=&#8221;1\/6&#8243; el_id=&#8221;treatment-contact-form&#8221;][\/vc_column][vc_column width=&#8221;2\/3&#8243;][vc_column_text el_class=&#8221;treatment-h2&#8243; css=&#8221;.vc_custom_1644265952119{margin-bottom: 0px !important;padding-bottom: 1rem !important;}&#8221;]<\/p>\n<h2 style=\"text-align: center\">Pregunte acerca de nuestros servicios de neurocirug\u00eda de conserjer\u00eda<\/h2>\n<p>[\/vc_column_text][rt_cf7_style padding_right=&#8221;10px&#8221; padding_left=&#8221;10px&#8221; radiant_border_style=&#8221;solid&#8221; radiant_border_color=&#8221;#e6e5e5&#8243; radiant_border_top=&#8221;1px&#8221; radiant_border_right=&#8221;1px&#8221; radiant_border_bottom=&#8221;1px&#8221; radiant_border_left=&#8221;1px&#8221; radiant_focus_style=&#8221;solid&#8221; radiant_focus_top=&#8221;1px&#8221; radiant_focus_right=&#8221;1px&#8221; radiant_focus_bottom=&#8221;1px&#8221; radiant_focus_left=&#8221;1px&#8221;][contact-form-7 id=&#8221;11181&#8243;][\/rt_cf7_style][\/vc_column][vc_column width=&#8221;1\/6&#8243;][\/vc_column][\/vc_row][vc_row][vc_column][vc_empty_space height=&#8221;100px&#8221;][\/vc_column][\/vc_row]<\/p>\n","protected":false},"excerpt":{"rendered":"<p>[vc_row css=&#8221;.vc_custom_1634399600751{margin-top: 0px !important;padding-top: 4rem !important;}&#8221;][vc_column width=&#8221;2\/3&#8243;][vc_row_inner][vc_column_inner][vc_empty_space height=&#8221;15px&#8221;][vc_column_text el_class=&#8221;treatment-h3&#8243; css=&#8221;.vc_custom_1643898597845{margin-bottom: 2rem !important;}&#8221;] Presentamos los nuevos servicios de neurocirug\u00eda de conserjer\u00eda [\/vc_column_text][vc_column_text el_class=&#8221;treatment-text&#8221;]En The Morrison Clinic\u2122, entendemos que las necesidades de atenci\u00f3n m\u00e9dica de cada paciente, desde el acceso a nuestros cirujanos hasta el alojamiento y la atenci\u00f3n posterior, son \u00fanicas. Es por eso que nuestro equipo est\u00e1 compuesto por expertos<\/p>\n","protected":false},"author":2,"featured_media":11512,"parent":0,"menu_order":6,"comment_status":"closed","ping_status":"closed","template":"","meta":{"_acf_changed":false,"footnotes":""},"class_list":["post-11228","page","type-page","status-publish","has-post-thumbnail","hentry"],"acf":[],"yoast_head":"<!-- This site is optimized with the Yoast SEO plugin v27.3 - https:\/\/yoast.com\/product\/yoast-seo-wordpress\/ -->\n<title>Servicios de neurocirug\u00eda de conserjer\u00eda | Mejor neurocirujano de Florida<\/title>\n<meta name=\"description\" content=\"Te mereces una atenci\u00f3n neuroquir\u00fargica extraordinaria. Nuestro nuevo servicio de neurocirug\u00eda de conserjer\u00eda est\u00e1 aqu\u00ed para garantizar que lo reciba en The Morrison Clinc.\" \/>\n<meta name=\"robots\" content=\"index, follow, max-snippet:-1, max-image-preview:large, max-video-preview:-1\" \/>\n<link rel=\"canonical\" href=\"https:\/\/themorrisonclinic.com\/es\/servicios-de-neurocirugia-de-conserjeria\" \/>\n<meta property=\"og:locale\" content=\"es_ES\" \/>\n<meta property=\"og:type\" content=\"article\" \/>\n<meta property=\"og:title\" content=\"Servicios de neurocirug\u00eda de conserjer\u00eda | Mejor neurocirujano de Florida\" \/>\n<meta property=\"og:description\" content=\"Te mereces una atenci\u00f3n neuroquir\u00fargica extraordinaria. Nuestro nuevo servicio de neurocirug\u00eda de conserjer\u00eda est\u00e1 aqu\u00ed para garantizar que lo reciba en The Morrison Clinc.\" \/>\n<meta property=\"og:url\" content=\"https:\/\/themorrisonclinic.com\/es\/servicios-de-neurocirugia-de-conserjeria\" \/>\n<meta property=\"og:site_name\" content=\"The Morrison Clinic\" \/>\n<meta property=\"article:modified_time\" content=\"2022-02-08T17:04:30+00:00\" \/>\n<meta name=\"twitter:card\" content=\"summary_large_image\" \/>\n<meta name=\"twitter:label1\" content=\"Tiempo de lectura\" \/>\n\t<meta name=\"twitter:data1\" content=\"7 minutos\" \/>\n<!-- \/ Yoast SEO plugin. -->","yoast_head_json":{"title":"Servicios de neurocirug\u00eda de conserjer\u00eda | Mejor neurocirujano de Florida","description":"Te mereces una atenci\u00f3n neuroquir\u00fargica extraordinaria. Nuestro nuevo servicio de neurocirug\u00eda de conserjer\u00eda est\u00e1 aqu\u00ed para garantizar que lo reciba en The Morrison Clinc.","robots":{"index":"index","follow":"follow","max-snippet":"max-snippet:-1","max-image-preview":"max-image-preview:large","max-video-preview":"max-video-preview:-1"},"canonical":"https:\/\/themorrisonclinic.com\/es\/servicios-de-neurocirugia-de-conserjeria","og_locale":"es_ES","og_type":"article","og_title":"Servicios de neurocirug\u00eda de conserjer\u00eda | Mejor neurocirujano de Florida","og_description":"Te mereces una atenci\u00f3n neuroquir\u00fargica extraordinaria. Nuestro nuevo servicio de neurocirug\u00eda de conserjer\u00eda est\u00e1 aqu\u00ed para garantizar que lo reciba en The Morrison Clinc.","og_url":"https:\/\/themorrisonclinic.com\/es\/servicios-de-neurocirugia-de-conserjeria","og_site_name":"The Morrison Clinic","article_modified_time":"2022-02-08T17:04:30+00:00","twitter_card":"summary_large_image","twitter_misc":{"Tiempo de lectura":"7 minutos"},"schema":{"@context":"https:\/\/schema.org","@graph":[{"@type":"WebPage","@id":"https:\/\/themorrisonclinic.com\/es\/servicios-de-neurocirugia-de-conserjeria","url":"https:\/\/themorrisonclinic.com\/es\/servicios-de-neurocirugia-de-conserjeria","name":"Servicios de neurocirug\u00eda de conserjer\u00eda | Mejor neurocirujano de Florida","isPartOf":{"@id":"https:\/\/themorrisonclinic.com\/es#website"},"primaryImageOfPage":{"@id":"https:\/\/themorrisonclinic.com\/es\/servicios-de-neurocirugia-de-conserjeria#primaryimage"},"image":{"@id":"https:\/\/themorrisonclinic.com\/es\/servicios-de-neurocirugia-de-conserjeria#primaryimage"},"thumbnailUrl":"https:\/\/themorrisonclinic.com\/wp-content\/uploads\/2022\/03\/concierge-featured-image.jpg","datePublished":"2022-02-08T17:04:28+00:00","dateModified":"2022-02-08T17:04:30+00:00","description":"Te mereces una atenci\u00f3n neuroquir\u00fargica extraordinaria. Nuestro nuevo servicio de neurocirug\u00eda de conserjer\u00eda est\u00e1 aqu\u00ed para garantizar que lo reciba en The Morrison Clinc.","breadcrumb":{"@id":"https:\/\/themorrisonclinic.com\/es\/servicios-de-neurocirugia-de-conserjeria#breadcrumb"},"inLanguage":"es","potentialAction":[{"@type":"ReadAction","target":["https:\/\/themorrisonclinic.com\/es\/servicios-de-neurocirugia-de-conserjeria"]}]},{"@type":"ImageObject","inLanguage":"es","@id":"https:\/\/themorrisonclinic.com\/es\/servicios-de-neurocirugia-de-conserjeria#primaryimage","url":"https:\/\/themorrisonclinic.com\/wp-content\/uploads\/2022\/03\/concierge-featured-image.jpg","contentUrl":"https:\/\/themorrisonclinic.com\/wp-content\/uploads\/2022\/03\/concierge-featured-image.jpg","width":1024,"height":576,"caption":"Concierge | Neurosurgeon Near Me"},{"@type":"BreadcrumbList","@id":"https:\/\/themorrisonclinic.com\/es\/servicios-de-neurocirugia-de-conserjeria#breadcrumb","itemListElement":[{"@type":"ListItem","position":1,"name":"Home","item":"https:\/\/themorrisonclinic.com\/es"},{"@type":"ListItem","position":2,"name":"Servicios de neurocirug\u00eda de conserjer\u00eda"}]},{"@type":"WebSite","@id":"https:\/\/themorrisonclinic.com\/es#website","url":"https:\/\/themorrisonclinic.com\/es","name":"The Morrison Clinic","description":"South Florida Neurosurgeon","publisher":{"@id":"https:\/\/themorrisonclinic.com\/es#organization"},"potentialAction":[{"@type":"SearchAction","target":{"@type":"EntryPoint","urlTemplate":"https:\/\/themorrisonclinic.com\/es?s={search_term_string}"},"query-input":{"@type":"PropertyValueSpecification","valueRequired":true,"valueName":"search_term_string"}}],"inLanguage":"es"},{"@type":"Organization","@id":"https:\/\/themorrisonclinic.com\/es#organization","name":"Morrison Clinic","url":"https:\/\/themorrisonclinic.com\/es","logo":{"@type":"ImageObject","inLanguage":"es","@id":"https:\/\/themorrisonclinic.com\/es#\/schema\/logo\/image\/","url":"https:\/\/themorrisonclinic.com\/wp-content\/uploads\/2020\/06\/logotransparent.png","contentUrl":"https:\/\/themorrisonclinic.com\/wp-content\/uploads\/2020\/06\/logotransparent.png","width":2734,"height":1250,"caption":"Morrison Clinic"},"image":{"@id":"https:\/\/themorrisonclinic.com\/es#\/schema\/logo\/image\/"}}]}},"_links":{"self":[{"href":"https:\/\/themorrisonclinic.com\/es\/wp-json\/wp\/v2\/pages\/11228","targetHints":{"allow":["GET"]}}],"collection":[{"href":"https:\/\/themorrisonclinic.com\/es\/wp-json\/wp\/v2\/pages"}],"about":[{"href":"https:\/\/themorrisonclinic.com\/es\/wp-json\/wp\/v2\/types\/page"}],"author":[{"embeddable":true,"href":"https:\/\/themorrisonclinic.com\/es\/wp-json\/wp\/v2\/users\/2"}],"replies":[{"embeddable":true,"href":"https:\/\/themorrisonclinic.com\/es\/wp-json\/wp\/v2\/comments?post=11228"}],"version-history":[{"count":0,"href":"https:\/\/themorrisonclinic.com\/es\/wp-json\/wp\/v2\/pages\/11228\/revisions"}],"wp:featuredmedia":[{"embeddable":true,"href":"https:\/\/themorrisonclinic.com\/es\/wp-json\/wp\/v2\/media\/11512"}],"wp:attachment":[{"href":"https:\/\/themorrisonclinic.com\/es\/wp-json\/wp\/v2\/media?parent=11228"}],"curies":[{"name":"wp","href":"https:\/\/api.w.org\/{rel}","templated":true}]}}