{"id":10941,"date":"2022-01-11T01:41:06","date_gmt":"2022-01-11T01:41:06","guid":{"rendered":"https:\/\/themorrisonclinic.com\/condiciones\/hidrocefalia-de-presion-normal"},"modified":"2022-05-04T12:08:34","modified_gmt":"2022-05-04T12:08:34","slug":"hidrocefalia-de-presion-normal","status":"publish","type":"page","link":"https:\/\/themorrisonclinic.com\/es\/condiciones\/hidrocefalia-de-presion-normal","title":{"rendered":"Hidrocefalia de presi\u00f3n normal"},"content":{"rendered":"<p>[vc_row css=&#8221;.vc_custom_1634399474019{margin-top: 0px !important;padding-top: 4rem !important;}&#8221;][vc_column width=&#8221;2\/3&#8243;][vc_row_inner][vc_column_inner][vc_column_text el_class=&#8221;treatment-h2&#8243; css=&#8221;.vc_custom_1641253486759{margin-bottom: 2rem !important;}&#8221;]<\/p>\n<h2>\u00bfQu\u00e9 es la hidrocefalia de presi\u00f3n normal?<\/h2>\n<p>[\/vc_column_text][vc_column_text]<strong>La hidrocefalia de presi\u00f3n normal<\/strong> es un trastorno cerebral en el que se acumula un exceso de l\u00edquido cefalorraqu\u00eddeo en los ventr\u00edculos del cerebro, que son c\u00e1maras llenas de l\u00edquido. A medida que los <a href=\"https:\/\/emedicine.medscape.com\/article\/1923254-overview#:~:text=The%20ventricles%20of%20the%20brain,located%20within%20the%20brain%20parenchyma.&amp;text=The%20choroid%20plexuses%20are%20located,of%20constant%20production%20and%20reabsorption.\">ventr\u00edculos cerebrales se<\/a> agrandan con el exceso de l\u00edquido, pueden alterar y da\u00f1ar el tejido cerebral cercano, lo que provoca dificultad para caminar, problemas para pensar y razonar y p\u00e9rdida del control de la vejiga.[\/vc_column_text][vc_btn title=&#8221;Programe su e-consulta de hidrocefalia de presi\u00f3n normal&#8221; style=&#8221;flat&#8221; color=&#8221;blue&#8221; size=&#8221;lg&#8221; link=&#8221;url:%23contact|&#8221; css=&#8221;.vc_custom_1640299900460{margin-top: 2rem !important;}&#8221; el_class=&#8221;mc-blue-button&#8221; el_id=&#8221;bt-econsult-btn&#8221;][\/vc_column_inner][\/vc_row_inner][vc_row_inner css=&#8221;.vc_custom_1634697511240{padding-top: 2.5rem !important;padding-right: 1rem !important;padding-bottom: 1.5rem !important;padding-left: 1rem !important;background-color: #ecf1f6 !important;}&#8221;][vc_column_inner][vc_column_text el_class=&#8221;treatment-h3&#8243; css=&#8221;.vc_custom_1641254020709{margin-top: 0px !important;margin-bottom: 0px !important;padding-bottom: 1rem !important;}&#8221;]<\/p>\n<h3>S\u00edntomas de hidrocefalia de presi\u00f3n normal<\/h3>\n<p>[\/vc_column_text][vc_column_text el_class=&#8221;treatment-text&#8221;]Los siguientes se consideran s\u00edntomas comunes de la hidrocefalia normotensiva:<\/p>\n<ul>\n<li aria-level=\"1\">Dificultad para caminar que a veces se compara con la forma en que una persona camina &#8220;en un bote&#8221;, con el cuerpo inclinado hacia adelante, las piernas bien separadas y los pies movi\u00e9ndose como si estuvieran &#8220;pegados a la cubierta&#8221;.<\/li>\n<li aria-level=\"1\">Demencia leve que implica p\u00e9rdida de inter\u00e9s en las actividades diarias, olvidos, dificultad para completar tareas rutinarias y p\u00e9rdida de memoria a corto plazo.<\/li>\n<li aria-level=\"1\">Disminuci\u00f3n de las habilidades de pensamiento que incluye la desaceleraci\u00f3n general de los procesos de pensamiento, apat\u00eda, planificaci\u00f3n y toma de decisiones deficientes, concentraci\u00f3n reducida y cambios en la personalidad y el comportamiento.<\/li>\n<li aria-level=\"1\">P\u00e9rdida del control de la vejiga, que tiende a aparecer algo m\u00e1s tarde en la enfermedad que la dificultad para caminar y el deterioro cognitivo.<\/li>\n<\/ul>\n<div class=\"wpb_text_column wpb_content_element treatment-text\">\n<div class=\"wpb_wrapper\">\n<div class=\"vc_row wpb_row vc_inner vc_row-fluid vc_custom_1634697511240 vc_row-has-fill\">\n<div class=\"wpb_column vc_column_container vc_col-sm-12\">\n<div class=\"vc_column-inner\">\n<div class=\"wpb_wrapper\">\n<div class=\"wpb_text_column wpb_content_element treatment-text\">\n<div class=\"wpb_wrapper\">\n<p>Estos s\u00edntomas pueden variar en su gravedad. Obtenga m\u00e1s informaci\u00f3n sobre sus s\u00edntomas espec\u00edficos de presi\u00f3n normal y c\u00f3mo se pueden tratar en The Morrison Clinic\u2122. <a href=\"#contact\">Programe una consulta electr\u00f3nica<\/a> aqu\u00ed.<\/p>\n<\/div>\n<\/div>\n<\/div>\n<\/div>\n<\/div>\n<\/div>\n<\/div>\n<\/div>\n<p>[\/vc_column_text][\/vc_column_inner][\/vc_row_inner][vc_row_inner css=&#8221;.vc_custom_1635201353214{margin-top: 1rem !important;margin-right: 1rem !important;margin-bottom: 1rem !important;margin-left: 1rem !important;padding-top: 2rem !important;padding-right: 2rem !important;padding-bottom: 2rem !important;padding-left: 2rem !important;background-color: #305893 !important;}&#8221; el_class=&#8221;block-hidden-desktop&#8221;][vc_column_inner css=&#8221;.vc_custom_1634696442660{padding-top: 0px !important;}&#8221;][vc_icon icon_fontawesome=&#8221;fa fa-comments-o&#8221; color=&#8221;white&#8221; size=&#8221;xl&#8221; align=&#8221;center&#8221; css=&#8221;.vc_custom_1634696031215{margin-bottom: .5rem !important;}&#8221;][vc_column_text css=&#8221;.vc_custom_1634696393911{margin-bottom: 0px !important;padding-top: 15px !important;padding-bottom: 15px !important;}&#8221;]<\/p>\n<h4 style=\"color: #ffffff; text-align: center;\">\u00bfNecesita una opini\u00f3n de un experto?<\/h4>\n<p>[\/vc_column_text]\r<!-- radiantthemes-custom-button -->\r<div class=\"radiantthemes-custom-button hover-style-two rt4195514933  \"  data-button-direction=\"center\" data-button-fullwidth=\"true\" ><a style=\" color: #305893; font-size: 22px;\" class=\"radiantthemes-custom-button-main  vc_custom_1634696257351\" href=\"#contact\"  title=\"\" target=\"_self\"><div class=\"overlay\"><\/div><div class=\"placeholder\">Schedule an e-consult<\/div><\/a><\/div>\r<!-- radiantthemes-custom-button -->\r\r<!-- radiantthemes-custom-button -->\r<div class=\"radiantthemes-custom-button hover-style-two rt2486871401  \"  data-button-direction=\"center\" data-button-fullwidth=\"true\"  data-button-icon-position=\"right\"><a style=\" color: #305893; font-size: 22px;\" class=\"radiantthemes-custom-button-main  vc_custom_1635201367604\" href=\"tel:15612848455\"  title=\"\" target=\"_blank\"><div class=\"overlay\"><\/div><div class=\"placeholder\">Contact Us<i class=\"fa fa-phone\"><\/i><\/div><\/a><\/div>\r<!-- radiantthemes-custom-button -->\r[\/vc_column_inner][\/vc_row_inner][vc_row_inner][vc_column_inner][vc_empty_space height=&#8221;15px&#8221;][vc_column_text el_class=&#8221;treatment-h2&#8243; css=&#8221;.vc_custom_1640300055048{margin-bottom: 2rem !important;}&#8221;]<\/p>\n<h2>Maneras de evitar la cirug\u00eda de hidrocefalia de presi\u00f3n normal<\/h2>\n<p>[\/vc_column_text][vc_column_text]<\/p>\n<p>Si bien existen pocas opciones no quir\u00fargicas efectivas, <strong>los tratamientos normales de hidrocefalia por presi\u00f3n<\/strong> consisten en aliviar los problemas del estado de \u00e1nimo y del comportamiento, hacer frente a problemas f\u00edsicos como la incontinencia y las dificultades para caminar, y maximizar el funcionamiento f\u00edsico, mental y social.<\/p>\n<p>&nbsp;<\/p>\n<p>[\/vc_column_text][\/vc_column_inner][\/vc_row_inner][vc_row_inner][vc_column_inner][vc_column_text el_class=&#8221;treatment-h2&#8243; css=&#8221;.vc_custom_1640300064456{margin-bottom: 2rem !important;}&#8221;]<\/p>\n<h2>Tratamientos de hidrocefalia de presi\u00f3n normal<\/h2>\n<p>[\/vc_column_text][vc_column_text el_class=&#8221;treatment-text&#8221;]Aunque no existe una cura para la NPH, los s\u00edntomas se pueden controlar mediante cirug\u00eda. La cirug\u00eda consiste en insertar un sistema de drenaje llamado derivaci\u00f3n. Un extremo de la derivaci\u00f3n, que es un tubo de pl\u00e1stico largo, resistente y flexible, se coloca en uno de los ventr\u00edculos del cerebro. El otro extremo se hace pasar por debajo de la piel a otra zona del cuerpo, generalmente la parte inferior del abdomen.<\/p>\n<p>La derivaci\u00f3n permite que el exceso de l\u00edquido cefalorraqu\u00eddeo drene del cerebro y sea absorbido nuevamente por el cuerpo. Una v\u00e1lvula en la derivaci\u00f3n mantiene el fluido fluyendo en la direcci\u00f3n correcta a un ritmo m\u00e1s deseable y permanece en el cuerpo del paciente por el resto de su vida.<\/p>\n<p><a href=\"#contact\">Programe una consulta electr\u00f3nica<\/a> con el Dr. Morrison para analizar sus opciones de tratamiento de NPH hoy.[\/vc_column_text][\/vc_column_inner][\/vc_row_inner][vc_row_inner][vc_column_inner][vc_empty_space height=&#8221;15px&#8221;][vc_column_text el_class=&#8221;treatment-h2&#8243; css=&#8221;.vc_custom_1640300156974{margin-bottom: 2rem !important;}&#8221;]<\/p>\n<h2>Pron\u00f3stico de hidrocefalia de presi\u00f3n normal<\/h2>\n<p>[\/vc_column_text][vc_column_text el_class=&#8221;treatment-text&#8221;]<\/p>\n<p>No existe una cura para la NPH, aunque el diagn\u00f3stico temprano suele ser un indicador de un tratamiento exitoso de la NPH. Incluso los pacientes que han tenido s\u00edntomas durante a\u00f1os probablemente mejoren.<\/p>\n<p>En nuestra experiencia, la gran mayor\u00eda de los pacientes correctamente diagnosticados con NPH y que demuestran una respuesta probable a la derivaci\u00f3n experimentar\u00e1n una r\u00e1pida mejor\u00eda. Sin embargo, en ciertos casos, puede tomar meses ver los beneficios completos del procedimiento.<\/p>\n<p>Adem\u00e1s, la fisioterapia es esencial para abordar positivamente las deficiencias de la marcha y el equilibrio. Tambi\u00e9n ayuda con el regreso a una marcha segura e independiente, y un funcionamiento personal y social independiente.<\/p>\n<p>&nbsp;<\/p>\n<p>[\/vc_column_text][\/vc_column_inner][\/vc_row_inner][\/vc_column][vc_column width=&#8221;1\/3&#8243;][vc_wp_custommenu title=&#8221;Trastornos&#8221; nav_menu=&#8221;46&#8243; el_class=&#8221;treatment-link-menu&#8221; el_id=&#8221;treatment-link-menu&#8221;][vc_empty_space height=&#8221;15px&#8221;][vc_row_inner css=&#8221;.vc_custom_1635201297538{margin-top: 1rem !important;margin-right: 1rem !important;margin-bottom: 1rem !important;margin-left: 1rem !important;padding-top: 2rem !important;padding-right: 2rem !important;padding-bottom: 2rem !important;padding-left: 2rem !important;background-color: #305893 !important;}&#8221; el_class=&#8221;block-hidden-mobile&#8221;][vc_column_inner css=&#8221;.vc_custom_1634696442660{padding-top: 0px !important;}&#8221;][vc_icon icon_fontawesome=&#8221;fa fa-comments-o&#8221; color=&#8221;white&#8221; size=&#8221;xl&#8221; align=&#8221;center&#8221; css=&#8221;.vc_custom_1634696031215{margin-bottom: .5rem !important;}&#8221;][vc_column_text css=&#8221;.vc_custom_1634696393911{margin-bottom: 0px !important;padding-top: 15px !important;padding-bottom: 15px !important;}&#8221;]<\/p>\n<h4 style=\"color: #ffffff; text-align: center;\">\u00bfNecesita una opini\u00f3n de un experto?<\/h4>\n<p>[\/vc_column_text]\r<!-- radiantthemes-custom-button -->\r<div class=\"radiantthemes-custom-button hover-style-two rt2752705286  \" id=\"econsult-btn\" data-button-direction=\"center\" data-button-fullwidth=\"true\" ><a style=\" color: #305893; font-size: 22px;\" class=\"radiantthemes-custom-button-main  vc_custom_1639338964839\" href=\"#contact\"  title=\"\" target=\"_self\"><div class=\"overlay\"><\/div><div class=\"placeholder\">Schedule an e-consult<\/div><\/a><\/div>\r<!-- radiantthemes-custom-button -->\r[\/vc_column_inner][\/vc_row_inner][vc_row_inner css=&#8221;.vc_custom_1635201297538{margin-top: 1rem !important;margin-right: 1rem !important;margin-bottom: 1rem !important;margin-left: 1rem !important;padding-top: 2rem !important;padding-right: 2rem !important;padding-bottom: 2rem !important;padding-left: 2rem !important;background-color: #305893 !important;}&#8221; el_class=&#8221;block-hidden-mobile&#8221;][vc_column_inner css=&#8221;.vc_custom_1634696442660{padding-top: 0px !important;}&#8221;][vc_icon icon_fontawesome=&#8221;fa fa-cloud-upload&#8221; color=&#8221;white&#8221; size=&#8221;xl&#8221; align=&#8221;center&#8221; css=&#8221;.vc_custom_1639245609676{margin-bottom: .5rem !important;}&#8221; link=&#8221;url:https%3A%2F%2Fuploader.purview.net%2Fvivaone%2Fuploader.php%3Fv%3D20211211|||&#8221;][vc_column_text css=&#8221;.vc_custom_1639245641880{margin-bottom: 0px !important;padding-top: 15px !important;padding-bottom: 15px !important;}&#8221;]<\/p>\n<h4 style=\"color: #ffffff; text-align: center;\">Reciba un diagn\u00f3stico<\/h4>\n<p>[\/vc_column_text]\r<!-- radiantthemes-custom-button -->\r<div class=\"radiantthemes-custom-button hover-style-two rt2320600741  \" id=\"image-upload-btn\" data-button-direction=\"center\" data-button-fullwidth=\"true\" ><a style=\" color: #305893; font-size: 22px;\" class=\"radiantthemes-custom-button-main  vc_custom_1639338954072\" href=\"https:\/\/uploader.purview.net\/vivaone\/uploader.php?v=20211211\"  title=\"\" target=\"_self\"><div class=\"overlay\"><\/div><div class=\"placeholder\">Upload your imaging<\/div><\/a><\/div>\r<!-- radiantthemes-custom-button -->\r[\/vc_column_inner][\/vc_row_inner][\/vc_column][\/vc_row][vc_row][vc_column][vc_empty_space height=&#8221;50px&#8221;]<div class=\"radiantthemes-blockquote element-one   \" ><blockquote ><i class=\"fa fa-quote-left\" ><\/i>Immediately following surgery, I was standing and walking pain free. I am enjoying my life again and have Dr. Morrison to thank!<cite><\/cite><\/blockquote><\/div>[vc_empty_space height=&#8221;50px&#8221;][\/vc_column][\/vc_row][vc_row el_id=&#8221;contact&#8221;][vc_column width=&#8221;1\/6&#8243; el_id=&#8221;treatment-contact-form&#8221;][\/vc_column][vc_column width=&#8221;2\/3&#8243;][vc_column_text el_class=&#8221;treatment-h2&#8243; css=&#8221;.vc_custom_1640300172936{margin-bottom: 0px !important;padding-bottom: 1rem !important;}&#8221;]<\/p>\n<h2 style=\"text-align: center;\">Programe su consulta electr\u00f3nica de NPH<\/h2>\n<p>[\/vc_column_text][vc_column_text css=&#8221;.vc_custom_1641254006929{margin-bottom: 3rem !important;}&#8221;]<\/p>\n<div class=\"wpb_text_column wpb_content_element vc_custom_1634330975853\">\n<div class=\"wpb_wrapper\">\n<p style=\"text-align: center;\"><span style=\"font-weight: 400;\">Lo educaremos sobre sus s\u00edntomas espec\u00edficos de hidrocefalia de presi\u00f3n normal y desarrollaremos un plan para su mejor calidad de vida.<\/span><\/p>\n<\/div>\n<\/div>\n<div class=\"radiant-contact-form rt4bf463d14beb956 element-one \">\n<div id=\"wpcf7-f9393-p9363-o1\" class=\"wpcf7\" dir=\"ltr\" lang=\"en-US\" role=\"form\"><\/div>\n<\/div>\n<p>[\/vc_column_text][rt_cf7_style padding_right=&#8221;10px&#8221; padding_left=&#8221;10px&#8221; radiant_border_style=&#8221;solid&#8221; radiant_border_color=&#8221;#e6e5e5&#8243; radiant_border_top=&#8221;1px&#8221; radiant_border_right=&#8221;1px&#8221; radiant_border_bottom=&#8221;1px&#8221; radiant_border_left=&#8221;1px&#8221; radiant_focus_style=&#8221;solid&#8221; radiant_focus_top=&#8221;1px&#8221; radiant_focus_right=&#8221;1px&#8221; radiant_focus_bottom=&#8221;1px&#8221; radiant_focus_left=&#8221;1px&#8221;][contact-form-7 id=&#8221;9393&#8243;][\/rt_cf7_style][\/vc_column][vc_column width=&#8221;1\/6&#8243;][\/vc_column][\/vc_row][vc_row][vc_column][vc_empty_space height=&#8221;100px&#8221;][\/vc_column][\/vc_row]<\/p>\n","protected":false},"excerpt":{"rendered":"<p>[vc_row css=&#8221;.vc_custom_1634399474019{margin-top: 0px !important;padding-top: 4rem !important;}&#8221;][vc_column width=&#8221;2\/3&#8243;][vc_row_inner][vc_column_inner][vc_column_text el_class=&#8221;treatment-h2&#8243; css=&#8221;.vc_custom_1641253486759{margin-bottom: 2rem !important;}&#8221;] \u00bfQu\u00e9 es la hidrocefalia de presi\u00f3n normal? [\/vc_column_text][vc_column_text]La hidrocefalia de presi\u00f3n normal es un trastorno cerebral en el que se acumula un exceso de l\u00edquido cefalorraqu\u00eddeo en los ventr\u00edculos del cerebro, que son c\u00e1maras llenas de l\u00edquido. A medida que los ventr\u00edculos cerebrales se agrandan con el exceso de<\/p>\n","protected":false},"author":2,"featured_media":0,"parent":10575,"menu_order":0,"comment_status":"closed","ping_status":"closed","template":"","meta":{"_acf_changed":false,"footnotes":""},"class_list":["post-10941","page","type-page","status-publish","hentry","smct_cats-conditions"],"acf":[],"yoast_head":"<!-- This site is optimized with the Yoast SEO plugin v27.3 - https:\/\/yoast.com\/product\/yoast-seo-wordpress\/ -->\n<title>Hidrocefalia de presi\u00f3n normal S\u00edntomas y tratamientos | Neurocirujano<\/title>\n<meta name=\"description\" content=\"\u00bfNecesita hablar con un especialista en hidrocefalia de presi\u00f3n normal? Conozca los s\u00edntomas y tratamientos clave de un neurocirujano de Florida en The Morrison Clinic.\" \/>\n<meta name=\"robots\" content=\"index, follow, max-snippet:-1, max-image-preview:large, max-video-preview:-1\" \/>\n<link rel=\"canonical\" href=\"https:\/\/themorrisonclinic.com\/es\/condiciones\/hidrocefalia-de-presion-normal\" \/>\n<meta property=\"og:locale\" content=\"es_ES\" \/>\n<meta property=\"og:type\" content=\"article\" \/>\n<meta property=\"og:title\" content=\"Hidrocefalia de presi\u00f3n normal S\u00edntomas y tratamientos | Neurocirujano\" \/>\n<meta property=\"og:description\" content=\"\u00bfNecesita hablar con un especialista en hidrocefalia de presi\u00f3n normal? Conozca los s\u00edntomas y tratamientos clave de un neurocirujano de Florida en The Morrison Clinic.\" \/>\n<meta property=\"og:url\" content=\"https:\/\/themorrisonclinic.com\/es\/condiciones\/hidrocefalia-de-presion-normal\" \/>\n<meta property=\"og:site_name\" content=\"The Morrison Clinic\" \/>\n<meta property=\"article:modified_time\" content=\"2022-05-04T12:08:34+00:00\" \/>\n<meta name=\"twitter:card\" content=\"summary_large_image\" \/>\n<meta name=\"twitter:label1\" content=\"Tiempo de lectura\" \/>\n\t<meta name=\"twitter:data1\" content=\"8 minutos\" \/>\n<!-- \/ Yoast SEO plugin. -->","yoast_head_json":{"title":"Hidrocefalia de presi\u00f3n normal S\u00edntomas y tratamientos | Neurocirujano","description":"\u00bfNecesita hablar con un especialista en hidrocefalia de presi\u00f3n normal? Conozca los s\u00edntomas y tratamientos clave de un neurocirujano de Florida en The Morrison Clinic.","robots":{"index":"index","follow":"follow","max-snippet":"max-snippet:-1","max-image-preview":"max-image-preview:large","max-video-preview":"max-video-preview:-1"},"canonical":"https:\/\/themorrisonclinic.com\/es\/condiciones\/hidrocefalia-de-presion-normal","og_locale":"es_ES","og_type":"article","og_title":"Hidrocefalia de presi\u00f3n normal S\u00edntomas y tratamientos | Neurocirujano","og_description":"\u00bfNecesita hablar con un especialista en hidrocefalia de presi\u00f3n normal? Conozca los s\u00edntomas y tratamientos clave de un neurocirujano de Florida en The Morrison Clinic.","og_url":"https:\/\/themorrisonclinic.com\/es\/condiciones\/hidrocefalia-de-presion-normal","og_site_name":"The Morrison Clinic","article_modified_time":"2022-05-04T12:08:34+00:00","twitter_card":"summary_large_image","twitter_misc":{"Tiempo de lectura":"8 minutos"},"schema":{"@context":"https:\/\/schema.org","@graph":[{"@type":"WebPage","@id":"https:\/\/themorrisonclinic.com\/es\/condiciones\/hidrocefalia-de-presion-normal","url":"https:\/\/themorrisonclinic.com\/es\/condiciones\/hidrocefalia-de-presion-normal","name":"Hidrocefalia de presi\u00f3n normal S\u00edntomas y tratamientos | Neurocirujano","isPartOf":{"@id":"https:\/\/themorrisonclinic.com\/es#website"},"datePublished":"2022-01-11T01:41:06+00:00","dateModified":"2022-05-04T12:08:34+00:00","description":"\u00bfNecesita hablar con un especialista en hidrocefalia de presi\u00f3n normal? Conozca los s\u00edntomas y tratamientos clave de un neurocirujano de Florida en The Morrison Clinic.","breadcrumb":{"@id":"https:\/\/themorrisonclinic.com\/es\/condiciones\/hidrocefalia-de-presion-normal#breadcrumb"},"inLanguage":"es","potentialAction":[{"@type":"ReadAction","target":["https:\/\/themorrisonclinic.com\/es\/condiciones\/hidrocefalia-de-presion-normal"]}]},{"@type":"BreadcrumbList","@id":"https:\/\/themorrisonclinic.com\/es\/condiciones\/hidrocefalia-de-presion-normal#breadcrumb","itemListElement":[{"@type":"ListItem","position":1,"name":"Home","item":"https:\/\/themorrisonclinic.com\/es"},{"@type":"ListItem","position":2,"name":"Trastornos","item":"https:\/\/themorrisonclinic.com\/es\/condiciones"},{"@type":"ListItem","position":3,"name":"Hidrocefalia de presi\u00f3n normal"}]},{"@type":"WebSite","@id":"https:\/\/themorrisonclinic.com\/es#website","url":"https:\/\/themorrisonclinic.com\/es","name":"The Morrison Clinic","description":"South Florida Neurosurgeon","publisher":{"@id":"https:\/\/themorrisonclinic.com\/es#organization"},"potentialAction":[{"@type":"SearchAction","target":{"@type":"EntryPoint","urlTemplate":"https:\/\/themorrisonclinic.com\/es?s={search_term_string}"},"query-input":{"@type":"PropertyValueSpecification","valueRequired":true,"valueName":"search_term_string"}}],"inLanguage":"es"},{"@type":"Organization","@id":"https:\/\/themorrisonclinic.com\/es#organization","name":"Morrison Clinic","url":"https:\/\/themorrisonclinic.com\/es","logo":{"@type":"ImageObject","inLanguage":"es","@id":"https:\/\/themorrisonclinic.com\/es#\/schema\/logo\/image\/","url":"https:\/\/themorrisonclinic.com\/wp-content\/uploads\/2020\/06\/logotransparent.png","contentUrl":"https:\/\/themorrisonclinic.com\/wp-content\/uploads\/2020\/06\/logotransparent.png","width":2734,"height":1250,"caption":"Morrison Clinic"},"image":{"@id":"https:\/\/themorrisonclinic.com\/es#\/schema\/logo\/image\/"}}]}},"_links":{"self":[{"href":"https:\/\/themorrisonclinic.com\/es\/wp-json\/wp\/v2\/pages\/10941","targetHints":{"allow":["GET"]}}],"collection":[{"href":"https:\/\/themorrisonclinic.com\/es\/wp-json\/wp\/v2\/pages"}],"about":[{"href":"https:\/\/themorrisonclinic.com\/es\/wp-json\/wp\/v2\/types\/page"}],"author":[{"embeddable":true,"href":"https:\/\/themorrisonclinic.com\/es\/wp-json\/wp\/v2\/users\/2"}],"replies":[{"embeddable":true,"href":"https:\/\/themorrisonclinic.com\/es\/wp-json\/wp\/v2\/comments?post=10941"}],"version-history":[{"count":0,"href":"https:\/\/themorrisonclinic.com\/es\/wp-json\/wp\/v2\/pages\/10941\/revisions"}],"up":[{"embeddable":true,"href":"https:\/\/themorrisonclinic.com\/es\/wp-json\/wp\/v2\/pages\/10575"}],"wp:attachment":[{"href":"https:\/\/themorrisonclinic.com\/es\/wp-json\/wp\/v2\/media?parent=10941"}],"curies":[{"name":"wp","href":"https:\/\/api.w.org\/{rel}","templated":true}]}}