{"id":10934,"date":"2022-01-11T01:40:14","date_gmt":"2022-01-11T01:40:14","guid":{"rendered":"https:\/\/themorrisonclinic.com\/condiciones\/neuroma-acustico"},"modified":"2023-03-23T22:37:55","modified_gmt":"2023-03-23T22:37:55","slug":"neuroma-acustico","status":"publish","type":"page","link":"https:\/\/themorrisonclinic.com\/es\/condiciones\/neuroma-acustico","title":{"rendered":"Neuroma ac\u00fastico"},"content":{"rendered":"<p>[vc_row css=&#8221;.vc_custom_1634399474019{margin-top: 0px !important;padding-top: 4rem !important;}&#8221;][vc_column width=&#8221;2\/3&#8243;][vc_row_inner][vc_column_inner][vc_column_text el_class=&#8221;treatment-h2&#8243; css=&#8221;.vc_custom_1641246951045{margin-bottom: 2rem !important;}&#8221;]<\/p>\n<h2>\u00bfQu\u00e9 es el neuroma ac\u00fastico?<\/h2>\n<p>[\/vc_column_text][vc_column_text]<strong>El neuroma ac\u00fastico<\/strong> es un tumor no canceroso ya menudo de crecimiento lento que se desarrolla en el nervio vestibular, el nervio principal que va desde el o\u00eddo interno hasta el cerebro. Debido a esto, esta condici\u00f3n tambi\u00e9n se conoce como <a href=\"https:\/\/www.nidcd.nih.gov\/health\/vestibular-schwannoma-acoustic-neuroma-and-neurofibromatosis\">schwannoma vestibular.<\/a><\/p>\n<p>&nbsp;<\/p>\n<p>Esta condici\u00f3n puede causar p\u00e9rdida de audici\u00f3n, zumbido en el o\u00eddo e inestabilidad debido al hecho de que las ramas de este nervio influyen directamente en el equilibrio y la audici\u00f3n.<\/p>\n<p>&nbsp;<\/p>\n<p>En raras ocasiones, el tumor puede crecer r\u00e1pidamente y volverse lo suficientemente grande como para presionar contra el cerebro e interferir con las funciones vitales.[\/vc_column_text][vc_btn title=&#8221;Programe su consulta electr\u00f3nica sobre neuroma ac\u00fastico&#8221; style=&#8221;flat&#8221; color=&#8221;blue&#8221; size=&#8221;lg&#8221; link=&#8221;url:%23contact|title:Neuroma%20ac%C3%BAstico&#8221; css=&#8221;.vc_custom_1679611067537{margin-top: 2rem !important;}&#8221; el_class=&#8221;mc-blue-button&#8221; el_id=&#8221;bt-econsult-btn&#8221;][\/vc_column_inner][\/vc_row_inner][vc_row_inner css=&#8221;.vc_custom_1634697511240{padding-top: 2.5rem !important;padding-right: 1rem !important;padding-bottom: 1.5rem !important;padding-left: 1rem !important;background-color: #ecf1f6 !important;}&#8221;][vc_column_inner][vc_column_text el_class=&#8221;treatment-h3&#8243; css=&#8221;.vc_custom_1641247230141{margin-top: 0px !important;margin-bottom: 0px !important;padding-bottom: 1rem !important;}&#8221;]<\/p>\n<h3>S\u00edntomas del neuroma ac\u00fastico<\/h3>\n<p>[\/vc_column_text][vc_column_text el_class=&#8221;treatment-text&#8221;]Los signos y s\u00edntomas comunes com\u00fanmente incluyen:<\/p>\n<ul>\n<li aria-level=\"1\">P\u00e9rdida de audici\u00f3n, que ocurre en un solo lado, o m\u00e1s severa en un lado<\/li>\n<li aria-level=\"1\">Zumbido (tinnitus) en el o\u00eddo afectado<\/li>\n<li aria-level=\"1\">Inestabilidad o p\u00e9rdida del equilibrio<\/li>\n<li aria-level=\"1\">Mareos (v\u00e9rtigo)<\/li>\n<li aria-level=\"1\">Entumecimiento facial y debilidad o p\u00e9rdida del movimiento muscular<\/li>\n<\/ul>\n<p>En casos raros, el tumor puede crecer lo suficiente como para comprimir el tronco encef\u00e1lico y convertirse en una amenaza para la vida.<\/p>\n<div class=\"vc_row wpb_row vc_inner vc_row-fluid vc_custom_1634697511240 vc_row-has-fill\">\n<div class=\"wpb_column vc_column_container vc_col-sm-12\">\n<div class=\"vc_column-inner\">\n<div class=\"wpb_wrapper\">\n<div class=\"wpb_text_column wpb_content_element treatment-text\">\n<div class=\"wpb_wrapper\">\n<p>Obtenga m\u00e1s informaci\u00f3n sobre c\u00f3mo se pueden tratar sus s\u00edntomas espec\u00edficos de neuroma ac\u00fastico en nuestra cl\u00ednica de neurocirug\u00eda <a href=\"#contact\">programando una consulta electr\u00f3nica aqu\u00ed<\/a> .<\/div>\n<\/div>\n<\/div>\n<\/div>\n<\/div>\n<\/div>\n<p>[\/vc_column_text][\/vc_column_inner][\/vc_row_inner][vc_row_inner css=&#8221;.vc_custom_1635201353214{margin-top: 1rem !important;margin-right: 1rem !important;margin-bottom: 1rem !important;margin-left: 1rem !important;padding-top: 2rem !important;padding-right: 2rem !important;padding-bottom: 2rem !important;padding-left: 2rem !important;background-color: #305893 !important;}&#8221; el_class=&#8221;block-hidden-desktop&#8221;][vc_column_inner css=&#8221;.vc_custom_1634696442660{padding-top: 0px !important;}&#8221;][vc_icon icon_fontawesome=&#8221;fa fa-comments-o&#8221; color=&#8221;white&#8221; size=&#8221;xl&#8221; align=&#8221;center&#8221; css=&#8221;.vc_custom_1634696031215{margin-bottom: .5rem !important;}&#8221;][vc_column_text css=&#8221;.vc_custom_1634696393911{margin-bottom: 0px !important;padding-top: 15px !important;padding-bottom: 15px !important;}&#8221;]<\/p>\n<h4 style=\"color: #ffffff; text-align: center;\">\u00bfNecesita una opini\u00f3n de un experto?<\/h4>\n<p>[\/vc_column_text]\r<!-- radiantthemes-custom-button -->\r<div class=\"radiantthemes-custom-button hover-style-two rt88732710  \"  data-button-direction=\"center\" data-button-fullwidth=\"true\" ><a style=\" color: #305893; font-size: 22px;\" class=\"radiantthemes-custom-button-main  vc_custom_1634696257351\" href=\"#contact\"  title=\"\" target=\"_self\"><div class=\"overlay\"><\/div><div class=\"placeholder\">Schedule an e-consult<\/div><\/a><\/div>\r<!-- radiantthemes-custom-button -->\r\r<!-- radiantthemes-custom-button -->\r<div class=\"radiantthemes-custom-button hover-style-two rt1742402541  \"  data-button-direction=\"center\" data-button-fullwidth=\"true\"  data-button-icon-position=\"right\"><a style=\" color: #305893; font-size: 22px;\" class=\"radiantthemes-custom-button-main  vc_custom_1635201367604\" href=\"tel:15612848455\"  title=\"\" target=\"_blank\"><div class=\"overlay\"><\/div><div class=\"placeholder\">Contact Us<i class=\"fa fa-phone\"><\/i><\/div><\/a><\/div>\r<!-- radiantthemes-custom-button -->\r[\/vc_column_inner][\/vc_row_inner][vc_row_inner][vc_column_inner][vc_empty_space height=&#8221;15px&#8221;][vc_column_text el_class=&#8221;treatment-h2&#8243; css=&#8221;.vc_custom_1641247772848{margin-bottom: 2rem !important;}&#8221;]<\/p>\n<h2>Tratamientos del neuroma ac\u00fastico<\/h2>\n<p>[\/vc_column_text][vc_column_text el_class=&#8221;treatment-text&#8221;]<span style=\"font-weight: 400;\">Dr. Morrison views surgery as a last resort, and is focused on maximizing your quality of life through any non-surgical means possible.<\/span><\/p>\n<p>Hay varias opciones de tratamiento diferentes para un neuroma ac\u00fastico, seg\u00fan el tama\u00f1o y la posici\u00f3n de su tumor, su tasa de crecimiento y su condici\u00f3n m\u00e9dica general.<\/p>\n<p>La Cl\u00ednica Morrison cree que las mejores opciones de tratamiento del neuroma ac\u00fastico son:<\/p>\n<p>Nuestra <a href=\"https:\/\/themorrisonclinic.com\/es\">cl\u00ednica de neurocirujanos<\/a> puede recomendar la <b>radiocirug\u00eda estereot\u00e1ctica<\/b> si su tumor es peque\u00f1o (menos de 2,5 cent\u00edmetros) o si es un adulto mayor o si no puede tolerar la cirug\u00eda<\/p>\n<p>Conocido como una de las mejores opciones de tratamiento, utiliza muchos rayos gamma diminutos para administrar una dosis de radiaci\u00f3n dirigida con precisi\u00f3n a un tumor sin da\u00f1ar el tejido circundante.<\/p>\n<p>Su objetivo es retrasar o prevenir el crecimiento de un tumor, preservar la funci\u00f3n del nervio facial y, en ciertos casos, preservar la audici\u00f3n.<\/p>\n<p>Los riesgos de este tratamiento incluyen:<\/p>\n<ul>\n<li aria-level=\"2\">P\u00e9rdida de la audici\u00f3n<\/li>\n<li aria-level=\"2\">Zumbido en el o\u00eddo<\/li>\n<li aria-level=\"2\">Debilidad o entumecimiento facial<\/li>\n<li aria-level=\"2\">Problemas de equilibrio<\/li>\n<li aria-level=\"2\">Crecimiento tumoral continuo<\/li>\n<\/ul>\n<p><b>Terapia con haz de protones.<\/b> Es la radiaci\u00f3n que utiliza rayos de alta energ\u00eda de part\u00edculas cargadas positivamente en dosis espec\u00edficas para tratar tumores y minimizar la exposici\u00f3n a la radiaci\u00f3n en el \u00e1rea circundante.<\/p>\n<p><strong>Cirug\u00eda. <\/strong>Como \u00faltimo recurso, la cirug\u00eda para extirpar el tumor a trav\u00e9s de una incisi\u00f3n en el cr\u00e1neo se puede realizar bajo anestesia general.<\/p>\n<p>Tenga en cuenta que todos los tratamientos conllevan riesgos, como el entumecimiento facial posterior al tratamiento. Sin embargo, nuestra especializaci\u00f3n y profunda experiencia en el tratamiento de esta condici\u00f3n en particular reduce la probabilidad de que esos riesgos lo afecten.<\/p>\n<p><a href=\"#contact\">Programe una consulta electr\u00f3nica<\/a> con el Dr. Morrison para analizar sus opciones de tratamiento del neuroma ac\u00fastico hoy.[\/vc_column_text][\/vc_column_inner][\/vc_row_inner][vc_row_inner][vc_column_inner][vc_empty_space height=&#8221;15px&#8221;][vc_column_text el_class=&#8221;treatment-h2&#8243; css=&#8221;.vc_custom_1641253073351{margin-bottom: 2rem !important;}&#8221;]<\/p>\n<h2>Pron\u00f3stico del neuroma ac\u00fastico<\/h2>\n<p>[\/vc_column_text][vc_column_text el_class=&#8221;treatment-text&#8221;]Debido a nuestra experiencia en el tratamiento de esta condici\u00f3n, el pron\u00f3stico de los pacientes es generalmente muy bueno. Los neuromas ac\u00fasticos generalmente responden bien al tratamiento y las complicaciones son poco comunes. Sin embargo, a menudo hay algo de p\u00e9rdida auditiva en el o\u00eddo afectado despu\u00e9s del tratamiento.<\/p>\n<p>Menos de 5 de cada 100 neuromas ac\u00fasticos recurren. No obstante, por precauci\u00f3n, The Morrison Clinic recomienda el control ambulatorio de cualquier s\u00edntoma o signo de reaparici\u00f3n de los tumores despu\u00e9s de cualquier tratamiento.[\/vc_column_text][\/vc_column_inner][\/vc_row_inner][\/vc_column][vc_column width=&#8221;1\/3&#8243;][vc_wp_custommenu title=&#8221;Trastornos&#8221; nav_menu=&#8221;46&#8243; el_class=&#8221;treatment-link-menu&#8221; el_id=&#8221;treatment-link-menu&#8221;][vc_empty_space height=&#8221;15px&#8221;][vc_row_inner css=&#8221;.vc_custom_1635201297538{margin-top: 1rem !important;margin-right: 1rem !important;margin-bottom: 1rem !important;margin-left: 1rem !important;padding-top: 2rem !important;padding-right: 2rem !important;padding-bottom: 2rem !important;padding-left: 2rem !important;background-color: #305893 !important;}&#8221; el_class=&#8221;block-hidden-mobile&#8221;][vc_column_inner css=&#8221;.vc_custom_1634696442660{padding-top: 0px !important;}&#8221;][vc_icon icon_fontawesome=&#8221;fa fa-comments-o&#8221; color=&#8221;white&#8221; size=&#8221;xl&#8221; align=&#8221;center&#8221; css=&#8221;.vc_custom_1634696031215{margin-bottom: .5rem !important;}&#8221;][vc_column_text css=&#8221;.vc_custom_1634696393911{margin-bottom: 0px !important;padding-top: 15px !important;padding-bottom: 15px !important;}&#8221;]<\/p>\n<h4 style=\"color: #ffffff; text-align: center;\">\u00bfNecesita una opini\u00f3n de un experto?<\/h4>\n<p>[\/vc_column_text]\r<!-- radiantthemes-custom-button -->\r<div class=\"radiantthemes-custom-button hover-style-two rt2305198597  \" id=\"econsult-btn\" data-button-direction=\"center\" data-button-fullwidth=\"true\" ><a style=\" color: #305893; font-size: 22px;\" class=\"radiantthemes-custom-button-main  vc_custom_1639338964839\" href=\"#contact\"  title=\"\" target=\"_self\"><div class=\"overlay\"><\/div><div class=\"placeholder\">Schedule an e-consult<\/div><\/a><\/div>\r<!-- radiantthemes-custom-button -->\r[\/vc_column_inner][\/vc_row_inner][vc_row_inner css=&#8221;.vc_custom_1635201297538{margin-top: 1rem !important;margin-right: 1rem !important;margin-bottom: 1rem !important;margin-left: 1rem !important;padding-top: 2rem !important;padding-right: 2rem !important;padding-bottom: 2rem !important;padding-left: 2rem !important;background-color: #305893 !important;}&#8221; el_class=&#8221;block-hidden-mobile&#8221;][vc_column_inner css=&#8221;.vc_custom_1634696442660{padding-top: 0px !important;}&#8221;][vc_icon icon_fontawesome=&#8221;fa fa-cloud-upload&#8221; color=&#8221;white&#8221; size=&#8221;xl&#8221; align=&#8221;center&#8221; css=&#8221;.vc_custom_1639245609676{margin-bottom: .5rem !important;}&#8221; link=&#8221;url:https%3A%2F%2Fuploader.purview.net%2Fvivaone%2Fuploader.php%3Fv%3D20211211|||&#8221;][vc_column_text css=&#8221;.vc_custom_1639245641880{margin-bottom: 0px !important;padding-top: 15px !important;padding-bottom: 15px !important;}&#8221;]<\/p>\n<h4 style=\"color: #ffffff; text-align: center;\">Reciba un diagn\u00f3stico<\/h4>\n<p>[\/vc_column_text]\r<!-- radiantthemes-custom-button -->\r<div class=\"radiantthemes-custom-button hover-style-two rt2311797329  \" id=\"image-upload-btn\" data-button-direction=\"center\" data-button-fullwidth=\"true\" ><a style=\" color: #305893; font-size: 22px;\" class=\"radiantthemes-custom-button-main  vc_custom_1639338954072\" href=\"https:\/\/uploader.purview.net\/vivaone\/uploader.php?v=20211211\"  title=\"\" target=\"_self\"><div class=\"overlay\"><\/div><div class=\"placeholder\">Upload your imaging<\/div><\/a><\/div>\r<!-- radiantthemes-custom-button -->\r[\/vc_column_inner][\/vc_row_inner][vc_raw_html]PHN0eWxlPi53cmFwZXJfaW5uZXJfYmFubmVyIHsKICAgIGJhY2tncm91bmQtaW1hZ2U6IHVybCgnaHR0cHM6Ly9odHRwc3RoZW1vcnN0Zy53cGVuZ2luZXBvd2VyZWQuY29tL3dwLWNvbnRlbnQvdXBsb2Fkcy8yMDIxLzEyL1dlYnNpdGVfSGVhZGVyX0Fjb3VzdGljLU5ldXJvbWEuanBnJykgIWltcG9ydGFudDsKfQo8L3N0eWxlPg==[\/vc_raw_html][\/vc_column][\/vc_row][vc_row][vc_column][vc_empty_space height=&#8221;50px&#8221;]<div class=\"radiantthemes-blockquote element-one   \" ><blockquote ><i class=\"fa fa-quote-left\" ><\/i>Immediately following surgery, I was standing and walking pain free. I am enjoying my life again and have Dr. Morrison to thank!<cite><\/cite><\/blockquote><\/div>[vc_empty_space height=&#8221;50px&#8221;][\/vc_column][\/vc_row][vc_row el_id=&#8221;contact&#8221;][vc_column width=&#8221;1\/6&#8243; el_id=&#8221;treatment-contact-form&#8221;][\/vc_column][vc_column width=&#8221;2\/3&#8243;][vc_column_text el_class=&#8221;treatment-h2&#8243; css=&#8221;.vc_custom_1639791314769{margin-bottom: 0px !important;padding-bottom: 1rem !important;}&#8221;]<\/p>\n<h2 style=\"text-align: center;\">Programe su consulta electr\u00f3nica sobre neuroma ac\u00fastico<\/h2>\n<p>[\/vc_column_text][vc_column_text css=&#8221;.vc_custom_1639791321592{margin-bottom: 3rem !important;}&#8221;]<\/p>\n<div class=\"wpb_text_column wpb_content_element vc_custom_1634330975853\">\n<div class=\"wpb_wrapper\">\n<p><span style=\"font-weight: 400;\">Lo educaremos sobre su condici\u00f3n espec\u00edfica de neuroma ac\u00fastico y desarrollaremos un plan para su mejor calidad de vida.<\/span><\/div>\n<\/div>\n<div class=\"radiant-contact-form rt4bf463d14beb956 element-one \">\n<div id=\"wpcf7-f9393-p9363-o1\" class=\"wpcf7\" dir=\"ltr\" lang=\"en-US\" role=\"form\"><\/div>\n<\/div>\n<p>[\/vc_column_text][rt_cf7_style padding_right=&#8221;10px&#8221; padding_left=&#8221;10px&#8221; radiant_border_style=&#8221;solid&#8221; radiant_border_color=&#8221;#e6e5e5&#8243; radiant_border_top=&#8221;1px&#8221; radiant_border_right=&#8221;1px&#8221; radiant_border_bottom=&#8221;1px&#8221; radiant_border_left=&#8221;1px&#8221; radiant_focus_style=&#8221;solid&#8221; radiant_focus_top=&#8221;1px&#8221; radiant_focus_right=&#8221;1px&#8221; radiant_focus_bottom=&#8221;1px&#8221; radiant_focus_left=&#8221;1px&#8221;][contact-form-7 id=&#8221;9393&#8243;][\/rt_cf7_style][\/vc_column][vc_column width=&#8221;1\/6&#8243;][\/vc_column][\/vc_row][vc_row][vc_column][vc_empty_space height=&#8221;100px&#8221;][\/vc_column][\/vc_row]<\/p>\n","protected":false},"excerpt":{"rendered":"<p>[vc_row css=&#8221;.vc_custom_1634399474019{margin-top: 0px !important;padding-top: 4rem !important;}&#8221;][vc_column width=&#8221;2\/3&#8243;][vc_row_inner][vc_column_inner][vc_column_text el_class=&#8221;treatment-h2&#8243; css=&#8221;.vc_custom_1641246951045{margin-bottom: 2rem !important;}&#8221;] \u00bfQu\u00e9 es el neuroma ac\u00fastico? [\/vc_column_text][vc_column_text]El neuroma ac\u00fastico es un tumor no canceroso ya menudo de crecimiento lento que se desarrolla en el nervio vestibular, el nervio principal que va desde el o\u00eddo interno hasta el cerebro. Debido a esto, esta condici\u00f3n tambi\u00e9n se conoce como schwannoma vestibular. &nbsp;<\/p>\n","protected":false},"author":2,"featured_media":10517,"parent":10575,"menu_order":0,"comment_status":"closed","ping_status":"closed","template":"","meta":{"_acf_changed":false,"footnotes":""},"class_list":["post-10934","page","type-page","status-publish","has-post-thumbnail","hentry","smct_cats-conditions"],"acf":[],"yoast_head":"<!-- This site is optimized with the Yoast SEO plugin v27.3 - https:\/\/yoast.com\/product\/yoast-seo-wordpress\/ -->\n<title>S\u00edntomas del neuroma ac\u00fastico y mejores tratamientos | Cl\u00ednica de neurocirujano<\/title>\n<meta name=\"description\" content=\"\u00bfBusca un especialista en neuroma ac\u00fastico? Conozca los datos clave relacionados con la afecci\u00f3n y los mejores tratamientos para el neuroma ac\u00fastico en nuestra cl\u00ednica de neurocirujanos.\" \/>\n<meta name=\"robots\" content=\"index, follow, max-snippet:-1, max-image-preview:large, max-video-preview:-1\" \/>\n<link rel=\"canonical\" href=\"https:\/\/themorrisonclinic.com\/es\/condiciones\/neuroma-acustico\" \/>\n<meta property=\"og:locale\" content=\"es_ES\" \/>\n<meta property=\"og:type\" content=\"article\" \/>\n<meta property=\"og:title\" content=\"S\u00edntomas del neuroma ac\u00fastico y mejores tratamientos | Cl\u00ednica de neurocirujano\" \/>\n<meta property=\"og:description\" content=\"\u00bfBusca un especialista en neuroma ac\u00fastico? Conozca los datos clave relacionados con la afecci\u00f3n y los mejores tratamientos para el neuroma ac\u00fastico en nuestra cl\u00ednica de neurocirujanos.\" \/>\n<meta property=\"og:url\" content=\"https:\/\/themorrisonclinic.com\/es\/condiciones\/neuroma-acustico\" \/>\n<meta property=\"og:site_name\" content=\"The Morrison Clinic\" \/>\n<meta property=\"article:modified_time\" content=\"2023-03-23T22:37:55+00:00\" \/>\n<meta property=\"og:image\" content=\"https:\/\/themorrisonclinic.com\/wp-content\/uploads\/2021\/12\/Acoustic_Neuroma_Tile.jpg\" \/>\n\t<meta property=\"og:image:width\" content=\"620\" \/>\n\t<meta property=\"og:image:height\" content=\"349\" \/>\n\t<meta property=\"og:image:type\" content=\"image\/jpeg\" \/>\n<meta name=\"twitter:card\" content=\"summary_large_image\" \/>\n<meta name=\"twitter:label1\" content=\"Tiempo de lectura\" \/>\n\t<meta name=\"twitter:data1\" content=\"9 minutos\" \/>\n<!-- \/ Yoast SEO plugin. -->","yoast_head_json":{"title":"S\u00edntomas del neuroma ac\u00fastico y mejores tratamientos | Cl\u00ednica de neurocirujano","description":"\u00bfBusca un especialista en neuroma ac\u00fastico? Conozca los datos clave relacionados con la afecci\u00f3n y los mejores tratamientos para el neuroma ac\u00fastico en nuestra cl\u00ednica de neurocirujanos.","robots":{"index":"index","follow":"follow","max-snippet":"max-snippet:-1","max-image-preview":"max-image-preview:large","max-video-preview":"max-video-preview:-1"},"canonical":"https:\/\/themorrisonclinic.com\/es\/condiciones\/neuroma-acustico","og_locale":"es_ES","og_type":"article","og_title":"S\u00edntomas del neuroma ac\u00fastico y mejores tratamientos | Cl\u00ednica de neurocirujano","og_description":"\u00bfBusca un especialista en neuroma ac\u00fastico? Conozca los datos clave relacionados con la afecci\u00f3n y los mejores tratamientos para el neuroma ac\u00fastico en nuestra cl\u00ednica de neurocirujanos.","og_url":"https:\/\/themorrisonclinic.com\/es\/condiciones\/neuroma-acustico","og_site_name":"The Morrison Clinic","article_modified_time":"2023-03-23T22:37:55+00:00","og_image":[{"width":620,"height":349,"url":"https:\/\/themorrisonclinic.com\/wp-content\/uploads\/2021\/12\/Acoustic_Neuroma_Tile.jpg","type":"image\/jpeg"}],"twitter_card":"summary_large_image","twitter_misc":{"Tiempo de lectura":"9 minutos"},"schema":{"@context":"https:\/\/schema.org","@graph":[{"@type":"WebPage","@id":"https:\/\/themorrisonclinic.com\/es\/condiciones\/neuroma-acustico","url":"https:\/\/themorrisonclinic.com\/es\/condiciones\/neuroma-acustico","name":"S\u00edntomas del neuroma ac\u00fastico y mejores tratamientos | Cl\u00ednica de neurocirujano","isPartOf":{"@id":"https:\/\/themorrisonclinic.com\/es#website"},"primaryImageOfPage":{"@id":"https:\/\/themorrisonclinic.com\/es\/condiciones\/neuroma-acustico#primaryimage"},"image":{"@id":"https:\/\/themorrisonclinic.com\/es\/condiciones\/neuroma-acustico#primaryimage"},"thumbnailUrl":"https:\/\/themorrisonclinic.com\/wp-content\/uploads\/2021\/12\/Acoustic_Neuroma_Tile.jpg","datePublished":"2022-01-11T01:40:14+00:00","dateModified":"2023-03-23T22:37:55+00:00","description":"\u00bfBusca un especialista en neuroma ac\u00fastico? Conozca los datos clave relacionados con la afecci\u00f3n y los mejores tratamientos para el neuroma ac\u00fastico en nuestra cl\u00ednica de neurocirujanos.","breadcrumb":{"@id":"https:\/\/themorrisonclinic.com\/es\/condiciones\/neuroma-acustico#breadcrumb"},"inLanguage":"es","potentialAction":[{"@type":"ReadAction","target":["https:\/\/themorrisonclinic.com\/es\/condiciones\/neuroma-acustico"]}]},{"@type":"ImageObject","inLanguage":"es","@id":"https:\/\/themorrisonclinic.com\/es\/condiciones\/neuroma-acustico#primaryimage","url":"https:\/\/themorrisonclinic.com\/wp-content\/uploads\/2021\/12\/Acoustic_Neuroma_Tile.jpg","contentUrl":"https:\/\/themorrisonclinic.com\/wp-content\/uploads\/2021\/12\/Acoustic_Neuroma_Tile.jpg","width":620,"height":349,"caption":"Acoustic-Neuroma"},{"@type":"BreadcrumbList","@id":"https:\/\/themorrisonclinic.com\/es\/condiciones\/neuroma-acustico#breadcrumb","itemListElement":[{"@type":"ListItem","position":1,"name":"Home","item":"https:\/\/themorrisonclinic.com\/es"},{"@type":"ListItem","position":2,"name":"Trastornos","item":"https:\/\/themorrisonclinic.com\/es\/condiciones"},{"@type":"ListItem","position":3,"name":"Neuroma ac\u00fastico"}]},{"@type":"WebSite","@id":"https:\/\/themorrisonclinic.com\/es#website","url":"https:\/\/themorrisonclinic.com\/es","name":"The Morrison Clinic","description":"South Florida Neurosurgeon","publisher":{"@id":"https:\/\/themorrisonclinic.com\/es#organization"},"potentialAction":[{"@type":"SearchAction","target":{"@type":"EntryPoint","urlTemplate":"https:\/\/themorrisonclinic.com\/es?s={search_term_string}"},"query-input":{"@type":"PropertyValueSpecification","valueRequired":true,"valueName":"search_term_string"}}],"inLanguage":"es"},{"@type":"Organization","@id":"https:\/\/themorrisonclinic.com\/es#organization","name":"Morrison Clinic","url":"https:\/\/themorrisonclinic.com\/es","logo":{"@type":"ImageObject","inLanguage":"es","@id":"https:\/\/themorrisonclinic.com\/es#\/schema\/logo\/image\/","url":"https:\/\/themorrisonclinic.com\/wp-content\/uploads\/2020\/06\/logotransparent.png","contentUrl":"https:\/\/themorrisonclinic.com\/wp-content\/uploads\/2020\/06\/logotransparent.png","width":2734,"height":1250,"caption":"Morrison Clinic"},"image":{"@id":"https:\/\/themorrisonclinic.com\/es#\/schema\/logo\/image\/"}}]}},"_links":{"self":[{"href":"https:\/\/themorrisonclinic.com\/es\/wp-json\/wp\/v2\/pages\/10934","targetHints":{"allow":["GET"]}}],"collection":[{"href":"https:\/\/themorrisonclinic.com\/es\/wp-json\/wp\/v2\/pages"}],"about":[{"href":"https:\/\/themorrisonclinic.com\/es\/wp-json\/wp\/v2\/types\/page"}],"author":[{"embeddable":true,"href":"https:\/\/themorrisonclinic.com\/es\/wp-json\/wp\/v2\/users\/2"}],"replies":[{"embeddable":true,"href":"https:\/\/themorrisonclinic.com\/es\/wp-json\/wp\/v2\/comments?post=10934"}],"version-history":[{"count":0,"href":"https:\/\/themorrisonclinic.com\/es\/wp-json\/wp\/v2\/pages\/10934\/revisions"}],"up":[{"embeddable":true,"href":"https:\/\/themorrisonclinic.com\/es\/wp-json\/wp\/v2\/pages\/10575"}],"wp:featuredmedia":[{"embeddable":true,"href":"https:\/\/themorrisonclinic.com\/es\/wp-json\/wp\/v2\/media\/10517"}],"wp:attachment":[{"href":"https:\/\/themorrisonclinic.com\/es\/wp-json\/wp\/v2\/media?parent=10934"}],"curies":[{"name":"wp","href":"https:\/\/api.w.org\/{rel}","templated":true}]}}