{"id":10856,"date":"2021-12-23T23:16:25","date_gmt":"2021-12-23T23:16:25","guid":{"rendered":"https:\/\/themorrisonclinic.com\/?page_id=10856"},"modified":"2022-01-26T03:06:56","modified_gmt":"2022-01-26T03:06:56","slug":"hipofisectomia-transfenoidal","status":"publish","type":"page","link":"https:\/\/themorrisonclinic.com\/es\/tratamientos-de-neurocirugia\/hipofisectomia-transfenoidal","title":{"rendered":"Hipofisectom\u00eda transfenoidal"},"content":{"rendered":"<p>[vc_row css=&#8221;.vc_custom_1634399600751{margin-top: 0px !important;padding-top: 4rem !important;}&#8221;][vc_column width=&#8221;2\/3&#8243;][vc_row_inner][vc_column_inner][vc_column_text el_class=&#8221;treatment-h2&#8243; css=&#8221;.vc_custom_1639791687201{margin-bottom: 2rem !important;}&#8221;]<\/p>\n<h2>\u00bfQu\u00e9 es una hipofisectom\u00eda transfenoidal?<\/h2>\n<p>[\/vc_column_text][vc_column_text el_class=&#8221;treatment-text&#8221;]<strong>Transsphenoidal hypophysectomy<\/strong> is an effective neurosurgical technique for removing <a href=\"https:\/\/themorrisonclinic.com\/es\/condiciones\/tumor-pituitario\">pituitary tumors<\/a>, and other intrasellar tumors, with minimal morbidity and hospital stay.<\/p>\n<p>In addition to improvement in endocrine function, it also reverses the pressure effects on the pituitary gland and adjacent structures &#8212; such as optic nerves.[\/vc_column_text][vc_btn title=&#8221;Spanish  Programe su e-consulta de Hipofisectom\u00eda Transfenoidal&#8221; style=&#8221;flat&#8221; color=&#8221;blue&#8221; size=&#8221;lg&#8221; link=&#8221;url:%23contact|&#8221; css=&#8221;.vc_custom_1640885109869{margin-top: 2rem !important;}&#8221; el_class=&#8221;mc-blue-button&#8221;][\/vc_column_inner][\/vc_row_inner][vc_row_inner css=&#8221;.vc_custom_1640885292241{padding-top: 4rem !important;}&#8221;][vc_column_inner][vc_column_text el_class=&#8221;treatment-h2&#8243; css=&#8221;.vc_custom_1641484568861{margin-bottom: 2rem !important;}&#8221;]<\/p>\n<h2>\u00bfC\u00f3mo se realiza una Hipofisectom\u00eda Transesfenoidal?<\/h2>\n<p>[\/vc_column_text][vc_column_text el_class=&#8221;treatment-text&#8221;]Para realizar una hipofisectom\u00eda transfenoidal, nuestros neurocirujanos:<\/p>\n<ul>\n<li aria-level=\"1\">Lo coloca en una posici\u00f3n semi-reclinada con la cabeza estabilizada<\/li>\n<li aria-level=\"1\">Hace varias incisiones peque\u00f1as debajo del labio superior y en la parte delantera de la cavidad sinusal<\/li>\n<li aria-level=\"1\">Inserta un esp\u00e9culo para mantener abierta la cavidad nasal<\/li>\n<li aria-level=\"1\">Inserta un endoscopio para ver im\u00e1genes proyectadas de su cavidad nasal en una pantalla<\/li>\n<li aria-level=\"1\">Inserta herramientas especiales, como un tipo de f\u00f3rceps llamado gubia pituitaria, para extirpar el tumor y parte o la totalidad de la gl\u00e1ndula pituitaria<\/li>\n<li aria-level=\"1\">Usa grasa, hueso, cart\u00edlago y algunos materiales quir\u00fargicos para reconstruir el \u00e1rea donde se extirparon el tumor y la gl\u00e1ndula<\/li>\n<li aria-level=\"1\">Inserta una gasa tratada con un ung\u00fcento antibacteriano en la nariz para prevenir hemorragias e infecciones<\/li>\n<li aria-level=\"1\">Sutura los cortes en la cavidad sinusal y en el labio superior<\/li>\n<\/ul>\n<p>[\/vc_column_text][\/vc_column_inner][\/vc_row_inner][vc_row_inner][vc_column_inner][vc_column_text el_class=&#8221;treatment-h2&#8243; css=&#8221;.vc_custom_1641484435957{margin-bottom: 2rem !important;}&#8221;]<\/p>\n<h2>\u00bfSoy un candidato?<\/h2>\n<p>[\/vc_column_text][vc_column_text el_class=&#8221;treatment-text&#8221;]Una hipofisectom\u00eda es una cirug\u00eda que se realiza para extirpar la gl\u00e1ndula pituitaria.<\/p>\n<p>La hipofisectom\u00eda se realiza por varias razones, que incluyen:<\/p>\n<ul>\n<li aria-level=\"1\">Extirpaci\u00f3n de <a href=\"https:\/\/themorrisonclinic.com\/es\/condiciones\/tumor-pituitario\">tumores pituitarios<\/a><\/li>\n<li aria-level=\"1\">Extirpaci\u00f3n de craneofaringiomas, tumores formados por tejido alrededor de la gl\u00e1ndula<\/li>\n<li aria-level=\"1\">Tratamiento del s\u00edndrome de Cushing, que ocurre cuando su cuerpo est\u00e1 expuesto a demasiada hormona cortisol<\/li>\n<li aria-level=\"1\">Mejora de la visi\u00f3n mediante la eliminaci\u00f3n de masas o tejido adicional alrededor de la gl\u00e1ndula<\/li>\n<\/ul>\n<p>Solo se puede extirpar una parte de la gl\u00e1ndula cuando se extirpan los tumores.<\/p>\n<p>&nbsp;<\/p>\n<p><a href=\"#contact\">Programe una consulta electr\u00f3nica aqu\u00ed<\/a> para obtener m\u00e1s informaci\u00f3n sobre su candidatura para la hipofisectom\u00eda transesfenoidal.[\/vc_column_text][\/vc_column_inner][\/vc_row_inner][vc_row_inner][vc_column_inner][vc_empty_space height=&#8221;15px&#8221;][vc_column_text el_class=&#8221;treatment-h2&#8243; css=&#8221;.vc_custom_1641254530665{margin-bottom: 2rem !important;}&#8221;]<\/p>\n<h2>Qu\u00e9 esperar de un procedimiento de hipofisectom\u00eda transfenoidal<\/h2>\n<p>[\/vc_column_text][vc_column_text el_class=&#8221;treatment-text&#8221;]La hipofisectom\u00eda transfenoidal endosc\u00f3pica requerir\u00eda el conjunto completo de instrumentos para la cirug\u00eda de los senos nasales, junto con un taladro de alta velocidad y agentes homeost\u00e1ticos como gelatina con trombina. El abordaje microsc\u00f3pico requerir\u00eda un juego de instrumentos maxilofaciales con un esp\u00e9culo bivalvo de autorretenci\u00f3n Hardy. El sistema de navegaci\u00f3n guiada por imagen (IGN) es preferible en procedimientos de revisi\u00f3n, extensi\u00f3n paraselar o casos con anatom\u00eda distorsionada. La resonancia magn\u00e9tica intraoperatoria es de gran beneficio en la cirug\u00eda hipofisaria, ya que proporciona im\u00e1genes actualizadas que muestran el cambio en el volumen del tumor, la duramadre y la hip\u00f3fisis normal.<\/p>\n<p>Tipos de pruebas para determinar si se necesita una cirug\u00eda de hipofisectom\u00eda transfenoidal:<\/p>\n<ul>\n<li><strong>An\u00e1lisis de sangre<\/strong>. Los an\u00e1lisis de sangre ayudan a los m\u00e9dicos a detectar muchas anomal\u00edas hormonales asociadas con los tumores pituitarios.<\/li>\n<li><strong>Ex\u00e1menes de la vista<\/strong>. Algunos tumores pituitarios pueden ejercer presi\u00f3n sobre los nervios que van desde los ojos hasta el cerebro, causando problemas de visi\u00f3n.<\/li>\n<li><strong>Im\u00e1genes de resonancia magn\u00e9tica<\/strong><\/li>\n<li><strong>Exploraci\u00f3n PET<\/strong><\/li>\n<\/ul>\n<h2>Condiciones que resuelve la hipofisectom\u00eda transfenoidal<\/h2>\n<p>Nuestros neurocirujanos especializados a menudo recomiendan y realizan cirug\u00eda transfenoidal para tratar <a href=\"https:\/\/themorrisonclinic.com\/es\/condiciones\/tumor-pituitario\">adenomas pituitarios<\/a>.[\/vc_column_text][\/vc_column_inner][\/vc_row_inner][vc_row_inner][vc_column_inner][vc_empty_space height=&#8221;15px&#8221;][vc_column_text el_class=&#8221;treatment-h2&#8243; css=&#8221;.vc_custom_1641254807513{margin-bottom: 2rem !important;}&#8221;]<\/p>\n<h2>Cuidados posteriores a la hipofisectom\u00eda transfenoidal &amp; Recuperaci\u00f3n positiva<\/h2>\n<p>[\/vc_column_text][vc_column_text el_class=&#8221;treatment-text&#8221;]<\/p>\n<ul>\n<li aria-level=\"1\"><b>Durante uno o dos d\u00edas<\/b>, caminar\u00e1 con la ayuda de una enfermera hasta que pueda volver a caminar solo. Se controlar\u00e1 la cantidad que orina.<\/li>\n<li aria-level=\"1\"><b>Durante los primeros d\u00edas despu\u00e9s de la cirug\u00eda<\/b>, se le realizar\u00e1n an\u00e1lisis de sangre y ex\u00e1menes de la vista para asegurarse de que su visi\u00f3n no se haya visto afectada. Es probable que la sangre salga de tu nariz peri\u00f3dicamente.<\/li>\n<li aria-level=\"1\"><b>Despu\u00e9s de salir del hospital, regresar\u00e1 en unas seis a ocho semanas para una cita de seguimiento.<\/b> Se reunir\u00e1 con su m\u00e9dico y un endocrin\u00f3logo para ver c\u00f3mo su cuerpo est\u00e1 respondiendo a posibles cambios en la producci\u00f3n de hormonas. Esta cita puede incluir una exploraci\u00f3n de la cabeza, as\u00ed como pruebas de sangre y de la vista.<\/li>\n<\/ul>\n<p><b>Hasta que se indique, nuestro consultorio de neurocirujano tambi\u00e9n recomienda a los pacientes que eviten hacer lo siguiente:<\/b><\/p>\n<ul>\n<li style=\"tipo-estilo-lista: ninguno;\">\n<ul>\n<li aria-level=\"1\">Soplar nuestra limpieza de la nariz<\/li>\n<li aria-level=\"1\">Inclinarse hacia adelante<\/li>\n<li aria-level=\"1\">Levantar objetos que pesan m\u00e1s de 10 libras<\/li>\n<li aria-level=\"1\">Nadar, ba\u00f1arse o sumergir la cabeza en el agua<\/li>\n<li aria-level=\"1\">Conducir u operar maquinaria grande<\/li>\n<\/ul>\n<\/li>\n<\/ul>\n<p>Una hipofisectom\u00eda toma de una a dos horas. Algunos procedimientos, como la estereotaxis, pueden tardar 30 minutos o menos.<\/p>\n<p>[\/vc_column_text][\/vc_column_inner][\/vc_row_inner][\/vc_column][vc_column width=&#8221;1\/3&#8243;][vc_wp_custommenu title=&#8221;Tratos&#8221; nav_menu=&#8221;45&#8243; el_class=&#8221;treatment-link-menu&#8221; el_id=&#8221;treatment-link-menu&#8221;][vc_empty_space height=&#8221;20px&#8221;][vc_row_inner css=&#8221;.vc_custom_1634696085185{margin-top: 1rem !important;margin-right: 1rem !important;margin-bottom: 1rem !important;margin-left: 1rem !important;padding-top: 2rem !important;padding-right: 2rem !important;padding-bottom: 2rem !important;padding-left: 2rem !important;background-color: #305893 !important;}&#8221;][vc_column_inner css=&#8221;.vc_custom_1634696442660{padding-top: 0px !important;}&#8221;][vc_icon icon_fontawesome=&#8221;fa fa-comments-o&#8221; color=&#8221;white&#8221; size=&#8221;xl&#8221; align=&#8221;center&#8221; css=&#8221;.vc_custom_1634696031215{margin-bottom: .5rem !important;}&#8221;][vc_column_text css=&#8221;.vc_custom_1634696393911{margin-bottom: 0px !important;padding-top: 15px !important;padding-bottom: 15px !important;}&#8221;]<\/p>\n<h4 style=\"color: #ffffff; text-align: center;\">\u00bfNecesita una opini\u00f3n de un experto?<\/h4>\n<p>[\/vc_column_text]\r<!-- radiantthemes-custom-button -->\r<div class=\"radiantthemes-custom-button hover-style-two rt1315613024  \"  data-button-direction=\"center\" data-button-fullwidth=\"true\" ><a style=\" color: #305893; font-size: 22px;\" class=\"radiantthemes-custom-button-main  vc_custom_1634696257351\" href=\"#contact\"  title=\"\" target=\"_self\"><div class=\"overlay\"><\/div><div class=\"placeholder\">Schedule an e-consult<\/div><\/a><\/div>\r<!-- radiantthemes-custom-button -->\r[\/vc_column_inner][\/vc_row_inner][vc_raw_html]PHN0eWxlPi53cmFwZXJfaW5uZXJfYmFubmVyIHs8YnIgLz5iYWNrZ3JvdW5kLWltYWdlOiB1cmwoJ2h0dHBzOi8vaHR0cHN0aGVtb3JzdGcud3BlbmdpbmVwb3dlcmVkLmNvbS93cC1jb250ZW50L3VwbG9hZHMvMjAyMS8xMi9XZWJzaXRlX0hlYWRlcl9UcmFuc3BoZW5vaWRhbC1oeXBvcGh5c2VjdG9teS0yLmpwZycpICFpbXBvcnRhbnQ7PGJyIC8+fTxiciAvPjwvc3R5bGU+[\/vc_raw_html][\/vc_column][\/vc_row][vc_row][vc_column][vc_empty_space height=&#8221;50px&#8221;]<div class=\"radiantthemes-blockquote element-one   \" ><blockquote ><i class=\"fa fa-quote-left\" ><\/i>Inmediatamente despu\u00e9s de la cirug\u00eda, estaba de pie y caminando sin dolor. \u00a1Estoy disfrutando de mi vida nuevamente y tengo que agradecerle al Dr. Morrison!<cite><\/cite><\/blockquote><\/div>[vc_empty_space height=&#8221;50px&#8221;][\/vc_column][\/vc_row][vc_row el_id=&#8221;contacto&#8221;][vc_column width=&#8221;1\/6&#8243; el_id=&#8221;treatment-contact-form&#8221;][\/vc_column][vc_column width=&#8221;2\/3&#8243;][vc_column_text el_class=&#8221;treatment-h2&#8243; css=&#8221;.vc_custom_1639791699358{margin-bottom: 0px !important;padding-bottom: 1rem !important;}&#8221;]<\/p>\n<h2 style=\"text-align: center;\">Programe una consulta electr\u00f3nica sobre hipofisectom\u00eda transfenoidal<\/h2>\n<p>[\/vc_column_text][vc_column_text css=&#8221;.vc_custom_1641254075205{margin-bottom: 3rem !important;}&#8221;]<br \/>\n<span style=\"font-weight: 400;\">Queremos que tenga confianza en su calidad de vida. Analicemos si una hipofisectom\u00eda transfenoidal puede ofrecer el mejor resultado. <\/span><br \/>\n[\/vc_column_text][rt_cf7_style padding_right=&#8221;10px&#8221; padding_left=&#8221;10px&#8221; radiant_border_style=&#8221;solid&#8221; radiant_border_color=&#8221;#e6e5e5&#8243; radiant_border_top=&#8221;1px&#8221; radiant_border_right=&#8221;1px&#8221; radiant_border_bottom=&#8221;1px&#8221; radiant_border_left=&#8221;1px&#8221; radiant_focus_style=&#8221;solid&#8221; radiant_focus_top=&#8221;1px&#8221; radiant_focus_right=&#8221;1px&#8221; radiant_focus_bottom=&#8221;1px&#8221; radiant_focus_left=&#8221;1px&#8221;][contact-form-7 id=&#8221;9393&#8243;][\/rt_cf7_style][\/vc_column][vc_column width=&#8221;1\/6&#8243;][\/vc_column][\/vc_row][vc_row][vc_column][vc_empty_space height=&#8221;100px&#8221;][\/vc_column][\/vc_row]<\/p>\n","protected":false},"excerpt":{"rendered":"<p>[vc_row css=&#8221;.vc_custom_1634399600751{margin-top: 0px !important;padding-top: 4rem !important;}&#8221;][vc_column width=&#8221;2\/3&#8243;][vc_row_inner][vc_column_inner][vc_column_text el_class=&#8221;treatment-h2&#8243; css=&#8221;.vc_custom_1639791687201{margin-bottom: 2rem !important;}&#8221;] \u00bfQu\u00e9 es una hipofisectom\u00eda transfenoidal? [\/vc_column_text][vc_column_text el_class=&#8221;treatment-text&#8221;]Transsphenoidal hypophysectomy is an effective neurosurgical technique for removing pituitary tumors, and other intrasellar tumors, with minimal morbidity and hospital stay. In addition to improvement in endocrine function, it also reverses the pressure effects on the pituitary gland and adjacent structures &#8212; such<\/p>\n","protected":false},"author":2,"featured_media":10519,"parent":10633,"menu_order":2,"comment_status":"closed","ping_status":"closed","template":"","meta":{"_acf_changed":false,"footnotes":""},"class_list":["post-10856","page","type-page","status-publish","has-post-thumbnail","hentry","smct_cats-treatments"],"acf":[],"yoast_head":"<!-- This site is optimized with the Yoast SEO plugin v27.3 - https:\/\/yoast.com\/product\/yoast-seo-wordpress\/ -->\n<title>\u00bfQu\u00e9 es el tratamiento del tumor hipofisario?<\/title>\n<meta name=\"description\" content=\"Nuestro experto neurocirujano del sur de Florida comparte su experiencia sobre si el tratamiento de hipofisectom\u00eda transfenoidal para tumores pituitarios es adecuado para usted.\" \/>\n<meta name=\"robots\" content=\"index, follow, max-snippet:-1, max-image-preview:large, max-video-preview:-1\" \/>\n<link rel=\"canonical\" href=\"https:\/\/themorrisonclinic.com\/es\/tratamientos-de-neurocirugia\/hipofisectomia-transfenoidal\" \/>\n<meta property=\"og:locale\" content=\"es_ES\" \/>\n<meta property=\"og:type\" content=\"article\" \/>\n<meta property=\"og:title\" content=\"\u00bfQu\u00e9 es el tratamiento del tumor hipofisario?\" \/>\n<meta property=\"og:description\" content=\"Nuestro experto neurocirujano del sur de Florida comparte su experiencia sobre si el tratamiento de hipofisectom\u00eda transfenoidal para tumores pituitarios es adecuado para usted.\" \/>\n<meta property=\"og:url\" content=\"https:\/\/themorrisonclinic.com\/es\/tratamientos-de-neurocirugia\/hipofisectomia-transfenoidal\" \/>\n<meta property=\"og:site_name\" content=\"The Morrison Clinic\" \/>\n<meta property=\"article:modified_time\" content=\"2022-01-26T03:06:56+00:00\" \/>\n<meta property=\"og:image\" content=\"https:\/\/themorrisonclinic.com\/wp-content\/uploads\/2021\/12\/Transphenoidal-hypophysectomy-Tile.jpg\" \/>\n\t<meta property=\"og:image:width\" content=\"1120\" \/>\n\t<meta property=\"og:image:height\" content=\"630\" \/>\n\t<meta property=\"og:image:type\" content=\"image\/jpeg\" \/>\n<meta name=\"twitter:card\" content=\"summary_large_image\" \/>\n<meta name=\"twitter:label1\" content=\"Tiempo de lectura\" \/>\n\t<meta name=\"twitter:data1\" content=\"7 minutos\" \/>\n<!-- \/ Yoast SEO plugin. -->","yoast_head_json":{"title":"\u00bfQu\u00e9 es el tratamiento del tumor hipofisario?","description":"Nuestro experto neurocirujano del sur de Florida comparte su experiencia sobre si el tratamiento de hipofisectom\u00eda transfenoidal para tumores pituitarios es adecuado para usted.","robots":{"index":"index","follow":"follow","max-snippet":"max-snippet:-1","max-image-preview":"max-image-preview:large","max-video-preview":"max-video-preview:-1"},"canonical":"https:\/\/themorrisonclinic.com\/es\/tratamientos-de-neurocirugia\/hipofisectomia-transfenoidal","og_locale":"es_ES","og_type":"article","og_title":"\u00bfQu\u00e9 es el tratamiento del tumor hipofisario?","og_description":"Nuestro experto neurocirujano del sur de Florida comparte su experiencia sobre si el tratamiento de hipofisectom\u00eda transfenoidal para tumores pituitarios es adecuado para usted.","og_url":"https:\/\/themorrisonclinic.com\/es\/tratamientos-de-neurocirugia\/hipofisectomia-transfenoidal","og_site_name":"The Morrison Clinic","article_modified_time":"2022-01-26T03:06:56+00:00","og_image":[{"width":1120,"height":630,"url":"https:\/\/themorrisonclinic.com\/wp-content\/uploads\/2021\/12\/Transphenoidal-hypophysectomy-Tile.jpg","type":"image\/jpeg"}],"twitter_card":"summary_large_image","twitter_misc":{"Tiempo de lectura":"7 minutos"},"schema":{"@context":"https:\/\/schema.org","@graph":[{"@type":"WebPage","@id":"https:\/\/themorrisonclinic.com\/es\/tratamientos-de-neurocirugia\/hipofisectomia-transfenoidal","url":"https:\/\/themorrisonclinic.com\/es\/tratamientos-de-neurocirugia\/hipofisectomia-transfenoidal","name":"\u00bfQu\u00e9 es el tratamiento del tumor hipofisario?","isPartOf":{"@id":"https:\/\/themorrisonclinic.com\/es#website"},"primaryImageOfPage":{"@id":"https:\/\/themorrisonclinic.com\/es\/tratamientos-de-neurocirugia\/hipofisectomia-transfenoidal#primaryimage"},"image":{"@id":"https:\/\/themorrisonclinic.com\/es\/tratamientos-de-neurocirugia\/hipofisectomia-transfenoidal#primaryimage"},"thumbnailUrl":"https:\/\/themorrisonclinic.com\/wp-content\/uploads\/2021\/12\/Transphenoidal-hypophysectomy-Tile.jpg","datePublished":"2021-12-23T23:16:25+00:00","dateModified":"2022-01-26T03:06:56+00:00","description":"Nuestro experto neurocirujano del sur de Florida comparte su experiencia sobre si el tratamiento de hipofisectom\u00eda transfenoidal para tumores pituitarios es adecuado para usted.","breadcrumb":{"@id":"https:\/\/themorrisonclinic.com\/es\/tratamientos-de-neurocirugia\/hipofisectomia-transfenoidal#breadcrumb"},"inLanguage":"es","potentialAction":[{"@type":"ReadAction","target":["https:\/\/themorrisonclinic.com\/es\/tratamientos-de-neurocirugia\/hipofisectomia-transfenoidal"]}]},{"@type":"ImageObject","inLanguage":"es","@id":"https:\/\/themorrisonclinic.com\/es\/tratamientos-de-neurocirugia\/hipofisectomia-transfenoidal#primaryimage","url":"https:\/\/themorrisonclinic.com\/wp-content\/uploads\/2021\/12\/Transphenoidal-hypophysectomy-Tile.jpg","contentUrl":"https:\/\/themorrisonclinic.com\/wp-content\/uploads\/2021\/12\/Transphenoidal-hypophysectomy-Tile.jpg","width":1120,"height":630,"caption":"Transphenoidal-hypophysectomy"},{"@type":"BreadcrumbList","@id":"https:\/\/themorrisonclinic.com\/es\/tratamientos-de-neurocirugia\/hipofisectomia-transfenoidal#breadcrumb","itemListElement":[{"@type":"ListItem","position":1,"name":"Home","item":"https:\/\/themorrisonclinic.com\/es"},{"@type":"ListItem","position":2,"name":"Tratamientos de neurocirug\u00eda","item":"https:\/\/themorrisonclinic.com\/es\/tratamientos-de-neurocirugia"},{"@type":"ListItem","position":3,"name":"Hipofisectom\u00eda transfenoidal"}]},{"@type":"WebSite","@id":"https:\/\/themorrisonclinic.com\/es#website","url":"https:\/\/themorrisonclinic.com\/es","name":"The Morrison Clinic","description":"South Florida Neurosurgeon","publisher":{"@id":"https:\/\/themorrisonclinic.com\/es#organization"},"potentialAction":[{"@type":"SearchAction","target":{"@type":"EntryPoint","urlTemplate":"https:\/\/themorrisonclinic.com\/es?s={search_term_string}"},"query-input":{"@type":"PropertyValueSpecification","valueRequired":true,"valueName":"search_term_string"}}],"inLanguage":"es"},{"@type":"Organization","@id":"https:\/\/themorrisonclinic.com\/es#organization","name":"Morrison Clinic","url":"https:\/\/themorrisonclinic.com\/es","logo":{"@type":"ImageObject","inLanguage":"es","@id":"https:\/\/themorrisonclinic.com\/es#\/schema\/logo\/image\/","url":"https:\/\/themorrisonclinic.com\/wp-content\/uploads\/2020\/06\/logotransparent.png","contentUrl":"https:\/\/themorrisonclinic.com\/wp-content\/uploads\/2020\/06\/logotransparent.png","width":2734,"height":1250,"caption":"Morrison Clinic"},"image":{"@id":"https:\/\/themorrisonclinic.com\/es#\/schema\/logo\/image\/"}}]}},"_links":{"self":[{"href":"https:\/\/themorrisonclinic.com\/es\/wp-json\/wp\/v2\/pages\/10856","targetHints":{"allow":["GET"]}}],"collection":[{"href":"https:\/\/themorrisonclinic.com\/es\/wp-json\/wp\/v2\/pages"}],"about":[{"href":"https:\/\/themorrisonclinic.com\/es\/wp-json\/wp\/v2\/types\/page"}],"author":[{"embeddable":true,"href":"https:\/\/themorrisonclinic.com\/es\/wp-json\/wp\/v2\/users\/2"}],"replies":[{"embeddable":true,"href":"https:\/\/themorrisonclinic.com\/es\/wp-json\/wp\/v2\/comments?post=10856"}],"version-history":[{"count":0,"href":"https:\/\/themorrisonclinic.com\/es\/wp-json\/wp\/v2\/pages\/10856\/revisions"}],"up":[{"embeddable":true,"href":"https:\/\/themorrisonclinic.com\/es\/wp-json\/wp\/v2\/pages\/10633"}],"wp:featuredmedia":[{"embeddable":true,"href":"https:\/\/themorrisonclinic.com\/es\/wp-json\/wp\/v2\/media\/10519"}],"wp:attachment":[{"href":"https:\/\/themorrisonclinic.com\/es\/wp-json\/wp\/v2\/media?parent=10856"}],"curies":[{"name":"wp","href":"https:\/\/api.w.org\/{rel}","templated":true}]}}