{"id":10613,"date":"2021-12-22T20:54:30","date_gmt":"2021-12-22T20:54:30","guid":{"rendered":"https:\/\/themorrisonclinic.com\/descompresion-microvascular"},"modified":"2021-12-22T20:54:38","modified_gmt":"2021-12-22T20:54:38","slug":"descompresion-microvascular","status":"publish","type":"page","link":"https:\/\/themorrisonclinic.com\/es\/tratamientos-de-neurocirugia\/descompresion-microvascular","title":{"rendered":"Descompresi\u00f3n microvascular"},"content":{"rendered":"<p>[vc_row css=&#8221;.vc_custom_1634399600751{margin-top: 0px !important;padding-top: 4rem !important;}&#8221;][vc_column width=&#8221;2\/3&#8243;][vc_row_inner][vc_column_inner][vc_column_text el_class=&#8221;treatment-h2&#8243; css=&#8221;.vc_custom_1636318883223{margin-bottom: 2rem !important;}&#8221;]<\/p>\n<h2>Objetivo de la descompresi\u00f3n microvascular (MVD)<\/h2>\n<p>[\/vc_column_text][vc_column_text el_class=&#8221;treatment-text&#8221;]<strong>La descompresi\u00f3n microvascular<\/strong> es un tratamiento para la <a href=\"https:\/\/themorrisonclinic.com\/es?page_id=10581\">neuralgia del trig\u00e9mino<\/a> . Alivia la presi\u00f3n de un vaso pulsante que presiona contra el nervio trig\u00e9mino, provocando impulsos dolorosos de la cara.[\/vc_column_text][vc_btn title=&#8221;Programe su consulta electr\u00f3nica de descompresi\u00f3n microvascular&#8221; style=&#8221;flat&#8221; color=&#8221;blue&#8221; size=&#8221;lg&#8221; link=&#8221;url:%23contacto|&#8221; css=&#8221;.vc_custom_1639338873999{margin-top: 2rem !important;}&#8221; el_class=&#8221;mc-blue-button&#8221; el_id=&#8221;mvd-econsult-btn&#8221;][\/vc_column_inner][\/vc_row_inner][vc_row_inner][vc_column_inner][vc_column_text el_class=&#8221;treatment-h2&#8243; css=&#8221;.vc_custom_1636647111352{margin-bottom: 2rem !important;}&#8221;]<\/p>\n<h2>C\u00f3mo se realiza la descompresi\u00f3n microvascular<\/h2>\n<p>[\/vc_column_text][vc_column_text el_class=&#8221;treatment-text&#8221;]El procedimiento se realiza bajo anestesia general. Se afeita el pelo detr\u00e1s de la oreja y se extrae una peque\u00f1a parte del cr\u00e1neo. Se identifica el nervio y se colocan trozos de tefl\u00f3n entre el nervio y los vasos sangu\u00edneos da\u00f1inos. A continuaci\u00f3n, se cubre el \u00e1rea peque\u00f1a de extracci\u00f3n de hueso con una malla met\u00e1lica delgada.[\/vc_column_text][\/vc_column_inner][\/vc_row_inner][vc_row_inner][vc_column_inner][vc_column_text el_class=&#8221;treatment-h2&#8243; css=&#8221;.vc_custom_1637190413438{margin-bottom: 2rem !important;}&#8221;]<\/p>\n<h2>\u00bfSoy un candidato?<\/h2>\n<p>[\/vc_column_text][vc_column_text el_class=&#8221;treatment-text&#8221;]Puede ser candidato para MVD si tiene:<\/p>\n<ul>\n<li>Neuralgia del trig\u00e9mino que no se controla bien con medicamentos.<\/li>\n<li>Dolor facial aislado en la divisi\u00f3n oft\u00e1lmica.<\/li>\n<li>Dolor facial en las tres divisiones del trig\u00e9mino.<\/li>\n<li>Recurrencia del dolor facial despu\u00e9s de un procedimiento previo de radiocirug\u00eda o percut\u00e1nea<\/li>\n<\/ul>\n<p>Debido <strong>a que el tratamiento de decopresi\u00f3n microvascular<\/strong> implica el uso de anestesia general y cirug\u00eda cerebral, los pacientes con otras afecciones m\u00e9dicas o que se encuentran en mal estado de salud pueden no ser candidatos. MVD no tiene \u00e9xito en el tratamiento del dolor facial causado por la esclerosis m\u00faltiple.<\/p>\n<p>Debido al bajo riesgo de p\u00e9rdida auditiva, la MVD puede no ser adecuada para pacientes que tienen p\u00e9rdida auditiva en el otro o\u00eddo.<\/p>\n<div class=\"vc_row wpb_row vc_inner vc_row-fluid\">\n<div class=\"wpb_column vc_column_container vc_col-sm-12\">\n<div class=\"vc_column-inner\">\n<div class=\"wpb_wrapper\">\n<div class=\"wpb_text_column wpb_content_element treatment-text\">\n<div class=\"wpb_wrapper\">\n<p><a href=\"#contact\">Programe una consulta electr\u00f3nica aqu\u00ed<\/a> para obtener m\u00e1s informaci\u00f3n sobre su candidatura para el tratamiento de MVD.<\/p>\n<\/div>\n<\/div>\n<\/div>\n<\/div>\n<\/div>\n<\/div>\n<div class=\"vc_row wpb_row vc_inner vc_row-fluid\">\n<div class=\"wpb_column vc_column_container vc_col-sm-12\">\n<div class=\"vc_column-inner\">\n<div class=\"wpb_wrapper\"><\/div>\n<\/div>\n<\/div>\n<\/div>\n<p>[\/vc_column_text][\/vc_column_inner][\/vc_row_inner][vc_row_inner][vc_column_inner][vc_column_text el_class=&#8221;treatment-h2&#8243; css=&#8221;.vc_custom_1636647253988{margin-bottom: 2rem !important;}&#8221;]<\/p>\n<h2>Tratamiento de descompresi\u00f3n microvascular en The Morrison Clinic \u2122<\/h2>\n<p>[\/vc_column_text][vc_column_text el_class=&#8221;treatment-text&#8221;]Para ayudar a determinar si <a href=\"https:\/\/www.neurosurgicalatlas.com\/volumes\/cranial-nerve-compression-syndromes\/trigeminal-neuralgia\/microvascular-decompression-for-trigeminal-neuralgia\">el tratamiento con MVD<\/a> es adecuado para usted, el Dr. Morrison le pedir\u00e1 que considere:<\/p>\n<ul>\n<li>\u00bfCu\u00e1les son sus s\u00edntomas y d\u00f3nde se localizan?<\/li>\n<li>\u00bfCu\u00e1ndo desarroll\u00f3 estos s\u00edntomas por primera vez?<\/li>\n<li>\u00bfHan empeorado sus s\u00edntomas con el tiempo?<\/li>\n<li>\u00bfCon qu\u00e9 frecuencia experimenta episodios de dolor facial y ha notado si algo parece desencadenar su dolor facial?<\/li>\n<li>\u00bfCu\u00e1nto suele durar un ataque de dolor facial?<\/li>\n<li>\u00bfEn qu\u00e9 medida estos s\u00edntomas afectan su calidad de vida?<\/li>\n<li>\u00bfAlguna vez se ha sometido a una cirug\u00eda dental o una cirug\u00eda en la cara o cerca de ella, como una cirug\u00eda de los senos nasales?<\/li>\n<li>\u00bfHa tenido alg\u00fan traumatismo facial, como una lesi\u00f3n o accidente que le afect\u00f3 la cara?<\/li>\n<li>\u00bfHa probado alg\u00fan tratamiento para su dolor facial hasta ahora? \u00bfHa ayudado algo?<\/li>\n<li>\u00bfQu\u00e9 efectos secundarios ha experimentado con el tratamiento?<\/li>\n<\/ul>\n<p>[\/vc_column_text][\/vc_column_inner][\/vc_row_inner][vc_row_inner][vc_column_inner][vc_empty_space height=&#8221;15px&#8221;][vc_column_text el_class=&#8221;treatment-h2&#8243; css=&#8221;.vc_custom_1637190424947{margin-bottom: 2rem !important;}&#8221;]<\/p>\n<h2>Pruebas para determinar si se necesita MVD<\/h2>\n<p>[\/vc_column_text][vc_column_text el_class=&#8221;treatment-text&#8221;]El Dr. Morrison diagnosticar\u00e1 la neuralgia del trig\u00e9mino principalmente seg\u00fan su descripci\u00f3n del dolor, que incluye:<\/p>\n<ul>\n<li><b>Tipo:<\/b> el dolor relacionado con la neuralgia del trig\u00e9mino es repentino, similar a un shock y breve<\/li>\n<li><b>Ubicaci\u00f3n:<\/b> las partes de su cara que se ven afectadas por el dolor le dir\u00e1n a su m\u00e9dico si el nervio trig\u00e9mino est\u00e1 involucrado<\/li>\n<li><b>Desencadenantes:<\/b> el dolor relacionado con la neuralgia del trig\u00e9mino generalmente es provocado por la estimulaci\u00f3n ligera de las mejillas, como al comer, hablar o incluso al encontrarse con una brisa fresca.<\/li>\n<\/ul>\n<p>Tambi\u00e9n podemos realizar estas pruebas para diagnosticarlo y determinar las causas subyacentes:<\/p>\n<ul>\n<li><b>Un examen neurol\u00f3gico:<\/b> tocar y examinar partes de la cara puede ayudar a su m\u00e9dico a determinar exactamente d\u00f3nde est\u00e1 ocurriendo el dolor y, si parece tener neuralgia del trig\u00e9mino, qu\u00e9 ramas del nervio trig\u00e9mino pueden verse afectadas. Las pruebas de reflejos tambi\u00e9n pueden ayudar a su m\u00e9dico a determinar si sus s\u00edntomas son causados por un nervio comprimido u otra afecci\u00f3n.<\/li>\n<li><b>Im\u00e1genes por resonancia magn\u00e9tica (IRM):<\/b> su m\u00e9dico puede ordenar una resonancia magn\u00e9tica de su cabeza para determinar si la esclerosis m\u00faltiple o un tumor est\u00e1 causando la neuralgia del trig\u00e9mino. En algunos casos, su m\u00e9dico puede inyectar un tinte en un vaso sangu\u00edneo para ver las arterias y venas y resaltar el flujo sangu\u00edneo (angiograf\u00eda por resonancia magn\u00e9tica).<\/li>\n<\/ul>\n<p>El dolor facial puede ser causado por muchas afecciones diferentes, por lo que un diagn\u00f3stico preciso es esencial antes de continuar con el tratamiento con MVD.[\/vc_column_text][\/vc_column_inner][\/vc_row_inner][vc_row_inner css=&#8221;.vc_custom_1634694525054{padding-top: 1rem !important;padding-right: 1rem !important;padding-bottom: 1rem !important;padding-left: 1rem !important;background-color: #ecf1f6 !important;}&#8221;][vc_column_inner css=&#8221;.vc_custom_1634696599513{padding-top: 0px !important;padding-bottom: 0px !important;}&#8221;][vc_empty_space height=&#8221;15px&#8221;][vc_column_text el_class=&#8221;treatment-h3&#8243; css=&#8221;.vc_custom_1637190437602{margin-top: 0px !important;margin-bottom: 0px !important;padding-bottom: 1rem !important;}&#8221;]<\/p>\n<h3 style=\"font-size: 26px\">Condiciones que trata la descompresi\u00f3n microvascular<\/h3>\n<p>[\/vc_column_text][vc_column_text el_class=&#8221;treatment-text&#8221; css=&#8221;.vc_custom_1639961112211{padding-bottom: 1rem !important;}&#8221;]MVD representa el <strong>tratamiento est\u00e1ndar de oro de primera l\u00ednea para la <a href=\"https:\/\/themorrisonclinic.com\/es?page_id=10581\">neuralgia del trig\u00e9mino<\/a><\/strong> ; su objetivo es liberar el nervio de cualquier contacto.[\/vc_column_text][\/vc_column_inner][\/vc_row_inner][vc_row_inner][vc_column_inner][vc_empty_space height=&#8221;15px&#8221;][vc_column_text el_class=&#8221;treatment-h2&#8243; css=&#8221;.vc_custom_1636647535893{margin-bottom: 2rem !important;}&#8221;]<\/p>\n<h2>Cuidados posteriores de MVD e influir positivamente en la recuperaci\u00f3n<\/h2>\n<p>[\/vc_column_text][vc_column_text el_class=&#8221;treatment-text&#8221;]Despu\u00e9s de la cirug\u00eda, lo llevar\u00e1n a la sala de recuperaci\u00f3n donde se monitorean los signos vitales mientras se despierta de la anestesia. A continuaci\u00f3n, lo trasladan a la unidad de cuidados intensivos (UCI) para una observaci\u00f3n cercana durante la noche. Puede experimentar n\u00e1useas y dolor de cabeza despu\u00e9s de la cirug\u00eda; la medicaci\u00f3n puede controlar estos s\u00edntomas. Cuando su condici\u00f3n se estabilice, ser\u00e1 trasladado a una habitaci\u00f3n normal donde aumentar\u00e1 su nivel de actividad (sentarse en una silla, caminar). En 1 o 2 d\u00edas le dar\u00e1n de alta del hospital y le dar\u00e1n instrucciones de alta.<\/p>\n<p>Los pacientes que toman anticonvulsivos o analg\u00e9sicos para la neuralgia del trig\u00e9mino antes de la cirug\u00eda dejar\u00e1n de tomar los medicamentos de acuerdo con un programa para disminuir el riesgo de abstinencia y efectos secundarios.<\/p>\n<p>Para su mejor calidad de vida, le recomendamos que siga las instrucciones de atenci\u00f3n domiciliaria de nuestra cl\u00ednica de <a href=\"https:\/\/themorrisonclinic.com\/es\">neurocirujano del sur de Florida<\/a> durante 2 semanas despu\u00e9s de la cirug\u00eda o hasta su cita de seguimiento. En general, puede esperar:<\/p>\n<p>&nbsp;<\/p>\n<h4>&#8211; <b>Cuidado de la incisi\u00f3n<\/b><\/h4>\n<p>Puede ducharse al d\u00eda siguiente de la cirug\u00eda y lavarse el cabello con un champ\u00fa suave para beb\u00e9s. Lave suavemente el \u00e1rea de la incisi\u00f3n con agua y jab\u00f3n todos los d\u00edas. No frote ni deje que el agua golpee con fuerza la incisi\u00f3n. Seque.<\/p>\n<p>Si el pegamento cut\u00e1neo Dermabond cubre la incisi\u00f3n, no frote ni pellizque el pegamento.<\/p>\n<p>No sumerja ni sumerja la incisi\u00f3n en un ba\u00f1o, piscina o tina. No aplique loci\u00f3n \/ ung\u00fcento en la incisi\u00f3n, incluidos los productos para el cabello.<\/p>\n<p>Es posible que escuche ruidos extra\u00f1os (estallidos, crujidos, zumbidos) dentro de su cabeza. Esta es una curaci\u00f3n normal a medida que se reabsorben el aire y los l\u00edquidos.<\/p>\n<p>No te ti\u00f1es el cabello durante 6 semanas. Si se corta el cabello, tenga cuidado cerca de la incisi\u00f3n.<\/p>\n<p>&nbsp;<\/p>\n<h4>&#8211; <b>medicamentos<\/b><\/h4>\n<p>Los dolores de cabeza son comunes despu\u00e9s de la cirug\u00eda. Puede tomar acetaminof\u00e9n (Tylenol).<\/p>\n<p>Tome los analg\u00e9sicos seg\u00fan las indicaciones de su cirujano. Reduzca la cantidad y la frecuencia a medida que cede el dolor. Si no necesita el analg\u00e9sico, no lo tome.<\/p>\n<p>Los narc\u00f3ticos pueden causar estre\u00f1imiento. Beba mucha agua y coma alimentos ricos en fibra. Los laxantes y ablandadores de heces pueden ayudar a evacuar los intestinos. Colace, Senokot, Dulcolax y Miralax son opciones de venta libre.<\/p>\n<p>Se pueden recetar medicamentos anticonvulsivos. Algunos pacientes desarrollan efectos secundarios como somnolencia, problemas de equilibrio o erupciones cut\u00e1neas. Llame a la oficina si ocurre alguno de estos.<\/p>\n<p>Nuestra <a href=\"https:\/\/themorrisonclinic.com\/es\">cl\u00ednica de neurocirujano<\/a> recomienda que no consuma analg\u00e9sicos antiinflamatorios (Advil, Aleve), anticoagulantes o suplementos sin autorizaci\u00f3n.<\/p>\n<p>&nbsp;<\/p>\n<h4>&#8211; <b>Actividad<\/b><\/h4>\n<p>Lev\u00e1ntese y camine de 5 a 10 minutos cada 3 a 4 horas. Aumente gradualmente la marcha a medida que pueda.<\/p>\n<p>Puede producirse hinchaz\u00f3n y hematomas en el o\u00eddo o la cara. Tardar\u00e1 varias semanas en desaparecer.<\/p>\n<p>Duerma con la cabeza elevada y aplique hielo 3-4 veces al d\u00eda durante 15-20 minutos para ayudar a reducir el dolor y la hinchaz\u00f3n.[\/vc_column_text][\/vc_column_inner][\/vc_row_inner][\/vc_column][vc_column width=&#8221;1\/3&#8243;][vc_wp_custommenu title=&#8221;Tratos&#8221; nav_menu=&#8221;45&#8243; el_class=&#8221;treatment-link-menu&#8221; el_id=&#8221;treatment-link-menu&#8221;][vc_empty_space height=&#8221;20px&#8221;][vc_row_inner css=&#8221;.vc_custom_1634696085185{margin-top: 1rem !important;margin-right: 1rem !important;margin-bottom: 1rem !important;margin-left: 1rem !important;padding-top: 2rem !important;padding-right: 2rem !important;padding-bottom: 2rem !important;padding-left: 2rem !important;background-color: #305893 !important;}&#8221;][vc_column_inner css=&#8221;.vc_custom_1634696442660{padding-top: 0px !important;}&#8221;][vc_icon icon_fontawesome=&#8221;fa fa-comments-o&#8221; color=&#8221;white&#8221; size=&#8221;xl&#8221; align=&#8221;center&#8221; css=&#8221;.vc_custom_1634696031215{margin-bottom: .5rem !important;}&#8221;][vc_column_text css=&#8221;.vc_custom_1634696393911{margin-bottom: 0px !important;padding-top: 15px !important;padding-bottom: 15px !important;}&#8221;]<\/p>\n<h4 style=\"color: #ffffff;text-align: center\">\u00bfNecesita una opini\u00f3n de un experto?<\/h4>\n<p>[\/vc_column_text]\r<!-- radiantthemes-custom-button -->\r<div class=\"radiantthemes-custom-button hover-style-two rt1621744903  \" id=\"econsult-btn\" data-button-direction=\"center\" data-button-fullwidth=\"true\" ><a style=\" color: #305893; font-size: 22px;\" class=\"radiantthemes-custom-button-main  vc_custom_1639338905930\" href=\"#contact\"  title=\"\" target=\"_self\"><div class=\"overlay\"><\/div><div class=\"placeholder\">Schedule an e-consult<\/div><\/a><\/div>\r<!-- radiantthemes-custom-button -->\r[\/vc_column_inner][\/vc_row_inner][vc_raw_js]JTNDc2NyaXB0JTNFJTBBJTIwJTIwZ3RhZyUyOCUyN2V2ZW50JTI3JTJDJTIwJTI3Y29udmVyc2lvbiUyNyUyQyUyMCU3QiUwQSUyMCUyMCUyMCUyMCUyMCUyMCUyN3NlbmRfdG8lMjclM0ElMjAlMjdBVy0xMDc4NDc4Mjk0NyUyRnNBdEdDTlBMcllvREVPUDB5cFlvJTI3JTJDJTBBJTIwJTIwJTIwJTIwJTIwJTIwJTI3dmFsdWUlMjclM0ElMjAxLjAlMkMlMEElMjAlMjAlMjAlMjAlMjAlMjAlMjdjdXJyZW5jeSUyNyUzQSUyMCUyN1VTRCUyNyUyQyUwQSUyMCUyMCUyMCUyMCUyMCUyMCUyN2F3X3JlbWFya2V0aW5nX29ubHklMjclM0ElMjB0cnVlJTBBJTIwJTIwJTdEJTI5JTNCJTBBJTNDJTJGc2NyaXB0JTNF[\/vc_raw_js][\/vc_column][\/vc_row][vc_row][vc_column][vc_empty_space height=&#8221;50px&#8221;]<div class=\"radiantthemes-blockquote element-one   \" ><blockquote ><i class=\"fa fa-quote-left\" ><\/i>Immediately following surgery, I was standing and walking pain free. I am enjoying my life again and have Dr. Morrison to thank!<cite><\/cite><\/blockquote><\/div>[vc_empty_space height=&#8221;50px&#8221;][\/vc_column][\/vc_row][vc_row el_id=&#8221;contacto&#8221;][vc_column width=&#8221;1\/6&#8243; el_id=&#8221;treatment-contact-form&#8221;][\/vc_column][vc_column width=&#8221;2\/3&#8243;][vc_column_text el_class=&#8221;treatment-h2&#8243; css=&#8221;.vc_custom_1636647306029{margin-bottom: 0px !important;padding-bottom: 1rem !important;}&#8221;]<\/p>\n<h2 style=\"text-align: center\">Programe una consulta electr\u00f3nica de descompresi\u00f3n microvascular<\/h2>\n<p>[\/vc_column_text][vc_column_text css=&#8221;.vc_custom_1636647294488{margin-bottom: 3rem !important;}&#8221;]<span style=\"font-weight: 400\">Estamos comprometidos con tu mejor calidad de vida. Programe una consulta electr\u00f3nica para determinar si la <b>descompresi\u00f3n microvascular (MVD)<\/b> puede brindarle el mejor resultado. <\/span>[\/vc_column_text][rt_cf7_style padding_right=&#8221;10px&#8221; padding_left=&#8221;10px&#8221; radiant_border_style=&#8221;solid&#8221; radiant_border_color=&#8221;#e6e5e5&#8243; radiant_border_top=&#8221;1px&#8221; radiant_border_right=&#8221;1px&#8221; radiant_border_bottom=&#8221;1px&#8221; radiant_border_left=&#8221;1px&#8221; radiant_focus_style=&#8221;solid&#8221; radiant_focus_top=&#8221;1px&#8221; radiant_focus_right=&#8221;1px&#8221; radiant_focus_bottom=&#8221;1px&#8221; radiant_focus_left=&#8221;1px&#8221;][contact-form-7 id=&#8221;9393&#8243;][\/rt_cf7_style][\/vc_column][vc_column width=&#8221;1\/6&#8243;][\/vc_column][\/vc_row][vc_row][vc_column][vc_empty_space height=&#8221;100px&#8221;][\/vc_column][\/vc_row]<\/p>\n","protected":false},"excerpt":{"rendered":"<p>[vc_row css=&#8221;.vc_custom_1634399600751{margin-top: 0px !important;padding-top: 4rem !important;}&#8221;][vc_column width=&#8221;2\/3&#8243;][vc_row_inner][vc_column_inner][vc_column_text el_class=&#8221;treatment-h2&#8243; css=&#8221;.vc_custom_1636318883223{margin-bottom: 2rem !important;}&#8221;] Objetivo de la descompresi\u00f3n microvascular (MVD) [\/vc_column_text][vc_column_text el_class=&#8221;treatment-text&#8221;]La descompresi\u00f3n microvascular es un tratamiento para la neuralgia del trig\u00e9mino . Alivia la presi\u00f3n de un vaso pulsante que presiona contra el nervio trig\u00e9mino, provocando impulsos dolorosos de la cara.[\/vc_column_text][vc_btn title=&#8221;Programe su consulta electr\u00f3nica de descompresi\u00f3n microvascular&#8221; style=&#8221;flat&#8221; color=&#8221;blue&#8221; size=&#8221;lg&#8221; link=&#8221;url:%23contacto|&#8221;<\/p>\n","protected":false},"author":2,"featured_media":10500,"parent":10633,"menu_order":1,"comment_status":"closed","ping_status":"closed","template":"","meta":{"_acf_changed":false,"footnotes":""},"class_list":["post-10613","page","type-page","status-publish","has-post-thumbnail","hentry","smct_cats-treatments"],"acf":[],"yoast_head":"<!-- This site is optimized with the Yoast SEO plugin v27.3 - https:\/\/yoast.com\/product\/yoast-seo-wordpress\/ -->\n<title>M\u00e9dico Descompresi\u00f3n Microvascular | Tratamiento de la neuralgia del trig\u00e9mino<\/title>\n<meta name=\"description\" content=\"La descompresi\u00f3n microvascular (MVD) es el est\u00e1ndar de oro de los tratamientos para la neuralgia del trig\u00e9mino y aqu\u00ed la realizan nuestros neurocirujanos del sur de Florida.\" \/>\n<meta name=\"robots\" content=\"index, follow, max-snippet:-1, max-image-preview:large, max-video-preview:-1\" \/>\n<link rel=\"canonical\" href=\"https:\/\/themorrisonclinic.com\/es\/tratamientos-de-neurocirugia\/descompresion-microvascular\" \/>\n<meta property=\"og:locale\" content=\"es_ES\" \/>\n<meta property=\"og:type\" content=\"article\" \/>\n<meta property=\"og:title\" content=\"M\u00e9dico Descompresi\u00f3n Microvascular | Tratamiento de la neuralgia del trig\u00e9mino\" \/>\n<meta property=\"og:description\" content=\"La descompresi\u00f3n microvascular (MVD) es el est\u00e1ndar de oro de los tratamientos para la neuralgia del trig\u00e9mino y aqu\u00ed la realizan nuestros neurocirujanos del sur de Florida.\" \/>\n<meta property=\"og:url\" content=\"https:\/\/themorrisonclinic.com\/es\/tratamientos-de-neurocirugia\/descompresion-microvascular\" \/>\n<meta property=\"og:site_name\" content=\"The Morrison Clinic\" \/>\n<meta property=\"article:modified_time\" content=\"2021-12-22T20:54:38+00:00\" \/>\n<meta property=\"og:image\" content=\"https:\/\/themorrisonclinic.com\/wp-content\/uploads\/2021\/11\/Microvascular_decompression_Tile.png\" \/>\n\t<meta property=\"og:image:width\" content=\"1120\" \/>\n\t<meta property=\"og:image:height\" content=\"630\" \/>\n\t<meta property=\"og:image:type\" content=\"image\/png\" \/>\n<meta name=\"twitter:card\" content=\"summary_large_image\" \/>\n<meta name=\"twitter:label1\" content=\"Tiempo de lectura\" \/>\n\t<meta name=\"twitter:data1\" content=\"11 minutos\" \/>\n<!-- \/ Yoast SEO plugin. -->","yoast_head_json":{"title":"M\u00e9dico Descompresi\u00f3n Microvascular | Tratamiento de la neuralgia del trig\u00e9mino","description":"La descompresi\u00f3n microvascular (MVD) es el est\u00e1ndar de oro de los tratamientos para la neuralgia del trig\u00e9mino y aqu\u00ed la realizan nuestros neurocirujanos del sur de Florida.","robots":{"index":"index","follow":"follow","max-snippet":"max-snippet:-1","max-image-preview":"max-image-preview:large","max-video-preview":"max-video-preview:-1"},"canonical":"https:\/\/themorrisonclinic.com\/es\/tratamientos-de-neurocirugia\/descompresion-microvascular","og_locale":"es_ES","og_type":"article","og_title":"M\u00e9dico Descompresi\u00f3n Microvascular | Tratamiento de la neuralgia del trig\u00e9mino","og_description":"La descompresi\u00f3n microvascular (MVD) es el est\u00e1ndar de oro de los tratamientos para la neuralgia del trig\u00e9mino y aqu\u00ed la realizan nuestros neurocirujanos del sur de Florida.","og_url":"https:\/\/themorrisonclinic.com\/es\/tratamientos-de-neurocirugia\/descompresion-microvascular","og_site_name":"The Morrison Clinic","article_modified_time":"2021-12-22T20:54:38+00:00","og_image":[{"width":1120,"height":630,"url":"https:\/\/themorrisonclinic.com\/wp-content\/uploads\/2021\/11\/Microvascular_decompression_Tile.png","type":"image\/png"}],"twitter_card":"summary_large_image","twitter_misc":{"Tiempo de lectura":"11 minutos"},"schema":{"@context":"https:\/\/schema.org","@graph":[{"@type":"WebPage","@id":"https:\/\/themorrisonclinic.com\/es\/tratamientos-de-neurocirugia\/descompresion-microvascular","url":"https:\/\/themorrisonclinic.com\/es\/tratamientos-de-neurocirugia\/descompresion-microvascular","name":"M\u00e9dico Descompresi\u00f3n Microvascular | Tratamiento de la neuralgia del trig\u00e9mino","isPartOf":{"@id":"https:\/\/themorrisonclinic.com\/es#website"},"primaryImageOfPage":{"@id":"https:\/\/themorrisonclinic.com\/es\/tratamientos-de-neurocirugia\/descompresion-microvascular#primaryimage"},"image":{"@id":"https:\/\/themorrisonclinic.com\/es\/tratamientos-de-neurocirugia\/descompresion-microvascular#primaryimage"},"thumbnailUrl":"https:\/\/themorrisonclinic.com\/wp-content\/uploads\/2021\/11\/Microvascular_decompression_Tile.png","datePublished":"2021-12-22T20:54:30+00:00","dateModified":"2021-12-22T20:54:38+00:00","description":"La descompresi\u00f3n microvascular (MVD) es el est\u00e1ndar de oro de los tratamientos para la neuralgia del trig\u00e9mino y aqu\u00ed la realizan nuestros neurocirujanos del sur de Florida.","breadcrumb":{"@id":"https:\/\/themorrisonclinic.com\/es\/tratamientos-de-neurocirugia\/descompresion-microvascular#breadcrumb"},"inLanguage":"es","potentialAction":[{"@type":"ReadAction","target":["https:\/\/themorrisonclinic.com\/es\/tratamientos-de-neurocirugia\/descompresion-microvascular"]}]},{"@type":"ImageObject","inLanguage":"es","@id":"https:\/\/themorrisonclinic.com\/es\/tratamientos-de-neurocirugia\/descompresion-microvascular#primaryimage","url":"https:\/\/themorrisonclinic.com\/wp-content\/uploads\/2021\/11\/Microvascular_decompression_Tile.png","contentUrl":"https:\/\/themorrisonclinic.com\/wp-content\/uploads\/2021\/11\/Microvascular_decompression_Tile.png","width":1120,"height":630,"caption":"Microvascular_decompression"},{"@type":"BreadcrumbList","@id":"https:\/\/themorrisonclinic.com\/es\/tratamientos-de-neurocirugia\/descompresion-microvascular#breadcrumb","itemListElement":[{"@type":"ListItem","position":1,"name":"Home","item":"https:\/\/themorrisonclinic.com\/es"},{"@type":"ListItem","position":2,"name":"Tratamientos de neurocirug\u00eda","item":"https:\/\/themorrisonclinic.com\/es\/tratamientos-de-neurocirugia"},{"@type":"ListItem","position":3,"name":"Descompresi\u00f3n microvascular"}]},{"@type":"WebSite","@id":"https:\/\/themorrisonclinic.com\/es#website","url":"https:\/\/themorrisonclinic.com\/es","name":"The Morrison Clinic","description":"South Florida Neurosurgeon","publisher":{"@id":"https:\/\/themorrisonclinic.com\/es#organization"},"potentialAction":[{"@type":"SearchAction","target":{"@type":"EntryPoint","urlTemplate":"https:\/\/themorrisonclinic.com\/es?s={search_term_string}"},"query-input":{"@type":"PropertyValueSpecification","valueRequired":true,"valueName":"search_term_string"}}],"inLanguage":"es"},{"@type":"Organization","@id":"https:\/\/themorrisonclinic.com\/es#organization","name":"Morrison Clinic","url":"https:\/\/themorrisonclinic.com\/es","logo":{"@type":"ImageObject","inLanguage":"es","@id":"https:\/\/themorrisonclinic.com\/es#\/schema\/logo\/image\/","url":"https:\/\/themorrisonclinic.com\/wp-content\/uploads\/2020\/06\/logotransparent.png","contentUrl":"https:\/\/themorrisonclinic.com\/wp-content\/uploads\/2020\/06\/logotransparent.png","width":2734,"height":1250,"caption":"Morrison Clinic"},"image":{"@id":"https:\/\/themorrisonclinic.com\/es#\/schema\/logo\/image\/"}}]}},"_links":{"self":[{"href":"https:\/\/themorrisonclinic.com\/es\/wp-json\/wp\/v2\/pages\/10613","targetHints":{"allow":["GET"]}}],"collection":[{"href":"https:\/\/themorrisonclinic.com\/es\/wp-json\/wp\/v2\/pages"}],"about":[{"href":"https:\/\/themorrisonclinic.com\/es\/wp-json\/wp\/v2\/types\/page"}],"author":[{"embeddable":true,"href":"https:\/\/themorrisonclinic.com\/es\/wp-json\/wp\/v2\/users\/2"}],"replies":[{"embeddable":true,"href":"https:\/\/themorrisonclinic.com\/es\/wp-json\/wp\/v2\/comments?post=10613"}],"version-history":[{"count":0,"href":"https:\/\/themorrisonclinic.com\/es\/wp-json\/wp\/v2\/pages\/10613\/revisions"}],"up":[{"embeddable":true,"href":"https:\/\/themorrisonclinic.com\/es\/wp-json\/wp\/v2\/pages\/10633"}],"wp:featuredmedia":[{"embeddable":true,"href":"https:\/\/themorrisonclinic.com\/es\/wp-json\/wp\/v2\/media\/10500"}],"wp:attachment":[{"href":"https:\/\/themorrisonclinic.com\/es\/wp-json\/wp\/v2\/media?parent=10613"}],"curies":[{"name":"wp","href":"https:\/\/api.w.org\/{rel}","templated":true}]}}