{"id":10612,"date":"2021-12-22T20:54:30","date_gmt":"2021-12-22T20:54:30","guid":{"rendered":"https:\/\/themorrisonclinic.com\/condiciones\/glioblastoma"},"modified":"2021-12-22T20:54:33","modified_gmt":"2021-12-22T20:54:33","slug":"glioblastoma","status":"publish","type":"page","link":"https:\/\/themorrisonclinic.com\/es\/condiciones\/glioblastoma","title":{"rendered":"Glioblastoma"},"content":{"rendered":"<p>[vc_row css=&#8221;.vc_custom_1634399474019{margin-top: 0px !important;padding-top: 4rem !important;}&#8221;][vc_column width=&#8221;2\/3&#8243;][vc_row_inner][vc_column_inner][vc_column_text el_class=&#8221;treatment-h2&#8243; css=&#8221;.vc_custom_1639246063637{margin-bottom: 2rem !important;}&#8221;]<\/p>\n<h2>\u00bfQu\u00e9 es el glioblastoma?<\/h2>\n<p>[\/vc_column_text][vc_column_text el_class=&#8221;treatment-text&#8221;]<strong>El glioblastoma<\/strong> es un c\u00e1ncer agresivo que se encuentra en el cerebro o la m\u00e9dula espinal. El glioblastoma se forma a partir de c\u00e9lulas llamadas <a href=\"https:\/\/www.ncbi.nlm.nih.gov\/pmc\/articles\/PMC2799634\/\">astrocitos<\/a> que sostienen las c\u00e9lulas nerviosas.<\/p>\n<p>El glioblastoma, tambi\u00e9n conocido como glioblastoma multiforme, a menudo es imposible de curar. Tiende a ocurrir con m\u00e1s frecuencia en personas mayores y puede causar convulsiones, dolores de cabeza, n\u00e1useas y v\u00f3mitos. Afortunadamente, The Morrison Clinic \u2122 posee la experiencia especializada para ayudar a tratar el glioblastoma mientras brinda su mejor calidad de vida.<\/p>\n<p>Se sabe que los tratamientos disponibles en nuestra <a href=\"https:\/\/themorrisonclinic.com\/es\">cl\u00ednica de neurocirujano<\/a> retrasan la progresi\u00f3n del c\u00e1ncer y reducen los signos y s\u00edntomas.[\/vc_column_text][\/vc_column_inner][\/vc_row_inner][vc_row_inner css=&#8221;.vc_custom_1634697511240{padding-top: 2.5rem !important;padding-right: 1rem !important;padding-bottom: 1.5rem !important;padding-left: 1rem !important;background-color: #ecf1f6 !important;}&#8221;][vc_column_inner][vc_column_text el_class=&#8221;treatment-h3&#8243; css=&#8221;.vc_custom_1639964082748{margin-top: 0px !important;margin-bottom: 0px !important;}&#8221;]<\/p>\n<h3>S\u00edntomas del glioblastoma<\/h3>\n<p>[\/vc_column_text][vc_column_text el_class=&#8221;treatment-text&#8221;]Los s\u00edntomas del glioblastoma var\u00edan, pero pueden incluir:<\/p>\n<ul>\n<li>Dolores de cabeza persistentes<\/li>\n<li>Visi\u00f3n doble o borrosa<\/li>\n<li>V\u00f3mitos<\/li>\n<li>P\u00e9rdida de apetito<\/li>\n<li>Cambios de humor y personalidad.<\/li>\n<li>Cambios en la capacidad de pensar y aprender.<\/li>\n<li>Nueva aparici\u00f3n de convulsiones<\/li>\n<li>Dificultad del habla de inicio gradual<\/li>\n<\/ul>\n<p>Obtenga m\u00e1s informaci\u00f3n sobre la atenci\u00f3n de sus s\u00edntomas espec\u00edficos y c\u00f3mo se pueden tratar <a href=\"#contact\">aqu\u00ed<\/a> .[\/vc_column_text][\/vc_column_inner][\/vc_row_inner][vc_row_inner css=&#8221;.vc_custom_1635201353214{margin-top: 1rem !important;margin-right: 1rem !important;margin-bottom: 1rem !important;margin-left: 1rem !important;padding-top: 2rem !important;padding-right: 2rem !important;padding-bottom: 2rem !important;padding-left: 2rem !important;background-color: #305893 !important;}&#8221; el_class=&#8221;block-hidden-desktop&#8221;][vc_column_inner css=&#8221;.vc_custom_1634696442660{padding-top: 0px !important;}&#8221;][vc_icon icon_fontawesome=&#8221;fa fa-comments-o&#8221; color=&#8221;white&#8221; size=&#8221;xl&#8221; align=&#8221;center&#8221; css=&#8221;.vc_custom_1634696031215{margin-bottom: .5rem !important;}&#8221;][vc_column_text css=&#8221;.vc_custom_1634696393911{margin-bottom: 0px !important;padding-top: 15px !important;padding-bottom: 15px !important;}&#8221;]<\/p>\n<h4 style=\"color: #ffffff;text-align: center\">\u00bfNecesita una opini\u00f3n de un experto?<\/h4>\n<p>[\/vc_column_text]\r<!-- radiantthemes-custom-button -->\r<div class=\"radiantthemes-custom-button hover-style-two rt208458941  \"  data-button-direction=\"center\" data-button-fullwidth=\"true\" ><a style=\" color: #305893; font-size: 22px;\" class=\"radiantthemes-custom-button-main  vc_custom_1634696257351\" href=\"#contact\"  title=\"\" target=\"_self\"><div class=\"overlay\"><\/div><div class=\"placeholder\">Schedule an e-consult<\/div><\/a><\/div>\r<!-- radiantthemes-custom-button -->\r\r<!-- radiantthemes-custom-button -->\r<div class=\"radiantthemes-custom-button hover-style-two rt546071604  \"  data-button-direction=\"center\" data-button-fullwidth=\"true\"  data-button-icon-position=\"right\"><a style=\" color: #305893; font-size: 22px;\" class=\"radiantthemes-custom-button-main  vc_custom_1635201367604\" href=\"tel:15612848455\"  title=\"\" target=\"_blank\"><div class=\"overlay\"><\/div><div class=\"placeholder\">Contact Us<i class=\"fa fa-phone\"><\/i><\/div><\/a><\/div>\r<!-- radiantthemes-custom-button -->\r[\/vc_column_inner][\/vc_row_inner][vc_row_inner][vc_column_inner][vc_empty_space height=&#8221;15px&#8221;][vc_column_text el_class=&#8221;treatment-h2&#8243; css=&#8221;.vc_custom_1639162942100{margin-bottom: 2rem !important;}&#8221;]<\/p>\n<h2>Tratamiento del glioblastoma: opciones no quir\u00fargicas<\/h2>\n<p>[\/vc_column_text][vc_column_text]Si bien la cirug\u00eda de <a href=\"https:\/\/themorrisonclinic.com\/es?page_id=10555\">tumores cerebrales<\/a> no es infrecuente y puede ser necesaria en su caso, hay otras opciones de tratamiento de gliblastoma disponibles en nuestra <a href=\"https:\/\/themorrisonclinic.com\/es\">cl\u00ednica de neurocirug\u00eda<\/a> , algunas de las cuales tambi\u00e9n pueden usarse despu\u00e9s de la cirug\u00eda.[\/vc_column_text][\/vc_column_inner][\/vc_row_inner][vc_row_inner][vc_column_inner][vc_empty_space height=&#8221;15px&#8221;][vc_column_text el_class=&#8221;treatment-h3&#8243; css=&#8221;.vc_custom_1638926306414{padding-bottom: 1rem !important;}&#8221;]<\/p>\n<h3>Radiaci\u00f3n<\/h3>\n<p>[\/vc_column_text][vc_column_text]La mayor\u00eda de los pacientes necesitan lo que com\u00fanmente se conoce como radiaci\u00f3n, tambi\u00e9n conocida como radioterapia. Un estudio reciente llamado &#8220;ensayo Stupp&#8221; mostr\u00f3 un beneficio de la quimioterapia con temozolomida en pacientes con glioblastoma multiforme.<\/p>\n<p>&nbsp;<\/p>\n<p>En el estudio, la supervivencia media de los pacientes que recibieron temozolomida adem\u00e1s de la radioterapia aument\u00f3 en 2,5 meses y la supervivencia a dos a\u00f1os en un 16 por ciento.[\/vc_column_text][\/vc_column_inner][\/vc_row_inner][vc_row_inner][vc_column_inner][vc_empty_space height=&#8221;15px&#8221;][vc_column_text el_class=&#8221;treatment-h3&#8243; css=&#8221;.vc_custom_1639162961078{padding-bottom: 1rem !important;}&#8221;]<\/p>\n<h3>Quimioterapia<\/h3>\n<p>[\/vc_column_text][vc_column_text el_class=&#8221;treatment-h2&#8243; css=&#8221;.vc_custom_1639161654144{margin-bottom: 2rem !important;}&#8221;][\/vc_column_text][vc_column_text]La quimioterapia como tratamiento del glioblaatoma depende de su capacidad individual para tolerarla, junto con el estado del tumor en s\u00ed.<\/p>\n<p>&nbsp;<\/p>\n<p>Actualmente, no se indica quimioterapia para los gliomas de grado I.<\/p>\n<p>&nbsp;<\/p>\n<p>Para los gliomas de grado 2, la funci\u00f3n de la quimioterapia es limitada.<\/p>\n<p>&nbsp;<\/p>\n<p>Para los gliomas de grado 3, las opciones de tratamiento incluyen radioterapia inicial seguida de quimioterapia.<\/p>\n<p>&nbsp;<\/p>\n<p>Para los gliomas de grado 4, nuestra <a href=\"https:\/\/themorrisonclinic.com\/es\">cl\u00ednica de neurocirujano<\/a> toma una decisi\u00f3n caso por caso sobre la quimioterapia adicional despu\u00e9s de la resecci\u00f3n quir\u00fargica del tumor, cuando corresponda.[\/vc_column_text][\/vc_column_inner][\/vc_row_inner][vc_row_inner][vc_column_inner][vc_column_text el_class=&#8221;treatment-text&#8221;]Estos otros tipos de quimioterapia, administrados a trav\u00e9s de una vena del brazo, pueden recomendarse si el tumor reaparece.<\/p>\n<ul>\n<li>Terapia de <strong>campos de tratamiento de tumores (TTF):<\/strong> TTF utiliza un campo el\u00e9ctrico para interrumpir la capacidad de multiplicaci\u00f3n de las c\u00e9lulas tumorales. Se combina con quimioterapia y se puede recomendar despu\u00e9s de la radiaci\u00f3n.<\/li>\n<li><strong>Terapia con medicamentos dirigidos: los<\/strong> medicamentos dirigidos se enfocan en anomal\u00edas espec\u00edficas en las c\u00e9lulas cancerosas que les permiten crecer y prosperar. Los medicamentos matan las c\u00e9lulas cancerosas al atacar esas anomal\u00edas.<\/li>\n<li><strong>Bevacizumab (Avastin):<\/strong> se dirige a las se\u00f1ales espec\u00edficas que las c\u00e9lulas del glioblastoma env\u00edan al cuerpo. Bevacizumab es una opci\u00f3n para el glioblastoma recurrente o que no responde.<\/li>\n<\/ul>\n<p>[\/vc_column_text][\/vc_column_inner][\/vc_row_inner][vc_row_inner][vc_column_inner][vc_empty_space height=&#8221;15px&#8221;][vc_column_text el_class=&#8221;treatment-h2&#8243; css=&#8221;.vc_custom_1638926423748{margin-bottom: 2rem !important;}&#8221;]<\/p>\n<h2>Pron\u00f3stico del glioblastoma<\/h2>\n<p>[\/vc_column_text][vc_column_text el_class=&#8221;treatment-text&#8221;]Aunque lamentablemente no existe una cura, existen tratamientos para el <strong>glioblatsoma<\/strong> . Estos tratamientos alivian los s\u00edntomas y prolongan c\u00f3modamente su vida. La mayor\u00eda de las personas viven en promedio de 12 a 18 meses despu\u00e9s del diagn\u00f3stico. Aproximadamente el 7% de las personas siguen vivas en cinco a\u00f1os.<\/p>\n<p>No obstante, las terapias de ensayos cl\u00ednicos que se dirigen a genes de c\u00e9lulas cancerosas espec\u00edficas son prometedoras, y los investigadores est\u00e1n trabajando activamente en c\u00f3mo administrar quimioterapia directamente al tumor.[\/vc_column_text][\/vc_column_inner][\/vc_row_inner][\/vc_column][vc_column width=&#8221;1\/3&#8243;][vc_wp_custommenu title=&#8221;Condiciones&#8221; nav_menu=&#8221;46&#8243; el_class=&#8221;treatment-link-menu&#8221; el_id=&#8221;treatment-link-menu&#8221;][vc_empty_space height=&#8221;15px&#8221;][vc_row_inner css=&#8221;.vc_custom_1635201297538{margin-top: 1rem !important;margin-right: 1rem !important;margin-bottom: 1rem !important;margin-left: 1rem !important;padding-top: 2rem !important;padding-right: 2rem !important;padding-bottom: 2rem !important;padding-left: 2rem !important;background-color: #305893 !important;}&#8221; el_class=&#8221;block-hidden-mobile&#8221;][vc_column_inner css=&#8221;.vc_custom_1634696442660{padding-top: 0px !important;}&#8221;][vc_icon icon_fontawesome=&#8221;fa fa-comments-o&#8221; color=&#8221;white&#8221; size=&#8221;xl&#8221; align=&#8221;center&#8221; css=&#8221;.vc_custom_1634696031215{margin-bottom: .5rem !important;}&#8221;][vc_column_text css=&#8221;.vc_custom_1634696393911{margin-bottom: 0px !important;padding-top: 15px !important;padding-bottom: 15px !important;}&#8221;]<\/p>\n<h4 style=\"color: #ffffff;text-align: center\">\u00bfNecesita una opini\u00f3n de un experto?<\/h4>\n<p>[\/vc_column_text]\r<!-- radiantthemes-custom-button -->\r<div class=\"radiantthemes-custom-button hover-style-two rt3525600264  \" id=\"econsult-btn\" data-button-direction=\"center\" data-button-fullwidth=\"true\" ><a style=\" color: #305893; font-size: 22px;\" class=\"radiantthemes-custom-button-main  vc_custom_1639339177982\" href=\"#contact\"  title=\"\" target=\"_self\"><div class=\"overlay\"><\/div><div class=\"placeholder\">Schedule an e-consult<\/div><\/a><\/div>\r<!-- radiantthemes-custom-button -->\r[\/vc_column_inner][\/vc_row_inner][vc_row_inner css=&#8221;.vc_custom_1635201297538{margin-top: 1rem !important;margin-right: 1rem !important;margin-bottom: 1rem !important;margin-left: 1rem !important;padding-top: 2rem !important;padding-right: 2rem !important;padding-bottom: 2rem !important;padding-left: 2rem !important;background-color: #305893 !important;}&#8221; el_class=&#8221;block-hidden-mobile&#8221;][vc_column_inner css=&#8221;.vc_custom_1634696442660{padding-top: 0px !important;}&#8221;][vc_icon icon_fontawesome=&#8221;fa fa-cloud-upload&#8221; color=&#8221;white&#8221; size=&#8221;xl&#8221; align=&#8221;center&#8221; css=&#8221;.vc_custom_1639246020452{margin-bottom: .5rem !important;}&#8221; link=&#8221;url:https%3A%2F%2Fuploader.purview.net%2Fvivaone%2Fuploader.php%3Fv%3D20211211|||&#8221;][vc_column_text css=&#8221;.vc_custom_1639246039317{margin-bottom: 0px !important;padding-top: 15px !important;padding-bottom: 15px !important;}&#8221;]<\/p>\n<h4 style=\"color: #ffffff;text-align: center\">Reciba un diagn\u00f3stico<\/h4>\n<p>[\/vc_column_text]\r<!-- radiantthemes-custom-button -->\r<div class=\"radiantthemes-custom-button hover-style-two rt711235904  \" id=\"image-upload-btn\" data-button-direction=\"center\" data-button-fullwidth=\"true\" ><a style=\" color: #305893; font-size: 22px;\" class=\"radiantthemes-custom-button-main  vc_custom_1639339187888\" href=\"https:\/\/uploader.purview.net\/vivaone\/uploader.php?v=20211211\"  title=\"\" target=\"_self\"><div class=\"overlay\"><\/div><div class=\"placeholder\">Upload your imaging<\/div><\/a><\/div>\r<!-- radiantthemes-custom-button -->\r[\/vc_column_inner][\/vc_row_inner][\/vc_column][\/vc_row][vc_row][vc_column][vc_empty_space height=&#8221;50px&#8221;]<div class=\"radiantthemes-blockquote element-one   \" ><blockquote ><i class=\"fa fa-quote-left\" ><\/i>Immediately following surgery, I was standing and walking pain free. I am enjoying my life again and have Dr. Morrison to thank!<cite><\/cite><\/blockquote><\/div>[vc_empty_space height=&#8221;50px&#8221;][\/vc_column][\/vc_row][vc_row el_id=&#8221;contacto&#8221;][vc_column width=&#8221;1\/6&#8243; el_id=&#8221;treatment-contact-form&#8221;][\/vc_column][vc_column width=&#8221;2\/3&#8243;][vc_column_text el_class=&#8221;treatment-h2&#8243; css=&#8221;.vc_custom_1638926450190{margin-bottom: 0px !important;padding-bottom: 1rem !important;}&#8221;]<\/p>\n<h2 style=\"text-align: center\">Programe su consulta electr\u00f3nica sobre glioblastoma<\/h2>\n<p>[\/vc_column_text][vc_column_text css=&#8221;.vc_custom_1638926462466{margin-bottom: 3rem !important;}&#8221;]<\/p>\n<div class=\"wpb_text_column wpb_content_element vc_custom_1634330975853\">\n<div class=\"wpb_wrapper\">\n<p><span style=\"font-weight: 400\">Lo educaremos sobre su condici\u00f3n espec\u00edfica de glioblastoma y desarrollaremos un plan para su mejor calidad de vida.<\/span><\/p>\n<\/div>\n<\/div>\n<div class=\"radiant-contact-form rt4bf463d14beb956 element-one \">\n<div id=\"wpcf7-f9393-p9363-o1\" class=\"wpcf7\" dir=\"ltr\" lang=\"en-US\" role=\"form\"><\/div>\n<\/div>\n<p>[\/vc_column_text][rt_cf7_style padding_right=&#8221;10px&#8221; padding_left=&#8221;10px&#8221; radiant_border_style=&#8221;solid&#8221; radiant_border_color=&#8221;#e6e5e5&#8243; radiant_border_top=&#8221;1px&#8221; radiant_border_right=&#8221;1px&#8221; radiant_border_bottom=&#8221;1px&#8221; radiant_border_left=&#8221;1px&#8221; radiant_focus_style=&#8221;solid&#8221; radiant_focus_top=&#8221;1px&#8221; radiant_focus_right=&#8221;1px&#8221; radiant_focus_bottom=&#8221;1px&#8221; radiant_focus_left=&#8221;1px&#8221;][contact-form-7 id=&#8221;9393&#8243;][\/rt_cf7_style][\/vc_column][vc_column width=&#8221;1\/6&#8243;][\/vc_column][\/vc_row][vc_row][vc_column][vc_empty_space height=&#8221;100px&#8221;][\/vc_column][\/vc_row]<\/p>\n","protected":false},"excerpt":{"rendered":"<p>[vc_row css=&#8221;.vc_custom_1634399474019{margin-top: 0px !important;padding-top: 4rem !important;}&#8221;][vc_column width=&#8221;2\/3&#8243;][vc_row_inner][vc_column_inner][vc_column_text el_class=&#8221;treatment-h2&#8243; css=&#8221;.vc_custom_1639246063637{margin-bottom: 2rem !important;}&#8221;] \u00bfQu\u00e9 es el glioblastoma? [\/vc_column_text][vc_column_text el_class=&#8221;treatment-text&#8221;]El glioblastoma es un c\u00e1ncer agresivo que se encuentra en el cerebro o la m\u00e9dula espinal. El glioblastoma se forma a partir de c\u00e9lulas llamadas astrocitos que sostienen las c\u00e9lulas nerviosas. El glioblastoma, tambi\u00e9n conocido como glioblastoma multiforme, a menudo es imposible de curar.<\/p>\n","protected":false},"author":2,"featured_media":10504,"parent":10575,"menu_order":0,"comment_status":"closed","ping_status":"closed","template":"","meta":{"_acf_changed":false,"footnotes":""},"class_list":["post-10612","page","type-page","status-publish","has-post-thumbnail","hentry","smct_cats-conditions"],"acf":[],"yoast_head":"<!-- This site is optimized with the Yoast SEO plugin v27.3 - https:\/\/yoast.com\/product\/yoast-seo-wordpress\/ -->\n<title>S\u00edntomas, causas y tratamiento del glioblastoma | Neurocirujano de Florida<\/title>\n<meta name=\"description\" content=\"Descubra The Morrison Clinic \u2122, un neurocirujano de Florida que comprende profundamente los s\u00edntomas y tratamientos del glioblastoma para ayudarlo a brindar su mejor calidad de vida.\" \/>\n<meta name=\"robots\" content=\"index, follow, max-snippet:-1, max-image-preview:large, max-video-preview:-1\" \/>\n<link rel=\"canonical\" href=\"https:\/\/themorrisonclinic.com\/es\/condiciones\/glioblastoma\" \/>\n<meta property=\"og:locale\" content=\"es_ES\" \/>\n<meta property=\"og:type\" content=\"article\" \/>\n<meta property=\"og:title\" content=\"S\u00edntomas, causas y tratamiento del glioblastoma | Neurocirujano de Florida\" \/>\n<meta property=\"og:description\" content=\"Descubra The Morrison Clinic \u2122, un neurocirujano de Florida que comprende profundamente los s\u00edntomas y tratamientos del glioblastoma para ayudarlo a brindar su mejor calidad de vida.\" \/>\n<meta property=\"og:url\" content=\"https:\/\/themorrisonclinic.com\/es\/condiciones\/glioblastoma\" \/>\n<meta property=\"og:site_name\" content=\"The Morrison Clinic\" \/>\n<meta property=\"article:modified_time\" content=\"2021-12-22T20:54:33+00:00\" \/>\n<meta property=\"og:image\" content=\"https:\/\/themorrisonclinic.com\/wp-content\/uploads\/2021\/11\/Glioblastoma_Tile-1.png\" \/>\n\t<meta property=\"og:image:width\" content=\"1120\" \/>\n\t<meta property=\"og:image:height\" content=\"630\" \/>\n\t<meta property=\"og:image:type\" content=\"image\/png\" \/>\n<meta name=\"twitter:card\" content=\"summary_large_image\" \/>\n<meta name=\"twitter:label1\" content=\"Tiempo de lectura\" \/>\n\t<meta name=\"twitter:data1\" content=\"9 minutos\" \/>\n<!-- \/ Yoast SEO plugin. -->","yoast_head_json":{"title":"S\u00edntomas, causas y tratamiento del glioblastoma | Neurocirujano de Florida","description":"Descubra The Morrison Clinic \u2122, un neurocirujano de Florida que comprende profundamente los s\u00edntomas y tratamientos del glioblastoma para ayudarlo a brindar su mejor calidad de vida.","robots":{"index":"index","follow":"follow","max-snippet":"max-snippet:-1","max-image-preview":"max-image-preview:large","max-video-preview":"max-video-preview:-1"},"canonical":"https:\/\/themorrisonclinic.com\/es\/condiciones\/glioblastoma","og_locale":"es_ES","og_type":"article","og_title":"S\u00edntomas, causas y tratamiento del glioblastoma | Neurocirujano de Florida","og_description":"Descubra The Morrison Clinic \u2122, un neurocirujano de Florida que comprende profundamente los s\u00edntomas y tratamientos del glioblastoma para ayudarlo a brindar su mejor calidad de vida.","og_url":"https:\/\/themorrisonclinic.com\/es\/condiciones\/glioblastoma","og_site_name":"The Morrison Clinic","article_modified_time":"2021-12-22T20:54:33+00:00","og_image":[{"width":1120,"height":630,"url":"https:\/\/themorrisonclinic.com\/wp-content\/uploads\/2021\/11\/Glioblastoma_Tile-1.png","type":"image\/png"}],"twitter_card":"summary_large_image","twitter_misc":{"Tiempo de lectura":"9 minutos"},"schema":{"@context":"https:\/\/schema.org","@graph":[{"@type":"WebPage","@id":"https:\/\/themorrisonclinic.com\/es\/condiciones\/glioblastoma","url":"https:\/\/themorrisonclinic.com\/es\/condiciones\/glioblastoma","name":"S\u00edntomas, causas y tratamiento del glioblastoma | Neurocirujano de Florida","isPartOf":{"@id":"https:\/\/themorrisonclinic.com\/es#website"},"primaryImageOfPage":{"@id":"https:\/\/themorrisonclinic.com\/es\/condiciones\/glioblastoma#primaryimage"},"image":{"@id":"https:\/\/themorrisonclinic.com\/es\/condiciones\/glioblastoma#primaryimage"},"thumbnailUrl":"https:\/\/themorrisonclinic.com\/wp-content\/uploads\/2021\/11\/Glioblastoma_Tile-1.png","datePublished":"2021-12-22T20:54:30+00:00","dateModified":"2021-12-22T20:54:33+00:00","description":"Descubra The Morrison Clinic \u2122, un neurocirujano de Florida que comprende profundamente los s\u00edntomas y tratamientos del glioblastoma para ayudarlo a brindar su mejor calidad de vida.","breadcrumb":{"@id":"https:\/\/themorrisonclinic.com\/es\/condiciones\/glioblastoma#breadcrumb"},"inLanguage":"es","potentialAction":[{"@type":"ReadAction","target":["https:\/\/themorrisonclinic.com\/es\/condiciones\/glioblastoma"]}]},{"@type":"ImageObject","inLanguage":"es","@id":"https:\/\/themorrisonclinic.com\/es\/condiciones\/glioblastoma#primaryimage","url":"https:\/\/themorrisonclinic.com\/wp-content\/uploads\/2021\/11\/Glioblastoma_Tile-1.png","contentUrl":"https:\/\/themorrisonclinic.com\/wp-content\/uploads\/2021\/11\/Glioblastoma_Tile-1.png","width":1120,"height":630,"caption":"Glioblastoma"},{"@type":"BreadcrumbList","@id":"https:\/\/themorrisonclinic.com\/es\/condiciones\/glioblastoma#breadcrumb","itemListElement":[{"@type":"ListItem","position":1,"name":"Home","item":"https:\/\/themorrisonclinic.com\/es"},{"@type":"ListItem","position":2,"name":"Trastornos","item":"https:\/\/themorrisonclinic.com\/es\/condiciones"},{"@type":"ListItem","position":3,"name":"Glioblastoma"}]},{"@type":"WebSite","@id":"https:\/\/themorrisonclinic.com\/es#website","url":"https:\/\/themorrisonclinic.com\/es","name":"The Morrison Clinic","description":"South Florida Neurosurgeon","publisher":{"@id":"https:\/\/themorrisonclinic.com\/es#organization"},"potentialAction":[{"@type":"SearchAction","target":{"@type":"EntryPoint","urlTemplate":"https:\/\/themorrisonclinic.com\/es?s={search_term_string}"},"query-input":{"@type":"PropertyValueSpecification","valueRequired":true,"valueName":"search_term_string"}}],"inLanguage":"es"},{"@type":"Organization","@id":"https:\/\/themorrisonclinic.com\/es#organization","name":"Morrison Clinic","url":"https:\/\/themorrisonclinic.com\/es","logo":{"@type":"ImageObject","inLanguage":"es","@id":"https:\/\/themorrisonclinic.com\/es#\/schema\/logo\/image\/","url":"https:\/\/themorrisonclinic.com\/wp-content\/uploads\/2020\/06\/logotransparent.png","contentUrl":"https:\/\/themorrisonclinic.com\/wp-content\/uploads\/2020\/06\/logotransparent.png","width":2734,"height":1250,"caption":"Morrison Clinic"},"image":{"@id":"https:\/\/themorrisonclinic.com\/es#\/schema\/logo\/image\/"}}]}},"_links":{"self":[{"href":"https:\/\/themorrisonclinic.com\/es\/wp-json\/wp\/v2\/pages\/10612","targetHints":{"allow":["GET"]}}],"collection":[{"href":"https:\/\/themorrisonclinic.com\/es\/wp-json\/wp\/v2\/pages"}],"about":[{"href":"https:\/\/themorrisonclinic.com\/es\/wp-json\/wp\/v2\/types\/page"}],"author":[{"embeddable":true,"href":"https:\/\/themorrisonclinic.com\/es\/wp-json\/wp\/v2\/users\/2"}],"replies":[{"embeddable":true,"href":"https:\/\/themorrisonclinic.com\/es\/wp-json\/wp\/v2\/comments?post=10612"}],"version-history":[{"count":0,"href":"https:\/\/themorrisonclinic.com\/es\/wp-json\/wp\/v2\/pages\/10612\/revisions"}],"up":[{"embeddable":true,"href":"https:\/\/themorrisonclinic.com\/es\/wp-json\/wp\/v2\/pages\/10575"}],"wp:featuredmedia":[{"embeddable":true,"href":"https:\/\/themorrisonclinic.com\/es\/wp-json\/wp\/v2\/media\/10504"}],"wp:attachment":[{"href":"https:\/\/themorrisonclinic.com\/es\/wp-json\/wp\/v2\/media?parent=10612"}],"curies":[{"name":"wp","href":"https:\/\/api.w.org\/{rel}","templated":true}]}}