{"id":10591,"date":"2021-12-22T20:54:27","date_gmt":"2021-12-22T20:54:27","guid":{"rendered":"https:\/\/themorrisonclinic.com\/servicios-para-el-cuidado-del-dolor-de-espalda"},"modified":"2021-12-22T20:54:32","modified_gmt":"2021-12-22T20:54:32","slug":"servicios-para-el-cuidado-del-dolor-de-espalda","status":"publish","type":"page","link":"https:\/\/themorrisonclinic.com\/es\/servicios-para-el-cuidado-del-dolor-de-espalda","title":{"rendered":"Servicios para el cuidado del dolor de espalda"},"content":{"rendered":"<p>[vc_row css=&#8221;.vc_custom_1634399600751{margin-top: 0px !important;padding-top: 4rem !important;}&#8221;][vc_column width=&#8221;2\/3&#8243;][vc_empty_space][vc_empty_space][vc_row_inner][vc_column_inner][vc_empty_space height=&#8221;15px&#8221;][vc_column_text el_class=&#8221;treatment-h2&#8243; css=&#8221;.vc_custom_1639614260944{margin-bottom: 2rem !important;}&#8221; el_id=&#8221;pbpt&#8221;]<\/p>\n<h2>Planificaci\u00f3n personalizada del tratamiento del dolor de espalda<\/h2>\n<p>[\/vc_column_text][vc_column_text el_class=&#8221;treatment-h3&#8243; css=&#8221;.vc_custom_1639614129524{margin-bottom: 2rem !important;}&#8221;]<\/p>\n<h3>Atenci\u00f3n integral para que la cirug\u00eda sea el \u00faltimo recurso<\/h3>\n<p>[\/vc_column_text][vc_column_text el_class=&#8221;treatment-text&#8221;]Hay pocas cosas que pueden disminuir su calidad de vida tanto como el dolor de <strong>espalda cr\u00f3nico<\/strong> . Siempre est\u00e1 ah\u00ed, robando el disfrute de sus actividades favoritas, haciendo que el mero hecho de levantarse de la cama pueda ser agonizante.<\/p>\n<p>En The Morrison Clinic, ofrecemos de manera \u00fanica atenci\u00f3n integral para el dolor de espalda, y las opciones de tratamiento relacionadas, que necesita para hacer que eso sea cosa del pasado. En cada paso del camino, estamos aqu\u00ed para asegurarnos de que reciba la atenci\u00f3n y el tratamiento personalizados necesarios para ayudarlo a brindar su mejor calidad de vida.<\/p>\n<p>Adem\u00e1s, creemos que <a href=\"https:\/\/themorrisonclinic.com\/es\/tratamientos-de-neurocirugia\/cirugia-de-columna-y-procedimientos-de-columna\">la cirug\u00eda de columna<\/a> deber\u00eda ser un \u00faltimo recurso. Es por eso que nos hemos asociado con los mejores terapeutas y m\u00e9dicos de manejo del dolor, lo que hace posible crear planes <a href=\"https:\/\/www.pennmedicine.org\/for-patients-and-visitors\/find-a-program-or-service\/penn-spine-center\/treatments-for-back-and-neck-pain\/non-surgical-treatments\">de tratamiento no invasivos<\/a> que priorizan ayudarlo a sanar sin cirug\u00eda.<\/p>\n<p>Nuestro <a href=\"https:\/\/themorrisonclinic.com\/es\">neurocirujano del sur de la Florida<\/a> comienza el proceso obteniendo im\u00e1genes adecuadas para obtener una visi\u00f3n precisa de su condici\u00f3n espec\u00edfica y estado m\u00e9dico, y luego determinando los mejores cursos de acci\u00f3n posibles a partir de ah\u00ed.<\/p>\n<p>La Cl\u00ednica Morrison ofrece planes de tratamiento para una amplia gama de problemas de dolor de espalda relacionados con:<\/p>\n<ul>\n<li aria-level=\"1\"><a href=\"https:\/\/themorrisonclinic.com\/es\/condiciones\/discos-herniados\">Discos herniados<\/a><\/li>\n<li aria-level=\"1\">Discos lumbares<\/li>\n<li aria-level=\"1\">Ci\u00e1tica<\/li>\n<li aria-level=\"1\">Artritis<\/li>\n<li aria-level=\"1\">Osteoporosis<\/li>\n<li aria-level=\"1\">Y m\u00e1s<\/li>\n<\/ul>\n<p>Solo una vez que se hayan agotado todas las dem\u00e1s opciones, nuestra <a href=\"https:\/\/themorrisonclinic.com\/es\">cl\u00ednica de neurocirujano<\/a> considerar\u00e1 recomendar la cirug\u00eda. Y si llegamos a la conclusi\u00f3n de que la cirug\u00eda es su mejor opci\u00f3n, puede estar seguro de que desarrollaremos un plan quir\u00fargico individualizado que se adapte a <i>su<\/i> cuerpo y <i>sus<\/i> necesidades. En The Morrison Clinic, no existe una soluci\u00f3n \u00fanica para todos. Elaboramos planes <strong>de atenci\u00f3n del dolor de espalda<\/strong> no quir\u00fargicos y quir\u00fargicos que se desarrollan especialmente para usted.[\/vc_column_text][vc_column_text el_class=&#8221;treatment-h3&#8243; css=&#8221;.vc_custom_1639614192088{margin-bottom: 2rem !important;padding-top: 2rem !important;padding-bottom: 1rem !important;}&#8221;]<\/p>\n<h3>\u00bfListo para comenzar? Cargue sus im\u00e1genes ahora utilizando nuestra \u00fatil herramienta en l\u00ednea, y los expertos de la cl\u00ednica Morrison comenzar\u00e1n a crear un plan de tratamiento que lo ayudar\u00e1 a volver a la vida sin dolor de espalda.<\/h3>\n<p>[\/vc_column_text][\/vc_column_inner][\/vc_row_inner][\/vc_column][vc_column width=&#8221;1\/3&#8243;][vc_wp_custommenu title=&#8221;Tratos&#8221; nav_menu=&#8221;47&#8243; el_class=&#8221;treatment-link-menu&#8221; el_id=&#8221;treatment-link-menu&#8221;][vc_empty_space height=&#8221;20px&#8221;][vc_row_inner css=&#8221;.vc_custom_1634696085185{margin-top: 1rem !important;margin-right: 1rem !important;margin-bottom: 1rem !important;margin-left: 1rem !important;padding-top: 2rem !important;padding-right: 2rem !important;padding-bottom: 2rem !important;padding-left: 2rem !important;background-color: #305893 !important;}&#8221;][vc_column_inner css=&#8221;.vc_custom_1634696442660{padding-top: 0px !important;}&#8221;][vc_icon icon_fontawesome=&#8221;fa fa-comments-o&#8221; color=&#8221;white&#8221; size=&#8221;xl&#8221; align=&#8221;center&#8221; css=&#8221;.vc_custom_1634696031215{margin-bottom: .5rem !important;}&#8221;][vc_column_text css=&#8221;.vc_custom_1634696393911{margin-bottom: 0px !important;padding-top: 15px !important;padding-bottom: 15px !important;}&#8221;]<\/p>\n<h4 style=\"color: #ffffff; text-align: center;\">\u00bfNecesita una opini\u00f3n de un experto?<\/h4>\n<p>[\/vc_column_text]\r<!-- radiantthemes-custom-button -->\r<div class=\"radiantthemes-custom-button hover-style-two rt4178898539  \"  data-button-direction=\"center\" data-button-fullwidth=\"true\" ><a style=\" color: #305893; font-size: 22px;\" class=\"radiantthemes-custom-button-main  vc_custom_1634696257351\" href=\"#contact\"  title=\"\" target=\"_self\"><div class=\"overlay\"><\/div><div class=\"placeholder\">Schedule an e-consult<\/div><\/a><\/div>\r<!-- radiantthemes-custom-button -->\r[\/vc_column_inner][\/vc_row_inner][\/vc_column][\/vc_row][vc_row][vc_column][vc_empty_space height=&#8221;50px&#8221;]<div class=\"radiantthemes-blockquote element-one   \" ><blockquote ><i class=\"fa fa-quote-left\" ><\/i>Immediately following surgery, I was standing and walking pain free. I am enjoying my life again and have Dr. Morrison to thank!<cite><\/cite><\/blockquote><\/div>[vc_empty_space height=&#8221;50px&#8221;][\/vc_column][\/vc_row][vc_row el_id=&#8221;contacto&#8221;][vc_column width=&#8221;1\/6&#8243; el_id=&#8221;treatment-contact-form&#8221;][\/vc_column][vc_column width=&#8221;2\/3&#8243;][vc_column_text el_class=&#8221;treatment-h2&#8243; css=&#8221;.vc_custom_1640123969350{margin-bottom: 0px !important;padding-bottom: 1rem !important;}&#8221;]<\/p>\n<h2 style=\"text-align: center;\">Programe una consulta electr\u00f3nica de servicios para el cuidado del dolor de espalda<\/h2>\n<p>[\/vc_column_text][vc_column_text css=&#8221;.vc_custom_1640123991050{margin-bottom: 3rem !important;}&#8221;]<\/p>\n<p style=\"text-align: center;\"><span style=\"font-weight: 400;\">Estamos comprometidos con resultados excepcionales para su mejor calidad de vida. Programe una consulta electr\u00f3nica para hablar sobre nuestros servicios de atenci\u00f3n para el dolor de espalda.<\/span><\/p>\n<p>[\/vc_column_text][rt_cf7_style padding_right=&#8221;10px&#8221; padding_left=&#8221;10px&#8221; radiant_border_style=&#8221;solid&#8221; radiant_border_color=&#8221;#e6e5e5&#8243; radiant_border_top=&#8221;1px&#8221; radiant_border_right=&#8221;1px&#8221; radiant_border_bottom=&#8221;1px&#8221; radiant_border_left=&#8221;1px&#8221; radiant_focus_style=&#8221;solid&#8221; radiant_focus_top=&#8221;1px&#8221; radiant_focus_right=&#8221;1px&#8221; radiant_focus_bottom=&#8221;1px&#8221; radiant_focus_left=&#8221;1px&#8221;][contact-form-7 id=&#8221;9393&#8243;][\/rt_cf7_style][\/vc_column][vc_column width=&#8221;1\/6&#8243;][\/vc_column][\/vc_row][vc_row][vc_column][vc_empty_space height=&#8221;100px&#8221;][\/vc_column][\/vc_row]<\/p>\n","protected":false},"excerpt":{"rendered":"<p>[vc_row css=&#8221;.vc_custom_1634399600751{margin-top: 0px !important;padding-top: 4rem !important;}&#8221;][vc_column width=&#8221;2\/3&#8243;][vc_empty_space][vc_empty_space][vc_row_inner][vc_column_inner][vc_empty_space height=&#8221;15px&#8221;][vc_column_text el_class=&#8221;treatment-h2&#8243; css=&#8221;.vc_custom_1639614260944{margin-bottom: 2rem !important;}&#8221; el_id=&#8221;pbpt&#8221;] Planificaci\u00f3n personalizada del tratamiento del dolor de espalda [\/vc_column_text][vc_column_text el_class=&#8221;treatment-h3&#8243; css=&#8221;.vc_custom_1639614129524{margin-bottom: 2rem !important;}&#8221;] Atenci\u00f3n integral para que la cirug\u00eda sea el \u00faltimo recurso [\/vc_column_text][vc_column_text el_class=&#8221;treatment-text&#8221;]Hay pocas cosas que pueden disminuir su calidad de vida tanto como el dolor de espalda cr\u00f3nico . Siempre est\u00e1 ah\u00ed, robando el<\/p>\n","protected":false},"author":2,"featured_media":10510,"parent":0,"menu_order":5,"comment_status":"closed","ping_status":"closed","template":"","meta":{"_acf_changed":false,"footnotes":""},"class_list":["post-10591","page","type-page","status-publish","has-post-thumbnail","hentry","smct_cats-treatments"],"acf":[],"yoast_head":"<!-- This site is optimized with the Yoast SEO plugin v27.3 - https:\/\/yoast.com\/product\/yoast-seo-wordpress\/ -->\n<title>Servicios para el cuidado del dolor de espalda | La Cl\u00ednica Morrison \u2122 | Neurocirujano de columna<\/title>\n<meta name=\"description\" content=\"Expertos en el tratamiento del dolor de espalda, consideramos la cirug\u00eda como \u00faltimo recurso y estamos comprometidos con su mejor calidad de vida. Explore nuestros servicios para el cuidado del dolor de espalda hoy.\" \/>\n<meta name=\"robots\" content=\"index, follow, max-snippet:-1, max-image-preview:large, max-video-preview:-1\" \/>\n<link rel=\"canonical\" href=\"https:\/\/themorrisonclinic.com\/es\/servicios-para-el-cuidado-del-dolor-de-espalda\" \/>\n<meta property=\"og:locale\" content=\"es_ES\" \/>\n<meta property=\"og:type\" content=\"article\" \/>\n<meta property=\"og:title\" content=\"Servicios para el cuidado del dolor de espalda | La Cl\u00ednica Morrison \u2122 | Neurocirujano de columna\" \/>\n<meta property=\"og:description\" content=\"Expertos en el tratamiento del dolor de espalda, consideramos la cirug\u00eda como \u00faltimo recurso y estamos comprometidos con su mejor calidad de vida. Explore nuestros servicios para el cuidado del dolor de espalda hoy.\" \/>\n<meta property=\"og:url\" content=\"https:\/\/themorrisonclinic.com\/es\/servicios-para-el-cuidado-del-dolor-de-espalda\" \/>\n<meta property=\"og:site_name\" content=\"The Morrison Clinic\" \/>\n<meta property=\"article:modified_time\" content=\"2021-12-22T20:54:32+00:00\" \/>\n<meta property=\"og:image\" content=\"https:\/\/themorrisonclinic.com\/wp-content\/uploads\/2021\/12\/Back_Pain_Tile_1.jpg\" \/>\n\t<meta property=\"og:image:width\" content=\"1120\" \/>\n\t<meta property=\"og:image:height\" content=\"630\" \/>\n\t<meta property=\"og:image:type\" content=\"image\/jpeg\" \/>\n<meta name=\"twitter:card\" content=\"summary_large_image\" \/>\n<meta name=\"twitter:label1\" content=\"Tiempo de lectura\" \/>\n\t<meta name=\"twitter:data1\" content=\"4 minutos\" \/>\n<!-- \/ Yoast SEO plugin. -->","yoast_head_json":{"title":"Servicios para el cuidado del dolor de espalda | La Cl\u00ednica Morrison \u2122 | Neurocirujano de columna","description":"Expertos en el tratamiento del dolor de espalda, consideramos la cirug\u00eda como \u00faltimo recurso y estamos comprometidos con su mejor calidad de vida. Explore nuestros servicios para el cuidado del dolor de espalda hoy.","robots":{"index":"index","follow":"follow","max-snippet":"max-snippet:-1","max-image-preview":"max-image-preview:large","max-video-preview":"max-video-preview:-1"},"canonical":"https:\/\/themorrisonclinic.com\/es\/servicios-para-el-cuidado-del-dolor-de-espalda","og_locale":"es_ES","og_type":"article","og_title":"Servicios para el cuidado del dolor de espalda | La Cl\u00ednica Morrison \u2122 | Neurocirujano de columna","og_description":"Expertos en el tratamiento del dolor de espalda, consideramos la cirug\u00eda como \u00faltimo recurso y estamos comprometidos con su mejor calidad de vida. Explore nuestros servicios para el cuidado del dolor de espalda hoy.","og_url":"https:\/\/themorrisonclinic.com\/es\/servicios-para-el-cuidado-del-dolor-de-espalda","og_site_name":"The Morrison Clinic","article_modified_time":"2021-12-22T20:54:32+00:00","og_image":[{"width":1120,"height":630,"url":"https:\/\/themorrisonclinic.com\/wp-content\/uploads\/2021\/12\/Back_Pain_Tile_1.jpg","type":"image\/jpeg"}],"twitter_card":"summary_large_image","twitter_misc":{"Tiempo de lectura":"4 minutos"},"schema":{"@context":"https:\/\/schema.org","@graph":[{"@type":"WebPage","@id":"https:\/\/themorrisonclinic.com\/es\/servicios-para-el-cuidado-del-dolor-de-espalda","url":"https:\/\/themorrisonclinic.com\/es\/servicios-para-el-cuidado-del-dolor-de-espalda","name":"Servicios para el cuidado del dolor de espalda | La Cl\u00ednica Morrison \u2122 | Neurocirujano de columna","isPartOf":{"@id":"https:\/\/themorrisonclinic.com\/es#website"},"primaryImageOfPage":{"@id":"https:\/\/themorrisonclinic.com\/es\/servicios-para-el-cuidado-del-dolor-de-espalda#primaryimage"},"image":{"@id":"https:\/\/themorrisonclinic.com\/es\/servicios-para-el-cuidado-del-dolor-de-espalda#primaryimage"},"thumbnailUrl":"https:\/\/themorrisonclinic.com\/wp-content\/uploads\/2021\/12\/Back_Pain_Tile_1.jpg","datePublished":"2021-12-22T20:54:27+00:00","dateModified":"2021-12-22T20:54:32+00:00","description":"Expertos en el tratamiento del dolor de espalda, consideramos la cirug\u00eda como \u00faltimo recurso y estamos comprometidos con su mejor calidad de vida. Explore nuestros servicios para el cuidado del dolor de espalda hoy.","breadcrumb":{"@id":"https:\/\/themorrisonclinic.com\/es\/servicios-para-el-cuidado-del-dolor-de-espalda#breadcrumb"},"inLanguage":"es","potentialAction":[{"@type":"ReadAction","target":["https:\/\/themorrisonclinic.com\/es\/servicios-para-el-cuidado-del-dolor-de-espalda"]}]},{"@type":"ImageObject","inLanguage":"es","@id":"https:\/\/themorrisonclinic.com\/es\/servicios-para-el-cuidado-del-dolor-de-espalda#primaryimage","url":"https:\/\/themorrisonclinic.com\/wp-content\/uploads\/2021\/12\/Back_Pain_Tile_1.jpg","contentUrl":"https:\/\/themorrisonclinic.com\/wp-content\/uploads\/2021\/12\/Back_Pain_Tile_1.jpg","width":1120,"height":630,"caption":"Morrison Clinic Back_Pain"},{"@type":"BreadcrumbList","@id":"https:\/\/themorrisonclinic.com\/es\/servicios-para-el-cuidado-del-dolor-de-espalda#breadcrumb","itemListElement":[{"@type":"ListItem","position":1,"name":"Home","item":"https:\/\/themorrisonclinic.com\/es"},{"@type":"ListItem","position":2,"name":"Servicios para el cuidado del dolor de espalda"}]},{"@type":"WebSite","@id":"https:\/\/themorrisonclinic.com\/es#website","url":"https:\/\/themorrisonclinic.com\/es","name":"The Morrison Clinic","description":"South Florida Neurosurgeon","publisher":{"@id":"https:\/\/themorrisonclinic.com\/es#organization"},"potentialAction":[{"@type":"SearchAction","target":{"@type":"EntryPoint","urlTemplate":"https:\/\/themorrisonclinic.com\/es?s={search_term_string}"},"query-input":{"@type":"PropertyValueSpecification","valueRequired":true,"valueName":"search_term_string"}}],"inLanguage":"es"},{"@type":"Organization","@id":"https:\/\/themorrisonclinic.com\/es#organization","name":"Morrison Clinic","url":"https:\/\/themorrisonclinic.com\/es","logo":{"@type":"ImageObject","inLanguage":"es","@id":"https:\/\/themorrisonclinic.com\/es#\/schema\/logo\/image\/","url":"https:\/\/themorrisonclinic.com\/wp-content\/uploads\/2020\/06\/logotransparent.png","contentUrl":"https:\/\/themorrisonclinic.com\/wp-content\/uploads\/2020\/06\/logotransparent.png","width":2734,"height":1250,"caption":"Morrison Clinic"},"image":{"@id":"https:\/\/themorrisonclinic.com\/es#\/schema\/logo\/image\/"}}]}},"_links":{"self":[{"href":"https:\/\/themorrisonclinic.com\/es\/wp-json\/wp\/v2\/pages\/10591","targetHints":{"allow":["GET"]}}],"collection":[{"href":"https:\/\/themorrisonclinic.com\/es\/wp-json\/wp\/v2\/pages"}],"about":[{"href":"https:\/\/themorrisonclinic.com\/es\/wp-json\/wp\/v2\/types\/page"}],"author":[{"embeddable":true,"href":"https:\/\/themorrisonclinic.com\/es\/wp-json\/wp\/v2\/users\/2"}],"replies":[{"embeddable":true,"href":"https:\/\/themorrisonclinic.com\/es\/wp-json\/wp\/v2\/comments?post=10591"}],"version-history":[{"count":0,"href":"https:\/\/themorrisonclinic.com\/es\/wp-json\/wp\/v2\/pages\/10591\/revisions"}],"wp:featuredmedia":[{"embeddable":true,"href":"https:\/\/themorrisonclinic.com\/es\/wp-json\/wp\/v2\/media\/10510"}],"wp:attachment":[{"href":"https:\/\/themorrisonclinic.com\/es\/wp-json\/wp\/v2\/media?parent=10591"}],"curies":[{"name":"wp","href":"https:\/\/api.w.org\/{rel}","templated":true}]}}