{"id":10581,"date":"2021-12-22T20:54:25","date_gmt":"2021-12-22T20:54:25","guid":{"rendered":"https:\/\/themorrisonclinic.com\/condiciones\/neuralgia-trigeminal"},"modified":"2022-02-01T01:04:55","modified_gmt":"2022-02-01T01:04:55","slug":"neuralgia-trigeminal","status":"publish","type":"page","link":"https:\/\/themorrisonclinic.com\/es\/condiciones\/neuralgia-trigeminal","title":{"rendered":"Neuralgia trigeminal"},"content":{"rendered":"<p>[vc_row css=&#8221;.vc_custom_1640290585291{margin-top: 1rem !important;padding-top: 2rem !important;}&#8221;][vc_column width=&#8221;2\/3&#8243;][vc_row_inner][vc_column_inner][vc_column_text el_class=&#8221;treatment-h2&#8243; css=&#8221;.vc_custom_1634330604257{margin-bottom: 2rem !important;}&#8221;]<\/p>\n<h2>\u00bfQu\u00e9 es la neuralgia del trig\u00e9mino?<\/h2>\n<p>[\/vc_column_text][vc_column_text]Una condici\u00f3n de dolor cr\u00f3nico que afecta el nervio de la neuralgia del trig\u00e9mino, que comunica la sensaci\u00f3n entre la cara y el cerebro.<\/p>\n<p>&nbsp;<\/p>\n<p>La neuralgia del trig\u00e9mino puede causar un dolor facial intenso a la m\u00e1s m\u00ednima estimulaci\u00f3n, incluso algo tan suave como cepillarse los dientes o maquillarse. Este dolor puede aparecer en r\u00e1fagas breves y relativamente leves o, si no se trata, puede provocar erupciones prolongadas y frecuentes de dolor extremo.[\/vc_column_text][\/vc_column_inner][\/vc_row_inner][vc_row_inner css=&#8221;.vc_custom_1634697220307{padding-top: 2.5rem !important;padding-right: 1rem !important;padding-bottom: 1.5rem !important;padding-left: 1rem !important;background-color: #ecf1f6 !important;}&#8221;][vc_column_inner css=&#8221;.vc_custom_1634696779588{padding-top: 0px !important;padding-bottom: 0px !important;}&#8221;][vc_column_text el_class=&#8221;treatment-h3&#8243; css=&#8221;.vc_custom_1634696814978{margin-top: 0px !important;margin-bottom: 0px !important;padding-bottom: 1rem !important;}&#8221;]<\/p>\n<h3>S\u00edntomas de la neuralgia del trig\u00e9mino<\/h3>\n<p>[\/vc_column_text][vc_column_text el_class=&#8221;treatment-text&#8221; css=&#8221;.vc_custom_1639962208846{margin-bottom: 1rem !important;}&#8221;]Los s\u00edntomas comunes de la neuralgia del trig\u00e9mino incluyen:<\/p>\n<ul>\n<li> Ataques epis\u00f3dicos de dolor facial punzante o punzante<\/li>\n<li> Dolor insoportable causado por tocarse la cara, hablar, masticar o incluso cepillarse los dientes<\/li>\n<li> Sentimientos de dolor o ardor que preceden al dolor.<\/li>\n<li> Dolor espec\u00edfico en \u00e1reas relacionadas con el nervio trig\u00e9mino, incluida la mand\u00edbula, las mejillas, las enc\u00edas, los dientes, los labios u ocasionalmente los ojos o la frente.<\/li>\n<\/ul>\n<p>La neuralgia del trig\u00e9mino tiende a aparecer en personas mayores de 50 a\u00f1os y es un poco m\u00e1s com\u00fan en mujeres que en hombres. El Dr. Morrison es constantemente reconocido como uno de los <a href=\"https:\/\/themorrisonclinic.com\/es\/sobre-nosotros\">mejores neurocirujanos en Florida<\/a> para el tratamiento de la neuralgia del trig\u00e9mino.[\/vc_column_text][\/vc_column_inner][\/vc_row_inner][vc_row_inner css=&#8221;.vc_custom_1635201012786{margin-top: 1rem !important;margin-right: 1rem !important;margin-bottom: 1rem !important;margin-left: 1rem !important;padding-top: 2rem !important;padding-right: 2rem !important;padding-bottom: 2rem !important;padding-left: 2rem !important;background-color: #305893 !important;}&#8221; el_class=&#8221;block-hidden-desktop&#8221;][vc_column_inner css=&#8221;.vc_custom_1634696442660{padding-top: 0px !important;}&#8221;][vc_icon icon_fontawesome=&#8221;fa fa-comments-o&#8221; color=&#8221;white&#8221; size=&#8221;xl&#8221; align=&#8221;center&#8221; css=&#8221;.vc_custom_1634696031215{margin-bottom: .5rem !important;}&#8221;][vc_column_text css=&#8221;.vc_custom_1634696393911{margin-bottom: 0px !important;padding-top: 15px !important;padding-bottom: 15px !important;}&#8221;]<\/p>\n<h4 style=\"color: #ffffff; text-align: center;\">\u00bfNecesita una opini\u00f3n de un experto?<\/h4>\n<p>[\/vc_column_text]\r<!-- radiantthemes-custom-button -->\r<div class=\"radiantthemes-custom-button hover-style-two rt2938251599  \"  data-button-direction=\"center\" data-button-fullwidth=\"true\" ><a style=\" color: #305893; font-size: 22px;\" class=\"radiantthemes-custom-button-main  vc_custom_1634696257351\" href=\"#contact\"  title=\"\" target=\"_self\"><div class=\"overlay\"><\/div><div class=\"placeholder\">Schedule an e-consult<\/div><\/a><\/div>\r<!-- radiantthemes-custom-button -->\r\r<!-- radiantthemes-custom-button -->\r<div class=\"radiantthemes-custom-button hover-style-two rt4211264014  \"  data-button-direction=\"center\" data-button-fullwidth=\"true\"  data-button-icon-position=\"right\"><a style=\" color: #305893; font-size: 22px;\" class=\"radiantthemes-custom-button-main  vc_custom_1635201245115\" href=\"tel:15612848455\"  title=\"\" target=\"_blank\"><div class=\"overlay\"><\/div><div class=\"placeholder\">Contact Us<i class=\"fa fa-phone\"><\/i><\/div><\/a><\/div>\r<!-- radiantthemes-custom-button -->\r[\/vc_column_inner][\/vc_row_inner][vc_row_inner][vc_column_inner][vc_column_text el_class=&#8221;treatment-h2&#8243; css=&#8221;.vc_custom_1634172522774{margin-bottom: 2rem !important;}&#8221;]<\/p>\n<h2>Formas de evitar desencadenar la neuralgia del trig\u00e9mino<\/h2>\n<p>[\/vc_column_text][vc_column_text]La neuralgia del trig\u00e9mino es causada por una interrupci\u00f3n en la funci\u00f3n nerviosa, a menudo debido al contacto con un vaso sangu\u00edneo normal y el nervio trig\u00e9mino en el punto de conexi\u00f3n del cerebro. Tambi\u00e9n puede estar relacionado con otros problemas como la esclerosis m\u00faltiple o anomal\u00edas cerebrales.<\/p>\n<p>&nbsp;<\/p>\n<p>Hasta que se trate su afecci\u00f3n, lo mejor es minimizar los factores desencadenantes comunes como afeitarse, tocarse la cara o maquillarse. Reconocemos que esto es muy desafiante en la vida diaria normal y, por lo tanto, recomendamos <a href=\"#contact\">programar aqu\u00ed una consulta electr\u00f3nica con<\/a> respecto a sus opciones de tratamiento de la neuralgia del trig\u00e9mino.[\/vc_column_text][\/vc_column_inner][\/vc_row_inner][vc_row_inner][vc_column_inner][vc_column_text el_class=&#8221;treatment-h2&#8243; css=&#8221;.vc_custom_1634172548659{margin-bottom: 2rem !important;}&#8221;]<\/p>\n<h2>Tratamientos para la neuralgia del trig\u00e9mino<\/h2>\n<p>[\/vc_column_text][vc_column_text]Una vez que le hayan diagnosticado neuralgia del trig\u00e9mino, hay varios tratamientos disponibles que tienen altas tasas de \u00e9xito.<\/p>\n<p>&nbsp;<\/p>\n<p>La medicaci\u00f3n suele ser el primer tratamiento y puede incluir anticonvulsivos, antiespasm\u00f3dicos o inyecciones de Botox, todos los cuales act\u00faan bloqueando las se\u00f1ales de dolor al cerebro.<\/p>\n<p>&nbsp;<\/p>\n<p>Si la medicaci\u00f3n no tiene \u00e9xito, existen dos <a href=\"https:\/\/themorrisonclinic.com\/es\/servicios\">tratamientos neuroquir\u00fargicos<\/a> habituales.<\/p>\n<p>&nbsp;<\/p>\n<p>La descompresi\u00f3n microvascular ayuda al mover o eliminar los vasos sangu\u00edneos en contacto. Esto resuelve el problema en casi todos los casos. El Dr. Morrison tambi\u00e9n puede recomendar la radiocirug\u00eda estereot\u00e1ctica del cerebro, que implica dirigir una dosis focalizada de radiaci\u00f3n a la ra\u00edz del nervio.<\/p>\n<p>&nbsp;<\/p>\n<p>En el caso de que su neuralgia del trig\u00e9mino sea causada por una afecci\u00f3n subyacente, estas soluciones generalmente deben combinarse con su tratamiento.<\/p>\n<p>&nbsp;<\/p>\n<p>\u00bfListo para el alivio de esta dolorosa condici\u00f3n? <a href=\"#contact\">Programe una consulta electr\u00f3nica<\/a> con el Dr. Morrison para analizar sus opciones de tratamiento hoy.[\/vc_column_text][\/vc_column_inner][\/vc_row_inner][vc_row_inner][vc_column_inner][vc_empty_space height=&#8221;15px&#8221;][vc_column_text el_class=&#8221;treatment-h2&#8243; css=&#8221;.vc_custom_1634330995077{margin-bottom: 2rem !important;}&#8221;]<\/p>\n<h2>Pron\u00f3stico de la neuralgia del trig\u00e9mino<\/h2>\n<p>[\/vc_column_text][vc_column_text]La neuralgia del trig\u00e9mino puede ser una condici\u00f3n dolorosa y cr\u00f3nica de controlar, especialmente para mujeres mayores de 50 a\u00f1os.<\/p>\n<p>&nbsp;<\/p>\n<p>Sin embargo, con el tratamiento adecuado, la mayor\u00eda de los pacientes pueden esperar una gran reducci\u00f3n en la frecuencia y la gravedad del dolor causado por la neuralgia del trig\u00e9mino.[\/vc_column_text][\/vc_column_inner][\/vc_row_inner][\/vc_column][vc_column width=&#8221;1\/3&#8243;][vc_wp_custommenu title=&#8221;Condiciones&#8221; nav_menu=&#8221;46&#8243; el_class=&#8221;treatment-link-menu&#8221; el_id=&#8221;treatment-link-menu&#8221;][vc_row_inner css=&#8221;.vc_custom_1635200970905{margin-top: 1rem !important;margin-right: 1rem !important;margin-bottom: 1rem !important;margin-left: 1rem !important;padding-top: 2rem !important;padding-right: 2rem !important;padding-bottom: 2rem !important;padding-left: 2rem !important;background-color: #305893 !important;}&#8221; el_class=&#8221;block-hidden-mobile&#8221;][vc_column_inner css=&#8221;.vc_custom_1634696442660{padding-top: 0px !important;}&#8221;][vc_icon icon_fontawesome=&#8221;fa fa-comments-o&#8221; color=&#8221;white&#8221; size=&#8221;xl&#8221; align=&#8221;center&#8221; css=&#8221;.vc_custom_1634696031215{margin-bottom: .5rem !important;}&#8221;][vc_column_text css=&#8221;.vc_custom_1634696393911{margin-bottom: 0px !important;padding-top: 15px !important;padding-bottom: 15px !important;}&#8221;]<\/p>\n<h4 style=\"color: #ffffff; text-align: center;\">\u00bfNecesita una opini\u00f3n de un experto?<\/h4>\n<p>[\/vc_column_text]\r<!-- radiantthemes-custom-button -->\r<div class=\"radiantthemes-custom-button hover-style-two rt842075016  \" id=\"econsult-btn\" data-button-direction=\"center\" data-button-fullwidth=\"true\" ><a style=\" color: #305893; font-size: 22px;\" class=\"radiantthemes-custom-button-main  vc_custom_1639339296039\" href=\"#contact\"  title=\"\" target=\"_self\"><div class=\"overlay\"><\/div><div class=\"placeholder\">Schedule an e-consult<\/div><\/a><\/div>\r<!-- radiantthemes-custom-button -->\r[\/vc_column_inner][\/vc_row_inner][vc_raw_html]PHN0eWxlPi53cmFwZXJfaW5uZXJfYmFubmVyIHsNCiAgICBiYWNrZ3JvdW5kLWltYWdlOiB1cmwoJ2h0dHBzOi8vaHR0cHN0aGVtb3JzdGcud3BlbmdpbmVwb3dlcmVkLmNvbS93cC1jb250ZW50L3VwbG9hZHMvMjAyMS8xMC9XZWJzaXRlX0hlYWRlcl9UcmlnZW1pbmFsLnBuZycpICFpbXBvcnRhbnQ7DQp9DQo8L3N0eWxlPg==[\/vc_raw_html][\/vc_column][\/vc_row][vc_row][vc_column][vc_empty_space height=&#8221;50px&#8221;]<div class=\"radiantthemes-blockquote element-one   \" ><blockquote ><i class=\"fa fa-quote-left\" ><\/i>Immediately following surgery, I was standing and walking pain free. I am enjoying my life again and have Dr. Morrison to thank!<cite><\/cite><\/blockquote><\/div>[vc_empty_space height=&#8221;50px&#8221;][\/vc_column][\/vc_row][vc_row el_id=&#8221;contact&#8221;][vc_column width=&#8221;1\/6&#8243; el_id=&#8221;treatment-contact-form&#8221;][\/vc_column][vc_column width=&#8221;2\/3&#8243;][vc_column_text el_class=&#8221;treatment-h2&#8243; css=&#8221;.vc_custom_1634330892917{margin-bottom: 0px !important;padding-bottom: 1rem !important;}&#8221;]<\/p>\n<h2 style=\"text-align: center;\">Programe una consulta electr\u00f3nica sobre neuralgia del trig\u00e9mino<\/h2>\n<p>[\/vc_column_text][vc_column_text css=&#8221;.vc_custom_1634401326049{margin-bottom: 3rem !important;}&#8221;]<span style=\"font-weight: 400;\">Analicemos el manejo de sus s\u00edntomas espec\u00edficos de la neuralgia del trig\u00e9mino y desarrollemos un plan para su mejor calidad de vida.<\/span>[\/vc_column_text][rt_cf7_style padding_right=&#8221;10px&#8221; padding_left=&#8221;10px&#8221; radiant_border_style=&#8221;solid&#8221; radiant_border_color=&#8221;#e6e5e5&#8243; radiant_border_top=&#8221;1px&#8221; radiant_border_right=&#8221;1px&#8221; radiant_border_bottom=&#8221;1px&#8221; radiant_border_left=&#8221;1px&#8221; radiant_focus_style=&#8221;solid&#8221; radiant_focus_top=&#8221;1px&#8221; radiant_focus_right=&#8221;1px&#8221; radiant_focus_bottom=&#8221;1px&#8221; radiant_focus_left=&#8221;1px&#8221;][contact-form-7 id=&#8221;9393&#8243;][\/rt_cf7_style][\/vc_column][vc_column width=&#8221;1\/6&#8243;][\/vc_column][\/vc_row][vc_row][vc_column][vc_empty_space height=&#8221;100px&#8221;][\/vc_column][\/vc_row]<\/p>\n","protected":false},"excerpt":{"rendered":"<p>[vc_row css=&#8221;.vc_custom_1640290585291{margin-top: 1rem !important;padding-top: 2rem !important;}&#8221;][vc_column width=&#8221;2\/3&#8243;][vc_row_inner][vc_column_inner][vc_column_text el_class=&#8221;treatment-h2&#8243; css=&#8221;.vc_custom_1634330604257{margin-bottom: 2rem !important;}&#8221;] \u00bfQu\u00e9 es la neuralgia del trig\u00e9mino? [\/vc_column_text][vc_column_text]Una condici\u00f3n de dolor cr\u00f3nico que afecta el nervio de la neuralgia del trig\u00e9mino, que comunica la sensaci\u00f3n entre la cara y el cerebro. &nbsp; La neuralgia del trig\u00e9mino puede causar un dolor facial intenso a la m\u00e1s m\u00ednima estimulaci\u00f3n, incluso algo tan<\/p>\n","protected":false},"author":2,"featured_media":10507,"parent":10575,"menu_order":0,"comment_status":"closed","ping_status":"closed","template":"","meta":{"_acf_changed":false,"footnotes":""},"class_list":["post-10581","page","type-page","status-publish","has-post-thumbnail","hentry","smct_cats-conditions"],"acf":[],"yoast_head":"<!-- This site is optimized with the Yoast SEO plugin v27.3 - https:\/\/yoast.com\/product\/yoast-seo-wordpress\/ -->\n<title>Especialista en Tratamiento de Neuralgia Trigeminal | La Cl\u00ednica Morrison \u2122<\/title>\n<meta name=\"description\" content=\"\u00bfEst\u00e1 buscando un especialista en neuralgia del trig\u00e9mino? Conozca los datos clave relacionados con esta afecci\u00f3n y las opciones de tratamiento de la neuralgia del trig\u00e9mino.\" \/>\n<meta name=\"robots\" content=\"index, follow, max-snippet:-1, max-image-preview:large, max-video-preview:-1\" \/>\n<link rel=\"canonical\" href=\"https:\/\/themorrisonclinic.com\/es\/condiciones\/neuralgia-trigeminal\" \/>\n<meta property=\"og:locale\" content=\"es_ES\" \/>\n<meta property=\"og:type\" content=\"article\" \/>\n<meta property=\"og:title\" content=\"Especialista en Tratamiento de Neuralgia Trigeminal | La Cl\u00ednica Morrison \u2122\" \/>\n<meta property=\"og:description\" content=\"\u00bfEst\u00e1 buscando un especialista en neuralgia del trig\u00e9mino? Conozca los datos clave relacionados con esta afecci\u00f3n y las opciones de tratamiento de la neuralgia del trig\u00e9mino.\" \/>\n<meta property=\"og:url\" content=\"https:\/\/themorrisonclinic.com\/es\/condiciones\/neuralgia-trigeminal\" \/>\n<meta property=\"og:site_name\" content=\"The Morrison Clinic\" \/>\n<meta property=\"article:modified_time\" content=\"2022-02-01T01:04:55+00:00\" \/>\n<meta property=\"og:image\" content=\"https:\/\/themorrisonclinic.com\/wp-content\/uploads\/2021\/11\/Trigeminal-Tile-1.png\" \/>\n\t<meta property=\"og:image:width\" content=\"1120\" \/>\n\t<meta property=\"og:image:height\" content=\"630\" \/>\n\t<meta property=\"og:image:type\" content=\"image\/png\" \/>\n<meta name=\"twitter:card\" content=\"summary_large_image\" \/>\n<meta name=\"twitter:label1\" content=\"Tiempo de lectura\" \/>\n\t<meta name=\"twitter:data1\" content=\"7 minutos\" \/>\n<!-- \/ Yoast SEO plugin. -->","yoast_head_json":{"title":"Especialista en Tratamiento de Neuralgia Trigeminal | La Cl\u00ednica Morrison \u2122","description":"\u00bfEst\u00e1 buscando un especialista en neuralgia del trig\u00e9mino? Conozca los datos clave relacionados con esta afecci\u00f3n y las opciones de tratamiento de la neuralgia del trig\u00e9mino.","robots":{"index":"index","follow":"follow","max-snippet":"max-snippet:-1","max-image-preview":"max-image-preview:large","max-video-preview":"max-video-preview:-1"},"canonical":"https:\/\/themorrisonclinic.com\/es\/condiciones\/neuralgia-trigeminal","og_locale":"es_ES","og_type":"article","og_title":"Especialista en Tratamiento de Neuralgia Trigeminal | La Cl\u00ednica Morrison \u2122","og_description":"\u00bfEst\u00e1 buscando un especialista en neuralgia del trig\u00e9mino? Conozca los datos clave relacionados con esta afecci\u00f3n y las opciones de tratamiento de la neuralgia del trig\u00e9mino.","og_url":"https:\/\/themorrisonclinic.com\/es\/condiciones\/neuralgia-trigeminal","og_site_name":"The Morrison Clinic","article_modified_time":"2022-02-01T01:04:55+00:00","og_image":[{"width":1120,"height":630,"url":"https:\/\/themorrisonclinic.com\/wp-content\/uploads\/2021\/11\/Trigeminal-Tile-1.png","type":"image\/png"}],"twitter_card":"summary_large_image","twitter_misc":{"Tiempo de lectura":"7 minutos"},"schema":{"@context":"https:\/\/schema.org","@graph":[{"@type":"WebPage","@id":"https:\/\/themorrisonclinic.com\/es\/condiciones\/neuralgia-trigeminal","url":"https:\/\/themorrisonclinic.com\/es\/condiciones\/neuralgia-trigeminal","name":"Especialista en Tratamiento de Neuralgia Trigeminal | La Cl\u00ednica Morrison \u2122","isPartOf":{"@id":"https:\/\/themorrisonclinic.com\/es#website"},"primaryImageOfPage":{"@id":"https:\/\/themorrisonclinic.com\/es\/condiciones\/neuralgia-trigeminal#primaryimage"},"image":{"@id":"https:\/\/themorrisonclinic.com\/es\/condiciones\/neuralgia-trigeminal#primaryimage"},"thumbnailUrl":"https:\/\/themorrisonclinic.com\/wp-content\/uploads\/2021\/11\/Trigeminal-Tile-1.png","datePublished":"2021-12-22T20:54:25+00:00","dateModified":"2022-02-01T01:04:55+00:00","description":"\u00bfEst\u00e1 buscando un especialista en neuralgia del trig\u00e9mino? Conozca los datos clave relacionados con esta afecci\u00f3n y las opciones de tratamiento de la neuralgia del trig\u00e9mino.","breadcrumb":{"@id":"https:\/\/themorrisonclinic.com\/es\/condiciones\/neuralgia-trigeminal#breadcrumb"},"inLanguage":"es","potentialAction":[{"@type":"ReadAction","target":["https:\/\/themorrisonclinic.com\/es\/condiciones\/neuralgia-trigeminal"]}]},{"@type":"ImageObject","inLanguage":"es","@id":"https:\/\/themorrisonclinic.com\/es\/condiciones\/neuralgia-trigeminal#primaryimage","url":"https:\/\/themorrisonclinic.com\/wp-content\/uploads\/2021\/11\/Trigeminal-Tile-1.png","contentUrl":"https:\/\/themorrisonclinic.com\/wp-content\/uploads\/2021\/11\/Trigeminal-Tile-1.png","width":1120,"height":630,"caption":"Trigeminal"},{"@type":"BreadcrumbList","@id":"https:\/\/themorrisonclinic.com\/es\/condiciones\/neuralgia-trigeminal#breadcrumb","itemListElement":[{"@type":"ListItem","position":1,"name":"Home","item":"https:\/\/themorrisonclinic.com\/es"},{"@type":"ListItem","position":2,"name":"Trastornos","item":"https:\/\/themorrisonclinic.com\/es\/condiciones"},{"@type":"ListItem","position":3,"name":"Neuralgia trigeminal"}]},{"@type":"WebSite","@id":"https:\/\/themorrisonclinic.com\/es#website","url":"https:\/\/themorrisonclinic.com\/es","name":"The Morrison Clinic","description":"South Florida Neurosurgeon","publisher":{"@id":"https:\/\/themorrisonclinic.com\/es#organization"},"potentialAction":[{"@type":"SearchAction","target":{"@type":"EntryPoint","urlTemplate":"https:\/\/themorrisonclinic.com\/es?s={search_term_string}"},"query-input":{"@type":"PropertyValueSpecification","valueRequired":true,"valueName":"search_term_string"}}],"inLanguage":"es"},{"@type":"Organization","@id":"https:\/\/themorrisonclinic.com\/es#organization","name":"Morrison Clinic","url":"https:\/\/themorrisonclinic.com\/es","logo":{"@type":"ImageObject","inLanguage":"es","@id":"https:\/\/themorrisonclinic.com\/es#\/schema\/logo\/image\/","url":"https:\/\/themorrisonclinic.com\/wp-content\/uploads\/2020\/06\/logotransparent.png","contentUrl":"https:\/\/themorrisonclinic.com\/wp-content\/uploads\/2020\/06\/logotransparent.png","width":2734,"height":1250,"caption":"Morrison Clinic"},"image":{"@id":"https:\/\/themorrisonclinic.com\/es#\/schema\/logo\/image\/"}}]}},"_links":{"self":[{"href":"https:\/\/themorrisonclinic.com\/es\/wp-json\/wp\/v2\/pages\/10581","targetHints":{"allow":["GET"]}}],"collection":[{"href":"https:\/\/themorrisonclinic.com\/es\/wp-json\/wp\/v2\/pages"}],"about":[{"href":"https:\/\/themorrisonclinic.com\/es\/wp-json\/wp\/v2\/types\/page"}],"author":[{"embeddable":true,"href":"https:\/\/themorrisonclinic.com\/es\/wp-json\/wp\/v2\/users\/2"}],"replies":[{"embeddable":true,"href":"https:\/\/themorrisonclinic.com\/es\/wp-json\/wp\/v2\/comments?post=10581"}],"version-history":[{"count":0,"href":"https:\/\/themorrisonclinic.com\/es\/wp-json\/wp\/v2\/pages\/10581\/revisions"}],"up":[{"embeddable":true,"href":"https:\/\/themorrisonclinic.com\/es\/wp-json\/wp\/v2\/pages\/10575"}],"wp:featuredmedia":[{"embeddable":true,"href":"https:\/\/themorrisonclinic.com\/es\/wp-json\/wp\/v2\/media\/10507"}],"wp:attachment":[{"href":"https:\/\/themorrisonclinic.com\/es\/wp-json\/wp\/v2\/media?parent=10581"}],"curies":[{"name":"wp","href":"https:\/\/api.w.org\/{rel}","templated":true}]}}