{"id":10575,"date":"2021-12-22T20:54:24","date_gmt":"2021-12-22T20:54:24","guid":{"rendered":"https:\/\/themorrisonclinic.com\/condiciones"},"modified":"2022-05-04T12:08:24","modified_gmt":"2022-05-04T12:08:24","slug":"condiciones","status":"publish","type":"page","link":"https:\/\/themorrisonclinic.com\/es\/condiciones","title":{"rendered":"Trastornos"},"content":{"rendered":"<p>[vc_row css=&#8221;.vc_custom_1634399600751{margin-top: 0px !important;padding-top: 4rem !important;}&#8221;][vc_column][vc_empty_space height=&#8221;50px&#8221;][vc_basic_grid post_type=&#8221;page&#8221; max_items=&#8221;18&#8243; style=&#8221;lazy&#8221; items_per_page=&#8221;6&#8243; item=&#8221;9718&#8243; grid_id=&#8221;vc_gid:1639934457537-ceaf9554-0c0d-10&#8243; taxonomies=&#8221;44&#8243; el_id=&#8221;condition-grid&#8221;][\/vc_column][\/vc_row][vc_row][vc_column][vc_empty_space height=&#8221;100px&#8221;][\/vc_column][\/vc_row][vc_row el_id=&#8221;cont\u00e1ctenos&#8221;][vc_column width=&#8221;1\/6&#8243; el_id=&#8221;treatment-contact-form&#8221;][\/vc_column][vc_column width=&#8221;2\/3&#8243;][vc_column_text el_class=&#8221;treatment-h2&#8243; css=&#8221;.vc_custom_1639784892377{margin-bottom: 0px !important;padding-bottom: 1rem !important;}&#8221;]<\/p>\n<h2 style=\"text-align: center;\">Programe su consulta electr\u00f3nica<\/h2>\n<p>[\/vc_column_text][vc_column_text css=&#8221;.vc_custom_1639934634761{margin-bottom: 3rem !important;}&#8221;]<\/p>\n<div class=\"wpb_text_column wpb_content_element vc_custom_1634330975853\">\n<div class=\"wpb_wrapper\">\n<p style=\"text-align: center;\">\u00bfNecesita m\u00e1s detalles o se pregunta si nuestra <a href=\"https:\/\/themorrisonclinic.com\/es\">cl\u00ednica de neurocirujano<\/a> puede ayudarlo con una afecci\u00f3n que no ve aqu\u00ed? Programe una consulta electr\u00f3nica hoy.<\/p>\n<\/div>\n<\/div>\n<p>[\/vc_column_text][rt_cf7_style padding_right=&#8221;10px&#8221; padding_left=&#8221;10px&#8221; radiant_border_style=&#8221;solid&#8221; radiant_border_color=&#8221;#e6e5e5&#8243; radiant_border_top=&#8221;1px&#8221; radiant_border_right=&#8221;1px&#8221; radiant_border_bottom=&#8221;1px&#8221; radiant_border_left=&#8221;1px&#8221; radiant_focus_style=&#8221;solid&#8221; radiant_focus_top=&#8221;1px&#8221; radiant_focus_right=&#8221;1px&#8221; radiant_focus_bottom=&#8221;1px&#8221; radiant_focus_left=&#8221;1px&#8221;][contact-form-7 id=&#8221;9393&#8243;][\/rt_cf7_style][\/vc_column][vc_column width=&#8221;1\/6&#8243;][\/vc_column][\/vc_row][vc_row][vc_column][vc_empty_space height=&#8221;100px&#8221;][\/vc_column][\/vc_row]<\/p>\n","protected":false},"excerpt":{"rendered":"<p>[vc_row css=&#8221;.vc_custom_1634399600751{margin-top: 0px !important;padding-top: 4rem !important;}&#8221;][vc_column][vc_empty_space height=&#8221;50px&#8221;][vc_basic_grid post_type=&#8221;page&#8221; max_items=&#8221;18&#8243; style=&#8221;lazy&#8221; items_per_page=&#8221;6&#8243; item=&#8221;9718&#8243; grid_id=&#8221;vc_gid:1639934457537-ceaf9554-0c0d-10&#8243; taxonomies=&#8221;44&#8243; el_id=&#8221;condition-grid&#8221;][\/vc_column][\/vc_row][vc_row][vc_column][vc_empty_space height=&#8221;100px&#8221;][\/vc_column][\/vc_row][vc_row el_id=&#8221;cont\u00e1ctenos&#8221;][vc_column width=&#8221;1\/6&#8243; el_id=&#8221;treatment-contact-form&#8221;][\/vc_column][vc_column width=&#8221;2\/3&#8243;][vc_column_text el_class=&#8221;treatment-h2&#8243; css=&#8221;.vc_custom_1639784892377{margin-bottom: 0px !important;padding-bottom: 1rem !important;}&#8221;] Programe su consulta electr\u00f3nica [\/vc_column_text][vc_column_text css=&#8221;.vc_custom_1639934634761{margin-bottom: 3rem !important;}&#8221;] \u00bfNecesita m\u00e1s detalles o se pregunta si nuestra cl\u00ednica de neurocirujano puede ayudarlo con una afecci\u00f3n que no ve aqu\u00ed? Programe una consulta electr\u00f3nica hoy. [\/vc_column_text][rt_cf7_style<\/p>\n","protected":false},"author":2,"featured_media":0,"parent":0,"menu_order":0,"comment_status":"closed","ping_status":"closed","template":"","meta":{"_acf_changed":false,"footnotes":""},"class_list":["post-10575","page","type-page","status-publish","hentry"],"acf":[],"yoast_head":"<!-- This site is optimized with the Yoast SEO plugin v27.3 - https:\/\/yoast.com\/product\/yoast-seo-wordpress\/ -->\n<title>Condiciones tratadas por nuestro neurocirujano | Trigeminal, discos, tumores<\/title>\n<meta name=\"description\" content=\"Vea la variedad de afecciones de la columna vertebral, el cerebro y la cara que nuestro neurocirujano posee experiencia especializada en el tratamiento en The Morrison Clinic.\" \/>\n<meta name=\"robots\" content=\"index, follow, max-snippet:-1, max-image-preview:large, max-video-preview:-1\" \/>\n<link rel=\"canonical\" href=\"https:\/\/themorrisonclinic.com\/es\/condiciones\" \/>\n<meta property=\"og:locale\" content=\"es_ES\" \/>\n<meta property=\"og:type\" content=\"article\" \/>\n<meta property=\"og:title\" content=\"Condiciones tratadas por nuestro neurocirujano | Trigeminal, discos, tumores\" \/>\n<meta property=\"og:description\" content=\"Vea la variedad de afecciones de la columna vertebral, el cerebro y la cara que nuestro neurocirujano posee experiencia especializada en el tratamiento en The Morrison Clinic.\" \/>\n<meta property=\"og:url\" content=\"https:\/\/themorrisonclinic.com\/es\/condiciones\" \/>\n<meta property=\"og:site_name\" content=\"The Morrison Clinic\" \/>\n<meta property=\"article:modified_time\" content=\"2022-05-04T12:08:24+00:00\" \/>\n<meta name=\"twitter:card\" content=\"summary_large_image\" \/>\n<meta name=\"twitter:label1\" content=\"Tiempo de lectura\" \/>\n\t<meta name=\"twitter:data1\" content=\"1 minuto\" \/>\n<!-- \/ Yoast SEO plugin. -->","yoast_head_json":{"title":"Condiciones tratadas por nuestro neurocirujano | Trigeminal, discos, tumores","description":"Vea la variedad de afecciones de la columna vertebral, el cerebro y la cara que nuestro neurocirujano posee experiencia especializada en el tratamiento en The Morrison Clinic.","robots":{"index":"index","follow":"follow","max-snippet":"max-snippet:-1","max-image-preview":"max-image-preview:large","max-video-preview":"max-video-preview:-1"},"canonical":"https:\/\/themorrisonclinic.com\/es\/condiciones","og_locale":"es_ES","og_type":"article","og_title":"Condiciones tratadas por nuestro neurocirujano | Trigeminal, discos, tumores","og_description":"Vea la variedad de afecciones de la columna vertebral, el cerebro y la cara que nuestro neurocirujano posee experiencia especializada en el tratamiento en The Morrison Clinic.","og_url":"https:\/\/themorrisonclinic.com\/es\/condiciones","og_site_name":"The Morrison Clinic","article_modified_time":"2022-05-04T12:08:24+00:00","twitter_card":"summary_large_image","twitter_misc":{"Tiempo de lectura":"1 minuto"},"schema":{"@context":"https:\/\/schema.org","@graph":[{"@type":"WebPage","@id":"https:\/\/themorrisonclinic.com\/es\/condiciones","url":"https:\/\/themorrisonclinic.com\/es\/condiciones","name":"Condiciones tratadas por nuestro neurocirujano | Trigeminal, discos, tumores","isPartOf":{"@id":"https:\/\/themorrisonclinic.com\/es#website"},"datePublished":"2021-12-22T20:54:24+00:00","dateModified":"2022-05-04T12:08:24+00:00","description":"Vea la variedad de afecciones de la columna vertebral, el cerebro y la cara que nuestro neurocirujano posee experiencia especializada en el tratamiento en The Morrison Clinic.","breadcrumb":{"@id":"https:\/\/themorrisonclinic.com\/es\/condiciones#breadcrumb"},"inLanguage":"es","potentialAction":[{"@type":"ReadAction","target":["https:\/\/themorrisonclinic.com\/es\/condiciones"]}]},{"@type":"BreadcrumbList","@id":"https:\/\/themorrisonclinic.com\/es\/condiciones#breadcrumb","itemListElement":[{"@type":"ListItem","position":1,"name":"Home","item":"https:\/\/themorrisonclinic.com\/es"},{"@type":"ListItem","position":2,"name":"Trastornos"}]},{"@type":"WebSite","@id":"https:\/\/themorrisonclinic.com\/es#website","url":"https:\/\/themorrisonclinic.com\/es","name":"The Morrison Clinic","description":"South Florida Neurosurgeon","publisher":{"@id":"https:\/\/themorrisonclinic.com\/es#organization"},"potentialAction":[{"@type":"SearchAction","target":{"@type":"EntryPoint","urlTemplate":"https:\/\/themorrisonclinic.com\/es?s={search_term_string}"},"query-input":{"@type":"PropertyValueSpecification","valueRequired":true,"valueName":"search_term_string"}}],"inLanguage":"es"},{"@type":"Organization","@id":"https:\/\/themorrisonclinic.com\/es#organization","name":"Morrison Clinic","url":"https:\/\/themorrisonclinic.com\/es","logo":{"@type":"ImageObject","inLanguage":"es","@id":"https:\/\/themorrisonclinic.com\/es#\/schema\/logo\/image\/","url":"https:\/\/themorrisonclinic.com\/wp-content\/uploads\/2020\/06\/logotransparent.png","contentUrl":"https:\/\/themorrisonclinic.com\/wp-content\/uploads\/2020\/06\/logotransparent.png","width":2734,"height":1250,"caption":"Morrison Clinic"},"image":{"@id":"https:\/\/themorrisonclinic.com\/es#\/schema\/logo\/image\/"}}]}},"_links":{"self":[{"href":"https:\/\/themorrisonclinic.com\/es\/wp-json\/wp\/v2\/pages\/10575","targetHints":{"allow":["GET"]}}],"collection":[{"href":"https:\/\/themorrisonclinic.com\/es\/wp-json\/wp\/v2\/pages"}],"about":[{"href":"https:\/\/themorrisonclinic.com\/es\/wp-json\/wp\/v2\/types\/page"}],"author":[{"embeddable":true,"href":"https:\/\/themorrisonclinic.com\/es\/wp-json\/wp\/v2\/users\/2"}],"replies":[{"embeddable":true,"href":"https:\/\/themorrisonclinic.com\/es\/wp-json\/wp\/v2\/comments?post=10575"}],"version-history":[{"count":0,"href":"https:\/\/themorrisonclinic.com\/es\/wp-json\/wp\/v2\/pages\/10575\/revisions"}],"wp:attachment":[{"href":"https:\/\/themorrisonclinic.com\/es\/wp-json\/wp\/v2\/media?parent=10575"}],"curies":[{"name":"wp","href":"https:\/\/api.w.org\/{rel}","templated":true}]}}