{"id":10557,"date":"2021-12-22T20:54:19","date_gmt":"2021-12-22T20:54:19","guid":{"rendered":"https:\/\/themorrisonclinic.com\/sobre-nosotros"},"modified":"2022-01-18T03:40:19","modified_gmt":"2022-01-18T03:40:19","slug":"sobre-nosotros","status":"publish","type":"page","link":"https:\/\/themorrisonclinic.com\/es\/sobre-nosotros","title":{"rendered":"Qui\u00e9nes somos"},"content":{"rendered":"<p>[vc_section full_width=&#8221;stretch_row&#8221; css=&#8221;.vc_custom_1531720195455{margin-top: 0px !important;margin-bottom: 0px !important;padding-top: 80px !important;padding-bottom: 0px !important;background-image: url(https:\/\/morrisonclinic.wpengine.com\/wp-content\/uploads\/2018\/07\/background-about-image.jpg?id=7994) !important;background-position: center !important;background-repeat: no-repeat !important;background-size: contain !important;}&#8221; el_class=&#8221;background-position-top-custom&#8221;][vc_row full_width=&#8221;stretch_row&#8221; gap=&#8221;15&#8243; css=&#8221;.vc_custom_1531718492652{margin-top: 0px !important;margin-bottom: 0px !important;padding-top: 0px !important;padding-bottom: 90px !important;}&#8221;][vc_column css_animation=&#8221;fadeInUp&#8221; width=&#8221;1\/3&#8243; css=&#8221;.vc_custom_1533814435170{margin-top: 0px !important;margin-bottom: 0px !important;padding-top: 10px !important;padding-right: 0px !important;padding-bottom: 0px !important;padding-left: 0px !important;}&#8221;][vc_single_image image=&#8221;10488&#8243; img_size=&#8221;full&#8221; css=&#8221;.vc_custom_1570808095820{margin-top: 0px !important;margin-bottom: 0px !important;padding-top: 0px !important;padding-bottom: 0px !important;}&#8221;][\/vc_column][vc_column css_animation=&#8221;fadeInRight&#8221; width=&#8221;2\/3&#8243; css=&#8221;.vc_custom_1533814449040{margin-top: 0px !important;margin-bottom: 0px !important;padding-top: 10px !important;padding-bottom: 0px !important;padding-left: 25px !important;}&#8221;][vc_custom_heading text=&#8221;Neurocirujano de cerebro y columna, Dr. John F. Morrison, MD | Generaciones de excelencia e integridad en cirug\u00eda&#8221; font_container=&#8221;tag:h2|font_size:36px|text_align:left|color:%232d2d2d|line_height:45px&#8221; use_theme_fonts=&#8221;yes&#8221; css_animation=&#8221;none&#8221; css=&#8221;.vc_custom_1635287902978{margin-top: 0px !important;margin-bottom: 0px !important;padding-top: 0px !important;padding-bottom: 0px !important;}&#8221;][vc_custom_heading text=&#8221;Brindar la atenci\u00f3n de la m\u00e1s excepcional calidad es nuestro principal objetivo&#8221; font_container=&#8221;tag:h4|text_align:left|color:%23434343&#8243; use_theme_fonts=&#8221;yes&#8221; css_animation=&#8221;none&#8221; css=&#8221;.vc_custom_1634844321904{margin-top: 15px !important;margin-bottom: 0px !important;padding-top: 0px !important;padding-bottom: 0px !important;}&#8221;][vc_column_text css=&#8221;.vc_custom_1642125647218{margin-top: 15px !important;}&#8221;]El cuidado m\u00e9dico especializado ha sido vital en la historia de la familia Morrison, especialmente desde que el cirujano general O.C. Morrison, abri\u00f3 la primera Cl\u00ednica Morrison en el estado de Iowa a principios del siglo pasado. Desde entonces, y a trav\u00e9s de las generaciones, muchos Morrison se han convertido en reconocidos cirujanos.<\/p>\n<p>Si bien aquella Cl\u00ednica Morrison original cerr\u00f3 sus puertas, el doctor John F. Morrison, bisnieto de O.C. Morrison, se traz\u00f3 como misi\u00f3n personal establecer una Cl\u00ednica Morrison en el sur de Florida comprometida a brindar un servicio de cuidado personalizado y de respeto hacia el paciente, as\u00ed como a la obtenci\u00f3n de resultados sobresalientes, caracter\u00edsticas que separan al doctor Morrison de los otros neurocirujanos en el estado. Las necesidades personales y el objetivo de lograr un alto nivel de calidad de vida de cada paciente no s\u00f3lo son nuestras prioridades, sino que tambi\u00e9n son las caracter\u00edsticas por las que somos reconocidos como uno de los mejores institutos de neurocirug\u00eda en el sur de Florida.[\/vc_column_text][vc_custom_heading text=&#8221;El mejor enfoque y el cuidado m\u00e1s \u00f3ptimo para mejorar la calidad de vida del paciente&#8221; font_container=&#8221;tag:h4|text_align:left|color:%23434343&#8243; use_theme_fonts=&#8221;yes&#8221; css_animation=&#8221;none&#8221; css=&#8221;.vc_custom_1634844353515{margin-top: 15px !important;margin-bottom: 0px !important;padding-top: 0px !important;padding-bottom: 0px !important;}&#8221;][vc_column_text css=&#8221;.vc_custom_1642125666862{margin-top: 15px !important;margin-bottom: 0px !important;}&#8221;]La preparaci\u00f3n, experiencia, integridad, empat\u00eda y compasi\u00f3n definen la experiencia de atenci\u00f3n de los pacientes en la Cl\u00ednica Morrison. Con la ayuda de un personal experto, el doctor Morrison no solo desarrollar\u00e1 un plan de tratamiento ideal para ayudarlo a evitar la cirug\u00eda, sino que tambi\u00e9n realizar\u00e1 de forma personal cualquier neurocirug\u00eda necesaria y luego brindar\u00e1 un cuidado personalizado despu\u00e9s de la operaci\u00f3n.<\/p>\n<p>Aprenda a vivir con menos l\u00edmites y avance hacia el futuro con una mejor calidad de vida. Evite una b\u00fasqueda prolongada de un neurocirujano con la experiencia, las capacidades y la integridad que usted desea .<\/p>\n<p>D\u00e9 el primer paso para experimentar el est\u00e1ndar de atenci\u00f3n de calidad que s\u00f3lo le puede ofrecer la Cl\u00ednica Morrison. <a href=\"https:\/\/themorrisonclinic.com\/es\/programar-consulta-electronica\">Programe aqu\u00ed una consulta electr\u00f3nica.<\/a>[\/vc_column_text][vc_custom_heading text=&#8221;<strong>Licenciatura<\/strong>: Universidad de Wisconsin &#8211; Madison<br \/>\n<strong>Escuela de posgrado<\/strong> : Universidad de Creighton<br \/>\n<strong>Facultad de Medicina<\/strong> : Universidad de Creighton<br \/>\n<strong>Residencia<\/strong>: Universidad de Brown \/ Universidad de Buffalo<br \/>\n<strong>Asociaci\u00f3n<\/strong> : Universidad de Buffalo<br \/>\n<strong>Hospitales<\/strong> : Delray<br \/>\n<strong>Designaciones<\/strong> : Profesor Asociado de Cirug\u00eda, Nova Southeastern<br \/>\n<strong>Certificaciones<\/strong> : ABNS Board Eligible University&#8221; font_container=&#8221;tag:p|text_align:left|color:%23434343&#8243; use_theme_fonts=&#8221;yes&#8221; css_animation=&#8221;none&#8221; css=&#8221;.vc_custom_1642125702539{margin-top: 10px !important;margin-bottom: 0px !important;padding-bottom: 25px !important;}&#8221;]\r<!-- radiantthemes-custom-button -->\r<div class=\"radiantthemes-custom-button hover-style-four rt104627519  letter-spacing-1 font-weight-medium\"  data-button-direction=\"left\" data-button-fullwidth=\"false\"  data-button-icon-position=\"right\"><a style=\" color: #ffffff; line-height: 23px; font-size: 13px;\" class=\"radiantthemes-custom-button-main  vc_custom_1570465760657\" href=\"\/contact-us\/\"  title=\"\" target=\"_self\"><div class=\"placeholder\">Contact Us<i class=\"fa fa-angle-right\"><\/i><\/div><\/a><\/div>\r<!-- radiantthemes-custom-button -->\r[\/vc_column][\/vc_row][\/vc_section][vc_section full_width=&#8221;stretch_row&#8221; css=&#8221;.vc_custom_1569262763720{margin-top: 0px !important;margin-bottom: 0px !important;padding-top: 0px !important;padding-bottom: 0px !important;}&#8221; el_class=&#8221;background-position-top-custom overflow-visible&#8221;][vc_row][vc_column][vc_single_image image=&#8221;10489&#8243; img_size=&#8221;full&#8221; add_caption=&#8221;yes&#8221;][\/vc_column][\/vc_row][vc_row full_width=&#8221;stretch_row&#8221; parallax=&#8221;content-moving&#8221; css=&#8221;.vc_custom_1538564536922{margin-top: 0px !important;margin-bottom: 0px !important;padding-top: 50px !important;padding-bottom: 95px !important;background-image: url(https:\/\/morrisonclinic.wpengine.com\/wp-content\/uploads\/2018\/10\/clinic2.jpg?id=8344) !important;background-position: center;background-repeat: no-repeat;background-size:cover;}&#8221;][vc_column width=&#8221;1\/12&#8243; css=&#8221;.vc_custom_1531723376730{margin-top: 0px !important;margin-bottom: 0px !important;padding-top: 0px !important;padding-bottom: 0px !important;}&#8221;][\/vc_column][vc_column css_animation=&#8221;fadeInUp&#8221; width=&#8221;5\/6&#8243;][vc_custom_heading text=&#8221;Programe aqu\u00ed una consulta electr\u00f3nica&#8221; font_container=&#8221;tag:p|font_size:40px|text_align:center|color:%23ffffff|line_height:45px&#8221; use_theme_fonts=&#8221;yes&#8221; css_animation=&#8221;none&#8221; el_class=&#8221;font-weight-semibold&#8221; css=&#8221;.vc_custom_1569348382286{margin-top: 0px !important;margin-bottom: 0px !important;padding-top: 0px !important;padding-bottom: 0px !important;}&#8221;][vc_custom_heading text=&#8221;Programe una consulta hoy con un neurocirujano l\u00edder del cerebro y la columna vertebral. El Dr. Morrison proporcionar\u00e1 una evaluaci\u00f3n y un examen completos.&#8221; font_container=&#8221;tag:p|font_size:16px|text_align:center|color:%23ffffff|line_height:26px&#8221; use_theme_fonts=&#8221;yes&#8221; css_animation=&#8221;none&#8221; css=&#8221;.vc_custom_1639255294666{margin-top: 14px !important;margin-bottom: 25px !important;padding-top: 0px !important;padding-bottom: 0px !important;}&#8221;]\r<!-- radiantthemes-custom-button -->\r<div class=\"radiantthemes-custom-button hover-style-four rt3714229988  letter-spacing-1 font-weight-medium\"  data-button-direction=\"center\" data-button-fullwidth=\"false\"  data-button-icon-position=\"right\"><a style=\" color: #ffffff; line-height: 23px; font-size: 13px;\" class=\"radiantthemes-custom-button-main  vc_custom_1570465778701\" href=\"\/contact-us\/\"  title=\"\" target=\"_self\"><div class=\"placeholder\">MAKE AN APPOINTMENT<i class=\"fa fa-angle-right\"><\/i><\/div><\/a><\/div>\r<!-- radiantthemes-custom-button -->\r[\/vc_column][vc_column width=&#8221;1\/12&#8243;][\/vc_column][\/vc_row][\/vc_section]<\/p>\n","protected":false},"excerpt":{"rendered":"<p>[vc_section full_width=&#8221;stretch_row&#8221; css=&#8221;.vc_custom_1531720195455{margin-top: 0px !important;margin-bottom: 0px !important;padding-top: 80px !important;padding-bottom: 0px !important;background-image: url(https:\/\/morrisonclinic.wpengine.com\/wp-content\/uploads\/2018\/07\/background-about-image.jpg?id=7994) !important;background-position: center !important;background-repeat: no-repeat !important;background-size: contain !important;}&#8221; el_class=&#8221;background-position-top-custom&#8221;][vc_row full_width=&#8221;stretch_row&#8221; gap=&#8221;15&#8243; css=&#8221;.vc_custom_1531718492652{margin-top: 0px !important;margin-bottom: 0px !important;padding-top: 0px !important;padding-bottom: 90px !important;}&#8221;][vc_column css_animation=&#8221;fadeInUp&#8221; width=&#8221;1\/3&#8243; css=&#8221;.vc_custom_1533814435170{margin-top: 0px !important;margin-bottom: 0px !important;padding-top: 10px !important;padding-right: 0px !important;padding-bottom: 0px !important;padding-left: 0px !important;}&#8221;][vc_single_image image=&#8221;10488&#8243; img_size=&#8221;full&#8221; css=&#8221;.vc_custom_1570808095820{margin-top: 0px !important;margin-bottom: 0px !important;padding-top: 0px !important;padding-bottom: 0px !important;}&#8221;][\/vc_column][vc_column css_animation=&#8221;fadeInRight&#8221; width=&#8221;2\/3&#8243; css=&#8221;.vc_custom_1533814449040{margin-top:<\/p>\n","protected":false},"author":1,"featured_media":0,"parent":0,"menu_order":0,"comment_status":"closed","ping_status":"closed","template":"","meta":{"_acf_changed":false,"footnotes":""},"class_list":["post-10557","page","type-page","status-publish","hentry"],"acf":[],"yoast_head":"<!-- This site is optimized with the Yoast SEO plugin v27.3 - https:\/\/yoast.com\/product\/yoast-seo-wordpress\/ -->\n<title>Mejor Neurocirujano | Neurocirujano de columna en Florida | neurocirujano cerebral<\/title>\n<meta name=\"description\" content=\"El doctor John F. Morrison, neurocirujano de cerebro y columna | Generaciones de excelencia e integridad en las cirug\u00edas\" \/>\n<meta name=\"robots\" content=\"index, follow, max-snippet:-1, max-image-preview:large, max-video-preview:-1\" \/>\n<link rel=\"canonical\" href=\"https:\/\/themorrisonclinic.com\/es\/sobre-nosotros\" \/>\n<meta property=\"og:locale\" content=\"es_ES\" \/>\n<meta property=\"og:type\" content=\"article\" \/>\n<meta property=\"og:title\" content=\"Mejor Neurocirujano | Neurocirujano de columna en Florida | neurocirujano cerebral\" \/>\n<meta property=\"og:description\" content=\"El doctor John F. Morrison, neurocirujano de cerebro y columna | Generaciones de excelencia e integridad en las cirug\u00edas\" \/>\n<meta property=\"og:url\" content=\"https:\/\/themorrisonclinic.com\/es\/sobre-nosotros\" \/>\n<meta property=\"og:site_name\" content=\"The Morrison Clinic\" \/>\n<meta property=\"article:modified_time\" content=\"2022-01-18T03:40:19+00:00\" \/>\n<meta name=\"twitter:card\" content=\"summary_large_image\" \/>\n<meta name=\"twitter:label1\" content=\"Tiempo de lectura\" \/>\n\t<meta name=\"twitter:data1\" content=\"6 minutos\" \/>\n<!-- \/ Yoast SEO plugin. -->","yoast_head_json":{"title":"Mejor Neurocirujano | Neurocirujano de columna en Florida | neurocirujano cerebral","description":"El doctor John F. Morrison, neurocirujano de cerebro y columna | Generaciones de excelencia e integridad en las cirug\u00edas","robots":{"index":"index","follow":"follow","max-snippet":"max-snippet:-1","max-image-preview":"max-image-preview:large","max-video-preview":"max-video-preview:-1"},"canonical":"https:\/\/themorrisonclinic.com\/es\/sobre-nosotros","og_locale":"es_ES","og_type":"article","og_title":"Mejor Neurocirujano | Neurocirujano de columna en Florida | neurocirujano cerebral","og_description":"El doctor John F. Morrison, neurocirujano de cerebro y columna | Generaciones de excelencia e integridad en las cirug\u00edas","og_url":"https:\/\/themorrisonclinic.com\/es\/sobre-nosotros","og_site_name":"The Morrison Clinic","article_modified_time":"2022-01-18T03:40:19+00:00","twitter_card":"summary_large_image","twitter_misc":{"Tiempo de lectura":"6 minutos"},"schema":{"@context":"https:\/\/schema.org","@graph":[{"@type":"WebPage","@id":"https:\/\/themorrisonclinic.com\/es\/sobre-nosotros","url":"https:\/\/themorrisonclinic.com\/es\/sobre-nosotros","name":"Mejor Neurocirujano | Neurocirujano de columna en Florida | neurocirujano cerebral","isPartOf":{"@id":"https:\/\/themorrisonclinic.com\/es#website"},"datePublished":"2021-12-22T20:54:19+00:00","dateModified":"2022-01-18T03:40:19+00:00","description":"El doctor John F. Morrison, neurocirujano de cerebro y columna | Generaciones de excelencia e integridad en las cirug\u00edas","breadcrumb":{"@id":"https:\/\/themorrisonclinic.com\/es\/sobre-nosotros#breadcrumb"},"inLanguage":"es","potentialAction":[{"@type":"ReadAction","target":["https:\/\/themorrisonclinic.com\/es\/sobre-nosotros"]}]},{"@type":"BreadcrumbList","@id":"https:\/\/themorrisonclinic.com\/es\/sobre-nosotros#breadcrumb","itemListElement":[{"@type":"ListItem","position":1,"name":"Home","item":"https:\/\/themorrisonclinic.com\/es"},{"@type":"ListItem","position":2,"name":"Qui\u00e9nes somos"}]},{"@type":"WebSite","@id":"https:\/\/themorrisonclinic.com\/es#website","url":"https:\/\/themorrisonclinic.com\/es","name":"The Morrison Clinic","description":"South Florida Neurosurgeon","publisher":{"@id":"https:\/\/themorrisonclinic.com\/es#organization"},"potentialAction":[{"@type":"SearchAction","target":{"@type":"EntryPoint","urlTemplate":"https:\/\/themorrisonclinic.com\/es?s={search_term_string}"},"query-input":{"@type":"PropertyValueSpecification","valueRequired":true,"valueName":"search_term_string"}}],"inLanguage":"es"},{"@type":"Organization","@id":"https:\/\/themorrisonclinic.com\/es#organization","name":"Morrison Clinic","url":"https:\/\/themorrisonclinic.com\/es","logo":{"@type":"ImageObject","inLanguage":"es","@id":"https:\/\/themorrisonclinic.com\/es#\/schema\/logo\/image\/","url":"https:\/\/themorrisonclinic.com\/wp-content\/uploads\/2020\/06\/logotransparent.png","contentUrl":"https:\/\/themorrisonclinic.com\/wp-content\/uploads\/2020\/06\/logotransparent.png","width":2734,"height":1250,"caption":"Morrison Clinic"},"image":{"@id":"https:\/\/themorrisonclinic.com\/es#\/schema\/logo\/image\/"}}]}},"_links":{"self":[{"href":"https:\/\/themorrisonclinic.com\/es\/wp-json\/wp\/v2\/pages\/10557","targetHints":{"allow":["GET"]}}],"collection":[{"href":"https:\/\/themorrisonclinic.com\/es\/wp-json\/wp\/v2\/pages"}],"about":[{"href":"https:\/\/themorrisonclinic.com\/es\/wp-json\/wp\/v2\/types\/page"}],"author":[{"embeddable":true,"href":"https:\/\/themorrisonclinic.com\/es\/wp-json\/wp\/v2\/users\/1"}],"replies":[{"embeddable":true,"href":"https:\/\/themorrisonclinic.com\/es\/wp-json\/wp\/v2\/comments?post=10557"}],"version-history":[{"count":0,"href":"https:\/\/themorrisonclinic.com\/es\/wp-json\/wp\/v2\/pages\/10557\/revisions"}],"wp:attachment":[{"href":"https:\/\/themorrisonclinic.com\/es\/wp-json\/wp\/v2\/media?parent=10557"}],"curies":[{"name":"wp","href":"https:\/\/api.w.org\/{rel}","templated":true}]}}