{"id":10555,"date":"2021-12-22T20:54:19","date_gmt":"2021-12-22T20:54:19","guid":{"rendered":"https:\/\/themorrisonclinic.com\/tumor-cerebral"},"modified":"2022-06-08T23:15:59","modified_gmt":"2022-06-08T23:15:59","slug":"tumor-cerebral","status":"publish","type":"page","link":"https:\/\/themorrisonclinic.com\/es\/condiciones\/tumor-cerebral","title":{"rendered":"Tumor cerebral"},"content":{"rendered":"<p>[vc_row css=&#8221;.vc_custom_1634399474019{margin-top: 0px !important;padding-top: 4rem !important;}&#8221;][vc_column width=&#8221;2\/3&#8243;][vc_row_inner][vc_column_inner][vc_column_text el_class=&#8221;treatment-h2&#8243; css=&#8221;.vc_custom_1634329297164{margin-bottom: 2rem !important;}&#8221;]<\/p>\n<h2>\u00bfQu\u00e9 es un tumor cerebral?<\/h2>\n<p>[\/vc_column_text][vc_column_text]Los tumores cerebrales primarios son crecimientos cancerosos que se forman en el cerebro mismo o en tejidos cercanos a \u00e9l. Surgen cuando las c\u00e9lulas normales mutan, lo que hace que crezcan y se dividan a un ritmo anormalmente r\u00e1pido. La masa resultante de c\u00e9lulas anormales eventualmente se convierte en un tumor que puede requerir la extirpaci\u00f3n de un <strong>cirujano de tumores cerebrales<\/strong> .[\/vc_column_text][vc_btn title=&#8221;Programe su consulta electr\u00f3nica sobre tumores cerebrales&#8221; style=&#8221;flat&#8221; color=&#8221;blue&#8221; size=&#8221;lg&#8221; link=&#8221;url:%23contact|&#8221; css=&#8221;.vc_custom_1639338826162{margin-top: 2rem !important;}&#8221; el_class=&#8221;mc-blue-button&#8221; el_id=&#8221;bt-econsult-btn&#8221;][\/vc_column_inner][\/vc_row_inner][vc_row_inner css=&#8221;.vc_custom_1634697511240{padding-top: 2.5rem !important;padding-right: 1rem !important;padding-bottom: 1.5rem !important;padding-left: 1rem !important;background-color: #ecf1f6 !important;}&#8221;][vc_column_inner][vc_column_text el_class=&#8221;treatment-h3&#8243; css=&#8221;.vc_custom_1634697613438{margin-top: 0px !important;margin-bottom: 0px !important;padding-bottom: 1rem !important;}&#8221;]<\/p>\n<h3>S\u00edntomas de un tumor cerebral<\/h3>\n<p>[\/vc_column_text][vc_column_text el_class=&#8221;treatment-text&#8221;]Los tumores cerebrales pueden manifestarse a trav\u00e9s de una amplia variedad de s\u00edntomas. Algunos de los m\u00e1s comunes incluyen:<\/p>\n<ul>\n<li>N\u00e1usea<\/li>\n<li>V\u00f3mitos<\/li>\n<li>Alteraciones visuales<\/li>\n<li>Dolores de cabeza cr\u00f3nicos<\/li>\n<li>Convulsiones<\/li>\n<li>Cambios de comportamiento<\/li>\n<\/ul>\n<p>Estos s\u00edntomas pueden variar de leves a extremadamente graves. Obtenga m\u00e1s informaci\u00f3n sobre los s\u00edntomas espec\u00edficos de su tumor cerebral y c\u00f3mo se pueden tratar <a href=\"https:\/\/themorrisonclinic.com\/es\/condiciones\/tumor-cerebral#contact\">aqu\u00ed<\/a> .[\/vc_column_text][\/vc_column_inner][\/vc_row_inner][vc_row_inner css=&#8221;.vc_custom_1635201353214{margin-top: 1rem !important;margin-right: 1rem !important;margin-bottom: 1rem !important;margin-left: 1rem !important;padding-top: 2rem !important;padding-right: 2rem !important;padding-bottom: 2rem !important;padding-left: 2rem !important;background-color: #305893 !important;}&#8221; el_class=&#8221;block-hidden-desktop&#8221;][vc_column_inner css=&#8221;.vc_custom_1634696442660{padding-top: 0px !important;}&#8221;][vc_icon icon_fontawesome=&#8221;fa fa-comments-o&#8221; color=&#8221;white&#8221; size=&#8221;xl&#8221; align=&#8221;center&#8221; css=&#8221;.vc_custom_1634696031215{margin-bottom: .5rem !important;}&#8221;][vc_column_text css=&#8221;.vc_custom_1634696393911{margin-bottom: 0px !important;padding-top: 15px !important;padding-bottom: 15px !important;}&#8221;]<\/p>\n<h4 style=\"color: #ffffff;text-align: center\">\u00bfNecesita una opini\u00f3n de un experto?<\/h4>\n<p>[\/vc_column_text]\r<!-- radiantthemes-custom-button -->\r<div class=\"radiantthemes-custom-button hover-style-two rt3974932131  \"  data-button-direction=\"center\" data-button-fullwidth=\"true\" ><a style=\" color: #305893; font-size: 22px;\" class=\"radiantthemes-custom-button-main  vc_custom_1634696257351\" href=\"#contact\"  title=\"\" target=\"_self\"><div class=\"overlay\"><\/div><div class=\"placeholder\">Schedule an e-consult<\/div><\/a><\/div>\r<!-- radiantthemes-custom-button -->\r\r<!-- radiantthemes-custom-button -->\r<div class=\"radiantthemes-custom-button hover-style-two rt523840508  \"  data-button-direction=\"center\" data-button-fullwidth=\"true\"  data-button-icon-position=\"right\"><a style=\" color: #305893; font-size: 22px;\" class=\"radiantthemes-custom-button-main  vc_custom_1635201367604\" href=\"tel:15612848455\"  title=\"\" target=\"_blank\"><div class=\"overlay\"><\/div><div class=\"placeholder\">Contact Us<i class=\"fa fa-phone\"><\/i><\/div><\/a><\/div>\r<!-- radiantthemes-custom-button -->\r[\/vc_column_inner][\/vc_row_inner][vc_row_inner][vc_column_inner][vc_empty_space height=&#8221;15px&#8221;][vc_column_text el_class=&#8221;treatment-h2&#8243; css=&#8221;.vc_custom_1634157694095{margin-bottom: 2rem !important;}&#8221;]<\/p>\n<h2>Maneras de evitar la cirug\u00eda de tumores cerebrales<\/h2>\n<p>[\/vc_column_text][vc_column_text]Hay varias opciones de tratamiento alternativo para esta afecci\u00f3n que no requieren cirug\u00eda, la mayor\u00eda de las cuales involucran radiaci\u00f3n.[\/vc_column_text][\/vc_column_inner][\/vc_row_inner][vc_row_inner][vc_column_inner][vc_column_text el_class=&#8221;treatment-h2&#8243; css=&#8221;.vc_custom_1634157496925{margin-bottom: 2rem !important;}&#8221;]<\/p>\n<h2>Tratamientos de tumores cerebrales<\/h2>\n<p>[\/vc_column_text][vc_column_text el_class=&#8221;treatment-text&#8221;]La cirug\u00eda para extirpar un tumor cerebral, o parte de \u00e9l, suele ser una opci\u00f3n de tratamiento eficaz.<\/p>\n<p>Sin embargo, el tratamiento quir\u00fargico de un tumor cerebral no siempre es posible. En tales casos, el Dr. Morrison puede sugerir estos tratamientos alternativos:<\/p>\n<ul>\n<li>Esteroides, que pueden ayudar a reducir la inflamaci\u00f3n del cerebro y la acumulaci\u00f3n de l\u00edquido.<\/li>\n<li>Quimioterapia, que aprovecha varios medicamentos para evitar que las c\u00e9lulas tumorales se reproduzcan o las elimine por completo.<\/li>\n<li>Tratamientos basados en radiaci\u00f3n como Acelerador lineal (LINAC), Terapia Colbalt-60, Terapia de protones, Terapia de part\u00edculas, Terapia de haz externo o Ablaci\u00f3n l\u00e1ser guiada por resonancia magn\u00e9tica<\/li>\n<\/ul>\n<p>&nbsp;<\/p>\n<p><a href=\"https:\/\/themorrisonclinic.com\/es\/condiciones\/tumor-cerebral#contact\">Programe una consulta electr\u00f3nica<\/a> con el Dr. Morrison para analizar sus opciones de tratamiento de tumores cerebrales hoy.[\/vc_column_text][\/vc_column_inner][\/vc_row_inner][vc_row_inner][vc_column_inner][vc_empty_space height=&#8221;15px&#8221;][vc_column_text el_class=&#8221;treatment-h2&#8243; css=&#8221;.vc_custom_1634157923349{margin-bottom: 2rem !important;}&#8221;]<\/p>\n<h2>Efectos secundarios de un tumor cerebral<\/h2>\n<p>[\/vc_column_text][vc_column_text el_class=&#8221;treatment-text&#8221;]Los pacientes con tumores cerebrales a menudo informan una serie de efectos secundarios:<\/p>\n<ul>\n<li>Cambios de personalidad como mayor ansiedad y confusi\u00f3n.<\/li>\n<li>Dificultades de comunicaci\u00f3n, como inhibici\u00f3n del uso o comprensi\u00f3n del lenguaje.<\/li>\n<li>La fatiga es el efecto secundario m\u00e1s com\u00fan tanto de los tumores cerebrales como de su tratamiento.<\/li>\n<li>La depresi\u00f3n a menudo se desencadena por el diagn\u00f3stico, el tratamiento y el impacto en la vida cotidiana.<\/li>\n<li>Las habilidades de pensamiento cognitivo pueden verse disminuidas<\/li>\n<li>Hasta el 60% de los pacientes pueden experimentar convulsiones al menos una vez<\/li>\n<li>Las dificultades de aprendizaje son comunes en m\u00e1s de la mitad de los ni\u00f1os con tumores cerebrales.<\/li>\n<li>Los problemas de la vista afectan aproximadamente al 28% de los pacientes<\/li>\n<\/ul>\n<p>[\/vc_column_text][\/vc_column_inner][\/vc_row_inner][vc_row_inner][vc_column_inner][vc_empty_space height=&#8221;15px&#8221;][vc_column_text el_class=&#8221;treatment-h2&#8243; css=&#8221;.vc_custom_1634331031651{margin-bottom: 2rem !important;}&#8221;]<\/p>\n<h2>Pron\u00f3stico del tumor cerebral<\/h2>\n<p>[\/vc_column_text][vc_column_text el_class=&#8221;treatment-text&#8221;]El pron\u00f3stico relacionado con los tumores cerebrales var\u00eda mucho y se basa en varios factores. Sin embargo, ciertas formas de tumores cerebrales, como el <a href=\"https:\/\/themorrisonclinic.com\/es\/condiciones\/glioblastoma\">glioblastoma<\/a> , no tienen cura.<\/p>\n<p>M\u00e1s de <a href=\"https:\/\/www.cancer.net\/cancer-types\/brain-tumor\/statistics\">un tercio de los pacientes con tumores cerebrales sobreviven<\/a> durante 5 a\u00f1os despu\u00e9s de la identificaci\u00f3n de su tumor. Menos de un tercio de los pacientes sobreviven durante 10 a\u00f1os. Sin embargo, estas tasas var\u00edan en gran medida seg\u00fan la edad.[\/vc_column_text][\/vc_column_inner][\/vc_row_inner][\/vc_column][vc_column width=&#8221;1\/3&#8243;][vc_wp_custommenu title=&#8221;Trastornos&#8221; nav_menu=&#8221;46&#8243; el_class=&#8221;treatment-link-menu&#8221; el_id=&#8221;treatment-link-menu&#8221;][vc_empty_space height=&#8221;15px&#8221;][vc_row_inner css=&#8221;.vc_custom_1635201297538{margin-top: 1rem !important;margin-right: 1rem !important;margin-bottom: 1rem !important;margin-left: 1rem !important;padding-top: 2rem !important;padding-right: 2rem !important;padding-bottom: 2rem !important;padding-left: 2rem !important;background-color: #305893 !important;}&#8221; el_class=&#8221;block-hidden-mobile&#8221;][vc_column_inner css=&#8221;.vc_custom_1634696442660{padding-top: 0px !important;}&#8221;][vc_icon icon_fontawesome=&#8221;fa fa-comments-o&#8221; color=&#8221;white&#8221; size=&#8221;xl&#8221; align=&#8221;center&#8221; css=&#8221;.vc_custom_1634696031215{margin-bottom: .5rem !important;}&#8221;][vc_column_text css=&#8221;.vc_custom_1634696393911{margin-bottom: 0px !important;padding-top: 15px !important;padding-bottom: 15px !important;}&#8221;]<\/p>\n<h4 style=\"color: #ffffff;text-align: center\">\u00bfNecesita una opini\u00f3n de un experto?<\/h4>\n<p>[\/vc_column_text]\r<!-- radiantthemes-custom-button -->\r<div class=\"radiantthemes-custom-button hover-style-two rt3794429990  \" id=\"econsult-btn\" data-button-direction=\"center\" data-button-fullwidth=\"true\" ><a style=\" color: #305893; font-size: 22px;\" class=\"radiantthemes-custom-button-main  vc_custom_1639338964839\" href=\"#contact\"  title=\"\" target=\"_self\"><div class=\"overlay\"><\/div><div class=\"placeholder\">Schedule an e-consult<\/div><\/a><\/div>\r<!-- radiantthemes-custom-button -->\r[\/vc_column_inner][\/vc_row_inner][vc_row_inner css=&#8221;.vc_custom_1635201297538{margin-top: 1rem !important;margin-right: 1rem !important;margin-bottom: 1rem !important;margin-left: 1rem !important;padding-top: 2rem !important;padding-right: 2rem !important;padding-bottom: 2rem !important;padding-left: 2rem !important;background-color: #305893 !important;}&#8221; el_class=&#8221;block-hidden-mobile&#8221;][vc_column_inner css=&#8221;.vc_custom_1634696442660{padding-top: 0px !important;}&#8221;][vc_icon icon_fontawesome=&#8221;fa fa-cloud-upload&#8221; color=&#8221;white&#8221; size=&#8221;xl&#8221; align=&#8221;center&#8221; css=&#8221;.vc_custom_1639245609676{margin-bottom: .5rem !important;}&#8221; link=&#8221;url:https%3A%2F%2Fuploader.purview.net%2Fvivaone%2Fuploader.php%3Fv%3D20211211|||&#8221;][vc_column_text css=&#8221;.vc_custom_1639245641880{margin-bottom: 0px !important;padding-top: 15px !important;padding-bottom: 15px !important;}&#8221;]<\/p>\n<h4 style=\"color: #ffffff;text-align: center\">Reciba un diagn\u00f3stico<\/h4>\n<p>[\/vc_column_text]\r<!-- radiantthemes-custom-button -->\r<div class=\"radiantthemes-custom-button hover-style-two rt1331198520  \" id=\"image-upload-btn\" data-button-direction=\"center\" data-button-fullwidth=\"true\" ><a style=\" color: #305893; font-size: 22px;\" class=\"radiantthemes-custom-button-main  vc_custom_1639338954072\" href=\"https:\/\/uploader.purview.net\/vivaone\/uploader.php?v=20211211\"  title=\"\" target=\"_self\"><div class=\"overlay\"><\/div><div class=\"placeholder\">Upload your imaging<\/div><\/a><\/div>\r<!-- radiantthemes-custom-button -->\r[\/vc_column_inner][\/vc_row_inner][vc_raw_html]PHN0eWxlPi53cmFwZXJfaW5uZXJfYmFubmVyIHsKICAgIGJhY2tncm91bmQtaW1hZ2U6IHVybCgnaHR0cHM6Ly9odHRwc3RoZW1vcnN0Zy53cGVuZ2luZXBvd2VyZWQuY29tL3dwLWNvbnRlbnQvdXBsb2Fkcy8yMDIxLzEwL1dlYnNpdGVfSGVhZGVyX0dsaW9ibGFzdG9tYS5wbmcnKSAhaW1wb3J0YW50Owp9Cjwvc3R5bGU+[\/vc_raw_html][vc_raw_html]PHN0eWxlPi53cmFwZXJfaW5uZXJfYmFubmVyIHsKICAgIGJhY2tncm91bmQtaW1hZ2U6IHVybCgnaHR0cHM6Ly9odHRwc3RoZW1vcnN0Zy53cGVuZ2luZXBvd2VyZWQuY29tL3dwLWNvbnRlbnQvdXBsb2Fkcy8yMDIxLzEwL1dlYnNpdGVfSGVhZGVyX0dsaW9ibGFzdG9tYS5wbmcnKSAhaW1wb3J0YW50Owp9Cjwvc3R5bGU+[\/vc_raw_html][\/vc_column][\/vc_row][vc_row][vc_column][vc_empty_space height=&#8221;50px&#8221;]<div class=\"radiantthemes-blockquote element-one   \" ><blockquote ><i class=\"fa fa-quote-left\" ><\/i>Immediately following surgery, I was standing and walking pain free. I am enjoying my life again and have Dr. Morrison to thank!<cite><\/cite><\/blockquote><\/div>[vc_empty_space height=&#8221;50px&#8221;][\/vc_column][\/vc_row][vc_row el_id=&#8221;contact&#8221;][vc_column width=&#8221;1\/6&#8243; el_id=&#8221;treatment-contact-form&#8221;][\/vc_column][vc_column width=&#8221;2\/3&#8243;][vc_column_text el_class=&#8221;treatment-h2&#8243; css=&#8221;.vc_custom_1634331057716{margin-bottom: 0px !important;padding-bottom: 1rem !important;}&#8221;]<\/p>\n<h2 style=\"text-align: center\">Programe su consulta electr\u00f3nica sobre tumores cerebrales<\/h2>\n<p>[\/vc_column_text][vc_column_text css=&#8221;.vc_custom_1642719522996{margin-bottom: 3rem !important;}&#8221;]<\/p>\n<div class=\"wpb_text_column wpb_content_element vc_custom_1634330975853\">\n<div class=\"wpb_wrapper\">\n<p><span style=\"font-weight: 400\">Lo educaremos sobre las opciones espec\u00edficas de tratamiento de su tumor cerebral y desarrollaremos un plan para su mejor calidad de vida.<\/span><\/p>\n<\/div>\n<\/div>\n<div class=\"radiant-contact-form rt4bf463d14beb956 element-one \">\n<div id=\"wpcf7-f9393-p9363-o1\" class=\"wpcf7\" dir=\"ltr\" lang=\"en-US\" role=\"form\"><\/div>\n<\/div>\n<p>[\/vc_column_text][rt_cf7_style padding_right=&#8221;10px&#8221; padding_left=&#8221;10px&#8221; radiant_border_style=&#8221;solid&#8221; radiant_border_color=&#8221;#e6e5e5&#8243; radiant_border_top=&#8221;1px&#8221; radiant_border_right=&#8221;1px&#8221; radiant_border_bottom=&#8221;1px&#8221; radiant_border_left=&#8221;1px&#8221; radiant_focus_style=&#8221;solid&#8221; radiant_focus_top=&#8221;1px&#8221; radiant_focus_right=&#8221;1px&#8221; radiant_focus_bottom=&#8221;1px&#8221; radiant_focus_left=&#8221;1px&#8221;][contact-form-7 id=&#8221;9393&#8243;][\/rt_cf7_style][\/vc_column][vc_column width=&#8221;1\/6&#8243;][\/vc_column][\/vc_row][vc_row][vc_column][vc_empty_space height=&#8221;100px&#8221;][\/vc_column][\/vc_row]<\/p>\n","protected":false},"excerpt":{"rendered":"<p>[vc_row css=&#8221;.vc_custom_1634399474019{margin-top: 0px !important;padding-top: 4rem !important;}&#8221;][vc_column width=&#8221;2\/3&#8243;][vc_row_inner][vc_column_inner][vc_column_text el_class=&#8221;treatment-h2&#8243; css=&#8221;.vc_custom_1634329297164{margin-bottom: 2rem !important;}&#8221;] \u00bfQu\u00e9 es un tumor cerebral? [\/vc_column_text][vc_column_text]Los tumores cerebrales primarios son crecimientos cancerosos que se forman en el cerebro mismo o en tejidos cercanos a \u00e9l. Surgen cuando las c\u00e9lulas normales mutan, lo que hace que crezcan y se dividan a un ritmo anormalmente r\u00e1pido. La masa resultante de c\u00e9lulas<\/p>\n","protected":false},"author":2,"featured_media":10504,"parent":10575,"menu_order":0,"comment_status":"closed","ping_status":"closed","template":"","meta":{"_acf_changed":false,"footnotes":""},"class_list":["post-10555","page","type-page","status-publish","has-post-thumbnail","hentry","smct_cats-conditions"],"acf":[],"yoast_head":"<!-- This site is optimized with the Yoast SEO plugin v27.3 - https:\/\/yoast.com\/product\/yoast-seo-wordpress\/ -->\n<title>Cirujano de tumores cerebrales y tratamientos | Cirug\u00eda de tumor cerebral en Florida<\/title>\n<meta name=\"description\" content=\"\u00bfNecesita un cirujano especializado en tumores cerebrales en Florida capacitado en tratamientos modernos y enfocado en su mejor calidad de vida? Descubra la Cl\u00ednica Morrison hoy.\" \/>\n<meta name=\"robots\" content=\"index, follow, max-snippet:-1, max-image-preview:large, max-video-preview:-1\" \/>\n<link rel=\"canonical\" href=\"https:\/\/themorrisonclinic.com\/es\/condiciones\/tumor-cerebral\" \/>\n<meta property=\"og:locale\" content=\"es_ES\" \/>\n<meta property=\"og:type\" content=\"article\" \/>\n<meta property=\"og:title\" content=\"Cirujano de tumores cerebrales y tratamientos | Cirug\u00eda de tumor cerebral en Florida\" \/>\n<meta property=\"og:description\" content=\"\u00bfNecesita un cirujano especializado en tumores cerebrales en Florida capacitado en tratamientos modernos y enfocado en su mejor calidad de vida? Descubra la Cl\u00ednica Morrison hoy.\" \/>\n<meta property=\"og:url\" content=\"https:\/\/themorrisonclinic.com\/es\/condiciones\/tumor-cerebral\" \/>\n<meta property=\"og:site_name\" content=\"The Morrison Clinic\" \/>\n<meta property=\"article:modified_time\" content=\"2022-06-08T23:15:59+00:00\" \/>\n<meta property=\"og:image\" content=\"https:\/\/themorrisonclinic.com\/wp-content\/uploads\/2021\/11\/Glioblastoma_Tile-1.png\" \/>\n\t<meta property=\"og:image:width\" content=\"1120\" \/>\n\t<meta property=\"og:image:height\" content=\"630\" \/>\n\t<meta property=\"og:image:type\" content=\"image\/png\" \/>\n<meta name=\"twitter:card\" content=\"summary_large_image\" \/>\n<meta name=\"twitter:label1\" content=\"Tiempo de lectura\" \/>\n\t<meta name=\"twitter:data1\" content=\"8 minutos\" \/>\n<!-- \/ Yoast SEO plugin. -->","yoast_head_json":{"title":"Cirujano de tumores cerebrales y tratamientos | Cirug\u00eda de tumor cerebral en Florida","description":"\u00bfNecesita un cirujano especializado en tumores cerebrales en Florida capacitado en tratamientos modernos y enfocado en su mejor calidad de vida? Descubra la Cl\u00ednica Morrison hoy.","robots":{"index":"index","follow":"follow","max-snippet":"max-snippet:-1","max-image-preview":"max-image-preview:large","max-video-preview":"max-video-preview:-1"},"canonical":"https:\/\/themorrisonclinic.com\/es\/condiciones\/tumor-cerebral","og_locale":"es_ES","og_type":"article","og_title":"Cirujano de tumores cerebrales y tratamientos | Cirug\u00eda de tumor cerebral en Florida","og_description":"\u00bfNecesita un cirujano especializado en tumores cerebrales en Florida capacitado en tratamientos modernos y enfocado en su mejor calidad de vida? Descubra la Cl\u00ednica Morrison hoy.","og_url":"https:\/\/themorrisonclinic.com\/es\/condiciones\/tumor-cerebral","og_site_name":"The Morrison Clinic","article_modified_time":"2022-06-08T23:15:59+00:00","og_image":[{"width":1120,"height":630,"url":"https:\/\/themorrisonclinic.com\/wp-content\/uploads\/2021\/11\/Glioblastoma_Tile-1.png","type":"image\/png"}],"twitter_card":"summary_large_image","twitter_misc":{"Tiempo de lectura":"8 minutos"},"schema":{"@context":"https:\/\/schema.org","@graph":[{"@type":"WebPage","@id":"https:\/\/themorrisonclinic.com\/es\/condiciones\/tumor-cerebral","url":"https:\/\/themorrisonclinic.com\/es\/condiciones\/tumor-cerebral","name":"Cirujano de tumores cerebrales y tratamientos | Cirug\u00eda de tumor cerebral en Florida","isPartOf":{"@id":"https:\/\/themorrisonclinic.com\/es#website"},"primaryImageOfPage":{"@id":"https:\/\/themorrisonclinic.com\/es\/condiciones\/tumor-cerebral#primaryimage"},"image":{"@id":"https:\/\/themorrisonclinic.com\/es\/condiciones\/tumor-cerebral#primaryimage"},"thumbnailUrl":"https:\/\/themorrisonclinic.com\/wp-content\/uploads\/2021\/11\/Glioblastoma_Tile-1.png","datePublished":"2021-12-22T20:54:19+00:00","dateModified":"2022-06-08T23:15:59+00:00","description":"\u00bfNecesita un cirujano especializado en tumores cerebrales en Florida capacitado en tratamientos modernos y enfocado en su mejor calidad de vida? Descubra la Cl\u00ednica Morrison hoy.","breadcrumb":{"@id":"https:\/\/themorrisonclinic.com\/es\/condiciones\/tumor-cerebral#breadcrumb"},"inLanguage":"es","potentialAction":[{"@type":"ReadAction","target":["https:\/\/themorrisonclinic.com\/es\/condiciones\/tumor-cerebral"]}]},{"@type":"ImageObject","inLanguage":"es","@id":"https:\/\/themorrisonclinic.com\/es\/condiciones\/tumor-cerebral#primaryimage","url":"https:\/\/themorrisonclinic.com\/wp-content\/uploads\/2021\/11\/Glioblastoma_Tile-1.png","contentUrl":"https:\/\/themorrisonclinic.com\/wp-content\/uploads\/2021\/11\/Glioblastoma_Tile-1.png","width":1120,"height":630,"caption":"Glioblastoma"},{"@type":"BreadcrumbList","@id":"https:\/\/themorrisonclinic.com\/es\/condiciones\/tumor-cerebral#breadcrumb","itemListElement":[{"@type":"ListItem","position":1,"name":"Home","item":"https:\/\/themorrisonclinic.com\/es"},{"@type":"ListItem","position":2,"name":"Trastornos","item":"https:\/\/themorrisonclinic.com\/es\/condiciones"},{"@type":"ListItem","position":3,"name":"Tumor cerebral"}]},{"@type":"WebSite","@id":"https:\/\/themorrisonclinic.com\/es#website","url":"https:\/\/themorrisonclinic.com\/es","name":"The Morrison Clinic","description":"South Florida Neurosurgeon","publisher":{"@id":"https:\/\/themorrisonclinic.com\/es#organization"},"potentialAction":[{"@type":"SearchAction","target":{"@type":"EntryPoint","urlTemplate":"https:\/\/themorrisonclinic.com\/es?s={search_term_string}"},"query-input":{"@type":"PropertyValueSpecification","valueRequired":true,"valueName":"search_term_string"}}],"inLanguage":"es"},{"@type":"Organization","@id":"https:\/\/themorrisonclinic.com\/es#organization","name":"Morrison Clinic","url":"https:\/\/themorrisonclinic.com\/es","logo":{"@type":"ImageObject","inLanguage":"es","@id":"https:\/\/themorrisonclinic.com\/es#\/schema\/logo\/image\/","url":"https:\/\/themorrisonclinic.com\/wp-content\/uploads\/2020\/06\/logotransparent.png","contentUrl":"https:\/\/themorrisonclinic.com\/wp-content\/uploads\/2020\/06\/logotransparent.png","width":2734,"height":1250,"caption":"Morrison Clinic"},"image":{"@id":"https:\/\/themorrisonclinic.com\/es#\/schema\/logo\/image\/"}}]}},"_links":{"self":[{"href":"https:\/\/themorrisonclinic.com\/es\/wp-json\/wp\/v2\/pages\/10555","targetHints":{"allow":["GET"]}}],"collection":[{"href":"https:\/\/themorrisonclinic.com\/es\/wp-json\/wp\/v2\/pages"}],"about":[{"href":"https:\/\/themorrisonclinic.com\/es\/wp-json\/wp\/v2\/types\/page"}],"author":[{"embeddable":true,"href":"https:\/\/themorrisonclinic.com\/es\/wp-json\/wp\/v2\/users\/2"}],"replies":[{"embeddable":true,"href":"https:\/\/themorrisonclinic.com\/es\/wp-json\/wp\/v2\/comments?post=10555"}],"version-history":[{"count":0,"href":"https:\/\/themorrisonclinic.com\/es\/wp-json\/wp\/v2\/pages\/10555\/revisions"}],"up":[{"embeddable":true,"href":"https:\/\/themorrisonclinic.com\/es\/wp-json\/wp\/v2\/pages\/10575"}],"wp:featuredmedia":[{"embeddable":true,"href":"https:\/\/themorrisonclinic.com\/es\/wp-json\/wp\/v2\/media\/10504"}],"wp:attachment":[{"href":"https:\/\/themorrisonclinic.com\/es\/wp-json\/wp\/v2\/media?parent=10555"}],"curies":[{"name":"wp","href":"https:\/\/api.w.org\/{rel}","templated":true}]}}