{"id":10537,"date":"2021-12-22T20:54:16","date_gmt":"2021-12-22T20:54:16","guid":{"rendered":"https:\/\/themorrisonclinic.com\/espondilolistesis-lumbar"},"modified":"2021-12-22T20:54:18","modified_gmt":"2021-12-22T20:54:18","slug":"espondilolistesis-lumbar","status":"publish","type":"page","link":"https:\/\/themorrisonclinic.com\/es\/condiciones\/espondilolistesis-lumbar","title":{"rendered":"Espondilolistesis lumbar"},"content":{"rendered":"<p>[vc_row css=&#8221;.vc_custom_1634399474019{margin-top: 0px !important;padding-top: 4rem !important;}&#8221;][vc_column width=&#8221;2\/3&#8243;][vc_row_inner][vc_column_inner][vc_column_text el_class=&#8221;treatment-h2&#8243; css=&#8221;.vc_custom_1636318150084{margin-bottom: 2rem !important;}&#8221;]<\/p>\n<h2>\u00bfQu\u00e9 es la espondilolistesis lumbar?<\/h2>\n<p>[\/vc_column_text][vc_column_text]<strong>La espondilolistesis lumbar<\/strong> es una afecci\u00f3n de la columna que afecta las v\u00e9rtebras inferiores (huesos de la columna lumbar). Esta enfermedad hace que una de las v\u00e9rtebras inferiores se deslice hacia el hueso directamente debajo de ella.<\/p>\n<p>Es una condici\u00f3n dolorosa pero tratable en la mayor\u00eda de los casos, a trav\u00e9s de m\u00e9todos terap\u00e9uticos y <a href=\"https:\/\/themorrisonclinic.com\/es\/tratamientos-de-neurocirugia\/cirugia-de-columna-y-procedimientos-de-columna\">quir\u00fargicos de procedimientos espinales<\/a> .[\/vc_column_text][\/vc_column_inner][\/vc_row_inner][vc_row_inner css=&#8221;.vc_custom_1634697511240{padding-top: 2.5rem !important;padding-right: 1rem !important;padding-bottom: 1.5rem !important;padding-left: 1rem !important;background-color: #ecf1f6 !important;}&#8221;][vc_column_inner][vc_column_text el_class=&#8221;treatment-h3&#8243; css=&#8221;.vc_custom_1636646223014{margin-top: 0px !important;margin-bottom: 0px !important;padding-bottom: 1rem !important;}&#8221;]<\/p>\n<h2>\u00bfCu\u00e1les son los s\u00edntomas de la espondilolistesis lumbar?<\/h2>\n<p>[\/vc_column_text][vc_column_text el_class=&#8221;treatment-text&#8221;]Es posible que no experimente ning\u00fan s\u00edntoma de espondilolistesis. Si tiene s\u00edntomas, el dolor lumbar es el m\u00e1s com\u00fan. El dolor puede extenderse a las nalgas y bajar a los muslos. Tambi\u00e9n puede experimentar:<\/p>\n<ul>\n<li>Espasmos musculares en el tend\u00f3n de la corva<\/li>\n<li>Dificultad para caminar o estar de pie durante per\u00edodos prolongados.<\/li>\n<li>Dolor al agacharse<\/li>\n<li>Entumecimiento, debilidad u hormigueo en el pie<\/li>\n<\/ul>\n<p>[\/vc_column_text][\/vc_column_inner][\/vc_row_inner][vc_row_inner css=&#8221;.vc_custom_1635201353214{margin-top: 1rem !important;margin-right: 1rem !important;margin-bottom: 1rem !important;margin-left: 1rem !important;padding-top: 2rem !important;padding-right: 2rem !important;padding-bottom: 2rem !important;padding-left: 2rem !important;background-color: #305893 !important;}&#8221; el_class=&#8221;block-hidden-desktop&#8221;][vc_column_inner css=&#8221;.vc_custom_1634696442660{padding-top: 0px !important;}&#8221;][vc_icon icon_fontawesome=&#8221;fa fa-comments-o&#8221; color=&#8221;white&#8221; size=&#8221;xl&#8221; align=&#8221;center&#8221; css=&#8221;.vc_custom_1634696031215{margin-bottom: .5rem !important;}&#8221;][vc_column_text css=&#8221;.vc_custom_1634696393911{margin-bottom: 0px !important;padding-top: 15px !important;padding-bottom: 15px !important;}&#8221;]<\/p>\n<h4 style=\"color: #ffffff;text-align: center\">\u00bfNecesita una opini\u00f3n de un experto?<\/h4>\n<p>[\/vc_column_text]\r<!-- radiantthemes-custom-button -->\r<div class=\"radiantthemes-custom-button hover-style-two rt1347736003  \"  data-button-direction=\"center\" data-button-fullwidth=\"true\" ><a style=\" color: #305893; font-size: 22px;\" class=\"radiantthemes-custom-button-main  vc_custom_1634696257351\" href=\"#contact\"  title=\"\" target=\"_self\"><div class=\"overlay\"><\/div><div class=\"placeholder\">Schedule an e-consult<\/div><\/a><\/div>\r<!-- radiantthemes-custom-button -->\r\r<!-- radiantthemes-custom-button -->\r<div class=\"radiantthemes-custom-button hover-style-two rt286213515  \"  data-button-direction=\"center\" data-button-fullwidth=\"true\"  data-button-icon-position=\"right\"><a style=\" color: #305893; font-size: 22px;\" class=\"radiantthemes-custom-button-main  vc_custom_1635201367604\" href=\"tel:15612848455\"  title=\"\" target=\"_blank\"><div class=\"overlay\"><\/div><div class=\"placeholder\">Contact Us<i class=\"fa fa-phone\"><\/i><\/div><\/a><\/div>\r<!-- radiantthemes-custom-button -->\r[\/vc_column_inner][\/vc_row_inner][vc_row_inner][vc_column_inner][vc_empty_space height=&#8221;15px&#8221;][vc_column_text el_class=&#8221;treatment-h2&#8243; css=&#8221;.vc_custom_1636646235694{margin-bottom: 2rem !important;}&#8221;]<\/p>\n<h2>C\u00f3mo evitar la cirug\u00eda de espondilolistesis lumbar<\/h2>\n<p>[\/vc_column_text][vc_column_text el_class=&#8221;treatment-text&#8221;]Los tratamientos no quir\u00fargicos para esta afecci\u00f3n incluyen:<\/p>\n<ul>\n<li><strong>Descanso:<\/strong> T\u00f3mese un descanso de las actividades y los deportes extenuantes.<\/li>\n<li><strong>Medicamentos:<\/strong> un medicamento antiinflamatorio no esteroideo (AINE) de venta libre, como ibuprofeno o naproxeno, puede brindar alivio<\/li>\n<li><strong>Inyecciones:<\/strong> una <a href=\"https:\/\/www.spine-health.com\/treatment\/injections\/lumbar-epidural-steroid-injections-low-back-pain-and-sciatica\">inyecci\u00f3n de medicamentos esteroides<\/a> en el \u00e1rea afectada.<\/li>\n<li><strong>Fisioterapia:<\/strong> un fisioterapeuta puede ense\u00f1arle ejercicios espec\u00edficos para fortalecer el abdomen (vientre) y la espalda<\/li>\n<\/ul>\n<p>[\/vc_column_text][\/vc_column_inner][\/vc_row_inner][vc_row_inner][vc_column_inner][vc_column_text el_class=&#8221;treatment-h2&#8243; css=&#8221;.vc_custom_1636646248630{margin-bottom: 2rem !important;}&#8221;]<\/p>\n<h2>Tratamientos de espondilolistesis lumbar<\/h2>\n<p>[\/vc_column_text][vc_column_text el_class=&#8221;treatment-text&#8221;]<\/p>\n<ul>\n<li>Medicamentos<\/li>\n<li>Aplicaci\u00f3n de calor y \/ o hielo<\/li>\n<li>Terapia f\u00edsica<\/li>\n<li>Manipulaci\u00f3n manual<\/li>\n<li>Inyecciones epidurales de esteroides<\/li>\n<li><a href=\"https:\/\/themorrisonclinic.com\/es\/tratamientos-de-neurocirugia\/cirugia-de-columna-y-procedimientos-de-columna\">Cirug\u00eda de espondilolistesis<\/a><\/li>\n<\/ul>\n<div class=\"vc_row wpb_row vc_inner vc_row-fluid\">\n<div class=\"wpb_column vc_column_container vc_col-sm-12\">\n<div class=\"vc_column-inner\">\n<div class=\"wpb_wrapper\">\n<div class=\"wpb_text_column wpb_content_element \">\n<div class=\"wpb_wrapper\">\n<p>\u00bfListo para el alivio? <a href=\"https:\/\/themorrisonclinic.com\/#contact\">Programe una consulta electr\u00f3nica<\/a> con el Dr. Morrison para analizar sus opciones de tratamiento hoy.<\/div>\n<\/div>\n<\/div>\n<\/div>\n<\/div>\n<\/div>\n<div class=\"vc_row wpb_row vc_inner vc_row-fluid\">\n<div class=\"wpb_column vc_column_container vc_col-sm-12\">\n<div class=\"vc_column-inner\">\n<div class=\"wpb_wrapper\"><\/div>\n<\/div>\n<\/div>\n<\/div>\n<p>[\/vc_column_text][\/vc_column_inner][\/vc_row_inner][vc_row_inner][vc_column_inner][vc_empty_space height=&#8221;15px&#8221;][vc_column_text el_class=&#8221;treatment-h2&#8243; css=&#8221;.vc_custom_1637189711632{margin-bottom: 2rem !important;}&#8221;]<\/p>\n<h2>Pron\u00f3stico de la espondilolistesis<\/h2>\n<p>[\/vc_column_text][vc_column_text el_class=&#8221;treatment-text&#8221;]El pron\u00f3stico para los pacientes con espondilolistesis es bueno. La mayor\u00eda de los pacientes responden bien a un plan de tratamiento conservador, y ese es nuestro enfoque preferido en The Morrison Clinic \u2122.<\/p>\n<p>Para aquellos con s\u00edntomas severos continuos, la cirug\u00eda puede ayudar a aliviar los s\u00edntomas de la pierna al crear m\u00e1s espacio para las ra\u00edces nerviosas. El dolor de espalda se puede reducir mediante una <a href=\"https:\/\/themorrisonclinic.com\/es\/tratamientos-de-neurocirugia\/fusion-de-columna\">fusi\u00f3n lumbar<\/a> .[\/vc_column_text][\/vc_column_inner][\/vc_row_inner][\/vc_column][vc_column width=&#8221;1\/3&#8243;][vc_wp_custommenu title=&#8221;Condiciones&#8221; nav_menu=&#8221;46&#8243; el_class=&#8221;treatment-link-menu&#8221; el_id=&#8221;treatment-link-menu&#8221;][vc_empty_space height=&#8221;15px&#8221;][vc_row_inner css=&#8221;.vc_custom_1635201297538{margin-top: 1rem !important;margin-right: 1rem !important;margin-bottom: 1rem !important;margin-left: 1rem !important;padding-top: 2rem !important;padding-right: 2rem !important;padding-bottom: 2rem !important;padding-left: 2rem !important;background-color: #305893 !important;}&#8221; el_class=&#8221;block-hidden-mobile&#8221;][vc_column_inner css=&#8221;.vc_custom_1634696442660{padding-top: 0px !important;}&#8221;][vc_icon icon_fontawesome=&#8221;fa fa-comments-o&#8221; color=&#8221;white&#8221; size=&#8221;xl&#8221; align=&#8221;center&#8221; css=&#8221;.vc_custom_1634696031215{margin-bottom: .5rem !important;}&#8221;][vc_column_text css=&#8221;.vc_custom_1634696393911{margin-bottom: 0px !important;padding-top: 15px !important;padding-bottom: 15px !important;}&#8221;]<\/p>\n<h4 style=\"color: #ffffff;text-align: center\">\u00bfNecesita una opini\u00f3n de un experto?<\/h4>\n<p>[\/vc_column_text]\r<!-- radiantthemes-custom-button -->\r<div class=\"radiantthemes-custom-button hover-style-two rt2707363414  \" id=\"econsult-btn\" data-button-direction=\"center\" data-button-fullwidth=\"true\" ><a style=\" color: #305893; font-size: 22px;\" class=\"radiantthemes-custom-button-main  vc_custom_1639339223779\" href=\"#contact\"  title=\"\" target=\"_self\"><div class=\"overlay\"><\/div><div class=\"placeholder\">Schedule an e-consult<\/div><\/a><\/div>\r<!-- radiantthemes-custom-button -->\r[\/vc_column_inner][\/vc_row_inner][vc_row_inner css=&#8221;.vc_custom_1635201297538{margin-top: 1rem !important;margin-right: 1rem !important;margin-bottom: 1rem !important;margin-left: 1rem !important;padding-top: 2rem !important;padding-right: 2rem !important;padding-bottom: 2rem !important;padding-left: 2rem !important;background-color: #305893 !important;}&#8221; el_class=&#8221;block-hidden-mobile&#8221;][vc_column_inner css=&#8221;.vc_custom_1634696442660{padding-top: 0px !important;}&#8221;][vc_icon icon_fontawesome=&#8221;fa fa-cloud-upload&#8221; color=&#8221;white&#8221; size=&#8221;xl&#8221; align=&#8221;center&#8221; css=&#8221;.vc_custom_1639245825942{margin-bottom: .5rem !important;}&#8221;][vc_column_text css=&#8221;.vc_custom_1639245845063{margin-bottom: 0px !important;padding-top: 15px !important;padding-bottom: 15px !important;}&#8221;]<\/p>\n<h4 style=\"color: #ffffff;text-align: center\">Reciba un diagn\u00f3stico<\/h4>\n<p>[\/vc_column_text]\r<!-- radiantthemes-custom-button -->\r<div class=\"radiantthemes-custom-button hover-style-two rt681075946  \" id=\"image-upload-btn\" data-button-direction=\"center\" data-button-fullwidth=\"true\" ><a style=\" color: #305893; font-size: 22px;\" class=\"radiantthemes-custom-button-main  vc_custom_1639339208570\" href=\"https:\/\/uploader.purview.net\/vivaone\/uploader.php?v=20211211\"  title=\"\" target=\"_self\"><div class=\"overlay\"><\/div><div class=\"placeholder\">Upload your imaging<\/div><\/a><\/div>\r<!-- radiantthemes-custom-button -->\r[\/vc_column_inner][\/vc_row_inner][\/vc_column][\/vc_row][vc_row][vc_column][vc_empty_space height=&#8221;50px&#8221;]<div class=\"radiantthemes-blockquote element-one   \" ><blockquote ><i class=\"fa fa-quote-left\" ><\/i>Immediately following surgery, I was standing and walking pain free. I am enjoying my life again and have Dr. Morrison to thank!<cite><\/cite><\/blockquote><\/div>[vc_empty_space height=&#8221;50px&#8221;][\/vc_column][\/vc_row][vc_row el_id=&#8221;contacto&#8221;][vc_column width=&#8221;1\/6&#8243; el_id=&#8221;treatment-contact-form&#8221;][\/vc_column][vc_column width=&#8221;2\/3&#8243;][vc_column_text el_class=&#8221;treatment-h2&#8243; css=&#8221;.vc_custom_1636318454612{margin-bottom: 0px !important;padding-bottom: 1rem !important;}&#8221;]<\/p>\n<h2 style=\"text-align: center\">Programe su consulta electr\u00f3nica<\/h2>\n<p>[\/vc_column_text][vc_column_text css=&#8221;.vc_custom_1636646293326{margin-bottom: 3rem !important;}&#8221;]<\/p>\n<div class=\"wpb_text_column wpb_content_element vc_custom_1634330975853\">\n<div class=\"wpb_wrapper\">\n<p><span style=\"font-weight: 400\">Lo educaremos sobre los detalles de su espondilolistesis lumbar y desarrollaremos un plan para su mejor calidad de vida.<\/span><\/div>\n<\/div>\n<div class=\"radiant-contact-form rt4bf463d14beb956 element-one \">\n<div id=\"wpcf7-f9393-p9363-o1\" class=\"wpcf7\" dir=\"ltr\" lang=\"en-US\" role=\"form\"><\/div>\n<\/div>\n<p>[\/vc_column_text][rt_cf7_style padding_right=&#8221;10px&#8221; padding_left=&#8221;10px&#8221; radiant_border_style=&#8221;solid&#8221; radiant_border_color=&#8221;#e6e5e5&#8243; radiant_border_top=&#8221;1px&#8221; radiant_border_right=&#8221;1px&#8221; radiant_border_bottom=&#8221;1px&#8221; radiant_border_left=&#8221;1px&#8221; radiant_focus_style=&#8221;solid&#8221; radiant_focus_top=&#8221;1px&#8221; radiant_focus_right=&#8221;1px&#8221; radiant_focus_bottom=&#8221;1px&#8221; radiant_focus_left=&#8221;1px&#8221;][contact-form-7 id=&#8221;9393&#8243;][\/rt_cf7_style][\/vc_column][vc_column width=&#8221;1\/6&#8243;][\/vc_column][\/vc_row][vc_row][vc_column][vc_empty_space height=&#8221;100px&#8221;][\/vc_column][\/vc_row]<\/p>\n","protected":false},"excerpt":{"rendered":"<p>[vc_row css=&#8221;.vc_custom_1634399474019{margin-top: 0px !important;padding-top: 4rem !important;}&#8221;][vc_column width=&#8221;2\/3&#8243;][vc_row_inner][vc_column_inner][vc_column_text el_class=&#8221;treatment-h2&#8243; css=&#8221;.vc_custom_1636318150084{margin-bottom: 2rem !important;}&#8221;] \u00bfQu\u00e9 es la espondilolistesis lumbar? [\/vc_column_text][vc_column_text]La espondilolistesis lumbar es una afecci\u00f3n de la columna que afecta las v\u00e9rtebras inferiores (huesos de la columna lumbar). Esta enfermedad hace que una de las v\u00e9rtebras inferiores se deslice hacia el hueso directamente debajo de ella. Es una condici\u00f3n dolorosa pero tratable en<\/p>\n","protected":false},"author":2,"featured_media":10503,"parent":10575,"menu_order":0,"comment_status":"closed","ping_status":"closed","template":"","meta":{"_acf_changed":false,"footnotes":""},"class_list":["post-10537","page","type-page","status-publish","has-post-thumbnail","hentry","smct_cats-conditions"],"acf":[],"yoast_head":"<!-- This site is optimized with the Yoast SEO plugin v27.3 - https:\/\/yoast.com\/product\/yoast-seo-wordpress\/ -->\n<title>Cirug\u00eda de espondilolistesis lumbar y espondilolistesis lumbar<\/title>\n<meta name=\"description\" content=\"La espondilolistesis lumbar es una afecci\u00f3n espinal dolorosa, pero tratable, que afecta las v\u00e9rtebras inferiores. Vea nuestras opciones de tratamiento especializado aqu\u00ed.\" \/>\n<meta name=\"robots\" content=\"index, follow, max-snippet:-1, max-image-preview:large, max-video-preview:-1\" \/>\n<link rel=\"canonical\" href=\"https:\/\/themorrisonclinic.com\/es\/condiciones\/espondilolistesis-lumbar\" \/>\n<meta property=\"og:locale\" content=\"es_ES\" \/>\n<meta property=\"og:type\" content=\"article\" \/>\n<meta property=\"og:title\" content=\"Cirug\u00eda de espondilolistesis lumbar y espondilolistesis lumbar\" \/>\n<meta property=\"og:description\" content=\"La espondilolistesis lumbar es una afecci\u00f3n espinal dolorosa, pero tratable, que afecta las v\u00e9rtebras inferiores. Vea nuestras opciones de tratamiento especializado aqu\u00ed.\" \/>\n<meta property=\"og:url\" content=\"https:\/\/themorrisonclinic.com\/es\/condiciones\/espondilolistesis-lumbar\" \/>\n<meta property=\"og:site_name\" content=\"The Morrison Clinic\" \/>\n<meta property=\"article:modified_time\" content=\"2021-12-22T20:54:18+00:00\" \/>\n<meta property=\"og:image\" content=\"https:\/\/themorrisonclinic.com\/wp-content\/uploads\/2021\/11\/Lumbar-spondylolisthesis-Tile.png\" \/>\n\t<meta property=\"og:image:width\" content=\"1120\" \/>\n\t<meta property=\"og:image:height\" content=\"630\" \/>\n\t<meta property=\"og:image:type\" content=\"image\/png\" \/>\n<meta name=\"twitter:card\" content=\"summary_large_image\" \/>\n<meta name=\"twitter:label1\" content=\"Tiempo de lectura\" \/>\n\t<meta name=\"twitter:data1\" content=\"7 minutos\" \/>\n<!-- \/ Yoast SEO plugin. -->","yoast_head_json":{"title":"Cirug\u00eda de espondilolistesis lumbar y espondilolistesis lumbar","description":"La espondilolistesis lumbar es una afecci\u00f3n espinal dolorosa, pero tratable, que afecta las v\u00e9rtebras inferiores. Vea nuestras opciones de tratamiento especializado aqu\u00ed.","robots":{"index":"index","follow":"follow","max-snippet":"max-snippet:-1","max-image-preview":"max-image-preview:large","max-video-preview":"max-video-preview:-1"},"canonical":"https:\/\/themorrisonclinic.com\/es\/condiciones\/espondilolistesis-lumbar","og_locale":"es_ES","og_type":"article","og_title":"Cirug\u00eda de espondilolistesis lumbar y espondilolistesis lumbar","og_description":"La espondilolistesis lumbar es una afecci\u00f3n espinal dolorosa, pero tratable, que afecta las v\u00e9rtebras inferiores. Vea nuestras opciones de tratamiento especializado aqu\u00ed.","og_url":"https:\/\/themorrisonclinic.com\/es\/condiciones\/espondilolistesis-lumbar","og_site_name":"The Morrison Clinic","article_modified_time":"2021-12-22T20:54:18+00:00","og_image":[{"width":1120,"height":630,"url":"https:\/\/themorrisonclinic.com\/wp-content\/uploads\/2021\/11\/Lumbar-spondylolisthesis-Tile.png","type":"image\/png"}],"twitter_card":"summary_large_image","twitter_misc":{"Tiempo de lectura":"7 minutos"},"schema":{"@context":"https:\/\/schema.org","@graph":[{"@type":"WebPage","@id":"https:\/\/themorrisonclinic.com\/es\/condiciones\/espondilolistesis-lumbar","url":"https:\/\/themorrisonclinic.com\/es\/condiciones\/espondilolistesis-lumbar","name":"Cirug\u00eda de espondilolistesis lumbar y espondilolistesis lumbar","isPartOf":{"@id":"https:\/\/themorrisonclinic.com\/es#website"},"primaryImageOfPage":{"@id":"https:\/\/themorrisonclinic.com\/es\/condiciones\/espondilolistesis-lumbar#primaryimage"},"image":{"@id":"https:\/\/themorrisonclinic.com\/es\/condiciones\/espondilolistesis-lumbar#primaryimage"},"thumbnailUrl":"https:\/\/themorrisonclinic.com\/wp-content\/uploads\/2021\/11\/Lumbar-spondylolisthesis-Tile.png","datePublished":"2021-12-22T20:54:16+00:00","dateModified":"2021-12-22T20:54:18+00:00","description":"La espondilolistesis lumbar es una afecci\u00f3n espinal dolorosa, pero tratable, que afecta las v\u00e9rtebras inferiores. Vea nuestras opciones de tratamiento especializado aqu\u00ed.","breadcrumb":{"@id":"https:\/\/themorrisonclinic.com\/es\/condiciones\/espondilolistesis-lumbar#breadcrumb"},"inLanguage":"es","potentialAction":[{"@type":"ReadAction","target":["https:\/\/themorrisonclinic.com\/es\/condiciones\/espondilolistesis-lumbar"]}]},{"@type":"ImageObject","inLanguage":"es","@id":"https:\/\/themorrisonclinic.com\/es\/condiciones\/espondilolistesis-lumbar#primaryimage","url":"https:\/\/themorrisonclinic.com\/wp-content\/uploads\/2021\/11\/Lumbar-spondylolisthesis-Tile.png","contentUrl":"https:\/\/themorrisonclinic.com\/wp-content\/uploads\/2021\/11\/Lumbar-spondylolisthesis-Tile.png","width":1120,"height":630,"caption":"Lumbar-spondylolisthesis"},{"@type":"BreadcrumbList","@id":"https:\/\/themorrisonclinic.com\/es\/condiciones\/espondilolistesis-lumbar#breadcrumb","itemListElement":[{"@type":"ListItem","position":1,"name":"Home","item":"https:\/\/themorrisonclinic.com\/es"},{"@type":"ListItem","position":2,"name":"Trastornos","item":"https:\/\/themorrisonclinic.com\/es\/condiciones"},{"@type":"ListItem","position":3,"name":"Espondilolistesis lumbar"}]},{"@type":"WebSite","@id":"https:\/\/themorrisonclinic.com\/es#website","url":"https:\/\/themorrisonclinic.com\/es","name":"The Morrison Clinic","description":"South Florida Neurosurgeon","publisher":{"@id":"https:\/\/themorrisonclinic.com\/es#organization"},"potentialAction":[{"@type":"SearchAction","target":{"@type":"EntryPoint","urlTemplate":"https:\/\/themorrisonclinic.com\/es?s={search_term_string}"},"query-input":{"@type":"PropertyValueSpecification","valueRequired":true,"valueName":"search_term_string"}}],"inLanguage":"es"},{"@type":"Organization","@id":"https:\/\/themorrisonclinic.com\/es#organization","name":"Morrison Clinic","url":"https:\/\/themorrisonclinic.com\/es","logo":{"@type":"ImageObject","inLanguage":"es","@id":"https:\/\/themorrisonclinic.com\/es#\/schema\/logo\/image\/","url":"https:\/\/themorrisonclinic.com\/wp-content\/uploads\/2020\/06\/logotransparent.png","contentUrl":"https:\/\/themorrisonclinic.com\/wp-content\/uploads\/2020\/06\/logotransparent.png","width":2734,"height":1250,"caption":"Morrison Clinic"},"image":{"@id":"https:\/\/themorrisonclinic.com\/es#\/schema\/logo\/image\/"}}]}},"_links":{"self":[{"href":"https:\/\/themorrisonclinic.com\/es\/wp-json\/wp\/v2\/pages\/10537","targetHints":{"allow":["GET"]}}],"collection":[{"href":"https:\/\/themorrisonclinic.com\/es\/wp-json\/wp\/v2\/pages"}],"about":[{"href":"https:\/\/themorrisonclinic.com\/es\/wp-json\/wp\/v2\/types\/page"}],"author":[{"embeddable":true,"href":"https:\/\/themorrisonclinic.com\/es\/wp-json\/wp\/v2\/users\/2"}],"replies":[{"embeddable":true,"href":"https:\/\/themorrisonclinic.com\/es\/wp-json\/wp\/v2\/comments?post=10537"}],"version-history":[{"count":0,"href":"https:\/\/themorrisonclinic.com\/es\/wp-json\/wp\/v2\/pages\/10537\/revisions"}],"up":[{"embeddable":true,"href":"https:\/\/themorrisonclinic.com\/es\/wp-json\/wp\/v2\/pages\/10575"}],"wp:featuredmedia":[{"embeddable":true,"href":"https:\/\/themorrisonclinic.com\/es\/wp-json\/wp\/v2\/media\/10503"}],"wp:attachment":[{"href":"https:\/\/themorrisonclinic.com\/es\/wp-json\/wp\/v2\/media?parent=10537"}],"curies":[{"name":"wp","href":"https:\/\/api.w.org\/{rel}","templated":true}]}}