{"id":10523,"date":"2021-12-22T20:54:14","date_gmt":"2021-12-22T20:54:14","guid":{"rendered":"https:\/\/themorrisonclinic.com\/servicios"},"modified":"2022-01-18T03:47:51","modified_gmt":"2022-01-18T03:47:51","slug":"servicios","status":"publish","type":"page","link":"https:\/\/themorrisonclinic.com\/es\/servicios","title":{"rendered":"Servicios"},"content":{"rendered":"<p>[vc_row][vc_column width=&#8221;2\/3&#8243; css=&#8221;.vc_custom_1570467756293{padding-top: 90px !important;}&#8221;][vc_column_text]<\/p>\n<h2>The Morrison Clinic\u2122: Servicios expertos de neurocirug\u00eda para su mejor calidad de vida<\/h2>\n<p>&nbsp;<\/p>\n<p><span style=\"font-weight: 400\">El Dr. Morrison es un neurocirujano general, lo que significa que tiene conocimientos y es capaz de aliviar las <a href=\"https:\/\/themorrisonclinic.com\/es\/condiciones\">afecciones<\/a> que afectan todo el sistema nervioso, ya sea el cerebro, la columna vertebral, la cara o partes perif\u00e9ricas del cuerpo. <\/span><\/p>\n<p>&nbsp;<\/p>\n<p><span style=\"font-weight: 400\">Es reconocido como uno de los mejores cirujanos de columna m\u00ednimamente invasivos en Florida y realiza cirug\u00eda endosc\u00f3pica de <a href=\"https:\/\/themorrisonclinic.com\/es\/tratamientos-de-neurocirugia\/cirugia-de-columna-y-procedimientos-de-columna\">columna, fusiones espinales, cirug\u00eda<\/a> de <a href=\"https:\/\/themorrisonclinic.com\/es\/condiciones\/tumor-cerebral\">tumor cerebral<\/a> y base del cr\u00e1neo, y cirug\u00eda cerebrovascular. (Vea la lista completa de cirug\u00edas que realiza a continuaci\u00f3n). <\/span><\/p>\n<p>&nbsp;<\/p>\n<p><span style=\"font-weight: 400\">A diferencia de muchos neurocirujanos, el Dr. Morrison ve la cirug\u00eda como \u00faltimo recurso. Los tipos de cirug\u00edas que realiza est\u00e1n dise\u00f1ados para minimizar el trauma de la cirug\u00eda y los per\u00edodos de recuperaci\u00f3n, y maximizar su calidad de vida a partir de entonces. <\/span><\/p>\n<p>&nbsp;<\/p>\n<p><span style=\"font-weight: 400\">Lo invitamos a <a href=\"https:\/\/themorrisonclinic.com\/es\/programar-consulta-electronica\">programar una consulta electr\u00f3nica<\/a> con el Dr. Morrison hoy. <\/span><\/p>\n<p>&nbsp;<\/p>\n<h2><b>Cirug\u00eda de columna endosc\u00f3pica y m\u00ednimamente invasiva en Florida<\/b><\/h2>\n<p>&nbsp;<\/p>\n<p><b>Cirug\u00eda endosc\u00f3pica de columna (ESS):<\/b> <span style=\"font-weight: 400\"><a href=\"https:\/\/themorrisonclinic.com\/es\/tratamientos-de-neurocirugia\/cirugia-de-columna-y-procedimientos-de-columna#ess\">La cirug\u00eda endosc\u00f3pica de columna<\/a> es una forma avanzada y de \u00faltima generaci\u00f3n de<\/span> <span style=\"font-weight: 400\">Cirug\u00eda de columna m\u00ednimamente invasiva. Durante un procedimiento endosc\u00f3pico, el cirujano hace una peque\u00f1a incisi\u00f3n punzante (del tama\u00f1o de un l\u00e1piz) a trav\u00e9s de la cual se inserta un alambre guiado. El cable gu\u00eda se usa para ubicar la parte da\u00f1ada de la columna. Se usa un fluoroscopio (m\u00e1quina de rayos X especialmente dise\u00f1ada) para garantizar que se haga el camino correcto hacia el \u00e1rea espinal afectada para tratar la afecci\u00f3n. <\/span><\/p>\n<p>&nbsp;<\/p>\n<p><span style=\"font-weight: 400\">ESS se usa para tratar el dolor de espalda y la ci\u00e1tica causados por hernias de disco, artritis espinal y estenosis, y est\u00e1 dise\u00f1ado para brindarle un tiempo de recuperaci\u00f3n m\u00e1s r\u00e1pido y menos dolor recurrente que los m\u00e9todos tradicionales de cirug\u00eda de columna. ESS tambi\u00e9n puede ayudar a preservar el rango normal de movilidad de la columna despu\u00e9s de la operaci\u00f3n. Los avances en la tecnolog\u00eda quir\u00fargica ahora permiten realizar fusiones espinales usando el endoscopio.<\/span><\/p>\n<p>&nbsp;<\/p>\n<p><b>Cirug\u00eda de columna m\u00ednimamente invasiva (MISS):<\/b><span style=\"font-weight: 400\"> La cirug\u00eda de <a href=\"https:\/\/themorrisonclinic.com\/es\/tratamientos-de-neurocirugia\/cirugia-de-columna-y-procedimientos-de-columna#mis\">columna m\u00ednimamente invasiva<\/a> es una alternativa a los procedimientos quir\u00fargicos tradicionales de columna abierta. MISS utiliza incisiones m\u00e1s peque\u00f1as que la cirug\u00eda de columna abierta. Esto a menudo causa menos da\u00f1o a los m\u00fasculos cercanos y otros tejidos. Puede provocar menos dolor y una recuperaci\u00f3n m\u00e1s r\u00e1pida despu\u00e9s de la cirug\u00eda.<\/span><\/p>\n<p>&nbsp;<\/p>\n<p><span style=\"font-weight: 400\">Se utiliza para tratar diferentes trastornos de la columna, como la enfermedad degenerativa del disco, las <a href=\"https:\/\/themorrisonclinic.com\/es\/condiciones\/discos-herniados\">hernias de disco<\/a> , la escoliosis y la estenosis espinal. La cirug\u00eda de columna realizada de forma m\u00ednimamente invasiva ofrece muchos beneficios potenciales, como incisiones peque\u00f1as, menos cortes a trav\u00e9s de los tejidos blandos (p. ej., ligamentos, m\u00fasculos), opciones ambulatorias, menos dolor posoperatorio y una recuperaci\u00f3n m\u00e1s r\u00e1pida.<\/span><\/p>\n<p>&nbsp;<\/p>\n<p><strong>Cirug\u00eda de columna:<\/strong>Descompresi\u00f3n espinal (laminectom\u00eda, microdiscectom\u00eda, discectom\u00eda endosc\u00f3pica), fusi\u00f3n espinal (discectom\u00eda y fusi\u00f3n cervical anterior &#8211; ACDF, fusi\u00f3n cervical posterior &#8211; PCF, fusi\u00f3n intersom\u00e1tica lumbar anterior &#8211; ALIF, fusi\u00f3n intersom\u00e1tica lumbar transforaminal &#8211; TLIF, fusi\u00f3n intersom\u00e1tica lumbar posterior &#8211; PLIF, fusi\u00f3n intersom\u00e1tica lumbar lateral &#8211; LLIF, fusi\u00f3n intersom\u00e1tica lateral extrema &#8211; XLIF), cirug\u00eda de columna m\u00ednimamente invasiva, cirug\u00eda endosc\u00f3pica de columna, fusi\u00f3n endosc\u00f3pica, cirug\u00eda de tumor de columna, desprendimiento de la m\u00e9dula espinal, cifoplastia, plastia cu\u00e1druple <a href=\"https:\/\/themorrisonclinic.com\/treatments\/spine-fusion-treatment-florida-neurosurgeon\">Fusi\u00f3n espinal<\/a> (disectom\u00eda y fusi\u00f3n cervical anterior &#8211; ACDF, fusi\u00f3n cervical posterior &#8211; PCF, fusi\u00f3n intersom\u00e1tica lumbar anterior &#8211; ALIF, fusi\u00f3n intersom\u00e1tica lumbar transforamenal &#8211; TLIF, fusi\u00f3n intersom\u00e1tica lumbar posterior &#8211; PLIF, fusi\u00f3n intersom\u00e1tica lumbar lateral &#8211; LLIF, fusi\u00f3n intersom\u00e1tica lateral extrema &#8211; XLIF), Cirug\u00eda de <a href=\"https:\/\/themorrisonclinic.com\/treatments\/spine-surgery-spinal-procedures\">columna m\u00ednimamente invasiva, Cirug\u00eda<\/a> endosc\u00f3pica de columna, Fusi\u00f3n endosc\u00f3pica, Cirug\u00eda de tumores de columna, Detecci\u00f3n de m\u00e9dula espinal, Cifoplastia, Quattroplastia<\/p>\n<p><strong>Neurocirug\u00eda cerebrovascular:<\/strong> Aneurismas cerebrales, malformaciones arteriovenosas, bypass cerebral para accidente cerebrovascular o MoyaMoya, f\u00edstula arteriovenosa dural, malformaciones cavernosas, endarterectom\u00eda carot\u00eddea, resecci\u00f3n de hematoma m\u00ednimamente invasiva, <a href=\"https:\/\/themorrisonclinic.com\/treatments\/microvascular-decompression\">descompresi\u00f3n microvascular<\/a> (para neuralgia del trig\u00e9mino, espasmo hemifacial), biopsia cerebral para vasculitis<\/p>\n<p><strong>Cirug\u00eda de tumor cerebral:<\/strong> Meningioma, <a href=\"https:\/\/themorrisonclinic.com\/es\/condiciones\/glioblastoma\">glioblastoma<\/a>, met\u00e1stasis, resecci\u00f3n de tumor m\u00ednimamente invasiva, neuroma ac\u00fastico\/schwannoma vestibular, tumores de la base del cr\u00e1neo, cirug\u00eda de <a href=\"https:\/\/themorrisonclinic.com\/es\/condiciones\/tumor-pituitario\">tumor de la pituitaria<\/a><\/p>\n<p><strong>Cirug\u00eda de hidrocefalia<\/strong> (<a href=\"https:\/\/themorrisonclinic.com\/es\/condiciones\/hidrocefalia-de-presion-normal\">para hidrocefalia de presi\u00f3n normal<\/a>, hipertensi\u00f3n intracraneal idiop\u00e1tica\/pseudotumor cerebral, hidrocefalia obstructiva), tercer ventriculostom\u00eda endosc\u00f3pica, derivaci\u00f3n ventriculoperitoneal, derivaci\u00f3n lumboperitoneal.<\/p>\n<p><strong>Cirug\u00eda de nervio perif\u00e9rico:<\/strong> Descompresi\u00f3n del t\u00fanel carpiano, descompresi\u00f3n del nervio cubital, descompresi\u00f3n del nervio sural, descompresi\u00f3n del nervio peroneo, estimulador del nervio vagal, biopsia nerviosa, biopsia muscular, simpatectom\u00eda tor\u00e1cica para hiperhidrosis<\/p>\n<p><strong>Bomba intratecal para el dolor o la espasticidad:<\/strong> Estimulador de la m\u00e9dula espinal para el s\u00edndrome de espalda fallida<\/p>\n<p><strong>Neurotrauma<\/strong><\/p>\n<p>[\/vc_column_text][\/vc_column][vc_column width=&#8221;1\/3&#8243; css=&#8221;.vc_custom_1570467775138{padding-top: 90px !important;}&#8221;][vc_single_image image=&#8221;10481&#8243; img_size=&#8221;large&#8221;][\/vc_column][\/vc_row][vc_row equal_height=&#8221;yes&#8221; css_animation=&#8221;none&#8221; css=&#8221;.vc_custom_1528097024785{margin-top: 0px !important;margin-right: 0px !important;margin-bottom: 0px !important;margin-left: 0px !important;padding-top: 100px !important;padding-bottom: 100px !important;}&#8221;][vc_column width=&#8221;1\/6&#8243; css=&#8221;.vc_custom_1527928121886{margin-top: 0px !important;margin-bottom: 0px !important;border-top-width: 1px !important;border-bottom-width: 1px !important;border-left-width: 1px !important;padding-top: 48px !important;padding-right: 46px !important;padding-bottom: 70px !important;padding-left: 46px !important;background-color: #ffffff !important;border-left-color: #e6e5e5 !important;border-left-style: solid !important;border-top-color: #e6e5e5 !important;border-top-style: solid !important;border-bottom-color: #e6e5e5 !important;border-bottom-style: solid !important;}&#8221; el_class=&#8221;box-shadow-contact&#8221;][\/vc_column][vc_column width=&#8221;2\/3&#8243;][vc_custom_heading text=&#8221;Solicite ahora una consulta electr\u00f3nica con el neurocirujano&#8221; font_container=&#8221;tag:h2|font_size:30px|text_align:center|line_height:60px&#8221; use_theme_fonts=&#8221;yes&#8221; css_animation=&#8221;none&#8221; css=&#8221;.vc_custom_1636574206118{margin-top: 4px !important;margin-bottom: 0px !important;padding-top: 0px !important;padding-bottom: 0px !important;}&#8221; el_class=&#8221;font-weight-bold&#8221;][vc_column_text css_animation=&#8221;none&#8221; css=&#8221;.vc_custom_1636574064753{margin-top: 0px !important;margin-bottom: 0px !important;padding-top: 0px !important;padding-right: 50px !important;padding-bottom: 0px !important;padding-left: 50px !important;}&#8221;]<\/p>\n<p style=\"text-align: center\">El doctor John Morrison es reconocido como uno de los <a href=\"https:\/\/themorrisonclinic.com\/es\">mejores neurocirujanos de Florida<\/a>. Solicite una consulta electr\u00f3nica utilizando este formulario.<\/p>\n<p>[\/vc_column_text][vc_row_inner css=&#8221;.vc_custom_1527926943748{margin-top: 0px !important;margin-bottom: 0px !important;padding-top: 34px !important;padding-bottom: 0px !important;}&#8221;][vc_column_inner][rt_cf7_style radiant_submit_border_color=&#8221;&#8221; radiant_font_color=&#8221;#515359&#8243; padding_top=&#8221;6px&#8221; padding_right=&#8221;10px&#8221; padding_bottom=&#8221;6px&#8221; padding_left=&#8221;10px&#8221; radiant_border_style=&#8221;solid&#8221; radiant_border_color=&#8221;#e6e5e5&#8243; radiant_border_top=&#8221;1px&#8221; radiant_border_right=&#8221;1px&#8221; radiant_border_bottom=&#8221;1px&#8221; radiant_border_left=&#8221;1px&#8221; radiant_font_focus_color=&#8221;#515359&#8243; radiant_background_focus_color=&#8221;#ffffff&#8221; radiant_focus_style=&#8221;solid&#8221; radiant_focus_color=&#8221;#2986e2&#8243; radiant_focus_top=&#8221;1px&#8221; radiant_focus_right=&#8221;1px&#8221; radiant_focus_bottom=&#8221;1px&#8221; radiant_focus_left=&#8221;1px&#8221;][contact-form-7 id=&#8221;9393&#8243;][\/rt_cf7_style][\/vc_column_inner][\/vc_row_inner][\/vc_column][vc_column width=&#8221;1\/6&#8243;][\/vc_column][\/vc_row]<\/p>\n","protected":false},"excerpt":{"rendered":"<p>[vc_row][vc_column width=&#8221;2\/3&#8243; css=&#8221;.vc_custom_1570467756293{padding-top: 90px !important;}&#8221;][vc_column_text] The Morrison Clinic\u2122: Servicios expertos de neurocirug\u00eda para su mejor calidad de vida &nbsp; El Dr. Morrison es un neurocirujano general, lo que significa que tiene conocimientos y es capaz de aliviar las afecciones que afectan todo el sistema nervioso, ya sea el cerebro, la columna vertebral, la cara o partes perif\u00e9ricas del cuerpo. &nbsp;<\/p>\n","protected":false},"author":1,"featured_media":0,"parent":0,"menu_order":0,"comment_status":"closed","ping_status":"closed","template":"","meta":{"_acf_changed":false,"footnotes":""},"class_list":["post-10523","page","type-page","status-publish","hentry"],"acf":[],"yoast_head":"<!-- This site is optimized with the Yoast SEO plugin v27.3 - https:\/\/yoast.com\/product\/yoast-seo-wordpress\/ -->\n<title>mejor neurocirujano de Florida | Servicios de neurocirug\u00eda del cerebro y la columna vertebral<\/title>\n<meta name=\"description\" content=\"Servicios disponibles en la Cl\u00ednica Morrison\" \/>\n<meta name=\"robots\" content=\"index, follow, max-snippet:-1, max-image-preview:large, max-video-preview:-1\" \/>\n<link rel=\"canonical\" href=\"https:\/\/themorrisonclinic.com\/es\/servicios\" \/>\n<meta property=\"og:locale\" content=\"es_ES\" \/>\n<meta property=\"og:type\" content=\"article\" \/>\n<meta property=\"og:title\" content=\"mejor neurocirujano de Florida | Servicios de neurocirug\u00eda del cerebro y la columna vertebral\" \/>\n<meta property=\"og:description\" content=\"Servicios disponibles en la Cl\u00ednica Morrison\" \/>\n<meta property=\"og:url\" content=\"https:\/\/themorrisonclinic.com\/es\/servicios\" \/>\n<meta property=\"og:site_name\" content=\"The Morrison Clinic\" \/>\n<meta property=\"article:modified_time\" content=\"2022-01-18T03:47:51+00:00\" \/>\n<meta name=\"twitter:card\" content=\"summary_large_image\" \/>\n<meta name=\"twitter:label1\" content=\"Tiempo de lectura\" \/>\n\t<meta name=\"twitter:data1\" content=\"6 minutos\" \/>\n<!-- \/ Yoast SEO plugin. -->","yoast_head_json":{"title":"mejor neurocirujano de Florida | Servicios de neurocirug\u00eda del cerebro y la columna vertebral","description":"Servicios disponibles en la Cl\u00ednica Morrison","robots":{"index":"index","follow":"follow","max-snippet":"max-snippet:-1","max-image-preview":"max-image-preview:large","max-video-preview":"max-video-preview:-1"},"canonical":"https:\/\/themorrisonclinic.com\/es\/servicios","og_locale":"es_ES","og_type":"article","og_title":"mejor neurocirujano de Florida | Servicios de neurocirug\u00eda del cerebro y la columna vertebral","og_description":"Servicios disponibles en la Cl\u00ednica Morrison","og_url":"https:\/\/themorrisonclinic.com\/es\/servicios","og_site_name":"The Morrison Clinic","article_modified_time":"2022-01-18T03:47:51+00:00","twitter_card":"summary_large_image","twitter_misc":{"Tiempo de lectura":"6 minutos"},"schema":{"@context":"https:\/\/schema.org","@graph":[{"@type":"WebPage","@id":"https:\/\/themorrisonclinic.com\/es\/servicios","url":"https:\/\/themorrisonclinic.com\/es\/servicios","name":"mejor neurocirujano de Florida | Servicios de neurocirug\u00eda del cerebro y la columna vertebral","isPartOf":{"@id":"https:\/\/themorrisonclinic.com\/es#website"},"datePublished":"2021-12-22T20:54:14+00:00","dateModified":"2022-01-18T03:47:51+00:00","description":"Servicios disponibles en la Cl\u00ednica Morrison","breadcrumb":{"@id":"https:\/\/themorrisonclinic.com\/es\/servicios#breadcrumb"},"inLanguage":"es","potentialAction":[{"@type":"ReadAction","target":["https:\/\/themorrisonclinic.com\/es\/servicios"]}]},{"@type":"BreadcrumbList","@id":"https:\/\/themorrisonclinic.com\/es\/servicios#breadcrumb","itemListElement":[{"@type":"ListItem","position":1,"name":"Home","item":"https:\/\/themorrisonclinic.com\/es"},{"@type":"ListItem","position":2,"name":"Servicios"}]},{"@type":"WebSite","@id":"https:\/\/themorrisonclinic.com\/es#website","url":"https:\/\/themorrisonclinic.com\/es","name":"The Morrison Clinic","description":"South Florida Neurosurgeon","publisher":{"@id":"https:\/\/themorrisonclinic.com\/es#organization"},"potentialAction":[{"@type":"SearchAction","target":{"@type":"EntryPoint","urlTemplate":"https:\/\/themorrisonclinic.com\/es?s={search_term_string}"},"query-input":{"@type":"PropertyValueSpecification","valueRequired":true,"valueName":"search_term_string"}}],"inLanguage":"es"},{"@type":"Organization","@id":"https:\/\/themorrisonclinic.com\/es#organization","name":"Morrison Clinic","url":"https:\/\/themorrisonclinic.com\/es","logo":{"@type":"ImageObject","inLanguage":"es","@id":"https:\/\/themorrisonclinic.com\/es#\/schema\/logo\/image\/","url":"https:\/\/themorrisonclinic.com\/wp-content\/uploads\/2020\/06\/logotransparent.png","contentUrl":"https:\/\/themorrisonclinic.com\/wp-content\/uploads\/2020\/06\/logotransparent.png","width":2734,"height":1250,"caption":"Morrison Clinic"},"image":{"@id":"https:\/\/themorrisonclinic.com\/es#\/schema\/logo\/image\/"}}]}},"_links":{"self":[{"href":"https:\/\/themorrisonclinic.com\/es\/wp-json\/wp\/v2\/pages\/10523","targetHints":{"allow":["GET"]}}],"collection":[{"href":"https:\/\/themorrisonclinic.com\/es\/wp-json\/wp\/v2\/pages"}],"about":[{"href":"https:\/\/themorrisonclinic.com\/es\/wp-json\/wp\/v2\/types\/page"}],"author":[{"embeddable":true,"href":"https:\/\/themorrisonclinic.com\/es\/wp-json\/wp\/v2\/users\/1"}],"replies":[{"embeddable":true,"href":"https:\/\/themorrisonclinic.com\/es\/wp-json\/wp\/v2\/comments?post=10523"}],"version-history":[{"count":0,"href":"https:\/\/themorrisonclinic.com\/es\/wp-json\/wp\/v2\/pages\/10523\/revisions"}],"wp:attachment":[{"href":"https:\/\/themorrisonclinic.com\/es\/wp-json\/wp\/v2\/media?parent=10523"}],"curies":[{"name":"wp","href":"https:\/\/api.w.org\/{rel}","templated":true}]}}